{"id":1431,"date":"2021-10-31T23:46:33","date_gmt":"2021-10-31T16:46:33","guid":{"rendered":"http:\/\/pc-holding.webtogo.vn\/thuong-mai\/"},"modified":"2022-01-05T11:09:56","modified_gmt":"2022-01-05T04:09:56","slug":"trading","status":"publish","type":"page","link":"https:\/\/pc-holding.vn\/en\/trading\/","title":{"rendered":"Trading"},"content":{"rendered":"\n  <div class=\"banner has-hover\" id=\"banner-1977571689\">\n          <div class=\"banner-inner fill\">\n        <div class=\"banner-bg fill\" >\n            <div class=\"bg fill bg-fill \"><\/div>\n                        <div class=\"overlay\"><\/div>            \n                    <\/div>\n        <div class=\"banner-layers container\">\n            <div class=\"fill banner-link\"><\/div>            \n   <div id=\"text-box-115704468\" class=\"text-box banner-layer x50 md-x5 lg-x5 y90 md-y50 lg-y50 res-text\">\n                                <div class=\"text-box-content text dark\">\n              \n              <div class=\"text-inner text-center\">\n                  \n\t<div id=\"text-2982364909\" class=\"text\">\n\t\t\n<h3>Trading<\/h3>\n<p>Provide products and services about pressure pipeline equipment, equipment &#8211; industrial machine spare parts, construction and mining equipment&#8230;<\/p>\n\t\t\n<style>\n#text-2982364909 {\n  text-align: left;\n}\n<\/style>\n\t<\/div>\n\t\n              <\/div>\n           <\/div>\n                            \n<style>\n#text-box-115704468 {\n  width: 91%;\n}\n#text-box-115704468 .text-box-content {\n  font-size: 100%;\n}\n@media (min-width:550px) {\n  #text-box-115704468 {\n    width: 36%;\n  }\n}\n<\/style>\n    <\/div>\n \n        <\/div>\n      <\/div>\n\n            \n<style>\n#banner-1977571689 {\n  padding-top: 150px;\n}\n#banner-1977571689 .bg.bg-loaded {\n  background-image: url(https:\/\/pc-holding.vn\/wp-content\/uploads\/2021\/09\/slide-2-1.jpg);\n}\n#banner-1977571689 .overlay {\n  background-color: rgba(0, 0, 0, 0.5);\n}\n#banner-1977571689 .bg {\n  background-position: 0% 40%;\n}\n@media (min-width:550px) {\n  #banner-1977571689 {\n    padding-top: 300px;\n  }\n}\n<\/style>\n  <\/div>\n\n\n\t<section class=\"section\" id=\"section_1623875661\">\n\t\t<div class=\"bg section-bg fill bg-fill  bg-loaded\" >\n\n\t\t\t\n\t\t\t\n\t\t\t\n\n\t\t<\/div>\n\n\t\t<div class=\"section-content relative\">\n\t\t\t\n\t<div id=\"gap-1276178202\" class=\"gap-element clearfix\" style=\"display:block; height:auto;\">\n\t\t\n<style>\n#gap-1276178202 {\n  padding-top: 30px;\n}\n@media (min-width:550px) {\n  #gap-1276178202 {\n    padding-top: 50px;\n  }\n}\n@media (min-width:850px) {\n  #gap-1276178202 {\n    padding-top: 70px;\n  }\n}\n<\/style>\n\t<\/div>\n\t\n<div class=\"row row-large\"  id=\"row-2024412627\">\n\n\t<div id=\"col-1716260532\" class=\"col small-12 large-12\"  >\n\t\t\t\t<div class=\"col-inner\"  >\n\t\t\t\n\t\t\t\n<p>Phu Cuong Holding Joint Stock Company was established on December 21, 2017. Is an enterprise established from enthusiastic and leading engineers in the heavy industry in general and pressure pipelines in particular. We specialize in providing products and services about pressure pipeline equipment, equipment &#8211; industrial machine spare parts, construction and mining equipment&#8230;<\/p>\n\t\t<\/div>\n\t\t\t\t\t<\/div>\n\n\t\n<\/div>\n\t\t<\/div>\n\n\t\t\n<style>\n#section_1623875661 {\n  padding-top: 0px;\n  padding-bottom: 0px;\n}\n<\/style>\n\t<\/section>\n\t\n\t<section class=\"section\" id=\"section_1408637466\">\n\t\t<div class=\"bg section-bg fill bg-fill  bg-loaded\" >\n\n\t\t\t\n\t\t\t\n\t\t\t\n\n\t\t<\/div>\n\n\t\t<div class=\"section-content relative\">\n\t\t\t\n<div class=\"row row-large\"  id=\"row-1630764194\">\n\n\t<div id=\"col-153475456\" class=\"col small-12 large-12\"  >\n\t\t\t\t<div class=\"col-inner\"  >\n\t\t\t\n\t\t\t\n<div class=\"container section-title-container\" ><h3 class=\"section-title section-title-normal\"><b><\/b><span class=\"section-title-main\" >PRODUCT CATEGORIES<\/span><b><\/b><\/h3><\/div>\n\n  \n    <div class=\"row large-columns-4 medium-columns-3 small-columns-2 row-large\">\n          <div class=\"product-category col\" >\n            <div class=\"col-inner\">\n              <a aria-label=\"Visit product category \u1ed0ng ru\u1ed9t g\u00e0 inox\" href=\"https:\/\/pc-holding.vn\/en\/danh-muc\/ong-ruot-ga-inox\/\">                <div class=\"box box-category has-hover box-normal \">\n                <div class=\"box-image\" >\n                  <div class=\"image-cover\" style=\"padding-top:100%;\">\n                  <img decoding=\"async\" src=\"https:\/\/pc-holding.vn\/wp-content\/uploads\/2023\/06\/Khop-mem-inox-vi-sinh.jpg\" alt=\"\u1ed0ng ru\u1ed9t g\u00e0 inox\" width=\"300\" height=\"300\" \/>                                                      <\/div>\n                <\/div>\n                <div class=\"box-text text-center is-large\" >\n                  <div class=\"box-text-inner\">\n                      <h5 class=\"uppercase header-title\">\n                              \u1ed0ng ru\u1ed9t g\u00e0 inox                      <\/h5>\n                                            \n                  <\/div>\n                <\/div>\n                <\/div>\n            <\/a>            <\/div>\n            <\/div>\n                <div class=\"product-category col\" >\n            <div class=\"col-inner\">\n              <a aria-label=\"Visit product category \u1ed0ng m\u1ec1m, \u0111\u1ea7u b\u1ea5m v\u00e0 m\u00e1y l\u00e0m \u1ed1ng\" href=\"https:\/\/pc-holding.vn\/en\/danh-muc\/ong-mem-dau-bam-va-may-lam-ong\/\">                <div class=\"box box-category has-hover box-normal \">\n                <div class=\"box-image\" >\n                  <div class=\"image-cover\" style=\"padding-top:100%;\">\n                  <img decoding=\"async\" src=\"https:\/\/pc-holding.vn\/wp-content\/uploads\/2021\/10\/1180af76d45d1c03454c14.jpg\" alt=\"\u1ed0ng m\u1ec1m, \u0111\u1ea7u b\u1ea5m v\u00e0 m\u00e1y l\u00e0m \u1ed1ng\" width=\"300\" height=\"300\" \/>                                                      <\/div>\n                <\/div>\n                <div class=\"box-text text-center is-large\" >\n                  <div class=\"box-text-inner\">\n                      <h5 class=\"uppercase header-title\">\n                              \u1ed0ng m\u1ec1m, \u0111\u1ea7u b\u1ea5m v\u00e0 m\u00e1y l\u00e0m \u1ed1ng                      <\/h5>\n                                            \n                  <\/div>\n                <\/div>\n                <\/div>\n            <\/a>            <\/div>\n            <\/div>\n                <div class=\"product-category col\" >\n            <div class=\"col-inner\">\n              <a aria-label=\"Visit product category \u1ed0ng \u0111\u00fac v\u00e0 \u0111\u1ea7u xi\u1ebft th\u00e9p Carbon\" href=\"https:\/\/pc-holding.vn\/en\/danh-muc\/ong-duc-va-dau-xiet-thep-carbon\/\">                <div class=\"box box-category has-hover box-normal \">\n                <div class=\"box-image\" >\n                  <div class=\"image-cover\" style=\"padding-top:100%;\">\n                  <img decoding=\"async\" src=\"https:\/\/pc-holding.vn\/wp-content\/uploads\/2023\/07\/anh_Viber_2023-07-20_16-14-43-449.jpg\" alt=\"\u1ed0ng \u0111\u00fac v\u00e0 \u0111\u1ea7u xi\u1ebft th\u00e9p Carbon\" width=\"300\" height=\"300\" \/>                                                      <\/div>\n                <\/div>\n                <div class=\"box-text text-center is-large\" >\n                  <div class=\"box-text-inner\">\n                      <h5 class=\"uppercase header-title\">\n                              \u1ed0ng \u0111\u00fac v\u00e0 \u0111\u1ea7u xi\u1ebft th\u00e9p Carbon                      <\/h5>\n                                            \n                  <\/div>\n                <\/div>\n                <\/div>\n            <\/a>            <\/div>\n            <\/div>\n                <div class=\"product-category col\" >\n            <div class=\"col-inner\">\n              <a aria-label=\"Visit product category \u1ed0ng \u0111\u00fac v\u00e0 \u0111\u1ea7u xi\u1ebft Inox 316\" href=\"https:\/\/pc-holding.vn\/en\/danh-muc\/ong-duc-va-dau-xiet-inox-316\/\">                <div class=\"box box-category has-hover box-normal \">\n                <div class=\"box-image\" >\n                  <div class=\"image-cover\" style=\"padding-top:100%;\">\n                  <img decoding=\"async\" src=\"https:\/\/pc-holding.vn\/wp-content\/uploads\/2023\/07\/anh_Viber_2023-07-20_16-14-43-851.jpg\" alt=\"\u1ed0ng \u0111\u00fac v\u00e0 \u0111\u1ea7u xi\u1ebft Inox 316\" width=\"300\" height=\"300\" \/>                                                      <\/div>\n                <\/div>\n                <div class=\"box-text text-center is-large\" >\n                  <div class=\"box-text-inner\">\n                      <h5 class=\"uppercase header-title\">\n                              \u1ed0ng \u0111\u00fac v\u00e0 \u0111\u1ea7u xi\u1ebft Inox 316                      <\/h5>\n                                            \n                  <\/div>\n                <\/div>\n                <\/div>\n            <\/a>            <\/div>\n            <\/div>\n                <div class=\"product-category col\" >\n            <div class=\"col-inner\">\n              <a aria-label=\"Visit product category \u1ed0ng v\u00e0 \u0111\u1ea7u n\u1ed1i cao \u00e1p\" href=\"https:\/\/pc-holding.vn\/en\/danh-muc\/ong-va-dau-noi-cao-ap\/\">                <div class=\"box box-category has-hover box-normal \">\n                <div class=\"box-image\" >\n                  <div class=\"image-cover\" style=\"padding-top:100%;\">\n                  <img decoding=\"async\" src=\"https:\/\/pc-holding.vn\/wp-content\/uploads\/2021\/11\/c18f58887278ba26e369.jpg\" alt=\"\u1ed0ng v\u00e0 \u0111\u1ea7u n\u1ed1i cao \u00e1p\" width=\"300\" height=\"300\" \/>                                                      <\/div>\n                <\/div>\n                <div class=\"box-text text-center is-large\" >\n                  <div class=\"box-text-inner\">\n                      <h5 class=\"uppercase header-title\">\n                              \u1ed0ng v\u00e0 \u0111\u1ea7u n\u1ed1i cao \u00e1p                      <\/h5>\n                                            \n                  <\/div>\n                <\/div>\n                <\/div>\n            <\/a>            <\/div>\n            <\/div>\n                <div class=\"product-category col\" >\n            <div class=\"col-inner\">\n              <a aria-label=\"Visit product category Van \u0111\u01b0\u1eddng \u1ed1ng th\u1ee7y l\u1ef1c\" href=\"https:\/\/pc-holding.vn\/en\/danh-muc\/van-duong-ong-thuy-luc\/\">                <div class=\"box box-category has-hover box-normal \">\n                <div class=\"box-image\" >\n                  <div class=\"image-cover\" style=\"padding-top:100%;\">\n                  <img decoding=\"async\" src=\"https:\/\/pc-holding.vn\/wp-content\/uploads\/2021\/12\/c48b4ec85dd7be89e7c6.jpg\" alt=\"Van \u0111\u01b0\u1eddng \u1ed1ng th\u1ee7y l\u1ef1c\" width=\"300\" height=\"300\" \/>                                                      <\/div>\n                <\/div>\n                <div class=\"box-text text-center is-large\" >\n                  <div class=\"box-text-inner\">\n                      <h5 class=\"uppercase header-title\">\n                              Van \u0111\u01b0\u1eddng \u1ed1ng th\u1ee7y l\u1ef1c                      <\/h5>\n                                            \n                  <\/div>\n                <\/div>\n                <\/div>\n            <\/a>            <\/div>\n            <\/div>\n                <div class=\"product-category col\" >\n            <div class=\"col-inner\">\n              <a aria-label=\"Visit product category Ph\u1ee5 ki\u1ec7n th\u1ee7y l\u1ef1c\" href=\"https:\/\/pc-holding.vn\/en\/danh-muc\/phu-kien-thuy-luc\/\">                <div class=\"box box-category has-hover box-normal \">\n                <div class=\"box-image\" >\n                  <div class=\"image-cover\" style=\"padding-top:100%;\">\n                  <img decoding=\"async\" src=\"https:\/\/pc-holding.vn\/wp-content\/uploads\/2023\/07\/Phu-Cuong-Holding-phan-phoi-Kep-ong-thuy-luc-loai-nhom-gia-re-tai-Ha-Noi.jpg\" alt=\"Ph\u1ee5 ki\u1ec7n th\u1ee7y l\u1ef1c\" width=\"300\" height=\"300\" \/>                                                      <\/div>\n                <\/div>\n                <div class=\"box-text text-center is-large\" >\n                  <div class=\"box-text-inner\">\n                      <h5 class=\"uppercase header-title\">\n                              Ph\u1ee5 ki\u1ec7n th\u1ee7y l\u1ef1c                      <\/h5>\n                                            \n                  <\/div>\n                <\/div>\n                <\/div>\n            <\/a>            <\/div>\n            <\/div>\n        <\/div>\n\t\t<\/div>\n\t\t\t\t\t<\/div>\n\n\t\n<\/div>\n\t<div id=\"gap-451606526\" class=\"gap-element clearfix\" style=\"display:block; height:auto;\">\n\t\t\n<style>\n#gap-451606526 {\n  padding-top: 0px;\n}\n@media (min-width:550px) {\n  #gap-451606526 {\n    padding-top: 20px;\n  }\n}\n@media (min-width:850px) {\n  #gap-451606526 {\n    padding-top: 50px;\n  }\n}\n<\/style>\n\t<\/div>\n\t\n\t\t<\/div>\n\n\t\t\n<style>\n#section_1408637466 {\n  padding-top: 0px;\n  padding-bottom: 0px;\n}\n<\/style>\n\t<\/section>\n\t\n","protected":false},"excerpt":{"rendered":"","protected":false},"author":1,"featured_media":0,"parent":0,"menu_order":0,"comment_status":"closed","ping_status":"closed","template":"page-blank.php","meta":{"_acf_changed":false,"footnotes":""},"class_list":["post-1431","page","type-page","status-publish","hentry"],"acf":[],"yoast_head":"<!-- This site is optimized with the Yoast SEO plugin v27.6 - https:\/\/yoast.com\/product\/yoast-seo-wordpress\/ -->\n<title>Trading - Phu Cuong Holding Corporation<\/title>\n<meta name=\"robots\" content=\"index, follow, max-snippet:-1, max-image-preview:large, max-video-preview:-1\" \/>\n<link rel=\"canonical\" href=\"https:\/\/pc-holding.vn\/en\/trading\/\" \/>\n<meta property=\"og:locale\" content=\"en_US\" \/>\n<meta property=\"og:type\" content=\"article\" \/>\n<meta property=\"og:title\" content=\"Trading - Phu Cuong Holding Corporation\" \/>\n<meta property=\"og:url\" content=\"https:\/\/pc-holding.vn\/en\/trading\/\" \/>\n<meta property=\"og:site_name\" content=\"Phu Cuong Holding Corporation\" \/>\n<meta property=\"article:modified_time\" content=\"2022-01-05T04:09:56+00:00\" \/>\n<meta name=\"twitter:card\" content=\"summary_large_image\" \/>\n<meta name=\"twitter:label1\" content=\"Est. reading time\" \/>\n\t<meta name=\"twitter:data1\" content=\"1 minute\" \/>\n<script type=\"application\/ld+json\" class=\"yoast-schema-graph\">{\"@context\":\"https:\\\/\\\/schema.org\",\"@graph\":[{\"@type\":\"WebPage\",\"@id\":\"https:\\\/\\\/pc-holding.vn\\\/en\\\/trading\\\/\",\"url\":\"https:\\\/\\\/pc-holding.vn\\\/en\\\/trading\\\/\",\"name\":\"Trading - Phu Cuong Holding Corporation\",\"isPartOf\":{\"@id\":\"https:\\\/\\\/www.pc-holding.vn\\\/en\\\/#website\"},\"datePublished\":\"2021-10-31T16:46:33+00:00\",\"dateModified\":\"2022-01-05T04:09:56+00:00\",\"breadcrumb\":{\"@id\":\"https:\\\/\\\/pc-holding.vn\\\/en\\\/trading\\\/#breadcrumb\"},\"inLanguage\":\"en-US\",\"potentialAction\":[{\"@type\":\"ReadAction\",\"target\":[\"https:\\\/\\\/pc-holding.vn\\\/en\\\/trading\\\/\"]}]},{\"@type\":\"BreadcrumbList\",\"@id\":\"https:\\\/\\\/pc-holding.vn\\\/en\\\/trading\\\/#breadcrumb\",\"itemListElement\":[{\"@type\":\"ListItem\",\"position\":1,\"name\":\"Trang ch\u1ee7\",\"item\":\"https:\\\/\\\/pc-holding.vn\\\/en\\\/\"},{\"@type\":\"ListItem\",\"position\":2,\"name\":\"Trading\"}]},{\"@type\":\"WebSite\",\"@id\":\"https:\\\/\\\/www.pc-holding.vn\\\/en\\\/#website\",\"url\":\"https:\\\/\\\/www.pc-holding.vn\\\/en\\\/\",\"name\":\"Phu Cuong Holding Corporation\",\"description\":\"\",\"potentialAction\":[{\"@type\":\"SearchAction\",\"target\":{\"@type\":\"EntryPoint\",\"urlTemplate\":\"https:\\\/\\\/www.pc-holding.vn\\\/en\\\/?s={search_term_string}\"},\"query-input\":{\"@type\":\"PropertyValueSpecification\",\"valueRequired\":true,\"valueName\":\"search_term_string\"}}],\"inLanguage\":\"en-US\"}]}<\/script>\n<!-- \/ Yoast SEO plugin. -->","yoast_head_json":{"title":"Trading - Phu Cuong Holding Corporation","robots":{"index":"index","follow":"follow","max-snippet":"max-snippet:-1","max-image-preview":"max-image-preview:large","max-video-preview":"max-video-preview:-1"},"canonical":"https:\/\/pc-holding.vn\/en\/trading\/","og_locale":"en_US","og_type":"article","og_title":"Trading - Phu Cuong Holding Corporation","og_url":"https:\/\/pc-holding.vn\/en\/trading\/","og_site_name":"Phu Cuong Holding Corporation","article_modified_time":"2022-01-05T04:09:56+00:00","twitter_card":"summary_large_image","twitter_misc":{"Est. reading time":"1 minute"},"schema":{"@context":"https:\/\/schema.org","@graph":[{"@type":"WebPage","@id":"https:\/\/pc-holding.vn\/en\/trading\/","url":"https:\/\/pc-holding.vn\/en\/trading\/","name":"Trading - Phu Cuong Holding Corporation","isPartOf":{"@id":"https:\/\/www.pc-holding.vn\/en\/#website"},"datePublished":"2021-10-31T16:46:33+00:00","dateModified":"2022-01-05T04:09:56+00:00","breadcrumb":{"@id":"https:\/\/pc-holding.vn\/en\/trading\/#breadcrumb"},"inLanguage":"en-US","potentialAction":[{"@type":"ReadAction","target":["https:\/\/pc-holding.vn\/en\/trading\/"]}]},{"@type":"BreadcrumbList","@id":"https:\/\/pc-holding.vn\/en\/trading\/#breadcrumb","itemListElement":[{"@type":"ListItem","position":1,"name":"Trang ch\u1ee7","item":"https:\/\/pc-holding.vn\/en\/"},{"@type":"ListItem","position":2,"name":"Trading"}]},{"@type":"WebSite","@id":"https:\/\/www.pc-holding.vn\/en\/#website","url":"https:\/\/www.pc-holding.vn\/en\/","name":"Phu Cuong Holding Corporation","description":"","potentialAction":[{"@type":"SearchAction","target":{"@type":"EntryPoint","urlTemplate":"https:\/\/www.pc-holding.vn\/en\/?s={search_term_string}"},"query-input":{"@type":"PropertyValueSpecification","valueRequired":true,"valueName":"search_term_string"}}],"inLanguage":"en-US"}]}},"_links":{"self":[{"href":"https:\/\/pc-holding.vn\/en\/wp-json\/wp\/v2\/pages\/1431","targetHints":{"allow":["GET"]}}],"collection":[{"href":"https:\/\/pc-holding.vn\/en\/wp-json\/wp\/v2\/pages"}],"about":[{"href":"https:\/\/pc-holding.vn\/en\/wp-json\/wp\/v2\/types\/page"}],"author":[{"embeddable":true,"href":"https:\/\/pc-holding.vn\/en\/wp-json\/wp\/v2\/users\/1"}],"replies":[{"embeddable":true,"href":"https:\/\/pc-holding.vn\/en\/wp-json\/wp\/v2\/comments?post=1431"}],"version-history":[{"count":5,"href":"https:\/\/pc-holding.vn\/en\/wp-json\/wp\/v2\/pages\/1431\/revisions"}],"predecessor-version":[{"id":2156,"href":"https:\/\/pc-holding.vn\/en\/wp-json\/wp\/v2\/pages\/1431\/revisions\/2156"}],"wp:attachment":[{"href":"https:\/\/pc-holding.vn\/en\/wp-json\/wp\/v2\/media?parent=1431"}],"curies":[{"name":"wp","href":"https:\/\/api.w.org\/{rel}","templated":true}]}}