{"id":1438,"date":"2021-10-31T23:50:38","date_gmt":"2021-10-31T16:50:38","guid":{"rendered":"http:\/\/pc-holding.webtogo.vn\/service\/"},"modified":"2022-01-05T09:26:24","modified_gmt":"2022-01-05T02:26:24","slug":"service","status":"publish","type":"page","link":"https:\/\/pc-holding.vn\/en\/service\/","title":{"rendered":"Service"},"content":{"rendered":"\n  <div class=\"banner has-hover\" id=\"banner-2044649458\">\n          <div class=\"banner-inner fill\">\n        <div class=\"banner-bg fill\" >\n            <div class=\"bg fill bg-fill \"><\/div>\n                        <div class=\"overlay\"><\/div>            \n                    <\/div>\n        <div class=\"banner-layers container\">\n            <div class=\"fill banner-link\"><\/div>            \n   <div id=\"text-box-900200531\" class=\"text-box banner-layer x50 md-x5 lg-x5 y90 md-y50 lg-y50 res-text\">\n                                <div class=\"text-box-content text dark\">\n              \n              <div class=\"text-inner text-center\">\n                  \n\t<div id=\"text-3319109133\" class=\"text\">\n\t\t\n<h3>Service<\/h3>\n<p>Processing and pressure testing pipelines, leasing construction equipment, consulting and training human resources.<\/p>\n\t\t\n<style>\n#text-3319109133 {\n  text-align: left;\n}\n<\/style>\n\t<\/div>\n\t\n              <\/div>\n           <\/div>\n                            \n<style>\n#text-box-900200531 {\n  width: 91%;\n}\n#text-box-900200531 .text-box-content {\n  font-size: 100%;\n}\n@media (min-width:550px) {\n  #text-box-900200531 {\n    width: 36%;\n  }\n}\n<\/style>\n    <\/div>\n \n        <\/div>\n      <\/div>\n\n            \n<style>\n#banner-2044649458 {\n  padding-top: 150px;\n}\n#banner-2044649458 .bg.bg-loaded {\n  background-image: url(https:\/\/pc-holding.vn\/wp-content\/uploads\/2021\/09\/slide-2-1.jpg);\n}\n#banner-2044649458 .overlay {\n  background-color: rgba(0, 0, 0, 0.5);\n}\n#banner-2044649458 .bg {\n  background-position: 0% 40%;\n}\n@media (min-width:550px) {\n  #banner-2044649458 {\n    padding-top: 300px;\n  }\n}\n<\/style>\n  <\/div>\n\n\n\t<section class=\"section\" id=\"section_892392002\">\n\t\t<div class=\"bg section-bg fill bg-fill  bg-loaded\" >\n\n\t\t\t\n\t\t\t\n\t\t\t\n\n\t\t<\/div>\n\n\t\t<div class=\"section-content relative\">\n\t\t\t\n\t<div id=\"gap-836746200\" class=\"gap-element clearfix\" style=\"display:block; height:auto;\">\n\t\t\n<style>\n#gap-836746200 {\n  padding-top: 30px;\n}\n@media (min-width:550px) {\n  #gap-836746200 {\n    padding-top: 50px;\n  }\n}\n@media (min-width:850px) {\n  #gap-836746200 {\n    padding-top: 70px;\n  }\n}\n<\/style>\n\t<\/div>\n\t\n<div class=\"row row-large\" style=\"max-width:1340px\" id=\"row-1075372070\">\n\n\t<div id=\"col-510403000\" class=\"col small-12 large-12\"  >\n\t\t\t\t<div class=\"col-inner\"  >\n\t\t\t\n\t\t\t\n\n  \n    <div class=\"row post-sanxuat large-columns-4 medium-columns-4 small-columns-1 row-large has-shadow row-box-shadow-5\">\n  \t\t<div class=\"col post-item\" >\n\t\t\t<div class=\"col-inner\">\n\t\t\t<a href=\"https:\/\/pc-holding.vn\/en\/dich-vu\/tu-van-va-dao-tao-nhan-luc\/\" class=\"plain\">\n\t\t\t\t<div class=\"box box-normal box-text-bottom box-blog-post has-hover\">\n            \t\t\t\t\t<div class=\"box-image\" >\n  \t\t\t\t\t\t<div class=\"image-fade-out image-cover\" style=\"padding-top:99%;\">\n  \t\t\t\t\t\t\t<img decoding=\"async\" width=\"600\" height=\"800\" src=\"https:\/\/pc-holding.vn\/wp-content\/uploads\/2021\/10\/Phu-Cuong-Holding-san-xuat-phan-phoi-Khop-mem-inox-SS304-han-bich-inox-316L-600x800-1.jpg\" class=\"attachment-original size-original wp-post-image\" alt=\"\" srcset=\"https:\/\/pc-holding.vn\/wp-content\/uploads\/2021\/10\/Phu-Cuong-Holding-san-xuat-phan-phoi-Khop-mem-inox-SS304-han-bich-inox-316L-600x800-1.jpg 600w, https:\/\/pc-holding.vn\/wp-content\/uploads\/2021\/10\/Phu-Cuong-Holding-san-xuat-phan-phoi-Khop-mem-inox-SS304-han-bich-inox-316L-600x800-1-225x300.jpg 225w\" sizes=\"(max-width: 600px) 100vw, 600px\" \/>  \t\t\t\t\t\t\t  \t\t\t\t\t\t\t  \t\t\t\t\t\t<\/div>\n  \t\t\t\t\t\t  \t\t\t\t\t<\/div>\n          \t\t\t\t\t<div class=\"box-text text-center dark\" >\n\t\t\t\t\t<div class=\"box-text-inner blog-post-inner\">\n\n\t\t\t\t\t\n\t\t\t\t\t\t\t\t\t\t<h5 class=\"post-title is-large \">T\u01b0 v\u1ea5n v\u00e0 \u0111\u00e0o t\u1ea1o nh\u00e2n l\u1ef1c<\/h5>\n\t\t\t\t\t\t\t\t\t\t<div class=\"is-divider\"><\/div>\n\t\t\t\t\t\n\t\t\t\t\t\n\t\t\t\t\t\n\t\t\t\t\t<\/div>\n\t\t\t\t\t<\/div>\n\t\t\t\t\t\t\t\t\t<\/div>\n\t\t\t\t<\/a>\n\t\t\t<\/div>\n\t\t<\/div>\n<\/div>\n\t\t<\/div>\n\t\t\t\t\t<\/div>\n\n\t\n<\/div>\n\t<div id=\"gap-730436894\" class=\"gap-element clearfix\" style=\"display:block; height:auto;\">\n\t\t\n<style>\n#gap-730436894 {\n  padding-top: 0px;\n}\n@media (min-width:550px) {\n  #gap-730436894 {\n    padding-top: 0px;\n  }\n}\n@media (min-width:850px) {\n  #gap-730436894 {\n    padding-top: 30px;\n  }\n}\n<\/style>\n\t<\/div>\n\t\n\t\t<\/div>\n\n\t\t\n<style>\n#section_892392002 {\n  padding-top: 0px;\n  padding-bottom: 0px;\n}\n<\/style>\n\t<\/section>\n\t\n","protected":false},"excerpt":{"rendered":"","protected":false},"author":1,"featured_media":0,"parent":0,"menu_order":0,"comment_status":"closed","ping_status":"closed","template":"page-blank.php","meta":{"_acf_changed":false,"footnotes":""},"class_list":["post-1438","page","type-page","status-publish","hentry"],"acf":[],"yoast_head":"<!-- This site is optimized with the Yoast SEO plugin v27.4 - https:\/\/yoast.com\/product\/yoast-seo-wordpress\/ -->\n<title>Service - Phu Cuong Holding Corporation<\/title>\n<meta name=\"robots\" content=\"index, follow, max-snippet:-1, max-image-preview:large, max-video-preview:-1\" \/>\n<link rel=\"canonical\" href=\"https:\/\/pc-holding.vn\/en\/service\/\" \/>\n<meta property=\"og:locale\" content=\"en_US\" \/>\n<meta property=\"og:type\" content=\"article\" \/>\n<meta property=\"og:title\" content=\"Service - Phu Cuong Holding Corporation\" \/>\n<meta property=\"og:url\" content=\"https:\/\/pc-holding.vn\/en\/service\/\" \/>\n<meta property=\"og:site_name\" content=\"Phu Cuong Holding Corporation\" \/>\n<meta property=\"article:modified_time\" content=\"2022-01-05T02:26:24+00:00\" \/>\n<meta name=\"twitter:card\" content=\"summary_large_image\" \/>\n<meta name=\"twitter:label1\" content=\"Est. reading time\" \/>\n\t<meta name=\"twitter:data1\" content=\"1 minute\" \/>\n<script type=\"application\/ld+json\" class=\"yoast-schema-graph\">{\"@context\":\"https:\\\/\\\/schema.org\",\"@graph\":[{\"@type\":\"WebPage\",\"@id\":\"https:\\\/\\\/pc-holding.vn\\\/en\\\/service\\\/\",\"url\":\"https:\\\/\\\/pc-holding.vn\\\/en\\\/service\\\/\",\"name\":\"Service - Phu Cuong Holding Corporation\",\"isPartOf\":{\"@id\":\"https:\\\/\\\/pc-holding.vn\\\/en\\\/#website\"},\"datePublished\":\"2021-10-31T16:50:38+00:00\",\"dateModified\":\"2022-01-05T02:26:24+00:00\",\"breadcrumb\":{\"@id\":\"https:\\\/\\\/pc-holding.vn\\\/en\\\/service\\\/#breadcrumb\"},\"inLanguage\":\"en-US\",\"potentialAction\":[{\"@type\":\"ReadAction\",\"target\":[\"https:\\\/\\\/pc-holding.vn\\\/en\\\/service\\\/\"]}]},{\"@type\":\"BreadcrumbList\",\"@id\":\"https:\\\/\\\/pc-holding.vn\\\/en\\\/service\\\/#breadcrumb\",\"itemListElement\":[{\"@type\":\"ListItem\",\"position\":1,\"name\":\"Trang ch\u1ee7\",\"item\":\"https:\\\/\\\/www.pc-holding.vn\\\/en\\\/\"},{\"@type\":\"ListItem\",\"position\":2,\"name\":\"Service\"}]},{\"@type\":\"WebSite\",\"@id\":\"https:\\\/\\\/pc-holding.vn\\\/en\\\/#website\",\"url\":\"https:\\\/\\\/pc-holding.vn\\\/en\\\/\",\"name\":\"Phu Cuong Holding Corporation\",\"description\":\"\",\"potentialAction\":[{\"@type\":\"SearchAction\",\"target\":{\"@type\":\"EntryPoint\",\"urlTemplate\":\"https:\\\/\\\/pc-holding.vn\\\/en\\\/?s={search_term_string}\"},\"query-input\":{\"@type\":\"PropertyValueSpecification\",\"valueRequired\":true,\"valueName\":\"search_term_string\"}}],\"inLanguage\":\"en-US\"}]}<\/script>\n<!-- \/ Yoast SEO plugin. -->","yoast_head_json":{"title":"Service - Phu Cuong Holding Corporation","robots":{"index":"index","follow":"follow","max-snippet":"max-snippet:-1","max-image-preview":"max-image-preview:large","max-video-preview":"max-video-preview:-1"},"canonical":"https:\/\/pc-holding.vn\/en\/service\/","og_locale":"en_US","og_type":"article","og_title":"Service - Phu Cuong Holding Corporation","og_url":"https:\/\/pc-holding.vn\/en\/service\/","og_site_name":"Phu Cuong Holding Corporation","article_modified_time":"2022-01-05T02:26:24+00:00","twitter_card":"summary_large_image","twitter_misc":{"Est. reading time":"1 minute"},"schema":{"@context":"https:\/\/schema.org","@graph":[{"@type":"WebPage","@id":"https:\/\/pc-holding.vn\/en\/service\/","url":"https:\/\/pc-holding.vn\/en\/service\/","name":"Service - Phu Cuong Holding Corporation","isPartOf":{"@id":"https:\/\/pc-holding.vn\/en\/#website"},"datePublished":"2021-10-31T16:50:38+00:00","dateModified":"2022-01-05T02:26:24+00:00","breadcrumb":{"@id":"https:\/\/pc-holding.vn\/en\/service\/#breadcrumb"},"inLanguage":"en-US","potentialAction":[{"@type":"ReadAction","target":["https:\/\/pc-holding.vn\/en\/service\/"]}]},{"@type":"BreadcrumbList","@id":"https:\/\/pc-holding.vn\/en\/service\/#breadcrumb","itemListElement":[{"@type":"ListItem","position":1,"name":"Trang ch\u1ee7","item":"https:\/\/www.pc-holding.vn\/en\/"},{"@type":"ListItem","position":2,"name":"Service"}]},{"@type":"WebSite","@id":"https:\/\/pc-holding.vn\/en\/#website","url":"https:\/\/pc-holding.vn\/en\/","name":"Phu Cuong Holding Corporation","description":"","potentialAction":[{"@type":"SearchAction","target":{"@type":"EntryPoint","urlTemplate":"https:\/\/pc-holding.vn\/en\/?s={search_term_string}"},"query-input":{"@type":"PropertyValueSpecification","valueRequired":true,"valueName":"search_term_string"}}],"inLanguage":"en-US"}]}},"_links":{"self":[{"href":"https:\/\/pc-holding.vn\/en\/wp-json\/wp\/v2\/pages\/1438","targetHints":{"allow":["GET"]}}],"collection":[{"href":"https:\/\/pc-holding.vn\/en\/wp-json\/wp\/v2\/pages"}],"about":[{"href":"https:\/\/pc-holding.vn\/en\/wp-json\/wp\/v2\/types\/page"}],"author":[{"embeddable":true,"href":"https:\/\/pc-holding.vn\/en\/wp-json\/wp\/v2\/users\/1"}],"replies":[{"embeddable":true,"href":"https:\/\/pc-holding.vn\/en\/wp-json\/wp\/v2\/comments?post=1438"}],"version-history":[{"count":4,"href":"https:\/\/pc-holding.vn\/en\/wp-json\/wp\/v2\/pages\/1438\/revisions"}],"predecessor-version":[{"id":2134,"href":"https:\/\/pc-holding.vn\/en\/wp-json\/wp\/v2\/pages\/1438\/revisions\/2134"}],"wp:attachment":[{"href":"https:\/\/pc-holding.vn\/en\/wp-json\/wp\/v2\/media?parent=1438"}],"curies":[{"name":"wp","href":"https:\/\/api.w.org\/{rel}","templated":true}]}}