{"id":234,"date":"2021-09-29T23:34:55","date_gmt":"2021-09-29T16:34:55","guid":{"rendered":"http:\/\/pc-holding.webtogo.vn\/?post_type=product&#038;p=234"},"modified":"2022-01-04T11:13:40","modified_gmt":"2022-01-04T04:13:40","slug":"ong-thuy-luc-1-lop-bo-thep","status":"publish","type":"product","link":"https:\/\/pc-holding.vn\/en\/san-pham\/ong-thuy-luc-1-lop-bo-thep\/","title":{"rendered":"\u1ed0ng th\u1ee7y l\u1ef1c 1 l\u1edbp b\u1ed1 th\u00e9p"},"content":{"rendered":"<p><strong>K\u00edch c\u1ee1<\/strong>: 1\/4&#8243; -&gt; 3&#8243;<\/p>\n<p><strong>Nhi\u1ec7t \u0111\u1ed9<\/strong>: -40\u00b0C +100\u00b0C<\/p>\n<p><strong>\u00c1p su\u1ea5t<\/strong>: 35 bar -&gt; 225 bar (t\u00f9y c\u1ee1 \u1ed1ng)<\/p>\n<p><strong>K\u1ebft c\u1ea5u<\/strong>: 1 l\u1edbp th\u00e9p t\u0103ng c\u01b0\u1eddng<\/p>\n<p><strong>Chu\u1ea9n \u1ed1ng<\/strong>: SAE100R1AT\/EN 853 1SN<\/p>\n<p><strong>H\u00e3ng s\u1ea3n xu\u1ea5t<\/strong>:\u00a0<em>Vitillo &#8211; Italy, Parker &#8211; USA, Tana Flex<\/em><\/p>\n<p><strong>Th\u00f4ng s\u1ed1 k\u0129 thu\u1eadt \u1ed1ng th\u1ee7y l\u1ef1c Vitillo:\u00a0<\/strong><\/p>\n<table border=\"0\" width=\"762\" cellspacing=\"0\" cellpadding=\"0\">\n<tbody>\n<tr>\n<td rowspan=\"2\" nowrap=\"nowrap\">\n<p align=\"center\"><strong>Item<\/strong><\/p>\n<\/td>\n<td rowspan=\"2\">\n<p align=\"center\"><strong>Model<\/strong><\/p>\n<\/td>\n<td rowspan=\"2\">\n<p align=\"center\"><strong>Ware braid<\/strong><\/p>\n<\/td>\n<td colspan=\"4\">\n<p align=\"center\"><strong>Dimensions (mm)<\/strong><\/p>\n<\/td>\n<td>\n<p align=\"center\"><strong>Pressure (bar)<\/strong><\/p>\n<\/td>\n<td>\n<p align=\"center\"><strong>Pressure (bar)<\/strong><\/p>\n<\/td>\n<td>\n<p align=\"center\"><strong>Weight<\/strong><\/p>\n<\/td>\n<td rowspan=\"2\">\n<p align=\"center\"><strong>Part of Ferrule<\/strong><\/p>\n<\/td>\n<td>\n<p align=\"center\"><strong>Unit price<\/strong><\/p>\n<\/td>\n<\/tr>\n<tr>\n<td>\n<p align=\"center\">I.D (inch)<\/p>\n<\/td>\n<td>\n<p align=\"center\">I.D (mm)<\/p>\n<\/td>\n<td>\n<p align=\"center\">O.D (mm)<\/p>\n<\/td>\n<td>\n<p align=\"center\">Bending<\/p>\n<\/td>\n<td>\n<p align=\"center\">W.P<\/p>\n<\/td>\n<td>\n<p align=\"center\">B.P<\/p>\n<\/td>\n<td>\n<p align=\"center\">kg\/mt<\/p>\n<\/td>\n<td>\n<p align=\"center\">VND\/Mt<\/p>\n<\/td>\n<\/tr>\n<tr>\n<td nowrap=\"nowrap\">\n<p align=\"center\">1<\/p>\n<\/td>\n<td nowrap=\"nowrap\">\n<p align=\"center\">TH1SN03<\/p>\n<\/td>\n<td>\n<p align=\"center\">1<\/p>\n<\/td>\n<td>\n<p align=\"center\">3\/16&#8243;<\/p>\n<\/td>\n<td>\n<p align=\"center\">4,8<\/p>\n<\/td>\n<td>\n<p align=\"center\">9,5<\/p>\n<\/td>\n<td>\n<p align=\"center\">90<\/p>\n<\/td>\n<td>\n<p align=\"center\">250<\/p>\n<\/td>\n<td>\n<p align=\"center\">1000<\/p>\n<\/td>\n<td>\n<p align=\"center\">0,180<\/p>\n<\/td>\n<td nowrap=\"nowrap\">\n<p align=\"center\">B12T03N<\/p>\n<\/td>\n<td nowrap=\"nowrap\">\n<p align=\"center\">\n<\/td>\n<\/tr>\n<tr>\n<td nowrap=\"nowrap\">\n<p align=\"center\">2<\/p>\n<\/td>\n<td nowrap=\"nowrap\">\n<p align=\"center\">TH1SN04<\/p>\n<\/td>\n<td nowrap=\"nowrap\">\n<p align=\"center\">1<\/p>\n<\/td>\n<td nowrap=\"nowrap\">\n<p align=\"center\">1\/4&#8243;<\/p>\n<\/td>\n<td nowrap=\"nowrap\">\n<p align=\"center\">6,4<\/p>\n<\/td>\n<td nowrap=\"nowrap\">\n<p align=\"center\">13,1<\/p>\n<\/td>\n<td nowrap=\"nowrap\">\n<p align=\"center\">100<\/p>\n<\/td>\n<td nowrap=\"nowrap\">\n<p align=\"center\">225<\/p>\n<\/td>\n<td nowrap=\"nowrap\">\n<p align=\"center\">900<\/p>\n<\/td>\n<td nowrap=\"nowrap\">\n<p align=\"center\">\u00a0\u00a0\u00a0\u00a0 0,230<\/p>\n<\/td>\n<td nowrap=\"nowrap\">\n<p align=\"center\">B12T04N<\/p>\n<\/td>\n<td nowrap=\"nowrap\">\n<p align=\"center\">\n<\/td>\n<\/tr>\n<tr>\n<td nowrap=\"nowrap\">\n<p align=\"center\">3<\/p>\n<\/td>\n<td nowrap=\"nowrap\">\n<p align=\"center\">TH1SN05<\/p>\n<\/td>\n<td nowrap=\"nowrap\">\n<p align=\"center\">1<\/p>\n<\/td>\n<td nowrap=\"nowrap\">\n<p align=\"center\">5\/16&#8243;<\/p>\n<\/td>\n<td nowrap=\"nowrap\">\n<p align=\"center\">7,9<\/p>\n<\/td>\n<td nowrap=\"nowrap\">\n<p align=\"center\">14,7<\/p>\n<\/td>\n<td nowrap=\"nowrap\">\n<p align=\"center\">115<\/p>\n<\/td>\n<td nowrap=\"nowrap\">\n<p align=\"center\">215<\/p>\n<\/td>\n<td nowrap=\"nowrap\">\n<p align=\"center\">860<\/p>\n<\/td>\n<td nowrap=\"nowrap\">\n<p align=\"center\">\u00a0\u00a0\u00a0\u00a0 0,280<\/p>\n<\/td>\n<td nowrap=\"nowrap\">\n<p align=\"center\">B12T05N<\/p>\n<\/td>\n<td nowrap=\"nowrap\">\n<p align=\"center\">\n<\/td>\n<\/tr>\n<tr>\n<td nowrap=\"nowrap\">\n<p align=\"center\">4<\/p>\n<\/td>\n<td nowrap=\"nowrap\">\n<p align=\"center\">TH1SN06<\/p>\n<\/td>\n<td nowrap=\"nowrap\">\n<p align=\"center\">1<\/p>\n<\/td>\n<td nowrap=\"nowrap\">\n<p align=\"center\">3\/8&#8243;<\/p>\n<\/td>\n<td nowrap=\"nowrap\">\n<p align=\"center\">9,5<\/p>\n<\/td>\n<td nowrap=\"nowrap\">\n<p align=\"center\">17,1<\/p>\n<\/td>\n<td nowrap=\"nowrap\">\n<p align=\"center\">130<\/p>\n<\/td>\n<td nowrap=\"nowrap\">\n<p align=\"center\">180<\/p>\n<\/td>\n<td nowrap=\"nowrap\">\n<p align=\"center\">720<\/p>\n<\/td>\n<td nowrap=\"nowrap\">\n<p align=\"center\">\u00a0\u00a0\u00a0\u00a0 0,360<\/p>\n<\/td>\n<td nowrap=\"nowrap\">\n<p align=\"center\">B12T06N<\/p>\n<\/td>\n<td nowrap=\"nowrap\">\n<p align=\"center\">\n<\/td>\n<\/tr>\n<tr>\n<td nowrap=\"nowrap\">\n<p align=\"center\">5<\/p>\n<\/td>\n<td nowrap=\"nowrap\">\n<p align=\"center\">TH1SN08<\/p>\n<\/td>\n<td nowrap=\"nowrap\">\n<p align=\"center\">1<\/p>\n<\/td>\n<td nowrap=\"nowrap\">\n<p align=\"center\">1\/2&#8243;<\/p>\n<\/td>\n<td nowrap=\"nowrap\">\n<p align=\"center\">12,8<\/p>\n<\/td>\n<td nowrap=\"nowrap\">\n<p align=\"center\">20,2<\/p>\n<\/td>\n<td nowrap=\"nowrap\">\n<p align=\"center\">180<\/p>\n<\/td>\n<td nowrap=\"nowrap\">\n<p align=\"center\">160<\/p>\n<\/td>\n<td nowrap=\"nowrap\">\n<p align=\"center\">640<\/p>\n<\/td>\n<td nowrap=\"nowrap\">\n<p align=\"center\">\u00a0\u00a0\u00a0\u00a0 0,430<\/p>\n<\/td>\n<td nowrap=\"nowrap\">\n<p align=\"center\">B12T08N<\/p>\n<\/td>\n<td nowrap=\"nowrap\">\n<p align=\"center\">\n<\/td>\n<\/tr>\n<tr>\n<td nowrap=\"nowrap\">\n<p align=\"center\">6<\/p>\n<\/td>\n<td nowrap=\"nowrap\">\n<p align=\"center\">TH1SN10<\/p>\n<\/td>\n<td nowrap=\"nowrap\">\n<p align=\"center\">1<\/p>\n<\/td>\n<td nowrap=\"nowrap\">\n<p align=\"center\">5\/8&#8243;<\/p>\n<\/td>\n<td nowrap=\"nowrap\">\n<p align=\"center\">16<\/p>\n<\/td>\n<td nowrap=\"nowrap\">\n<p align=\"center\">23,4<\/p>\n<\/td>\n<td nowrap=\"nowrap\">\n<p align=\"center\">200<\/p>\n<\/td>\n<td nowrap=\"nowrap\">\n<p align=\"center\">130<\/p>\n<\/td>\n<td nowrap=\"nowrap\">\n<p align=\"center\">520<\/p>\n<\/td>\n<td nowrap=\"nowrap\">\n<p align=\"center\">\u00a0\u00a0\u00a0\u00a0 0,510<\/p>\n<\/td>\n<td nowrap=\"nowrap\">\n<p align=\"center\">B12T10N<\/p>\n<\/td>\n<td nowrap=\"nowrap\">\n<p align=\"center\">\n<\/td>\n<\/tr>\n<tr>\n<td nowrap=\"nowrap\">\n<p align=\"center\">7<\/p>\n<\/td>\n<td nowrap=\"nowrap\">\n<p align=\"center\">TH1SN12<\/p>\n<\/td>\n<td nowrap=\"nowrap\">\n<p align=\"center\">1<\/p>\n<\/td>\n<td nowrap=\"nowrap\">\n<p align=\"center\">3\/4&#8243;<\/p>\n<\/td>\n<td nowrap=\"nowrap\">\n<p align=\"center\">19<\/p>\n<\/td>\n<td nowrap=\"nowrap\">\n<p align=\"center\">27,4<\/p>\n<\/td>\n<td nowrap=\"nowrap\">\n<p align=\"center\">240<\/p>\n<\/td>\n<td nowrap=\"nowrap\">\n<p align=\"center\">105<\/p>\n<\/td>\n<td nowrap=\"nowrap\">\n<p align=\"center\">420<\/p>\n<\/td>\n<td nowrap=\"nowrap\">\n<p align=\"center\">\u00a0\u00a0\u00a0\u00a0 0,620<\/p>\n<\/td>\n<td nowrap=\"nowrap\">\n<p align=\"center\">B12T12N<\/p>\n<\/td>\n<td nowrap=\"nowrap\">\n<p align=\"center\">\n<\/td>\n<\/tr>\n<tr>\n<td nowrap=\"nowrap\">\n<p align=\"center\">8<\/p>\n<\/td>\n<td nowrap=\"nowrap\">\n<p align=\"center\">TH1SN16<\/p>\n<\/td>\n<td nowrap=\"nowrap\">\n<p align=\"center\">1<\/p>\n<\/td>\n<td nowrap=\"nowrap\">\n<p align=\"center\">1&#8243;<\/p>\n<\/td>\n<td nowrap=\"nowrap\">\n<p align=\"center\">25,4<\/p>\n<\/td>\n<td nowrap=\"nowrap\">\n<p align=\"center\">35,3<\/p>\n<\/td>\n<td nowrap=\"nowrap\">\n<p align=\"center\">300<\/p>\n<\/td>\n<td nowrap=\"nowrap\">\n<p align=\"center\">88<\/p>\n<\/td>\n<td nowrap=\"nowrap\">\n<p align=\"center\">352<\/p>\n<\/td>\n<td nowrap=\"nowrap\">\n<p align=\"center\">\u00a0\u00a0\u00a0\u00a0 0,935<\/p>\n<\/td>\n<td nowrap=\"nowrap\">\n<p align=\"center\">B12T16N<\/p>\n<\/td>\n<td nowrap=\"nowrap\">\n<p align=\"center\">\n<\/td>\n<\/tr>\n<tr>\n<td nowrap=\"nowrap\">\n<p align=\"center\">9<\/p>\n<\/td>\n<td nowrap=\"nowrap\">\n<p align=\"center\">TH1SN20<\/p>\n<\/td>\n<td nowrap=\"nowrap\">\n<p align=\"center\">1<\/p>\n<\/td>\n<td nowrap=\"nowrap\">\n<p align=\"center\">1.1\/4&#8243;<\/p>\n<\/td>\n<td nowrap=\"nowrap\">\n<p align=\"center\">31,8<\/p>\n<\/td>\n<td nowrap=\"nowrap\">\n<p align=\"center\">42,9<\/p>\n<\/td>\n<td nowrap=\"nowrap\">\n<p align=\"center\">420<\/p>\n<\/td>\n<td nowrap=\"nowrap\">\n<p align=\"center\">63<\/p>\n<\/td>\n<td nowrap=\"nowrap\">\n<p align=\"center\">252<\/p>\n<\/td>\n<td nowrap=\"nowrap\">\n<p align=\"center\">\u00a0\u00a0\u00a0\u00a0 1,300<\/p>\n<\/td>\n<td nowrap=\"nowrap\">\n<p align=\"center\">B12T20N<\/p>\n<\/td>\n<td nowrap=\"nowrap\">\n<p align=\"center\">\n<\/td>\n<\/tr>\n<tr>\n<td nowrap=\"nowrap\">\n<p align=\"center\">10<\/p>\n<\/td>\n<td nowrap=\"nowrap\">\n<p align=\"center\">TH1SN24<\/p>\n<\/td>\n<td nowrap=\"nowrap\">\n<p align=\"center\">1<\/p>\n<\/td>\n<td nowrap=\"nowrap\">\n<p align=\"center\">1.1\/2&#8243;<\/p>\n<\/td>\n<td nowrap=\"nowrap\">\n<p align=\"center\">38,1<\/p>\n<\/td>\n<td nowrap=\"nowrap\">\n<p align=\"center\">50,1<\/p>\n<\/td>\n<td nowrap=\"nowrap\">\n<p align=\"center\">500<\/p>\n<\/td>\n<td nowrap=\"nowrap\">\n<p align=\"center\">50<\/p>\n<\/td>\n<td nowrap=\"nowrap\">\n<p align=\"center\">200<\/p>\n<\/td>\n<td nowrap=\"nowrap\">\n<p align=\"center\">\u00a0\u00a0\u00a0\u00a0 1,550<\/p>\n<\/td>\n<td nowrap=\"nowrap\">\n<p align=\"center\">B12T24N<\/p>\n<\/td>\n<td nowrap=\"nowrap\">\n<p align=\"center\">\n<\/td>\n<\/tr>\n<tr>\n<td nowrap=\"nowrap\">\n<p align=\"center\">11<\/p>\n<\/td>\n<td nowrap=\"nowrap\">\n<p align=\"center\">TH1SN32<\/p>\n<\/td>\n<td nowrap=\"nowrap\">\n<p align=\"center\">1<\/p>\n<\/td>\n<td nowrap=\"nowrap\">\n<p align=\"center\">2&#8243;<\/p>\n<\/td>\n<td nowrap=\"nowrap\">\n<p align=\"center\">50,8<\/p>\n<\/td>\n<td nowrap=\"nowrap\">\n<p align=\"center\">63,4<\/p>\n<\/td>\n<td nowrap=\"nowrap\">\n<p align=\"center\">630<\/p>\n<\/td>\n<td nowrap=\"nowrap\">\n<p align=\"center\">40<\/p>\n<\/td>\n<td nowrap=\"nowrap\">\n<p align=\"center\">160<\/p>\n<\/td>\n<td nowrap=\"nowrap\">\n<p align=\"center\">\u00a0\u00a0\u00a0\u00a0 2,300<\/p>\n<\/td>\n<td nowrap=\"nowrap\">\n<p align=\"center\">B12T32N<\/p>\n<\/td>\n<td nowrap=\"nowrap\">\n<p align=\"center\">\n<\/td>\n<\/tr>\n<tr>\n<td colspan=\"12\"><em>&#8211;\u00a0 The price is for referent only, please contact us for updated price and other size<\/em><\/td>\n<\/tr>\n<\/tbody>\n<\/table>\n<p>&nbsp;<\/p>\n","protected":false},"excerpt":{"rendered":"<ul>\n<li>\u1ed0ng m\u1ec1m th\u1ee7y l\u1ef1c 1 l\u1edbp b\u1ed1 th\u00e9p SAE100 R1AT \/ EN853 1SN<\/li>\n<li>K\u00edch c\u1ee1: 1\/4&#8243; -&gt; 3&#8243;<\/li>\n<li>Nhi\u1ec7t \u0111\u1ed9: -40\u00b0C +100\u00b0C<\/li>\n<li>\u00c1p su\u1ea5t: 35 bar -&gt; 225 bar (t\u00f9y c\u1ee1 \u1ed1ng)<\/li>\n<li>K\u1ebft c\u1ea5u: 1 l\u1edbp th\u00e9p t\u0103ng c\u01b0\u1eddng<\/li>\n<li>Chu\u1ea9n \u1ed1ng: SAE100R1AT\/EN 853 1SN<\/li>\n<li>H\u00e3ng s\u1ea3n xu\u1ea5t: Vitillo &#8211; Italy, Cidat &#8211; Italy, Tana Flex<\/li>\n<\/ul>\n","protected":false},"featured_media":1515,"comment_status":"closed","ping_status":"closed","template":"","meta":{"_acf_changed":false},"product_brand":[],"product_cat":[25],"product_tag":[],"class_list":{"0":"post-234","1":"product","2":"type-product","3":"status-publish","4":"has-post-thumbnail","6":"product_cat-ong-mem-thuy-luc","8":"first","9":"instock","10":"shipping-taxable","11":"product-type-simple"},"acf":[],"yoast_head":"<!-- This site is optimized with the Yoast SEO plugin v27.4 - https:\/\/yoast.com\/product\/yoast-seo-wordpress\/ -->\n<title>\u1ed0ng th\u1ee7y l\u1ef1c 1 l\u1edbp b\u1ed1 th\u00e9p - Phu Cuong Holding Corporation<\/title>\n<meta name=\"description\" content=\"Ph\u00fa C\u01b0\u1eddng Holding ph\u00e2n ph\u1ed1i ch\u00ednh h\u00e3ng \u1ed1ng th\u1ee7y l\u1ef1c Vitillo, Parker 1 l\u1edbp b\u1ed1 th\u00e9p. Giao ho\u00e0ng to\u00e0n qu\u1ed1c. \u1ed0ng tuy \u00f4 th\u1ee7y l\u1ef1c gi\u00e1 r\u1ebb\" \/>\n<meta name=\"robots\" content=\"index, follow, max-snippet:-1, max-image-preview:large, max-video-preview:-1\" \/>\n<link rel=\"canonical\" href=\"https:\/\/pc-holding.vn\/en\/san-pham\/ong-thuy-luc-1-lop-bo-thep\/\" \/>\n<meta property=\"og:locale\" content=\"en_US\" \/>\n<meta property=\"og:type\" content=\"article\" \/>\n<meta property=\"og:title\" content=\"\u1ed0ng th\u1ee7y l\u1ef1c 1 l\u1edbp b\u1ed1 th\u00e9p - Phu Cuong Holding Corporation\" \/>\n<meta property=\"og:description\" content=\"Ph\u00fa C\u01b0\u1eddng Holding ph\u00e2n ph\u1ed1i ch\u00ednh h\u00e3ng \u1ed1ng th\u1ee7y l\u1ef1c Vitillo, Parker 1 l\u1edbp b\u1ed1 th\u00e9p. Giao ho\u00e0ng to\u00e0n qu\u1ed1c. \u1ed0ng tuy \u00f4 th\u1ee7y l\u1ef1c gi\u00e1 r\u1ebb\" \/>\n<meta property=\"og:url\" content=\"https:\/\/pc-holding.vn\/en\/san-pham\/ong-thuy-luc-1-lop-bo-thep\/\" \/>\n<meta property=\"og:site_name\" content=\"Phu Cuong Holding Corporation\" \/>\n<meta property=\"article:modified_time\" content=\"2022-01-04T04:13:40+00:00\" \/>\n<meta property=\"og:image\" content=\"https:\/\/www.pc-holding.vn\/wp-content\/uploads\/2021\/09\/1sn_vitillo-2.png\" \/>\n\t<meta property=\"og:image:width\" content=\"600\" \/>\n\t<meta property=\"og:image:height\" content=\"600\" \/>\n\t<meta property=\"og:image:type\" content=\"image\/png\" \/>\n<meta name=\"twitter:card\" content=\"summary_large_image\" \/>\n<meta name=\"twitter:label1\" content=\"Est. reading time\" \/>\n\t<meta name=\"twitter:data1\" content=\"1 minute\" \/>\n<script type=\"application\/ld+json\" class=\"yoast-schema-graph\">{\"@context\":\"https:\\\/\\\/schema.org\",\"@graph\":[{\"@type\":\"WebPage\",\"@id\":\"https:\\\/\\\/pc-holding.vn\\\/en\\\/san-pham\\\/ong-thuy-luc-1-lop-bo-thep\\\/\",\"url\":\"https:\\\/\\\/pc-holding.vn\\\/en\\\/san-pham\\\/ong-thuy-luc-1-lop-bo-thep\\\/\",\"name\":\"\u1ed0ng th\u1ee7y l\u1ef1c 1 l\u1edbp b\u1ed1 th\u00e9p - Phu Cuong Holding Corporation\",\"isPartOf\":{\"@id\":\"https:\\\/\\\/pc-holding.vn\\\/en\\\/#website\"},\"primaryImageOfPage\":{\"@id\":\"https:\\\/\\\/pc-holding.vn\\\/en\\\/san-pham\\\/ong-thuy-luc-1-lop-bo-thep\\\/#primaryimage\"},\"image\":{\"@id\":\"https:\\\/\\\/pc-holding.vn\\\/en\\\/san-pham\\\/ong-thuy-luc-1-lop-bo-thep\\\/#primaryimage\"},\"thumbnailUrl\":\"https:\\\/\\\/pc-holding.vn\\\/wp-content\\\/uploads\\\/2021\\\/09\\\/1sn_vitillo-2.png\",\"datePublished\":\"2021-09-29T16:34:55+00:00\",\"dateModified\":\"2022-01-04T04:13:40+00:00\",\"description\":\"Ph\u00fa C\u01b0\u1eddng Holding ph\u00e2n ph\u1ed1i ch\u00ednh h\u00e3ng \u1ed1ng th\u1ee7y l\u1ef1c Vitillo, Parker 1 l\u1edbp b\u1ed1 th\u00e9p. Giao ho\u00e0ng to\u00e0n qu\u1ed1c. \u1ed0ng tuy \u00f4 th\u1ee7y l\u1ef1c gi\u00e1 r\u1ebb\",\"breadcrumb\":{\"@id\":\"https:\\\/\\\/pc-holding.vn\\\/en\\\/san-pham\\\/ong-thuy-luc-1-lop-bo-thep\\\/#breadcrumb\"},\"inLanguage\":\"en-US\",\"potentialAction\":[{\"@type\":\"ReadAction\",\"target\":[\"https:\\\/\\\/pc-holding.vn\\\/en\\\/san-pham\\\/ong-thuy-luc-1-lop-bo-thep\\\/\"]}]},{\"@type\":\"ImageObject\",\"inLanguage\":\"en-US\",\"@id\":\"https:\\\/\\\/pc-holding.vn\\\/en\\\/san-pham\\\/ong-thuy-luc-1-lop-bo-thep\\\/#primaryimage\",\"url\":\"https:\\\/\\\/pc-holding.vn\\\/wp-content\\\/uploads\\\/2021\\\/09\\\/1sn_vitillo-2.png\",\"contentUrl\":\"https:\\\/\\\/pc-holding.vn\\\/wp-content\\\/uploads\\\/2021\\\/09\\\/1sn_vitillo-2.png\",\"width\":600,\"height\":600},{\"@type\":\"BreadcrumbList\",\"@id\":\"https:\\\/\\\/pc-holding.vn\\\/en\\\/san-pham\\\/ong-thuy-luc-1-lop-bo-thep\\\/#breadcrumb\",\"itemListElement\":[{\"@type\":\"ListItem\",\"position\":1,\"name\":\"Trang ch\u1ee7\",\"item\":\"https:\\\/\\\/www.pc-holding.vn\\\/en\\\/\"},{\"@type\":\"ListItem\",\"position\":2,\"name\":\"Product\",\"item\":\"https:\\\/\\\/pc-holding.vn\\\/en\\\/product\\\/\"},{\"@type\":\"ListItem\",\"position\":3,\"name\":\"\u1ed0ng th\u1ee7y l\u1ef1c 1 l\u1edbp b\u1ed1 th\u00e9p\"}]},{\"@type\":\"WebSite\",\"@id\":\"https:\\\/\\\/pc-holding.vn\\\/en\\\/#website\",\"url\":\"https:\\\/\\\/pc-holding.vn\\\/en\\\/\",\"name\":\"Phu Cuong Holding Corporation\",\"description\":\"\",\"potentialAction\":[{\"@type\":\"SearchAction\",\"target\":{\"@type\":\"EntryPoint\",\"urlTemplate\":\"https:\\\/\\\/pc-holding.vn\\\/en\\\/?s={search_term_string}\"},\"query-input\":{\"@type\":\"PropertyValueSpecification\",\"valueRequired\":true,\"valueName\":\"search_term_string\"}}],\"inLanguage\":\"en-US\"}]}<\/script>\n<!-- \/ Yoast SEO plugin. -->","yoast_head_json":{"title":"\u1ed0ng th\u1ee7y l\u1ef1c 1 l\u1edbp b\u1ed1 th\u00e9p - Phu Cuong Holding Corporation","description":"Ph\u00fa C\u01b0\u1eddng Holding ph\u00e2n ph\u1ed1i ch\u00ednh h\u00e3ng \u1ed1ng th\u1ee7y l\u1ef1c Vitillo, Parker 1 l\u1edbp b\u1ed1 th\u00e9p. Giao ho\u00e0ng to\u00e0n qu\u1ed1c. \u1ed0ng tuy \u00f4 th\u1ee7y l\u1ef1c gi\u00e1 r\u1ebb","robots":{"index":"index","follow":"follow","max-snippet":"max-snippet:-1","max-image-preview":"max-image-preview:large","max-video-preview":"max-video-preview:-1"},"canonical":"https:\/\/pc-holding.vn\/en\/san-pham\/ong-thuy-luc-1-lop-bo-thep\/","og_locale":"en_US","og_type":"article","og_title":"\u1ed0ng th\u1ee7y l\u1ef1c 1 l\u1edbp b\u1ed1 th\u00e9p - Phu Cuong Holding Corporation","og_description":"Ph\u00fa C\u01b0\u1eddng Holding ph\u00e2n ph\u1ed1i ch\u00ednh h\u00e3ng \u1ed1ng th\u1ee7y l\u1ef1c Vitillo, Parker 1 l\u1edbp b\u1ed1 th\u00e9p. Giao ho\u00e0ng to\u00e0n qu\u1ed1c. \u1ed0ng tuy \u00f4 th\u1ee7y l\u1ef1c gi\u00e1 r\u1ebb","og_url":"https:\/\/pc-holding.vn\/en\/san-pham\/ong-thuy-luc-1-lop-bo-thep\/","og_site_name":"Phu Cuong Holding Corporation","article_modified_time":"2022-01-04T04:13:40+00:00","og_image":[{"width":600,"height":600,"url":"https:\/\/www.pc-holding.vn\/wp-content\/uploads\/2021\/09\/1sn_vitillo-2.png","type":"image\/png"}],"twitter_card":"summary_large_image","twitter_misc":{"Est. reading time":"1 minute"},"schema":{"@context":"https:\/\/schema.org","@graph":[{"@type":"WebPage","@id":"https:\/\/pc-holding.vn\/en\/san-pham\/ong-thuy-luc-1-lop-bo-thep\/","url":"https:\/\/pc-holding.vn\/en\/san-pham\/ong-thuy-luc-1-lop-bo-thep\/","name":"\u1ed0ng th\u1ee7y l\u1ef1c 1 l\u1edbp b\u1ed1 th\u00e9p - Phu Cuong Holding Corporation","isPartOf":{"@id":"https:\/\/pc-holding.vn\/en\/#website"},"primaryImageOfPage":{"@id":"https:\/\/pc-holding.vn\/en\/san-pham\/ong-thuy-luc-1-lop-bo-thep\/#primaryimage"},"image":{"@id":"https:\/\/pc-holding.vn\/en\/san-pham\/ong-thuy-luc-1-lop-bo-thep\/#primaryimage"},"thumbnailUrl":"https:\/\/pc-holding.vn\/wp-content\/uploads\/2021\/09\/1sn_vitillo-2.png","datePublished":"2021-09-29T16:34:55+00:00","dateModified":"2022-01-04T04:13:40+00:00","description":"Ph\u00fa C\u01b0\u1eddng Holding ph\u00e2n ph\u1ed1i ch\u00ednh h\u00e3ng \u1ed1ng th\u1ee7y l\u1ef1c Vitillo, Parker 1 l\u1edbp b\u1ed1 th\u00e9p. Giao ho\u00e0ng to\u00e0n qu\u1ed1c. \u1ed0ng tuy \u00f4 th\u1ee7y l\u1ef1c gi\u00e1 r\u1ebb","breadcrumb":{"@id":"https:\/\/pc-holding.vn\/en\/san-pham\/ong-thuy-luc-1-lop-bo-thep\/#breadcrumb"},"inLanguage":"en-US","potentialAction":[{"@type":"ReadAction","target":["https:\/\/pc-holding.vn\/en\/san-pham\/ong-thuy-luc-1-lop-bo-thep\/"]}]},{"@type":"ImageObject","inLanguage":"en-US","@id":"https:\/\/pc-holding.vn\/en\/san-pham\/ong-thuy-luc-1-lop-bo-thep\/#primaryimage","url":"https:\/\/pc-holding.vn\/wp-content\/uploads\/2021\/09\/1sn_vitillo-2.png","contentUrl":"https:\/\/pc-holding.vn\/wp-content\/uploads\/2021\/09\/1sn_vitillo-2.png","width":600,"height":600},{"@type":"BreadcrumbList","@id":"https:\/\/pc-holding.vn\/en\/san-pham\/ong-thuy-luc-1-lop-bo-thep\/#breadcrumb","itemListElement":[{"@type":"ListItem","position":1,"name":"Trang ch\u1ee7","item":"https:\/\/www.pc-holding.vn\/en\/"},{"@type":"ListItem","position":2,"name":"Product","item":"https:\/\/pc-holding.vn\/en\/product\/"},{"@type":"ListItem","position":3,"name":"\u1ed0ng th\u1ee7y l\u1ef1c 1 l\u1edbp b\u1ed1 th\u00e9p"}]},{"@type":"WebSite","@id":"https:\/\/pc-holding.vn\/en\/#website","url":"https:\/\/pc-holding.vn\/en\/","name":"Phu Cuong Holding Corporation","description":"","potentialAction":[{"@type":"SearchAction","target":{"@type":"EntryPoint","urlTemplate":"https:\/\/pc-holding.vn\/en\/?s={search_term_string}"},"query-input":{"@type":"PropertyValueSpecification","valueRequired":true,"valueName":"search_term_string"}}],"inLanguage":"en-US"}]}},"_links":{"self":[{"href":"https:\/\/pc-holding.vn\/en\/wp-json\/wp\/v2\/product\/234","targetHints":{"allow":["GET"]}}],"collection":[{"href":"https:\/\/pc-holding.vn\/en\/wp-json\/wp\/v2\/product"}],"about":[{"href":"https:\/\/pc-holding.vn\/en\/wp-json\/wp\/v2\/types\/product"}],"replies":[{"embeddable":true,"href":"https:\/\/pc-holding.vn\/en\/wp-json\/wp\/v2\/comments?post=234"}],"wp:featuredmedia":[{"embeddable":true,"href":"https:\/\/pc-holding.vn\/en\/wp-json\/wp\/v2\/media\/1515"}],"wp:attachment":[{"href":"https:\/\/pc-holding.vn\/en\/wp-json\/wp\/v2\/media?parent=234"}],"wp:term":[{"taxonomy":"product_brand","embeddable":true,"href":"https:\/\/pc-holding.vn\/en\/wp-json\/wp\/v2\/product_brand?post=234"},{"taxonomy":"product_cat","embeddable":true,"href":"https:\/\/pc-holding.vn\/en\/wp-json\/wp\/v2\/product_cat?post=234"},{"taxonomy":"product_tag","embeddable":true,"href":"https:\/\/pc-holding.vn\/en\/wp-json\/wp\/v2\/product_tag?post=234"}],"curies":[{"name":"wp","href":"https:\/\/api.w.org\/{rel}","templated":true}]}}