{"id":2419,"date":"2022-05-17T14:05:52","date_gmt":"2022-05-17T07:05:52","guid":{"rendered":"https:\/\/pc-holding.vn\/?post_type=product&#038;p=2419"},"modified":"2022-05-17T14:12:11","modified_gmt":"2022-05-17T07:12:11","slug":"ong-ruot-ga-p3-loi-inox-321-boc-vo-luoi-inox-304l-penflex-chinh-hang","status":"publish","type":"product","link":"https:\/\/pc-holding.vn\/en\/san-pham\/ong-ruot-ga-p3-loi-inox-321-boc-vo-luoi-inox-304l-penflex-chinh-hang\/","title":{"rendered":"\u1ed0ng ru\u1ed9t g\u00e0 P3 l\u00f5i inox 321 b\u1ecdc v\u1ecf l\u01b0\u1edbi inox 304L Penflex ch\u00ednh h\u00e3ng"},"content":{"rendered":"<p>PCH \u2013 C\u00f4ng ty CP Ph\u00fa C\u01b0\u1eddng Holding l\u00e0 \u0111\u1ecba \u0111i\u1ec3m Uy T\u00edn t\u1ea1i H\u00e0 \u0110\u00f4ng, H\u00f2a B\u00ecnh, H\u00e0 N\u1ed9i chuy\u00ean ph\u00e2n ph\u1ed1i \u1ed0ng ru\u1ed9t g\u00e0 l\u00f5i th\u00e9p kh\u00f4ng g\u1ec9 P3 321\/ 304L b\u1ecdc v\u1ecf l\u01b0\u1edbi inox 304\/ 304L Penflex ch\u00ednh h\u00e3ng, \u0111\u1ea1t Ti\u00eau Chu\u1ea9n Ch\u1ea5t L\u01b0\u1ee3ng M\u1ef9. Qu\u00fd kh\u00e1ch c\u1eeda h\u00e0ng, nh\u00e0 m\u00e1y, doanh nghi\u1ec7p t\u1ea1i H\u00e0 \u0110\u00f4ng, H\u00e0 N\u1ed9i, H\u00f2a B\u00ecnh ho\u1eb7c tr\u00ean to\u00e0n qu\u1ed1c c\u00f3 nhu c\u1ea7u t\u00ecm ki\u1ebfm v\u00e0 mua \u1ed0ng kh\u1edbp n\u1ed1i m\u1ec1m kim lo\u1ea1i Flexible Metal Hose Penflex th\u00ec h\u00e3y an t\u00e2m li\u00ean h\u1ec7 ngay v\u1edbi c\u00f4ng ty ch\u00fang t\u00f4i.<\/p>\n<p>\u2013 L\u00f5i b\u00ean trong \u1ed1ng P3 l\u00e0 th\u00e9p kh\u00f4ng g\u1ec9 (inox) 321 ho\u1eb7c 304L. K\u1ebft c\u1ea5u l\u00f5i ki\u1ec3u v\u00f2ng khuy\u00ean \u0111an xo\u1eafn, b\u1ebb cong linh ho\u1ea1t.<\/p>\n<p>\u2013 B\u1ecdc b\u00ean ngo\u00e0i l\u1edbp th\u00e9p kh\u00f4ng g\u1ec9 (inox) 304 ho\u1eb7c 304L<\/p>\n<p>\u2013 \u1ed0ng kim lo\u1ea1i, th\u00e9p kh\u00f4ng g\u1ec9, inox, c\u00f3 \u0111\u1ed9 m\u1ec1m d\u1ebbo, linh ho\u1ea1t, \u0111\u1ed9 b\u1ebb cong t\u1ed1t k\u1ebft h\u1ee3p v\u1ecf b\u1ec7n ngo\u00e0i ch\u1ed1ng \u0103n m\u00f2n b\u1ec1n b\u1ec9<\/p>\n<p>\u2013 Ch\u1ecbu \u0103n m\u00f2n, ch\u1ecbu \u00e1p cao, ch\u1ecbu nhi\u1ec7t t\u1ed1t, ph\u00f9 h\u1ee3p l\u1eafp \u0111\u1eb7t trong c\u00e1c nh\u00e0 m\u00e1y, khu v\u1ef1c m\u00f4i tr\u01b0\u1eddng nhi\u1ec7t \u0111\u1ed9 kh\u00f4ng \u1ed5n \u0111\u1ecbnh, \u00e1p l\u1ef1c cao<\/p>\n<p>\u2013 C\u00f2n \u0111\u01b0\u1ee3c g\u1ecdi l\u00e0 \u1ed0ng kim lo\u1ea1i kh\u1edbp n\u1ed1i m\u1ec1m d\u1ebbo, linh ho\u1ea1t<\/p>\n<p>\u2013 \u0110\u1ea1t ti\u00eau chu\u1ea9n ISO 10380 v\u00e0 DNV GL v\u1edbi \u0111\u1ee7 sizes 1\/4\u2033 \u0111\u1ebfn 2\u2033 (DN6 -&gt; DN50)<\/p>\n<p><strong>* Ph\u00fa C\u01b0\u1eddng Holding v\u1eeba v\u1ec1 s\u1eb5n kho c\u00e1c m\u00e3 \u1ed0ng ru\u1ed9t g\u00e0 b\u1ec7n l\u01b0\u1edbi inox 304 Penflex nh\u01b0 sau:<\/strong><\/p>\n<p>. P3-H3021-B3004-004: \u1ed0ng kh\u1edbp n\u1ed1i m\u1ec1m inox P3 321 c\u00f3 b\u1ec7n d\u00e2y th\u00e9p kh\u00f4ng g\u1ec9 304, \u0111\u01b0\u1eddng k\u00ednh 1\/4 inch<\/p>\n<p>. P3-H3021-B3004-006: \u1ed0ng l\u00f5i inox co gi\u00e3n P3 321 c\u00f3 b\u1ecdc l\u01b0\u1edbi th\u00e9p kh\u00f4ng g\u1ec9 304, \u0111\u01b0\u1eddng k\u00ednh 3\/8 inch<\/p>\n<p>. P3-H3021-B3004-008: \u1ed0ng P3 321 c\u00f3 b\u1ecdc v\u1ecf inox 304, \u0111\u01b0\u1eddng k\u00ednh 1\/2 inch<\/p>\n<p>. P3-H3021-B3004-012: \u1ed0ng ru\u1ed9t g\u00e0 l\u00f5i inox P3 321 c\u00f3 b\u1ec7n l\u01b0\u1edbi inox kh\u00f4ng g\u1ec9 304, \u0111\u01b0\u1eddng k\u00ednh 3\/4 inch<\/p>\n<p>. P3-H3004L-B3004-016: \u1ed0ng m\u1ec1m inox co gi\u00e3n P3 304L c\u00f3 l\u01b0\u1edbi th\u00e9p kh\u00f4ng g\u1ec9 304L, \u0111\u01b0\u1eddng k\u00ednh 1 inch<\/p>\n<p>. P3-H3021-B3004-020: \u1ed0ng m\u1ec1m ru\u1ed9t g\u00e0 inox P3 321 c\u00f3 b\u1ec7n d\u00e2y th\u00e9p kh\u00f4ng g\u1ec9 304, \u0111\u01b0\u1eddng k\u00ednh 1-1\/4 inch<\/p>\n<p>. P3-H3021-B3004-024: \u1ed0ng ru\u1ed9t g\u00e0 th\u00e9p kh\u00f4ng g\u1ec9 P3 321 c\u00f3 b\u1ec7n d\u00e2y th\u00e9p kh\u00f4ng g\u1ec9 304,\u0111\u01b0\u1eddng k\u00ednh 1-1\/2 inch<\/p>\n<p>. P3-H3021-B3004-032: \u1ed0ng P3 321 c\u00f3 b\u1ec7n d\u00e2y th\u00e9p kh\u00f4ng g\u1ec9 304, \u0111\u01b0\u1eddng k\u00ednh 2 inch<\/p>\n<p>. Cam k\u1ebft\u00a0<strong>Ch\u00ednh H\u00e3ng \u2013 Ch\u1ea5t L\u01b0\u1ee3ng T\u1ed1t \u2013 Gi\u00e1 R\u1ebb \u2013 H\u1ed7 tr\u1ee3 k\u1ef9 thu\u1eadt Chuy\u00ean Nghi\u1ec7p \u2013 B\u1ea3o h\u00e0nh \u0111\u1ea7y \u0111\u1ee7.<\/strong><\/p>\n<p>. H\u00e0ng c\u00f3 S\u1eb5n, giao Nhanh khi kh\u00e1ch \u0111\u1eb7t h\u00e0ng.<\/p>\n<p>\u2013 Ngo\u00e0i ra, PC-Holding c\u00f2n cung c\u1ea5p d\u1ecbch v\u1ee5 gia c\u00f4ng th\u1ee7y l\u1ef1c nh\u01b0 b\u1ea5m \u0111\u1ea7u, \u00e9p \u0111\u1ea7u cos, \u00e9p c\u1ed1t, b\u00f3p v\u1ecf \u1ed1ng, b\u1ecdc l\u01b0\u1edbi inox, b\u1ecdc v\u1ecf PJ ch\u1ed1ng ch\u00e1y v\u1edbi \u0111\u1ed9i ng\u0169 k\u1ef9 thu\u1eadt tay ngh\u1ec1 l\u00e2u n\u0103m, tr\u00ecnh \u0111\u1ed9 cao.<\/p>\n<div dir=\"auto\">Qu\u00fd kh\u00e1ch h\u00e3y li\u00ean h\u1ec7\u00a0<strong>PC-Holding<\/strong>\u00a0\u0111\u1ec3 \u0111\u01b0\u1ee3c T\u01b0 V\u1ea5n Nhi\u1ec7t T\u00ecnh v\u00e0 B\u00e1o Gi\u00e1 T\u1ed1t:<\/div>\n<div dir=\"auto\">\u2013 Email: info@pc-holding.vn<\/div>\n<div dir=\"auto\">\u2013 Th\u00f4ng tin li\u00ean h\u1ec7 chi ti\u1ebft t\u1ea1i:\u00a0<a tabindex=\"0\" role=\"link\" href=\"https:\/\/pc-holding.vn\/lien-he\/?fbclid=IwAR0PZme9md_juHQIra1QgydKaW-ONEu7V8-wQ3f2ByOuveCuJxOx6Z-QO6w\" target=\"_blank\" rel=\"nofollow noopener\">https:\/\/pc-holding.vn\/lien-he\/<\/a><\/div>\n","protected":false},"excerpt":{"rendered":"<p>PCH \u2013 C\u00f4ng ty CP Ph\u00fa C\u01b0\u1eddng Holding l\u00e0 \u0111\u1ecba \u0111i\u1ec3m Uy T\u00edn t\u1ea1i H\u00e0 \u0110\u00f4ng, H\u00f2a B\u00ecnh, H\u00e0 N\u1ed9i chuy\u00ean ph\u00e2n ph\u1ed1i \u1ed0ng ru\u1ed9t g\u00e0 l\u00f5i th\u00e9p kh\u00f4ng g\u1ec9 P3 321\/ 304L b\u1ecdc v\u1ecf l\u01b0\u1edbi inox 304\/ 304L Penflex ch\u00ednh h\u00e3ng, \u0111\u1ea1t Ti\u00eau Chu\u1ea9n Ch\u1ea5t L\u01b0\u1ee3ng M\u1ef9. Qu\u00fd kh\u00e1ch c\u1eeda h\u00e0ng, nh\u00e0 m\u00e1y, doanh<\/p>\n","protected":false},"featured_media":2417,"comment_status":"closed","ping_status":"closed","template":"","meta":{"_acf_changed":false},"product_brand":[],"product_cat":[134],"product_tag":[138,140,142,136,139,141,137],"class_list":{"0":"post-2419","1":"product","2":"type-product","3":"status-publish","4":"has-post-thumbnail","6":"product_cat-ong-ruot-ga-inox","7":"product_tag-ong-ruot-ga-inox-boc-inox","8":"product_tag-ong-ruot-ga-inox-boc-inox-304","9":"product_tag-ong-ruot-ga-inox-ha-noi","10":"product_tag-ong-ruot-ga-inox-p3","11":"product_tag-ong-ruot-ga-loi-inox-321","12":"product_tag-ong-ruot-ga-loi-thep-boc-inox-304l","13":"product_tag-ong-ruot-ga-penflex","15":"first","16":"instock","17":"shipping-taxable","18":"product-type-simple"},"acf":[],"yoast_head":"<!-- This site is optimized with the Yoast SEO plugin v27.4 - https:\/\/yoast.com\/product\/yoast-seo-wordpress\/ -->\n<title>\u1ed0ng ru\u1ed9t g\u00e0 P3 l\u00f5i inox 321 b\u1ecdc v\u1ecf l\u01b0\u1edbi inox 304L Penflex ch\u00ednh h\u00e3ng - Phu Cuong Holding Corporation<\/title>\n<meta name=\"description\" content=\"H\u00e0 N\u1ed9i, Ph\u00fa C\u01b0\u1eddng Holding s\u1ea3n xu\u1ea5t, ph\u00e2n ph\u1ed1i \u1ed0ng ru\u1ed9t g\u00e0 P3 l\u00f5i inox 321 b\u1ecdc v\u1ecf l\u01b0\u1edbi inox 304L Penflex ch\u00ednh h\u00e3ng. Cam k\u1ebft gi\u00e1 R\u1ebb, ch\u1ea5t l\u01b0\u1ee3ng.\" \/>\n<meta name=\"robots\" content=\"index, follow, max-snippet:-1, max-image-preview:large, max-video-preview:-1\" \/>\n<link rel=\"canonical\" href=\"https:\/\/pc-holding.vn\/en\/san-pham\/ong-ruot-ga-p3-loi-inox-321-boc-vo-luoi-inox-304l-penflex-chinh-hang\/\" \/>\n<meta property=\"og:locale\" content=\"en_US\" \/>\n<meta property=\"og:type\" content=\"article\" \/>\n<meta property=\"og:title\" content=\"\u1ed0ng ru\u1ed9t g\u00e0 P3 l\u00f5i inox 321 b\u1ecdc v\u1ecf l\u01b0\u1edbi inox 304L Penflex ch\u00ednh h\u00e3ng - Phu Cuong Holding Corporation\" \/>\n<meta property=\"og:description\" content=\"H\u00e0 N\u1ed9i, Ph\u00fa C\u01b0\u1eddng Holding s\u1ea3n xu\u1ea5t, ph\u00e2n ph\u1ed1i \u1ed0ng ru\u1ed9t g\u00e0 P3 l\u00f5i inox 321 b\u1ecdc v\u1ecf l\u01b0\u1edbi inox 304L Penflex ch\u00ednh h\u00e3ng. Cam k\u1ebft gi\u00e1 R\u1ebb, ch\u1ea5t l\u01b0\u1ee3ng.\" \/>\n<meta property=\"og:url\" content=\"https:\/\/pc-holding.vn\/en\/san-pham\/ong-ruot-ga-p3-loi-inox-321-boc-vo-luoi-inox-304l-penflex-chinh-hang\/\" \/>\n<meta property=\"og:site_name\" content=\"Phu Cuong Holding Corporation\" \/>\n<meta property=\"article:modified_time\" content=\"2022-05-17T07:12:11+00:00\" \/>\n<meta property=\"og:image\" content=\"https:\/\/www.pc-holding.vn\/wp-content\/uploads\/2022\/05\/Ong-khop-noi-mem-flexible-metal-hose-scaled.jpg\" \/>\n\t<meta property=\"og:image:width\" content=\"2560\" \/>\n\t<meta property=\"og:image:height\" content=\"1707\" \/>\n\t<meta property=\"og:image:type\" content=\"image\/jpeg\" \/>\n<meta name=\"twitter:card\" content=\"summary_large_image\" \/>\n<meta name=\"twitter:label1\" content=\"Est. reading time\" \/>\n\t<meta name=\"twitter:data1\" content=\"3 minutes\" \/>\n<script type=\"application\/ld+json\" class=\"yoast-schema-graph\">{\"@context\":\"https:\\\/\\\/schema.org\",\"@graph\":[{\"@type\":\"WebPage\",\"@id\":\"https:\\\/\\\/pc-holding.vn\\\/en\\\/san-pham\\\/ong-ruot-ga-p3-loi-inox-321-boc-vo-luoi-inox-304l-penflex-chinh-hang\\\/\",\"url\":\"https:\\\/\\\/pc-holding.vn\\\/en\\\/san-pham\\\/ong-ruot-ga-p3-loi-inox-321-boc-vo-luoi-inox-304l-penflex-chinh-hang\\\/\",\"name\":\"\u1ed0ng ru\u1ed9t g\u00e0 P3 l\u00f5i inox 321 b\u1ecdc v\u1ecf l\u01b0\u1edbi inox 304L Penflex ch\u00ednh h\u00e3ng - Phu Cuong Holding Corporation\",\"isPartOf\":{\"@id\":\"https:\\\/\\\/pc-holding.vn\\\/en\\\/#website\"},\"primaryImageOfPage\":{\"@id\":\"https:\\\/\\\/pc-holding.vn\\\/en\\\/san-pham\\\/ong-ruot-ga-p3-loi-inox-321-boc-vo-luoi-inox-304l-penflex-chinh-hang\\\/#primaryimage\"},\"image\":{\"@id\":\"https:\\\/\\\/pc-holding.vn\\\/en\\\/san-pham\\\/ong-ruot-ga-p3-loi-inox-321-boc-vo-luoi-inox-304l-penflex-chinh-hang\\\/#primaryimage\"},\"thumbnailUrl\":\"https:\\\/\\\/pc-holding.vn\\\/wp-content\\\/uploads\\\/2022\\\/05\\\/Ong-khop-noi-mem-flexible-metal-hose-scaled.jpg\",\"datePublished\":\"2022-05-17T07:05:52+00:00\",\"dateModified\":\"2022-05-17T07:12:11+00:00\",\"description\":\"H\u00e0 N\u1ed9i, Ph\u00fa C\u01b0\u1eddng Holding s\u1ea3n xu\u1ea5t, ph\u00e2n ph\u1ed1i \u1ed0ng ru\u1ed9t g\u00e0 P3 l\u00f5i inox 321 b\u1ecdc v\u1ecf l\u01b0\u1edbi inox 304L Penflex ch\u00ednh h\u00e3ng. Cam k\u1ebft gi\u00e1 R\u1ebb, ch\u1ea5t l\u01b0\u1ee3ng.\",\"breadcrumb\":{\"@id\":\"https:\\\/\\\/pc-holding.vn\\\/en\\\/san-pham\\\/ong-ruot-ga-p3-loi-inox-321-boc-vo-luoi-inox-304l-penflex-chinh-hang\\\/#breadcrumb\"},\"inLanguage\":\"en-US\",\"potentialAction\":[{\"@type\":\"ReadAction\",\"target\":[\"https:\\\/\\\/pc-holding.vn\\\/en\\\/san-pham\\\/ong-ruot-ga-p3-loi-inox-321-boc-vo-luoi-inox-304l-penflex-chinh-hang\\\/\"]}]},{\"@type\":\"ImageObject\",\"inLanguage\":\"en-US\",\"@id\":\"https:\\\/\\\/pc-holding.vn\\\/en\\\/san-pham\\\/ong-ruot-ga-p3-loi-inox-321-boc-vo-luoi-inox-304l-penflex-chinh-hang\\\/#primaryimage\",\"url\":\"https:\\\/\\\/pc-holding.vn\\\/wp-content\\\/uploads\\\/2022\\\/05\\\/Ong-khop-noi-mem-flexible-metal-hose-scaled.jpg\",\"contentUrl\":\"https:\\\/\\\/pc-holding.vn\\\/wp-content\\\/uploads\\\/2022\\\/05\\\/Ong-khop-noi-mem-flexible-metal-hose-scaled.jpg\",\"width\":2560,\"height\":1707},{\"@type\":\"BreadcrumbList\",\"@id\":\"https:\\\/\\\/pc-holding.vn\\\/en\\\/san-pham\\\/ong-ruot-ga-p3-loi-inox-321-boc-vo-luoi-inox-304l-penflex-chinh-hang\\\/#breadcrumb\",\"itemListElement\":[{\"@type\":\"ListItem\",\"position\":1,\"name\":\"Trang ch\u1ee7\",\"item\":\"https:\\\/\\\/www.pc-holding.vn\\\/en\\\/\"},{\"@type\":\"ListItem\",\"position\":2,\"name\":\"Product\",\"item\":\"https:\\\/\\\/pc-holding.vn\\\/en\\\/product\\\/\"},{\"@type\":\"ListItem\",\"position\":3,\"name\":\"\u1ed0ng ru\u1ed9t g\u00e0 P3 l\u00f5i inox 321 b\u1ecdc v\u1ecf l\u01b0\u1edbi inox 304L Penflex ch\u00ednh h\u00e3ng\"}]},{\"@type\":\"WebSite\",\"@id\":\"https:\\\/\\\/pc-holding.vn\\\/en\\\/#website\",\"url\":\"https:\\\/\\\/pc-holding.vn\\\/en\\\/\",\"name\":\"Phu Cuong Holding Corporation\",\"description\":\"\",\"potentialAction\":[{\"@type\":\"SearchAction\",\"target\":{\"@type\":\"EntryPoint\",\"urlTemplate\":\"https:\\\/\\\/pc-holding.vn\\\/en\\\/?s={search_term_string}\"},\"query-input\":{\"@type\":\"PropertyValueSpecification\",\"valueRequired\":true,\"valueName\":\"search_term_string\"}}],\"inLanguage\":\"en-US\"}]}<\/script>\n<!-- \/ Yoast SEO plugin. -->","yoast_head_json":{"title":"\u1ed0ng ru\u1ed9t g\u00e0 P3 l\u00f5i inox 321 b\u1ecdc v\u1ecf l\u01b0\u1edbi inox 304L Penflex ch\u00ednh h\u00e3ng - Phu Cuong Holding Corporation","description":"H\u00e0 N\u1ed9i, Ph\u00fa C\u01b0\u1eddng Holding s\u1ea3n xu\u1ea5t, ph\u00e2n ph\u1ed1i \u1ed0ng ru\u1ed9t g\u00e0 P3 l\u00f5i inox 321 b\u1ecdc v\u1ecf l\u01b0\u1edbi inox 304L Penflex ch\u00ednh h\u00e3ng. Cam k\u1ebft gi\u00e1 R\u1ebb, ch\u1ea5t l\u01b0\u1ee3ng.","robots":{"index":"index","follow":"follow","max-snippet":"max-snippet:-1","max-image-preview":"max-image-preview:large","max-video-preview":"max-video-preview:-1"},"canonical":"https:\/\/pc-holding.vn\/en\/san-pham\/ong-ruot-ga-p3-loi-inox-321-boc-vo-luoi-inox-304l-penflex-chinh-hang\/","og_locale":"en_US","og_type":"article","og_title":"\u1ed0ng ru\u1ed9t g\u00e0 P3 l\u00f5i inox 321 b\u1ecdc v\u1ecf l\u01b0\u1edbi inox 304L Penflex ch\u00ednh h\u00e3ng - Phu Cuong Holding Corporation","og_description":"H\u00e0 N\u1ed9i, Ph\u00fa C\u01b0\u1eddng Holding s\u1ea3n xu\u1ea5t, ph\u00e2n ph\u1ed1i \u1ed0ng ru\u1ed9t g\u00e0 P3 l\u00f5i inox 321 b\u1ecdc v\u1ecf l\u01b0\u1edbi inox 304L Penflex ch\u00ednh h\u00e3ng. Cam k\u1ebft gi\u00e1 R\u1ebb, ch\u1ea5t l\u01b0\u1ee3ng.","og_url":"https:\/\/pc-holding.vn\/en\/san-pham\/ong-ruot-ga-p3-loi-inox-321-boc-vo-luoi-inox-304l-penflex-chinh-hang\/","og_site_name":"Phu Cuong Holding Corporation","article_modified_time":"2022-05-17T07:12:11+00:00","og_image":[{"width":2560,"height":1707,"url":"https:\/\/www.pc-holding.vn\/wp-content\/uploads\/2022\/05\/Ong-khop-noi-mem-flexible-metal-hose-scaled.jpg","type":"image\/jpeg"}],"twitter_card":"summary_large_image","twitter_misc":{"Est. reading time":"3 minutes"},"schema":{"@context":"https:\/\/schema.org","@graph":[{"@type":"WebPage","@id":"https:\/\/pc-holding.vn\/en\/san-pham\/ong-ruot-ga-p3-loi-inox-321-boc-vo-luoi-inox-304l-penflex-chinh-hang\/","url":"https:\/\/pc-holding.vn\/en\/san-pham\/ong-ruot-ga-p3-loi-inox-321-boc-vo-luoi-inox-304l-penflex-chinh-hang\/","name":"\u1ed0ng ru\u1ed9t g\u00e0 P3 l\u00f5i inox 321 b\u1ecdc v\u1ecf l\u01b0\u1edbi inox 304L Penflex ch\u00ednh h\u00e3ng - Phu Cuong Holding Corporation","isPartOf":{"@id":"https:\/\/pc-holding.vn\/en\/#website"},"primaryImageOfPage":{"@id":"https:\/\/pc-holding.vn\/en\/san-pham\/ong-ruot-ga-p3-loi-inox-321-boc-vo-luoi-inox-304l-penflex-chinh-hang\/#primaryimage"},"image":{"@id":"https:\/\/pc-holding.vn\/en\/san-pham\/ong-ruot-ga-p3-loi-inox-321-boc-vo-luoi-inox-304l-penflex-chinh-hang\/#primaryimage"},"thumbnailUrl":"https:\/\/pc-holding.vn\/wp-content\/uploads\/2022\/05\/Ong-khop-noi-mem-flexible-metal-hose-scaled.jpg","datePublished":"2022-05-17T07:05:52+00:00","dateModified":"2022-05-17T07:12:11+00:00","description":"H\u00e0 N\u1ed9i, Ph\u00fa C\u01b0\u1eddng Holding s\u1ea3n xu\u1ea5t, ph\u00e2n ph\u1ed1i \u1ed0ng ru\u1ed9t g\u00e0 P3 l\u00f5i inox 321 b\u1ecdc v\u1ecf l\u01b0\u1edbi inox 304L Penflex ch\u00ednh h\u00e3ng. Cam k\u1ebft gi\u00e1 R\u1ebb, ch\u1ea5t l\u01b0\u1ee3ng.","breadcrumb":{"@id":"https:\/\/pc-holding.vn\/en\/san-pham\/ong-ruot-ga-p3-loi-inox-321-boc-vo-luoi-inox-304l-penflex-chinh-hang\/#breadcrumb"},"inLanguage":"en-US","potentialAction":[{"@type":"ReadAction","target":["https:\/\/pc-holding.vn\/en\/san-pham\/ong-ruot-ga-p3-loi-inox-321-boc-vo-luoi-inox-304l-penflex-chinh-hang\/"]}]},{"@type":"ImageObject","inLanguage":"en-US","@id":"https:\/\/pc-holding.vn\/en\/san-pham\/ong-ruot-ga-p3-loi-inox-321-boc-vo-luoi-inox-304l-penflex-chinh-hang\/#primaryimage","url":"https:\/\/pc-holding.vn\/wp-content\/uploads\/2022\/05\/Ong-khop-noi-mem-flexible-metal-hose-scaled.jpg","contentUrl":"https:\/\/pc-holding.vn\/wp-content\/uploads\/2022\/05\/Ong-khop-noi-mem-flexible-metal-hose-scaled.jpg","width":2560,"height":1707},{"@type":"BreadcrumbList","@id":"https:\/\/pc-holding.vn\/en\/san-pham\/ong-ruot-ga-p3-loi-inox-321-boc-vo-luoi-inox-304l-penflex-chinh-hang\/#breadcrumb","itemListElement":[{"@type":"ListItem","position":1,"name":"Trang ch\u1ee7","item":"https:\/\/www.pc-holding.vn\/en\/"},{"@type":"ListItem","position":2,"name":"Product","item":"https:\/\/pc-holding.vn\/en\/product\/"},{"@type":"ListItem","position":3,"name":"\u1ed0ng ru\u1ed9t g\u00e0 P3 l\u00f5i inox 321 b\u1ecdc v\u1ecf l\u01b0\u1edbi inox 304L Penflex ch\u00ednh h\u00e3ng"}]},{"@type":"WebSite","@id":"https:\/\/pc-holding.vn\/en\/#website","url":"https:\/\/pc-holding.vn\/en\/","name":"Phu Cuong Holding Corporation","description":"","potentialAction":[{"@type":"SearchAction","target":{"@type":"EntryPoint","urlTemplate":"https:\/\/pc-holding.vn\/en\/?s={search_term_string}"},"query-input":{"@type":"PropertyValueSpecification","valueRequired":true,"valueName":"search_term_string"}}],"inLanguage":"en-US"}]}},"_links":{"self":[{"href":"https:\/\/pc-holding.vn\/en\/wp-json\/wp\/v2\/product\/2419","targetHints":{"allow":["GET"]}}],"collection":[{"href":"https:\/\/pc-holding.vn\/en\/wp-json\/wp\/v2\/product"}],"about":[{"href":"https:\/\/pc-holding.vn\/en\/wp-json\/wp\/v2\/types\/product"}],"replies":[{"embeddable":true,"href":"https:\/\/pc-holding.vn\/en\/wp-json\/wp\/v2\/comments?post=2419"}],"wp:featuredmedia":[{"embeddable":true,"href":"https:\/\/pc-holding.vn\/en\/wp-json\/wp\/v2\/media\/2417"}],"wp:attachment":[{"href":"https:\/\/pc-holding.vn\/en\/wp-json\/wp\/v2\/media?parent=2419"}],"wp:term":[{"taxonomy":"product_brand","embeddable":true,"href":"https:\/\/pc-holding.vn\/en\/wp-json\/wp\/v2\/product_brand?post=2419"},{"taxonomy":"product_cat","embeddable":true,"href":"https:\/\/pc-holding.vn\/en\/wp-json\/wp\/v2\/product_cat?post=2419"},{"taxonomy":"product_tag","embeddable":true,"href":"https:\/\/pc-holding.vn\/en\/wp-json\/wp\/v2\/product_tag?post=2419"}],"curies":[{"name":"wp","href":"https:\/\/api.w.org\/{rel}","templated":true}]}}