{"id":2420,"date":"2022-05-17T14:20:53","date_gmt":"2022-05-17T07:20:53","guid":{"rendered":"https:\/\/pc-holding.vn\/?post_type=product&#038;p=2420"},"modified":"2022-05-17T14:20:54","modified_gmt":"2022-05-17T07:20:54","slug":"ong-ruot-ga-inox-boc-inox-han-san-dau-camlock-thep","status":"publish","type":"product","link":"https:\/\/pc-holding.vn\/en\/san-pham\/ong-ruot-ga-inox-boc-inox-han-san-dau-camlock-thep\/","title":{"rendered":"\u1ed0ng ru\u1ed9t g\u00e0 inox b\u1ecdc inox h\u00e0n s\u1eb5n \u0111\u1ea7u Camlock th\u00e9p"},"content":{"rendered":"<div>\n<div dir=\"auto\">Ph\u00fa C\u01b0\u1eddng Holding ph\u00e2n ph\u1ed1i, cung c\u1ea5p nhi\u1ec1u size \u1ed0ng ru\u1ed9t g\u00e0 l\u00f5i inox b\u1ecdc l\u01b0\u1edbi inox h\u00e0n s\u1eb5n \u0111\u1ea7u Camlock th\u00e9p theo y\u00eau c\u1ea7u kh\u00e1ch h\u00e0ng d\u00f9ng cho d\u1eabn kh\u00ed, n\u01b0\u1edbc n\u00f3ng, n\u01b0\u1edbc l\u00e0m m\u00e1t<\/div>\n<\/div>\n<div>\n<div dir=\"auto\"><\/div>\n<div dir=\"auto\">+ Nh\u00e2n vi\u00ean PC-Holding test \u00e1p t\u1eebng s\u1ee3i \u1ed1ng m\u1ed9t \u0111\u1ec3 \u0111\u1ea3m b\u1ea3o ch\u1ea5t l\u01b0\u1ee3ng \u0111\u1ea1t ti\u00eau chu\u1ea9n m\u1edbi xu\u1ea5t x\u01b0\u1edfng giao kh\u00e1ch<\/div>\n<\/div>\n<div>\n<div dir=\"auto\"><\/div>\n<div dir=\"auto\">&#8211; \u0110\u1ee7 k\u00edch c\u1ee1 (inch): 1\/4&#8243;, 3\/8&#8243;, 1\/2&#8243;, 3\/4&#8243;, 1&#8243;, 1.1\/4&#8243;, 1.1\/2&#8243;, 2&#8243;<\/div>\n<div dir=\"auto\">&#8211; L\u00f5i b\u00ean trong l\u00e0 th\u00e9p kh\u00f4ng g\u1ec9 (inox) 321<\/div>\n<div dir=\"auto\">&#8211; B\u1ecdc b\u00ean ngo\u00e0i l\u1edbp v\u1ecf th\u00e9p kh\u00f4ng g\u1ec9 (inox) 304<\/div>\n<div dir=\"auto\">&#8211; \u1ed0ng c\u00f3 \u0111\u1ed9 linh ho\u1ea1t, \u0111\u1ed9 b\u1ebb cong t\u1ed1t k\u1ebft h\u1ee3p v\u1ecf b\u1ec7n ngo\u00e0i ch\u1ed1ng \u0103n m\u00f2n b\u1ec1n b\u1ec9<\/div>\n<div dir=\"auto\">&#8211; Ch\u1ecbu \u0103n m\u00f2n, ch\u1ecbu \u00e1p cao, ch\u1ecbu nhi\u1ec7t t\u1ed1t, ph\u00f9 h\u1ee3p l\u1eafp \u0111\u1eb7t trong c\u00e1c nh\u00e0 m\u00e1y, khu v\u1ef1c m\u00f4i tr\u01b0\u1eddng nhi\u1ec7t \u0111\u1ed9 kh\u00f4ng \u1ed5n \u0111\u1ecbnh, \u00e1p l\u1ef1c cao<\/div>\n<div dir=\"auto\">&#8211; C\u00f2n \u0111\u01b0\u1ee3c g\u1ecdi l\u00e0 \u1ed0ng kim lo\u1ea1i kh\u1edbp n\u1ed1i m\u1ec1m d\u1ebbo, linh ho\u1ea1t<\/div>\n<\/div>\n<div>\n<div dir=\"auto\"><\/div>\n<div dir=\"auto\">+ Qu\u00fd kh\u00e1ch c\u00f3 nhu c\u1ea7u mua ho\u1eb7c gia c\u00f4ng \u1ed0ng ru\u1ed9t g\u00e0 inox b\u1ecdc l\u01b0\u1edbi ch\u1ea5t l\u01b0\u1ee3ng th\u00ec H\u00c3Y li\u00ean h\u1ec7 ngay v\u1edbi Ph\u00fa C\u01b0\u1eddng Holding \u0111\u1ec3 c\u00f3 gi\u00e1 r\u1ea5t C\u1ea1nh Tranh t\u1ea1i H\u00e0 \u0110\u00f4ng, H\u00e0 N\u1ed9i ho\u1eb7c H\u00f2a B\u00ecnh nh\u00e9!<\/div>\n<\/div>\n<div>\n<div dir=\"auto\"><\/div>\n<div dir=\"auto\">&#8211; Cam k\u1ebft #Ch\u00ednh_H\u00e3ng &#8211; Ch\u1ea5t L\u01b0\u1ee3ng &#8211; C\u00f3 S\u1eb5n &#8211; Giao Nhanh &#8211; Gi\u00e1 R\u1eba<\/div>\n<\/div>\n<div>\n<div dir=\"auto\"><\/div>\n<div dir=\"auto\">+ Qu\u00fd kh\u00e1ch h\u00e3y li\u00ean h\u1ec7 PCH \u0111\u1ec3 \u0111\u01b0\u1ee3c T\u01b0 V\u1ea5n Nhi\u1ec7t T\u00ecnh v\u00e0 B\u00e1o Gi\u00e1 T\u1ed1t:<\/div>\n<div dir=\"auto\">&#8211; Email: info@pc-holding.vn<\/div>\n<div dir=\"auto\">&#8211; Th\u00f4ng tin li\u00ean h\u1ec7 chi ti\u1ebft t\u1ea1i: <a tabindex=\"0\" role=\"link\" href=\"https:\/\/pc-holding.vn\/lien-he\/?fbclid=IwAR0PZme9md_juHQIra1QgydKaW-ONEu7V8-wQ3f2ByOuveCuJxOx6Z-QO6w\" target=\"_blank\" rel=\"nofollow noopener\">https:\/\/pc-holding.vn\/lien-he\/<\/a><\/div>\n<\/div>\n","protected":false},"excerpt":{"rendered":"<p>Ph\u00fa C\u01b0\u1eddng Holding ph\u00e2n ph\u1ed1i, cung c\u1ea5p nhi\u1ec1u size \u1ed0ng ru\u1ed9t g\u00e0 l\u00f5i inox b\u1ecdc l\u01b0\u1edbi inox h\u00e0n s\u1eb5n \u0111\u1ea7u Camlock th\u00e9p theo y\u00eau c\u1ea7u kh\u00e1ch h\u00e0ng d\u00f9ng cho d\u1eabn kh\u00ed, n\u01b0\u1edbc n\u00f3ng, n\u01b0\u1edbc l\u00e0m m\u00e1t + Nh\u00e2n vi\u00ean PC-Holding test \u00e1p t\u1eebng s\u1ee3i \u1ed1ng m\u1ed9t \u0111\u1ec3 \u0111\u1ea3m b\u1ea3o ch\u1ea5t l\u01b0\u1ee3ng \u0111\u1ea1t ti\u00eau chu\u1ea9n m\u1edbi<\/p>\n","protected":false},"featured_media":2421,"comment_status":"closed","ping_status":"closed","template":"","meta":{"_acf_changed":false},"product_brand":[],"product_cat":[134],"product_tag":[145,144,138,142,143],"class_list":{"0":"post-2420","1":"product","2":"type-product","3":"status-publish","4":"has-post-thumbnail","6":"product_cat-ong-ruot-ga-inox","7":"product_tag-ong-inox-han-dau-camlock","8":"product_tag-ong-mem-inox-han-dau-camlock","9":"product_tag-ong-ruot-ga-inox-boc-inox","10":"product_tag-ong-ruot-ga-inox-ha-noi","11":"product_tag-ong-ruot-ga-inox-han-dau-camlock","13":"first","14":"instock","15":"shipping-taxable","16":"product-type-simple"},"acf":[],"yoast_head":"<!-- This site is optimized with the Yoast SEO plugin v27.4 - https:\/\/yoast.com\/product\/yoast-seo-wordpress\/ -->\n<title>\u1ed0ng ru\u1ed9t g\u00e0 inox b\u1ecdc inox h\u00e0n s\u1eb5n \u0111\u1ea7u Camlock th\u00e9p - Phu Cuong Holding Corporation<\/title>\n<meta name=\"robots\" content=\"index, follow, max-snippet:-1, max-image-preview:large, max-video-preview:-1\" \/>\n<link rel=\"canonical\" href=\"https:\/\/pc-holding.vn\/en\/san-pham\/ong-ruot-ga-inox-boc-inox-han-san-dau-camlock-thep\/\" \/>\n<meta property=\"og:locale\" content=\"en_US\" \/>\n<meta property=\"og:type\" content=\"article\" \/>\n<meta property=\"og:title\" content=\"\u1ed0ng ru\u1ed9t g\u00e0 inox b\u1ecdc inox h\u00e0n s\u1eb5n \u0111\u1ea7u Camlock th\u00e9p - Phu Cuong Holding Corporation\" \/>\n<meta property=\"og:description\" content=\"Ph\u00fa C\u01b0\u1eddng Holding ph\u00e2n ph\u1ed1i, cung c\u1ea5p nhi\u1ec1u size \u1ed0ng ru\u1ed9t g\u00e0 l\u00f5i inox b\u1ecdc l\u01b0\u1edbi inox h\u00e0n s\u1eb5n \u0111\u1ea7u Camlock th\u00e9p theo y\u00eau c\u1ea7u kh\u00e1ch h\u00e0ng d\u00f9ng cho d\u1eabn kh\u00ed, n\u01b0\u1edbc n\u00f3ng, n\u01b0\u1edbc l\u00e0m m\u00e1t + Nh\u00e2n vi\u00ean PC-Holding test \u00e1p t\u1eebng s\u1ee3i \u1ed1ng m\u1ed9t \u0111\u1ec3 \u0111\u1ea3m b\u1ea3o ch\u1ea5t l\u01b0\u1ee3ng \u0111\u1ea1t ti\u00eau chu\u1ea9n m\u1edbi\" \/>\n<meta property=\"og:url\" content=\"https:\/\/pc-holding.vn\/en\/san-pham\/ong-ruot-ga-inox-boc-inox-han-san-dau-camlock-thep\/\" \/>\n<meta property=\"og:site_name\" content=\"Phu Cuong Holding Corporation\" \/>\n<meta property=\"article:modified_time\" content=\"2022-05-17T07:20:54+00:00\" \/>\n<meta property=\"og:image\" content=\"https:\/\/www.pc-holding.vn\/wp-content\/uploads\/2022\/05\/Ong-ruot-ga-loi-inox-boc-luoi-inox-han-dau-Camlock-scaled.jpg\" \/>\n\t<meta property=\"og:image:width\" content=\"2560\" \/>\n\t<meta property=\"og:image:height\" content=\"1920\" \/>\n\t<meta property=\"og:image:type\" content=\"image\/jpeg\" \/>\n<meta name=\"twitter:card\" content=\"summary_large_image\" \/>\n<meta name=\"twitter:label1\" content=\"Est. reading time\" \/>\n\t<meta name=\"twitter:data1\" content=\"2 minutes\" \/>\n<script type=\"application\/ld+json\" class=\"yoast-schema-graph\">{\"@context\":\"https:\\\/\\\/schema.org\",\"@graph\":[{\"@type\":\"WebPage\",\"@id\":\"https:\\\/\\\/pc-holding.vn\\\/en\\\/san-pham\\\/ong-ruot-ga-inox-boc-inox-han-san-dau-camlock-thep\\\/\",\"url\":\"https:\\\/\\\/pc-holding.vn\\\/en\\\/san-pham\\\/ong-ruot-ga-inox-boc-inox-han-san-dau-camlock-thep\\\/\",\"name\":\"\u1ed0ng ru\u1ed9t g\u00e0 inox b\u1ecdc inox h\u00e0n s\u1eb5n \u0111\u1ea7u Camlock th\u00e9p - Phu Cuong Holding Corporation\",\"isPartOf\":{\"@id\":\"https:\\\/\\\/pc-holding.vn\\\/en\\\/#website\"},\"primaryImageOfPage\":{\"@id\":\"https:\\\/\\\/pc-holding.vn\\\/en\\\/san-pham\\\/ong-ruot-ga-inox-boc-inox-han-san-dau-camlock-thep\\\/#primaryimage\"},\"image\":{\"@id\":\"https:\\\/\\\/pc-holding.vn\\\/en\\\/san-pham\\\/ong-ruot-ga-inox-boc-inox-han-san-dau-camlock-thep\\\/#primaryimage\"},\"thumbnailUrl\":\"https:\\\/\\\/pc-holding.vn\\\/wp-content\\\/uploads\\\/2022\\\/05\\\/Ong-ruot-ga-loi-inox-boc-luoi-inox-han-dau-Camlock-scaled.jpg\",\"datePublished\":\"2022-05-17T07:20:53+00:00\",\"dateModified\":\"2022-05-17T07:20:54+00:00\",\"breadcrumb\":{\"@id\":\"https:\\\/\\\/pc-holding.vn\\\/en\\\/san-pham\\\/ong-ruot-ga-inox-boc-inox-han-san-dau-camlock-thep\\\/#breadcrumb\"},\"inLanguage\":\"en-US\",\"potentialAction\":[{\"@type\":\"ReadAction\",\"target\":[\"https:\\\/\\\/pc-holding.vn\\\/en\\\/san-pham\\\/ong-ruot-ga-inox-boc-inox-han-san-dau-camlock-thep\\\/\"]}]},{\"@type\":\"ImageObject\",\"inLanguage\":\"en-US\",\"@id\":\"https:\\\/\\\/pc-holding.vn\\\/en\\\/san-pham\\\/ong-ruot-ga-inox-boc-inox-han-san-dau-camlock-thep\\\/#primaryimage\",\"url\":\"https:\\\/\\\/pc-holding.vn\\\/wp-content\\\/uploads\\\/2022\\\/05\\\/Ong-ruot-ga-loi-inox-boc-luoi-inox-han-dau-Camlock-scaled.jpg\",\"contentUrl\":\"https:\\\/\\\/pc-holding.vn\\\/wp-content\\\/uploads\\\/2022\\\/05\\\/Ong-ruot-ga-loi-inox-boc-luoi-inox-han-dau-Camlock-scaled.jpg\",\"width\":2560,\"height\":1920},{\"@type\":\"BreadcrumbList\",\"@id\":\"https:\\\/\\\/pc-holding.vn\\\/en\\\/san-pham\\\/ong-ruot-ga-inox-boc-inox-han-san-dau-camlock-thep\\\/#breadcrumb\",\"itemListElement\":[{\"@type\":\"ListItem\",\"position\":1,\"name\":\"Trang ch\u1ee7\",\"item\":\"https:\\\/\\\/www.pc-holding.vn\\\/en\\\/\"},{\"@type\":\"ListItem\",\"position\":2,\"name\":\"Product\",\"item\":\"https:\\\/\\\/pc-holding.vn\\\/en\\\/product\\\/\"},{\"@type\":\"ListItem\",\"position\":3,\"name\":\"\u1ed0ng ru\u1ed9t g\u00e0 inox b\u1ecdc inox h\u00e0n s\u1eb5n \u0111\u1ea7u Camlock th\u00e9p\"}]},{\"@type\":\"WebSite\",\"@id\":\"https:\\\/\\\/pc-holding.vn\\\/en\\\/#website\",\"url\":\"https:\\\/\\\/pc-holding.vn\\\/en\\\/\",\"name\":\"Phu Cuong Holding Corporation\",\"description\":\"\",\"potentialAction\":[{\"@type\":\"SearchAction\",\"target\":{\"@type\":\"EntryPoint\",\"urlTemplate\":\"https:\\\/\\\/pc-holding.vn\\\/en\\\/?s={search_term_string}\"},\"query-input\":{\"@type\":\"PropertyValueSpecification\",\"valueRequired\":true,\"valueName\":\"search_term_string\"}}],\"inLanguage\":\"en-US\"}]}<\/script>\n<!-- \/ Yoast SEO plugin. -->","yoast_head_json":{"title":"\u1ed0ng ru\u1ed9t g\u00e0 inox b\u1ecdc inox h\u00e0n s\u1eb5n \u0111\u1ea7u Camlock th\u00e9p - Phu Cuong Holding Corporation","robots":{"index":"index","follow":"follow","max-snippet":"max-snippet:-1","max-image-preview":"max-image-preview:large","max-video-preview":"max-video-preview:-1"},"canonical":"https:\/\/pc-holding.vn\/en\/san-pham\/ong-ruot-ga-inox-boc-inox-han-san-dau-camlock-thep\/","og_locale":"en_US","og_type":"article","og_title":"\u1ed0ng ru\u1ed9t g\u00e0 inox b\u1ecdc inox h\u00e0n s\u1eb5n \u0111\u1ea7u Camlock th\u00e9p - Phu Cuong Holding Corporation","og_description":"Ph\u00fa C\u01b0\u1eddng Holding ph\u00e2n ph\u1ed1i, cung c\u1ea5p nhi\u1ec1u size \u1ed0ng ru\u1ed9t g\u00e0 l\u00f5i inox b\u1ecdc l\u01b0\u1edbi inox h\u00e0n s\u1eb5n \u0111\u1ea7u Camlock th\u00e9p theo y\u00eau c\u1ea7u kh\u00e1ch h\u00e0ng d\u00f9ng cho d\u1eabn kh\u00ed, n\u01b0\u1edbc n\u00f3ng, n\u01b0\u1edbc l\u00e0m m\u00e1t + Nh\u00e2n vi\u00ean PC-Holding test \u00e1p t\u1eebng s\u1ee3i \u1ed1ng m\u1ed9t \u0111\u1ec3 \u0111\u1ea3m b\u1ea3o ch\u1ea5t l\u01b0\u1ee3ng \u0111\u1ea1t ti\u00eau chu\u1ea9n m\u1edbi","og_url":"https:\/\/pc-holding.vn\/en\/san-pham\/ong-ruot-ga-inox-boc-inox-han-san-dau-camlock-thep\/","og_site_name":"Phu Cuong Holding Corporation","article_modified_time":"2022-05-17T07:20:54+00:00","og_image":[{"width":2560,"height":1920,"url":"https:\/\/www.pc-holding.vn\/wp-content\/uploads\/2022\/05\/Ong-ruot-ga-loi-inox-boc-luoi-inox-han-dau-Camlock-scaled.jpg","type":"image\/jpeg"}],"twitter_card":"summary_large_image","twitter_misc":{"Est. reading time":"2 minutes"},"schema":{"@context":"https:\/\/schema.org","@graph":[{"@type":"WebPage","@id":"https:\/\/pc-holding.vn\/en\/san-pham\/ong-ruot-ga-inox-boc-inox-han-san-dau-camlock-thep\/","url":"https:\/\/pc-holding.vn\/en\/san-pham\/ong-ruot-ga-inox-boc-inox-han-san-dau-camlock-thep\/","name":"\u1ed0ng ru\u1ed9t g\u00e0 inox b\u1ecdc inox h\u00e0n s\u1eb5n \u0111\u1ea7u Camlock th\u00e9p - Phu Cuong Holding Corporation","isPartOf":{"@id":"https:\/\/pc-holding.vn\/en\/#website"},"primaryImageOfPage":{"@id":"https:\/\/pc-holding.vn\/en\/san-pham\/ong-ruot-ga-inox-boc-inox-han-san-dau-camlock-thep\/#primaryimage"},"image":{"@id":"https:\/\/pc-holding.vn\/en\/san-pham\/ong-ruot-ga-inox-boc-inox-han-san-dau-camlock-thep\/#primaryimage"},"thumbnailUrl":"https:\/\/pc-holding.vn\/wp-content\/uploads\/2022\/05\/Ong-ruot-ga-loi-inox-boc-luoi-inox-han-dau-Camlock-scaled.jpg","datePublished":"2022-05-17T07:20:53+00:00","dateModified":"2022-05-17T07:20:54+00:00","breadcrumb":{"@id":"https:\/\/pc-holding.vn\/en\/san-pham\/ong-ruot-ga-inox-boc-inox-han-san-dau-camlock-thep\/#breadcrumb"},"inLanguage":"en-US","potentialAction":[{"@type":"ReadAction","target":["https:\/\/pc-holding.vn\/en\/san-pham\/ong-ruot-ga-inox-boc-inox-han-san-dau-camlock-thep\/"]}]},{"@type":"ImageObject","inLanguage":"en-US","@id":"https:\/\/pc-holding.vn\/en\/san-pham\/ong-ruot-ga-inox-boc-inox-han-san-dau-camlock-thep\/#primaryimage","url":"https:\/\/pc-holding.vn\/wp-content\/uploads\/2022\/05\/Ong-ruot-ga-loi-inox-boc-luoi-inox-han-dau-Camlock-scaled.jpg","contentUrl":"https:\/\/pc-holding.vn\/wp-content\/uploads\/2022\/05\/Ong-ruot-ga-loi-inox-boc-luoi-inox-han-dau-Camlock-scaled.jpg","width":2560,"height":1920},{"@type":"BreadcrumbList","@id":"https:\/\/pc-holding.vn\/en\/san-pham\/ong-ruot-ga-inox-boc-inox-han-san-dau-camlock-thep\/#breadcrumb","itemListElement":[{"@type":"ListItem","position":1,"name":"Trang ch\u1ee7","item":"https:\/\/www.pc-holding.vn\/en\/"},{"@type":"ListItem","position":2,"name":"Product","item":"https:\/\/pc-holding.vn\/en\/product\/"},{"@type":"ListItem","position":3,"name":"\u1ed0ng ru\u1ed9t g\u00e0 inox b\u1ecdc inox h\u00e0n s\u1eb5n \u0111\u1ea7u Camlock th\u00e9p"}]},{"@type":"WebSite","@id":"https:\/\/pc-holding.vn\/en\/#website","url":"https:\/\/pc-holding.vn\/en\/","name":"Phu Cuong Holding Corporation","description":"","potentialAction":[{"@type":"SearchAction","target":{"@type":"EntryPoint","urlTemplate":"https:\/\/pc-holding.vn\/en\/?s={search_term_string}"},"query-input":{"@type":"PropertyValueSpecification","valueRequired":true,"valueName":"search_term_string"}}],"inLanguage":"en-US"}]}},"_links":{"self":[{"href":"https:\/\/pc-holding.vn\/en\/wp-json\/wp\/v2\/product\/2420","targetHints":{"allow":["GET"]}}],"collection":[{"href":"https:\/\/pc-holding.vn\/en\/wp-json\/wp\/v2\/product"}],"about":[{"href":"https:\/\/pc-holding.vn\/en\/wp-json\/wp\/v2\/types\/product"}],"replies":[{"embeddable":true,"href":"https:\/\/pc-holding.vn\/en\/wp-json\/wp\/v2\/comments?post=2420"}],"wp:featuredmedia":[{"embeddable":true,"href":"https:\/\/pc-holding.vn\/en\/wp-json\/wp\/v2\/media\/2421"}],"wp:attachment":[{"href":"https:\/\/pc-holding.vn\/en\/wp-json\/wp\/v2\/media?parent=2420"}],"wp:term":[{"taxonomy":"product_brand","embeddable":true,"href":"https:\/\/pc-holding.vn\/en\/wp-json\/wp\/v2\/product_brand?post=2420"},{"taxonomy":"product_cat","embeddable":true,"href":"https:\/\/pc-holding.vn\/en\/wp-json\/wp\/v2\/product_cat?post=2420"},{"taxonomy":"product_tag","embeddable":true,"href":"https:\/\/pc-holding.vn\/en\/wp-json\/wp\/v2\/product_tag?post=2420"}],"curies":[{"name":"wp","href":"https:\/\/api.w.org\/{rel}","templated":true}]}}