{"id":2535,"date":"2022-07-29T14:42:56","date_gmt":"2022-07-29T07:42:56","guid":{"rendered":"https:\/\/pc-holding.vn\/?post_type=product&#038;p=2535"},"modified":"2022-08-02T15:30:16","modified_gmt":"2022-08-02T08:30:16","slug":"khop-noi-mem-inox-co-gian-nhiet","status":"publish","type":"product","link":"https:\/\/pc-holding.vn\/en\/san-pham\/khop-noi-mem-inox-co-gian-nhiet\/","title":{"rendered":"Kh\u1edbp n\u1ed1i m\u1ec1m inox co gi\u00e3n nhi\u1ec7t"},"content":{"rendered":"<div>\n<h2 dir=\"auto\"><strong>Kh\u1edbp n\u1ed1i m\u1ec1m inox DN150 (6&#8243;), DN200 (8&#8243;), DN250 (10&#8243;)<\/strong> \u0111\u01b0\u1ee3c gia c\u00f4ng h\u00e0n 2 \u0111\u1ea7u m\u1eb7t b\u00edch BS\/ANSI\/JIS\/DIN\/SAE&#8230; chu\u1ea9n x\u00e1c t\u1ea1i <strong><span style=\"color: #f99b1c;\">Ph\u00fa C\u01b0\u1eddng Holding<\/span><\/strong>. M\u1ed1i h\u00e0n k\u0129, \u0111\u1eb9p. Th\u00e0nh ph\u1ea9m \u0111\u01b0\u1ee3c ki\u1ec3m tra \u0111\u1ea1t ti\u00eau chu\u1ea9n tr\u01b0\u1edbc khi giao \u0111\u1ebfn \u0111\u1ec3 kh\u00e1ch h\u00e0ng s\u1eed d\u1ee5ng.<\/h2>\n<ul>\n<li dir=\"auto\"><span style=\"font-size: 105%;\">T\u00ean ti\u1ebfng Anh: Expansion Joint<\/span><\/li>\n<li dir=\"auto\"><span style=\"font-size: 105%;\">T\u00ean g\u1ecdi kh\u00e1c: Kh\u1edbp n\u1ed1i co gi\u00e3n nhi\u1ec7t, kh\u1edbp gi\u00e3n n\u1edf nhi\u1ec7t. N\u1ebfu size t\u1eeb DN25 tr\u1edf l\u1ea1i th\u00ec \u0111\u01b0\u1ee3c g\u1ecdi l\u00e0 \u1ed0ng m\u1ec1m inox, \u1ed1ng ru\u1ed9t g\u00e0 inox, \u1ed1ng m\u1ec1m kim lo\u1ea1i, \u1ed1ng lu\u1ed3ng d\u00e2y di\u1ec7n, &#8230;<\/span><\/li>\n<li>Ti\u00eau chu\u1ea9n b\u00edch: <strong>BS,<\/strong>\u00a0<strong>JIS,<\/strong> <strong>DIN, ANSI&#8230;<\/strong><\/li>\n<li>Ti\u00eau chu\u1ea9n n\u1ed1i ren: <strong>BSP, NPT, JIC, ORFS&#8230;<\/strong><\/li>\n<li dir=\"auto\">\u0110\u1ee7 size t\u1eeb nh\u1ecf, v\u1eeba, l\u1edbn, c\u1ef1c l\u1edbn: DN15 (1\/2&#8243;), DN20 (3\/4&#8243;), DN25 (1&#8243;), DN32 (1.1\/4&#8243;), DN40 (1.1\/2&#8243;), DN50 (2&#8243;), DN65 (2.1\/2&#8243;), DN80 (3&#8243;), DN90 (3.1\/2&#8243;), DN100 (4&#8243;), DN115 (4.1\/2&#8243;), DN125 (5&#8243;), DN150 (6&#8243;), DN200 (8&#8243;), DN250 (10&#8243;), DN300 (12&#8243;), DN350 (14&#8243;), DN400 (16&#8243;), DN450 (18&#8243;), DN500 (20&#8243;), DN 600 (24&#8243;)<\/li>\n<li dir=\"auto\"><span style=\"font-size: 105%;\">S\u1eed d\u1ee5ng t\u1ed1t trong m\u00f4i tr\u01b0\u1eddng kh\u1eafc nghi\u1ec7t nhi\u1ec7t \u0111\u1ed9 cao: -80\u00b0C \u0111\u1ebfn +450\u00b0C<\/span><\/li>\n<li dir=\"auto\">Ch\u1ea5t li\u1ec7u:Th\u00e9p kh\u00f4ng g\u1ec9 201, 304, 316, 321. L\u01b0u \u00fd: inox 201 s\u1ebd d\u1ec5 m\u00f2n v\u00e0 c\u1ee9ng n\u00ean th\u01b0\u1eddng s\u1ebd s\u1eed d\u1ee5ng t\u1eeb inox 304 tr\u1edf l\u00ean ho\u1eb7c ch\u1ea5t li\u1ec7u cao su t\u00f9y t\u1eebng \u1ee9ng d\u1ee5ng c\u1ee5 th\u1ec3<\/li>\n<li>Gio\u0103ng l\u00e0m k\u00edn: NBR, FKM&#8230;<\/li>\n<li>\u00c1p l\u1ef1c\/ \u00e1p su\u1ea5t ho\u1ea1t \u0111\u1ed9ng: PN10, PN16, PN25, PN40, \u2026<\/li>\n<li>Chi\u1ec1u d\u00e0i kh\u1edbp ti\u00eau chu\u1ea9n (L): 150mm, 200mm, 300mm, 400mm, 450mm, \u2026 1000mm, 2000mm, 5000mm&#8230;, ho\u1eb7c theo y\u00eau c\u1ea7u qu\u00fd kh\u00e1ch h\u00e0ng<\/li>\n<li dir=\"auto\"><span style=\"font-size: 105%;\">Ph\u1ea7n th\u00e2n kh\u1edbp: Ru\u1ed9t b\u00ean trong l\u00e0 l\u00f5i th\u00e9p kh\u00f4ng g\u1ec9 (inox), d\u1ea1ng Square Lock\/ Corrugated, ki\u1ec3u ru\u1ed9t g\u00e0\/ ru\u1ed9t gi\u00e0\/ xo\u1eafn s\u00f3ng. Ngo\u00e0i b\u1ecdc th\u00eam v\u1ecf l\u01b0\u1edbi inox \u0111an s\u1ee3i nhuy\u1ec5n b\u1ec7n v\u1edbi nhau gi\u00fap b\u1ea3o v\u1ec7 ru\u1ed9t \u1ed1ng kh\u1ecfi c\u00e1c t\u00e1c \u0111\u1ed9ng v\u1eadt l\u00fd, c\u01a1 h\u1ecdc m\u00e0 kh\u00f4ng m\u1ea5t khi \u0111\u1ed9 d\u1ebbo dai c\u1ee7a l\u00f5i \u1ed1ng.<\/span><\/li>\n<li dir=\"auto\"><span style=\"font-size: 105%;\">Ph\u1ea7n k\u1ebft n\u1ed1i: Th\u01b0\u1eddng d\u00f9ng d\u1ea1ng m\u1eb7t b\u00edch, r\u1eafc co, \u0111\u1ea7u ren h\u00e0n v\u1edbi ph\u1ea7n th\u00e2n kh\u1edbp n\u1ed1i b\u1eb1ng ph\u01b0\u01a1ng ph\u00e1p TIG<\/span><\/li>\n<li dir=\"auto\"><span style=\"font-size: 105%;\">D\u00f9ng truy\u1ec1n d\u1eabn ch\u1ea5t l\u1ecfng c\u00f3 t\u00ednh \u0103n m\u00f2n nh\u01b0: Axit, ho\u00e1 ch\u1ea5t, n\u01b0\u1edbc n\u00f3ng, kh\u00ed gas, baz\u01a1, n\u01b0\u1edbc th\u1ea3i, c\u00f4ng ngh\u1ec7 th\u1ef1c ph\u1ea9m,&#8230;<\/span><\/li>\n<li dir=\"auto\"><span style=\"font-size: 105%;\">D\u00f9ng trong \u1ee9ng d\u1ee5ng ch\u1ecbu nhi\u1ec7t nh\u01b0: \u00e1p su\u1ea5t l\u00f2 h\u01a1i, \u1ed1ng kh\u1edbp c\u1ed5 b\u00f4, m\u00e1y b\u00f4,\u2026<\/span><\/li>\n<li dir=\"auto\"><span style=\"font-size: 105%;\">Quy tr\u00ecnh s\u1ea3n xu\u1ea5t \u0111\u01b0\u1ee3c ki\u1ec3m so\u00e1t ch\u1eb7t ch\u1ebd \u0111\u1ea1t ti\u00eau chu\u1ea9n k\u1ef9 thu\u1eadt cao<\/span><\/li>\n<li dir=\"auto\"><span style=\"font-size: 105%;\">100% s\u1ea3n ph\u1ea9m \u0111\u01b0\u1ee3c ki\u1ec3m tra b\u1eb1ng kh\u00ed n\u00e9n, th\u1ee7y l\u1ef1c tr\u01b0\u1edbc khi xu\u1ea5t x\u01b0\u1edfng<\/span><\/li>\n<li dir=\"auto\"><span style=\"font-size: 105%;\">D\u00f9ng \u0111\u1ec3 n\u1ed1i hai \u0111\u01b0\u1eddng \u1ed1ng v\u1edbi nhau, n\u1ed1i gi\u1eefa van v\u1edbi \u0111\u01b0\u1eddng \u1ed1ng ho\u1eb7c van v\u1edbi van<\/span><\/li>\n<li dir=\"auto\"><span style=\"font-size: 105%;\">\u01afu \u0111i\u1ec3m n\u1ed5i b\u1eadt l\u00e0 c\u00f3 \u0111\u1ed9 co gi\u00e3n cao, \u0111\u00e0n h\u1ed3i t\u1ed1t v\u00e0 kh\u1ea3 n\u0103ng ch\u1ecbu nhi\u1ec7t t\u1ed1t. Gi\u00fap b\u1ea3o v\u1ec7 \u0111\u01b0\u1eddng \u1ed1ng kh\u00f4ng b\u1ecb n\u1ee9t v\u1ee1 trong qu\u00e1 tr\u00ecnh \u1ed1ng gi\u00e3n n\u1edf do nhi\u1ec7t \u0111\u1ed9 t\u0103ng gi\u1ea3m, rung l\u1eafc, ch\u1ea5n \u0111\u1ed9ng.<\/span><\/li>\n<\/ul>\n<\/div>\n<div>\n<div dir=\"auto\"><span style=\"font-size: 105%;\">Cam k\u1ebft Ch\u1ea5t L\u01b0\u1ee3ng &#8211; Gi\u00e1 R\u1eba &#8211; C\u00f3 S\u1eb5n &#8211; H\u1ed7 tr\u1ee3 k\u0129 thu\u1eadt chuy\u00ean nghi\u1ec7p.<\/span><\/div>\n<\/div>\n<div>\n<h3 dir=\"auto\">Qu\u00fd kh\u00e1ch h\u00e3y li\u00ean h\u1ec7 <strong><span style=\"color: #f99b1c;\">PCH<\/span><\/strong> \u0111\u1ec3 \u0111\u01b0\u1ee3c T\u01b0 V\u1ea5n Nhi\u1ec7t T\u00ecnh v\u00e0 B\u00e1o Gi\u00e1 T\u1ed1t:<\/h3>\n<div dir=\"auto\"><span style=\"font-size: 105%;\">&#8211; Email: info@pc-holding.vn<\/span><\/div>\n<div dir=\"auto\"><span style=\"font-size: 105%;\">&#8211; Th\u00f4ng tin li\u00ean h\u1ec7 chi ti\u1ebft t\u1ea1i: <a tabindex=\"0\" role=\"link\" href=\"https:\/\/pc-holding.vn\/lien-he\/?fbclid=IwAR1RucEDx5-rwrVhSe140hI3VJ8IhRICpQwitKHGC_sfuR6ZwwUyeksIMyI\" target=\"_blank\" rel=\"nofollow noopener\">https:\/\/pc-holding.vn\/lien-he\/<\/a><\/span><\/div>\n<\/div>\n<div dir=\"auto\"><\/div>\n<div dir=\"auto\"><img decoding=\"async\" class=\"aligncenter wp-image-2542 size-full\" src=\"https:\/\/pc-holding.vn\/wp-content\/uploads\/2022\/07\/Khop-noi-mem-inox.jpg\" alt=\"Kh\u1edbp n\u1ed1i m\u1ec1m Expansion Joint\" width=\"600\" height=\"600\" srcset=\"https:\/\/pc-holding.vn\/wp-content\/uploads\/2022\/07\/Khop-noi-mem-inox.jpg 600w, https:\/\/pc-holding.vn\/wp-content\/uploads\/2022\/07\/Khop-noi-mem-inox-300x300.jpg 300w, https:\/\/pc-holding.vn\/wp-content\/uploads\/2022\/07\/Khop-noi-mem-inox-150x150.jpg 150w, https:\/\/pc-holding.vn\/wp-content\/uploads\/2022\/07\/Khop-noi-mem-inox-100x100.jpg 100w\" sizes=\"(max-width: 600px) 100vw, 600px\" \/><img decoding=\"async\" class=\"aligncenter wp-image-2536 \" src=\"https:\/\/pc-holding.vn\/wp-content\/uploads\/2022\/07\/Expansion-Joint-Khop-noi-co-gian-nhiet-DN150-DN200.jpg\" alt=\"Expansion Joint - Kh\u1edbp n\u1ed1i co gi\u00e3n nhi\u1ec7t DN150, DN200, DN250\" width=\"699\" height=\"692\" srcset=\"https:\/\/pc-holding.vn\/wp-content\/uploads\/2022\/07\/Expansion-Joint-Khop-noi-co-gian-nhiet-DN150-DN200.jpg 1280w, https:\/\/pc-holding.vn\/wp-content\/uploads\/2022\/07\/Expansion-Joint-Khop-noi-co-gian-nhiet-DN150-DN200-300x297.jpg 300w, https:\/\/pc-holding.vn\/wp-content\/uploads\/2022\/07\/Expansion-Joint-Khop-noi-co-gian-nhiet-DN150-DN200-1024x1014.jpg 1024w, https:\/\/pc-holding.vn\/wp-content\/uploads\/2022\/07\/Expansion-Joint-Khop-noi-co-gian-nhiet-DN150-DN200-768x760.jpg 768w, https:\/\/pc-holding.vn\/wp-content\/uploads\/2022\/07\/Expansion-Joint-Khop-noi-co-gian-nhiet-DN150-DN200-600x594.jpg 600w, https:\/\/pc-holding.vn\/wp-content\/uploads\/2022\/07\/Expansion-Joint-Khop-noi-co-gian-nhiet-DN150-DN200-100x100.jpg 100w\" sizes=\"(max-width: 699px) 100vw, 699px\" \/> <img decoding=\"async\" class=\"aligncenter wp-image-2538 \" src=\"https:\/\/pc-holding.vn\/wp-content\/uploads\/2022\/07\/Khop-noi-mem-inox-DN200.jpg\" alt=\"Kh\u1edbp n\u1ed1i m\u1ec1m inox DN200\" width=\"681\" height=\"511\" srcset=\"https:\/\/pc-holding.vn\/wp-content\/uploads\/2022\/07\/Khop-noi-mem-inox-DN200.jpg 1531w, https:\/\/pc-holding.vn\/wp-content\/uploads\/2022\/07\/Khop-noi-mem-inox-DN200-300x225.jpg 300w, https:\/\/pc-holding.vn\/wp-content\/uploads\/2022\/07\/Khop-noi-mem-inox-DN200-1024x769.jpg 1024w, https:\/\/pc-holding.vn\/wp-content\/uploads\/2022\/07\/Khop-noi-mem-inox-DN200-768x576.jpg 768w, https:\/\/pc-holding.vn\/wp-content\/uploads\/2022\/07\/Khop-noi-mem-inox-DN200-600x450.jpg 600w\" sizes=\"(max-width: 681px) 100vw, 681px\" \/> <img decoding=\"async\" class=\"aligncenter wp-image-2540 \" src=\"https:\/\/pc-holding.vn\/wp-content\/uploads\/2022\/07\/Khop-noi-mem-inox-han-dau-bich-BS-PN10.jpg\" alt=\"Kh\u1edbp n\u1ed1i m\u1ec1m inox h\u00e0n \u0111\u1ea7u b\u00edch BS PN10\" width=\"759\" height=\"401\" srcset=\"https:\/\/pc-holding.vn\/wp-content\/uploads\/2022\/07\/Khop-noi-mem-inox-han-dau-bich-BS-PN10.jpg 1600w, https:\/\/pc-holding.vn\/wp-content\/uploads\/2022\/07\/Khop-noi-mem-inox-han-dau-bich-BS-PN10-300x159.jpg 300w, https:\/\/pc-holding.vn\/wp-content\/uploads\/2022\/07\/Khop-noi-mem-inox-han-dau-bich-BS-PN10-1024x541.jpg 1024w, https:\/\/pc-holding.vn\/wp-content\/uploads\/2022\/07\/Khop-noi-mem-inox-han-dau-bich-BS-PN10-768x406.jpg 768w, https:\/\/pc-holding.vn\/wp-content\/uploads\/2022\/07\/Khop-noi-mem-inox-han-dau-bich-BS-PN10-1536x812.jpg 1536w, https:\/\/pc-holding.vn\/wp-content\/uploads\/2022\/07\/Khop-noi-mem-inox-han-dau-bich-BS-PN10-600x317.jpg 600w\" sizes=\"(max-width: 759px) 100vw, 759px\" \/><br \/>\n<img decoding=\"async\" class=\"aligncenter wp-image-2544 \" src=\"https:\/\/pc-holding.vn\/wp-content\/uploads\/2022\/07\/Phu-Cuong-phan-phoi-Khop-noi-mem-inox.jpg\" alt=\"Ph\u00fa C\u01b0\u1eddng ph\u00e2n ph\u1ed1i Kh\u1edbp n\u1ed1i m\u1ec1m inox\" width=\"518\" height=\"691\" srcset=\"https:\/\/pc-holding.vn\/wp-content\/uploads\/2022\/07\/Phu-Cuong-phan-phoi-Khop-noi-mem-inox.jpg 1200w, https:\/\/pc-holding.vn\/wp-content\/uploads\/2022\/07\/Phu-Cuong-phan-phoi-Khop-noi-mem-inox-225x300.jpg 225w, https:\/\/pc-holding.vn\/wp-content\/uploads\/2022\/07\/Phu-Cuong-phan-phoi-Khop-noi-mem-inox-768x1024.jpg 768w, https:\/\/pc-holding.vn\/wp-content\/uploads\/2022\/07\/Phu-Cuong-phan-phoi-Khop-noi-mem-inox-1152x1536.jpg 1152w, https:\/\/pc-holding.vn\/wp-content\/uploads\/2022\/07\/Phu-Cuong-phan-phoi-Khop-noi-mem-inox-600x800.jpg 600w\" sizes=\"(max-width: 518px) 100vw, 518px\" \/> <img decoding=\"async\" class=\"aligncenter wp-image-2546 \" src=\"https:\/\/pc-holding.vn\/wp-content\/uploads\/2022\/07\/Test-thu-nghiem-Khop-noi-mem-inox-DN200.jpg\" alt=\"Test th\u1eed nghi\u1ec7m Kh\u1edbp n\u1ed1i m\u1ec1m inox DN200\" width=\"647\" height=\"496\" srcset=\"https:\/\/pc-holding.vn\/wp-content\/uploads\/2022\/07\/Test-thu-nghiem-Khop-noi-mem-inox-DN200.jpg 1360w, https:\/\/pc-holding.vn\/wp-content\/uploads\/2022\/07\/Test-thu-nghiem-Khop-noi-mem-inox-DN200-300x230.jpg 300w, https:\/\/pc-holding.vn\/wp-content\/uploads\/2022\/07\/Test-thu-nghiem-Khop-noi-mem-inox-DN200-1024x786.jpg 1024w, https:\/\/pc-holding.vn\/wp-content\/uploads\/2022\/07\/Test-thu-nghiem-Khop-noi-mem-inox-DN200-768x590.jpg 768w, https:\/\/pc-holding.vn\/wp-content\/uploads\/2022\/07\/Test-thu-nghiem-Khop-noi-mem-inox-DN200-600x461.jpg 600w\" sizes=\"(max-width: 647px) 100vw, 647px\" \/><\/div>\n","protected":false},"excerpt":{"rendered":"<p>Kh\u1edbp n\u1ed1i m\u1ec1m inox DN150 (6&#8243;), DN200 (8&#8243;), DN250 (10&#8243;) \u0111\u01b0\u1ee3c gia c\u00f4ng h\u00e0n 2 \u0111\u1ea7u m\u1eb7t b\u00edch BS\/ANSI\/JIS\/DIN\/SAE&#8230; chu\u1ea9n x\u00e1c t\u1ea1i Ph\u00fa C\u01b0\u1eddng Holding. M\u1ed1i h\u00e0n k\u0129, \u0111\u1eb9p. Th\u00e0nh ph\u1ea9m \u0111\u01b0\u1ee3c ki\u1ec3m tra \u0111\u1ea1t ti\u00eau chu\u1ea9n tr\u01b0\u1edbc khi giao \u0111\u1ebfn \u0111\u1ec3 kh\u00e1ch h\u00e0ng s\u1eed d\u1ee5ng. T\u00ean ti\u1ebfng Anh: Expansion Joint T\u00ean g\u1ecdi kh\u00e1c: Kh\u1edbp<\/p>\n","protected":false},"featured_media":2542,"comment_status":"closed","ping_status":"closed","template":"","meta":{"_acf_changed":false},"product_brand":[],"product_cat":[134],"product_tag":[186,184,183,188,187,182,181,189,185],"class_list":{"0":"post-2535","1":"product","2":"type-product","3":"status-publish","4":"has-post-thumbnail","6":"product_cat-ong-ruot-ga-inox","7":"product_tag-cua-hang-khop-noi-mem-inox","8":"product_tag-expansion-joint","9":"product_tag-khop-co-gian-nhiet","10":"product_tag-khop-kim-loai-mem-inox","11":"product_tag-khop-mem-inox-ha-noi","12":"product_tag-khop-noi-co-gian","13":"product_tag-khop-noi-mem-inox","14":"product_tag-khop-noi-square-lock","15":"product_tag-ong-ruot-ga-inox","17":"first","18":"instock","19":"shipping-taxable","20":"product-type-simple"},"acf":[],"yoast_head":"<!-- This site is optimized with the Yoast SEO plugin v27.4 - https:\/\/yoast.com\/product\/yoast-seo-wordpress\/ -->\n<title>Kh\u1edbp n\u1ed1i m\u1ec1m inox co gi\u00e3n nhi\u1ec7t - Phu Cuong Holding Corporation<\/title>\n<meta name=\"description\" content=\"Ph\u00fa C\u01b0\u1eddng Holding ph\u00e2n ph\u1ed1i Kh\u1edbp n\u1ed1i m\u1ec1m inox, kh\u1edbp n\u1ed1i co gi\u00e3n nhi\u1ec7t, kh\u1edbp gi\u00e3n n\u1edf nhi\u1ec7t, Expansion Joint, h\u00e0n m\u1eb7t b\u00edch, r\u1eafc co, ren t\u1ea1i H\u00e0 N\u1ed9i\" \/>\n<meta name=\"robots\" content=\"index, follow, max-snippet:-1, max-image-preview:large, max-video-preview:-1\" \/>\n<link rel=\"canonical\" href=\"https:\/\/pc-holding.vn\/en\/san-pham\/khop-noi-mem-inox-co-gian-nhiet\/\" \/>\n<meta property=\"og:locale\" content=\"en_US\" \/>\n<meta property=\"og:type\" content=\"article\" \/>\n<meta property=\"og:title\" content=\"Kh\u1edbp n\u1ed1i m\u1ec1m inox co gi\u00e3n nhi\u1ec7t - Phu Cuong Holding Corporation\" \/>\n<meta property=\"og:description\" content=\"Ph\u00fa C\u01b0\u1eddng Holding ph\u00e2n ph\u1ed1i Kh\u1edbp n\u1ed1i m\u1ec1m inox, kh\u1edbp n\u1ed1i co gi\u00e3n nhi\u1ec7t, kh\u1edbp gi\u00e3n n\u1edf nhi\u1ec7t, Expansion Joint, h\u00e0n m\u1eb7t b\u00edch, r\u1eafc co, ren t\u1ea1i H\u00e0 N\u1ed9i\" \/>\n<meta property=\"og:url\" content=\"https:\/\/pc-holding.vn\/en\/san-pham\/khop-noi-mem-inox-co-gian-nhiet\/\" \/>\n<meta property=\"og:site_name\" content=\"Phu Cuong Holding Corporation\" \/>\n<meta property=\"article:modified_time\" content=\"2022-08-02T08:30:16+00:00\" \/>\n<meta property=\"og:image\" content=\"https:\/\/pc-holding.vn\/wp-content\/uploads\/2022\/07\/Khop-noi-mem-inox.jpg\" \/>\n\t<meta property=\"og:image:width\" content=\"600\" \/>\n\t<meta property=\"og:image:height\" content=\"600\" \/>\n\t<meta property=\"og:image:type\" content=\"image\/jpeg\" \/>\n<meta name=\"twitter:card\" content=\"summary_large_image\" \/>\n<meta name=\"twitter:label1\" content=\"Est. reading time\" \/>\n\t<meta name=\"twitter:data1\" content=\"4 minutes\" \/>\n<script type=\"application\/ld+json\" class=\"yoast-schema-graph\">{\"@context\":\"https:\\\/\\\/schema.org\",\"@graph\":[{\"@type\":\"WebPage\",\"@id\":\"https:\\\/\\\/pc-holding.vn\\\/en\\\/san-pham\\\/khop-noi-mem-inox-co-gian-nhiet\\\/\",\"url\":\"https:\\\/\\\/pc-holding.vn\\\/en\\\/san-pham\\\/khop-noi-mem-inox-co-gian-nhiet\\\/\",\"name\":\"Kh\u1edbp n\u1ed1i m\u1ec1m inox co gi\u00e3n nhi\u1ec7t - Phu Cuong Holding Corporation\",\"isPartOf\":{\"@id\":\"https:\\\/\\\/pc-holding.vn\\\/en\\\/#website\"},\"primaryImageOfPage\":{\"@id\":\"https:\\\/\\\/pc-holding.vn\\\/en\\\/san-pham\\\/khop-noi-mem-inox-co-gian-nhiet\\\/#primaryimage\"},\"image\":{\"@id\":\"https:\\\/\\\/pc-holding.vn\\\/en\\\/san-pham\\\/khop-noi-mem-inox-co-gian-nhiet\\\/#primaryimage\"},\"thumbnailUrl\":\"https:\\\/\\\/pc-holding.vn\\\/wp-content\\\/uploads\\\/2022\\\/07\\\/Khop-noi-mem-inox.jpg\",\"datePublished\":\"2022-07-29T07:42:56+00:00\",\"dateModified\":\"2022-08-02T08:30:16+00:00\",\"description\":\"Ph\u00fa C\u01b0\u1eddng Holding ph\u00e2n ph\u1ed1i Kh\u1edbp n\u1ed1i m\u1ec1m inox, kh\u1edbp n\u1ed1i co gi\u00e3n nhi\u1ec7t, kh\u1edbp gi\u00e3n n\u1edf nhi\u1ec7t, Expansion Joint, h\u00e0n m\u1eb7t b\u00edch, r\u1eafc co, ren t\u1ea1i H\u00e0 N\u1ed9i\",\"breadcrumb\":{\"@id\":\"https:\\\/\\\/pc-holding.vn\\\/en\\\/san-pham\\\/khop-noi-mem-inox-co-gian-nhiet\\\/#breadcrumb\"},\"inLanguage\":\"en-US\",\"potentialAction\":[{\"@type\":\"ReadAction\",\"target\":[\"https:\\\/\\\/pc-holding.vn\\\/en\\\/san-pham\\\/khop-noi-mem-inox-co-gian-nhiet\\\/\"]}]},{\"@type\":\"ImageObject\",\"inLanguage\":\"en-US\",\"@id\":\"https:\\\/\\\/pc-holding.vn\\\/en\\\/san-pham\\\/khop-noi-mem-inox-co-gian-nhiet\\\/#primaryimage\",\"url\":\"https:\\\/\\\/pc-holding.vn\\\/wp-content\\\/uploads\\\/2022\\\/07\\\/Khop-noi-mem-inox.jpg\",\"contentUrl\":\"https:\\\/\\\/pc-holding.vn\\\/wp-content\\\/uploads\\\/2022\\\/07\\\/Khop-noi-mem-inox.jpg\",\"width\":600,\"height\":600},{\"@type\":\"BreadcrumbList\",\"@id\":\"https:\\\/\\\/pc-holding.vn\\\/en\\\/san-pham\\\/khop-noi-mem-inox-co-gian-nhiet\\\/#breadcrumb\",\"itemListElement\":[{\"@type\":\"ListItem\",\"position\":1,\"name\":\"Trang ch\u1ee7\",\"item\":\"https:\\\/\\\/www.pc-holding.vn\\\/en\\\/\"},{\"@type\":\"ListItem\",\"position\":2,\"name\":\"Product\",\"item\":\"https:\\\/\\\/pc-holding.vn\\\/en\\\/product\\\/\"},{\"@type\":\"ListItem\",\"position\":3,\"name\":\"Kh\u1edbp n\u1ed1i m\u1ec1m inox co gi\u00e3n nhi\u1ec7t\"}]},{\"@type\":\"WebSite\",\"@id\":\"https:\\\/\\\/pc-holding.vn\\\/en\\\/#website\",\"url\":\"https:\\\/\\\/pc-holding.vn\\\/en\\\/\",\"name\":\"Phu Cuong Holding Corporation\",\"description\":\"\",\"potentialAction\":[{\"@type\":\"SearchAction\",\"target\":{\"@type\":\"EntryPoint\",\"urlTemplate\":\"https:\\\/\\\/pc-holding.vn\\\/en\\\/?s={search_term_string}\"},\"query-input\":{\"@type\":\"PropertyValueSpecification\",\"valueRequired\":true,\"valueName\":\"search_term_string\"}}],\"inLanguage\":\"en-US\"}]}<\/script>\n<!-- \/ Yoast SEO plugin. -->","yoast_head_json":{"title":"Kh\u1edbp n\u1ed1i m\u1ec1m inox co gi\u00e3n nhi\u1ec7t - Phu Cuong Holding Corporation","description":"Ph\u00fa C\u01b0\u1eddng Holding ph\u00e2n ph\u1ed1i Kh\u1edbp n\u1ed1i m\u1ec1m inox, kh\u1edbp n\u1ed1i co gi\u00e3n nhi\u1ec7t, kh\u1edbp gi\u00e3n n\u1edf nhi\u1ec7t, Expansion Joint, h\u00e0n m\u1eb7t b\u00edch, r\u1eafc co, ren t\u1ea1i H\u00e0 N\u1ed9i","robots":{"index":"index","follow":"follow","max-snippet":"max-snippet:-1","max-image-preview":"max-image-preview:large","max-video-preview":"max-video-preview:-1"},"canonical":"https:\/\/pc-holding.vn\/en\/san-pham\/khop-noi-mem-inox-co-gian-nhiet\/","og_locale":"en_US","og_type":"article","og_title":"Kh\u1edbp n\u1ed1i m\u1ec1m inox co gi\u00e3n nhi\u1ec7t - Phu Cuong Holding Corporation","og_description":"Ph\u00fa C\u01b0\u1eddng Holding ph\u00e2n ph\u1ed1i Kh\u1edbp n\u1ed1i m\u1ec1m inox, kh\u1edbp n\u1ed1i co gi\u00e3n nhi\u1ec7t, kh\u1edbp gi\u00e3n n\u1edf nhi\u1ec7t, Expansion Joint, h\u00e0n m\u1eb7t b\u00edch, r\u1eafc co, ren t\u1ea1i H\u00e0 N\u1ed9i","og_url":"https:\/\/pc-holding.vn\/en\/san-pham\/khop-noi-mem-inox-co-gian-nhiet\/","og_site_name":"Phu Cuong Holding Corporation","article_modified_time":"2022-08-02T08:30:16+00:00","og_image":[{"width":600,"height":600,"url":"https:\/\/pc-holding.vn\/wp-content\/uploads\/2022\/07\/Khop-noi-mem-inox.jpg","type":"image\/jpeg"}],"twitter_card":"summary_large_image","twitter_misc":{"Est. reading time":"4 minutes"},"schema":{"@context":"https:\/\/schema.org","@graph":[{"@type":"WebPage","@id":"https:\/\/pc-holding.vn\/en\/san-pham\/khop-noi-mem-inox-co-gian-nhiet\/","url":"https:\/\/pc-holding.vn\/en\/san-pham\/khop-noi-mem-inox-co-gian-nhiet\/","name":"Kh\u1edbp n\u1ed1i m\u1ec1m inox co gi\u00e3n nhi\u1ec7t - Phu Cuong Holding Corporation","isPartOf":{"@id":"https:\/\/pc-holding.vn\/en\/#website"},"primaryImageOfPage":{"@id":"https:\/\/pc-holding.vn\/en\/san-pham\/khop-noi-mem-inox-co-gian-nhiet\/#primaryimage"},"image":{"@id":"https:\/\/pc-holding.vn\/en\/san-pham\/khop-noi-mem-inox-co-gian-nhiet\/#primaryimage"},"thumbnailUrl":"https:\/\/pc-holding.vn\/wp-content\/uploads\/2022\/07\/Khop-noi-mem-inox.jpg","datePublished":"2022-07-29T07:42:56+00:00","dateModified":"2022-08-02T08:30:16+00:00","description":"Ph\u00fa C\u01b0\u1eddng Holding ph\u00e2n ph\u1ed1i Kh\u1edbp n\u1ed1i m\u1ec1m inox, kh\u1edbp n\u1ed1i co gi\u00e3n nhi\u1ec7t, kh\u1edbp gi\u00e3n n\u1edf nhi\u1ec7t, Expansion Joint, h\u00e0n m\u1eb7t b\u00edch, r\u1eafc co, ren t\u1ea1i H\u00e0 N\u1ed9i","breadcrumb":{"@id":"https:\/\/pc-holding.vn\/en\/san-pham\/khop-noi-mem-inox-co-gian-nhiet\/#breadcrumb"},"inLanguage":"en-US","potentialAction":[{"@type":"ReadAction","target":["https:\/\/pc-holding.vn\/en\/san-pham\/khop-noi-mem-inox-co-gian-nhiet\/"]}]},{"@type":"ImageObject","inLanguage":"en-US","@id":"https:\/\/pc-holding.vn\/en\/san-pham\/khop-noi-mem-inox-co-gian-nhiet\/#primaryimage","url":"https:\/\/pc-holding.vn\/wp-content\/uploads\/2022\/07\/Khop-noi-mem-inox.jpg","contentUrl":"https:\/\/pc-holding.vn\/wp-content\/uploads\/2022\/07\/Khop-noi-mem-inox.jpg","width":600,"height":600},{"@type":"BreadcrumbList","@id":"https:\/\/pc-holding.vn\/en\/san-pham\/khop-noi-mem-inox-co-gian-nhiet\/#breadcrumb","itemListElement":[{"@type":"ListItem","position":1,"name":"Trang ch\u1ee7","item":"https:\/\/www.pc-holding.vn\/en\/"},{"@type":"ListItem","position":2,"name":"Product","item":"https:\/\/pc-holding.vn\/en\/product\/"},{"@type":"ListItem","position":3,"name":"Kh\u1edbp n\u1ed1i m\u1ec1m inox co gi\u00e3n nhi\u1ec7t"}]},{"@type":"WebSite","@id":"https:\/\/pc-holding.vn\/en\/#website","url":"https:\/\/pc-holding.vn\/en\/","name":"Phu Cuong Holding Corporation","description":"","potentialAction":[{"@type":"SearchAction","target":{"@type":"EntryPoint","urlTemplate":"https:\/\/pc-holding.vn\/en\/?s={search_term_string}"},"query-input":{"@type":"PropertyValueSpecification","valueRequired":true,"valueName":"search_term_string"}}],"inLanguage":"en-US"}]}},"_links":{"self":[{"href":"https:\/\/pc-holding.vn\/en\/wp-json\/wp\/v2\/product\/2535","targetHints":{"allow":["GET"]}}],"collection":[{"href":"https:\/\/pc-holding.vn\/en\/wp-json\/wp\/v2\/product"}],"about":[{"href":"https:\/\/pc-holding.vn\/en\/wp-json\/wp\/v2\/types\/product"}],"replies":[{"embeddable":true,"href":"https:\/\/pc-holding.vn\/en\/wp-json\/wp\/v2\/comments?post=2535"}],"wp:featuredmedia":[{"embeddable":true,"href":"https:\/\/pc-holding.vn\/en\/wp-json\/wp\/v2\/media\/2542"}],"wp:attachment":[{"href":"https:\/\/pc-holding.vn\/en\/wp-json\/wp\/v2\/media?parent=2535"}],"wp:term":[{"taxonomy":"product_brand","embeddable":true,"href":"https:\/\/pc-holding.vn\/en\/wp-json\/wp\/v2\/product_brand?post=2535"},{"taxonomy":"product_cat","embeddable":true,"href":"https:\/\/pc-holding.vn\/en\/wp-json\/wp\/v2\/product_cat?post=2535"},{"taxonomy":"product_tag","embeddable":true,"href":"https:\/\/pc-holding.vn\/en\/wp-json\/wp\/v2\/product_tag?post=2535"}],"curies":[{"name":"wp","href":"https:\/\/api.w.org\/{rel}","templated":true}]}}