{"id":2801,"date":"2023-03-10T14:23:06","date_gmt":"2023-03-10T07:23:06","guid":{"rendered":"https:\/\/pc-holding.vn\/?post_type=product&#038;p=2801"},"modified":"2023-03-10T14:23:08","modified_gmt":"2023-03-10T07:23:08","slug":"khop-noi-nhanh-dnp-pav1-italy-chinh-hang-gia-tot","status":"publish","type":"product","link":"https:\/\/pc-holding.vn\/en\/san-pham\/khop-noi-nhanh-dnp-pav1-italy-chinh-hang-gia-tot\/","title":{"rendered":"Kh\u1edbp n\u1ed1i nhanh DNP PAV1 Italy ch\u00ednh h\u00e3ng gi\u00e1 t\u1ed1t"},"content":{"rendered":"<div>\n<div dir=\"auto\"><strong><span style=\"color: #ff6600;\">Ph\u00fa C\u01b0\u1eddng Holding<\/span><\/strong> v\u1eeba nh\u1eadp v\u1ec1 s\u1eb5n l\u00f4 <strong>Kh\u1edbp n\u1ed1i nhanh thu\u1ef7 l\u1ef1c DNP<\/strong> ch\u00ednh h\u00e3ng &#8211; M\u00e3 <strong>PAV1<\/strong> &#8211; <strong>Made in Italy<\/strong> \u0111\u1ec3 ph\u1ee5c v\u1ee5 qu\u00fd kh\u00e1ch h\u00e0ng g\u1ea7n xa tr\u00ean to\u00e0n qu\u1ed1c \u1ea1!<\/div>\n<\/div>\n<div>\n<div dir=\"auto\"><\/div>\n<div dir=\"auto\">&#8211; Lo\u1ea1i: Quick Coupling ISO A<\/div>\n<div dir=\"auto\"><\/div>\n<div dir=\"auto\">&#8211; Ti\u00eau chu\u1ea9n: ISO 7241 A<\/div>\n<div dir=\"auto\"><\/div>\n<div dir=\"auto\">&#8211; V\u1eadt li\u1ec7u: Th\u00e9p cacbon<\/div>\n<div dir=\"auto\"><\/div>\n<div dir=\"auto\">&#8211; K\u1ebft n\u1ed1i ren: BSP-NPT-Rc-SAE<\/div>\n<div dir=\"auto\"><\/div>\n<div dir=\"auto\">&#8211; Nhi\u1ec7t \u0111\u1ed9 l\u00e0m vi\u1ec7c: -25 \u00b0C +100 \u00b0C<\/div>\n<div dir=\"auto\"><\/div>\n<div dir=\"auto\">&#8211; \u00c1p su\u1ea5t ho\u1ea1t \u0111\u1ed9ng: 160 bar -&gt; 350 bar (t\u00f9y size)<\/div>\n<\/div>\n<div dir=\"auto\"><\/div>\n<div dir=\"auto\">+ Kh\u1edbp n\u1ed1i nhanh do h\u00e3ng DNP s\u1ea3n xu\u1ea5t \u0111\u1ea1t ti\u00eau chu\u1ea9n ch\u1ea5t l\u01b0\u1ee3ng Ch\u00e2u \u00c2u (EU), ch\u1ecbu \u00e1p cao m\u1ed9t c\u00e1ch b\u1ec1n b\u1ec9, c\u00e1c chi ti\u1ebft \u0111\u01b0\u1ee3c ho\u00e0n thi\u1ec7n t\u1ec9 m\u1ec9, chu\u1ea9n x\u00e1c nh\u01b0 \u0111\u00fang th\u00f4ng s\u1ed1 k\u0129 thu\u1eadt do h\u00e3ng c\u00f4ng b\u1ed1. H\u00e0ng c\u00f3 ngu\u1ed3n g\u1ed1c xu\u1ea5t x\u1ee9 ch\u00ednh h\u00e3ng, nh\u1eadp tr\u1ef1c ti\u1ebfp t\u1eeb \u00dd.<\/div>\n<div dir=\"auto\"><\/div>\n<div dir=\"auto\">=&gt; Qu\u00fd kh\u00e1ch c\u00f3 nhu c\u1ea7n c\u1ea7n mua ho\u1eb7c c\u1ea7n t\u01b0 v\u1ea5n v\u1ec1 c\u00e1c lo\u1ea1i kh\u1edbp n\u1ed1i nhanh th\u1ee7y l\u1ef1c, c\u00fat n\u1ed1i nhanh, \u0111\u1ea7u n\u1ed1i nhanh, quick coupling th\u00ec h\u00e3y an t\u00e2m li\u00ean h\u1ec7 <strong><span style=\"color: #ff6600;\">Ph\u00fa C\u01b0\u1eddng Holding<\/span><\/strong> \u0111\u1ec3 \u0111\u01b0\u1ee3c h\u1ed7 tr\u1ee3 nhi\u1ec7t t\u00ecnh, t\u1eadn t\u00e2m.<\/div>\n<div dir=\"auto\"><\/div>\n<div dir=\"auto\"><img decoding=\"async\" class=\"aligncenter wp-image-2802\" src=\"https:\/\/pc-holding.vn\/wp-content\/uploads\/2023\/03\/Khop-noi-nhanh-DNP-PAV1-Italy-chinh-hang-gia-tot.jpg\" alt=\"Kh\u1edbp n\u1ed1i nhanh DNP PAV1 Italy ch\u00ednh h\u00e3ng gi\u00e1 t\u1ed1t\" width=\"600\" height=\"800\" srcset=\"https:\/\/pc-holding.vn\/wp-content\/uploads\/2023\/03\/Khop-noi-nhanh-DNP-PAV1-Italy-chinh-hang-gia-tot.jpg 720w, https:\/\/pc-holding.vn\/wp-content\/uploads\/2023\/03\/Khop-noi-nhanh-DNP-PAV1-Italy-chinh-hang-gia-tot-225x300.jpg 225w, https:\/\/pc-holding.vn\/wp-content\/uploads\/2023\/03\/Khop-noi-nhanh-DNP-PAV1-Italy-chinh-hang-gia-tot-600x800.jpg 600w\" sizes=\"(max-width: 600px) 100vw, 600px\" \/><\/div>\n<div dir=\"auto\"><\/div>\n<div dir=\"auto\">. Kh\u1edbp n\u1ed1i nhanh th\u1ee7y l\u1ef1c hay c\u00f2n \u0111\u01b0\u1ee3c g\u1ecdi l\u00e0 \u0111\u1ea7u n\u1ed1i nhanh th\u1ee7y l\u1ef1c, ho\u1eb7c c\u00fat th\u1ee7y l\u1ef1c, l\u00e0 m\u1ed9t thi\u1ebft b\u1ecb trong h\u1ec7 th\u1ed1ng th\u1ee7y l\u1ef1c. T\u00f9y v\u00e0o t\u1eebng quy m\u00f4, c\u00f4ng su\u1ea5t c\u1ee7a h\u1ec7 th\u1ed1ng m\u00e0 s\u1ed1 l\u01b0\u1ee3ng kh\u1edbp c\u1ea7n thi\u1ebft s\u1ebd kh\u00e1c nhau c\u00f3 th\u1ec3 t\u1eeb v\u00e0i c\u00e1i cho t\u1edbi v\u00e0i tr\u0103m c\u00e1i.<\/div>\n<div dir=\"auto\"><\/div>\n<div dir=\"auto\">. <strong>Ch\u1ee9c n\u0103ng<\/strong> c\u1ee7a kh\u1edbp n\u1ed1i nhanh th\u1ee7y l\u1ef1c \u0111\u01b0\u1ee3c coi l\u00e0 \u0111\u01b0\u1eddng d\u1eabn, l\u00e0 thi\u1ebft b\u1ecb n\u1ed1i nhanh gi\u1eefa \u0111\u1ea7u \u1ed1ng d\u00e2y d\u1eabn ch\u1ea5t l\u1ecfng th\u1ee7y l\u1ef1c v\u1edbi c\u00e1c \u0111\u1ea7u nh\u01b0 xi lanh th\u1ee7y l\u1ef1c, van d\u1ea7u gi\u00fap b\u01a1m ch\u1ea5t l\u1ecfng m\u1ed9t c\u00e1ch kh\u00e9p k\u00edn, ch\u1ed1ng r\u00f2 r\u1ec9, kh\u00f4ng b\u1ecb gi\u1ea3m \u00e1p su\u1ea5t v\u00e0 \u0111\u1ec3 \u0111\u1ea1t hi\u1ec7u qu\u1ea3 cao.<\/div>\n<div dir=\"auto\">\n<p>. Ch\u00ednh v\u00ec \u0111i\u1ec1u n\u00e0y \u0111\u00e3 gi\u00fap cho ch\u1ea5t l\u1ecfng l\u01b0u chuy\u1ec3n trong h\u1ec7 th\u1ed1ng m\u00e0 kh\u00f4ng lo hao t\u1ed5n l\u01b0u l\u01b0\u1ee3ng.<\/p>\n<p>. H\u01a1n th\u1ebf n\u1eefa, kh\u1edbp n\u1ed1i nhanh th\u1ee7y l\u1ef1c c\u00f2n \u0111\u01b0\u1ee3c d\u00f9ng \u0111\u1ec3 thay \u0111\u1ed5i h\u01b0\u1edbng \u0111i c\u1ee7a ch\u1ea5t l\u1ecfng, \u0111\u1ed9 cao c\u1ee7a \u0111\u01b0\u1eddng d\u1ea7u hay ch\u00ednh l\u00e0 thay \u0111\u1ed5i h\u01b0\u1edbng \u0111i c\u1ee7a d\u1ea7u theo ch\u00ednh y\u00eau c\u1ea7u c\u1ee7a ng\u01b0\u1eddi s\u1eed d\u1ee5ng.<\/p>\n<p><img decoding=\"async\" class=\"aligncenter wp-image-2804\" src=\"https:\/\/pc-holding.vn\/wp-content\/uploads\/2023\/03\/Khop-noi-nhanh-DNP.jpg\" alt=\"N\u01a1i b\u00e1n kh\u1edbp n\u1ed1i nhanh DNP Italy ch\u00ednh h\u00e3ng\" width=\"600\" height=\"855\" srcset=\"https:\/\/pc-holding.vn\/wp-content\/uploads\/2023\/03\/Khop-noi-nhanh-DNP.jpg 1060w, https:\/\/pc-holding.vn\/wp-content\/uploads\/2023\/03\/Khop-noi-nhanh-DNP-210x300.jpg 210w, https:\/\/pc-holding.vn\/wp-content\/uploads\/2023\/03\/Khop-noi-nhanh-DNP-718x1024.jpg 718w, https:\/\/pc-holding.vn\/wp-content\/uploads\/2023\/03\/Khop-noi-nhanh-DNP-768x1095.jpg 768w, https:\/\/pc-holding.vn\/wp-content\/uploads\/2023\/03\/Khop-noi-nhanh-DNP-600x855.jpg 600w\" sizes=\"(max-width: 600px) 100vw, 600px\" \/><\/p>\n<p>. H\u1ea7u h\u1ebft, \u0111\u1ea7u n\u1ed1i nhanh th\u1ee7y l\u1ef1c th\u01b0\u1eddng \u0111\u01b0\u1ee3c l\u00e0m b\u1eb1ng: th\u00e9p, \u0111\u1ed3ng, inox \u0111\u1ec3 h\u1ea1n ch\u1ebf oxi h\u00f3a, \u0103n m\u00f2n ch\u1ecbu \u0111\u01b0\u1ee3c \u00e1p l\u1ef1c v\u00e0 s\u1ee9c va \u0111\u1eadp t\u1ed1t. V\u1edbi nhi\u1ec1u k\u00edch th\u01b0\u1edbc, ch\u1ea5t li\u1ec7u t\u1ed1t n\u00ean c\u00fat n\u1ed1i nhanh th\u1ee7y l\u1ef1c d\u00f9ng \u0111\u01b0\u1ee3c cho nhi\u1ec1u h\u1ec7 th\u1ed1ng, kh\u00f4ng gian, m\u00f4i tr\u01b0\u1eddng.<\/p>\n<p>. \u0110\u01b0\u1ee3c s\u1eed d\u1ee5ng r\u1ed9ng r\u00e3i trong xung quanh m\u1ed7i ch\u00fang ta. Kh\u1edbp n\u1ed1i nhanh th\u1ee7y l\u1ef1c lo\u1ea1i inox \u0111\u01b0\u1ee3c d\u00f9ng trong h\u1ec7 th\u1ed1ng d\u1eabn v\u00e0 x\u1eed l\u00fd n\u01b0\u1edbc th\u1ea3i, h\u1ec7 th\u1ed1ng b\u01a1m, h\u1ec7 th\u1ed1ng c\u1ea5p tho\u00e1t n\u01b0\u1edbc v\u1edbi c\u00e1c tr\u1ee5c \u0111\u1ed9ng c\u01a1, m\u00e1y b\u01a1m \u0111\u1eb7c th\u00f9 trong nh\u00e0 m\u00e1y n\u01b0\u1edbc, b\u1ec3 th\u1ea3i khu c\u00f4ng nghi\u1ec7p,\u2026<\/p>\n<p>. L\u00e0 m\u1ed9t ph\u1ea7n kh\u00f4ng th\u1ec3 thi\u1ebfu \u0111\u01b0\u1ee3c c\u1ee7a h\u1ec7 th\u1ed1ng th\u1ee7y l\u1ef1c, b\u1ed9 ngu\u1ed3n th\u1ee7y l\u1ef1c, h\u1ec7 th\u1ed1ng b\u01a1m, m\u00e1y \u00e9p, m\u00e1y nghi\u1ec1n, m\u00e1y d\u1eadp khu\u00f4n,\u2026 chuy\u00ean d\u00f9ng trong nh\u1eefng nh\u00e0 m\u00e1y s\u1ea3n xu\u1ea5t, luy\u1ec7n kim, c\u01a1 kh\u00ed, s\u1ea3n xu\u1ea5t h\u00f3a ch\u1ea5t, ch\u1ebf bi\u1ebfn th\u1ee9c \u0103n,\u2026<\/p>\n<\/div>\n<div>\n<div dir=\"auto\">+ Cam k\u1ebft Ch\u1ea5t L\u01b0\u1ee3ng &#8211; Gi\u00e1 c\u1ea3 h\u1ee3p l\u00fd &#8211; H\u1ed7 tr\u1ee3 k\u0129 thu\u1eadt chuy\u00ean nghi\u1ec7p &#8211; Giao h\u00e0ng Nhanh ch\u00f3ng &#8211; B\u1ea3o h\u00e0nh \u0111\u1ea7y \u0111\u1ee7 &#8211; Ngu\u1ed3n g\u1ed1c xu\u1ea5t x\u1ee9 r\u00f5 r\u00e0ng<\/div>\n<\/div>\n<div>\n<div dir=\"auto\"><\/div>\n<div dir=\"auto\">Qu\u00fd kh\u00e1ch h\u00e3y li\u00ean h\u1ec7 <strong><span style=\"color: #ff6600;\">PCH<\/span><\/strong> \u0111\u1ec3 \u0111\u01b0\u1ee3c T\u01b0 V\u1ea5n Nhi\u1ec7t T\u00ecnh v\u00e0 B\u00e1o Gi\u00e1 T\u1ed1t:<\/div>\n<div dir=\"auto\"><\/div>\n<div dir=\"auto\">&#8211; Email: info@pc-holding.vn<\/div>\n<\/div>\n<div dir=\"auto\"><\/div>\n<div dir=\"auto\"><img decoding=\"async\" class=\"aligncenter wp-image-2806\" src=\"https:\/\/pc-holding.vn\/wp-content\/uploads\/2023\/03\/Mua-khop-noi-nhanh-quick-coupling-DNP-o-dau-Ha-Noi.jpg\" alt=\"Mua kh\u1edbp n\u1ed1i nhanh quick coupling DNP \u1edf \u0111\u00e2u H\u00e0 N\u1ed9i\" width=\"600\" height=\"450\" srcset=\"https:\/\/pc-holding.vn\/wp-content\/uploads\/2023\/03\/Mua-khop-noi-nhanh-quick-coupling-DNP-o-dau-Ha-Noi.jpg 960w, https:\/\/pc-holding.vn\/wp-content\/uploads\/2023\/03\/Mua-khop-noi-nhanh-quick-coupling-DNP-o-dau-Ha-Noi-300x225.jpg 300w, https:\/\/pc-holding.vn\/wp-content\/uploads\/2023\/03\/Mua-khop-noi-nhanh-quick-coupling-DNP-o-dau-Ha-Noi-768x576.jpg 768w, https:\/\/pc-holding.vn\/wp-content\/uploads\/2023\/03\/Mua-khop-noi-nhanh-quick-coupling-DNP-o-dau-Ha-Noi-600x450.jpg 600w\" sizes=\"(max-width: 600px) 100vw, 600px\" \/><\/div>\n<div dir=\"auto\"><img decoding=\"async\" class=\"aligncenter wp-image-2808\" src=\"https:\/\/pc-holding.vn\/wp-content\/uploads\/2023\/03\/Dai-ly-DNP-Viet-Nam-Quick-Couplings-Italy-gia-tot.jpg\" alt=\"\u0110\u1ea1i l\u00fd DNP Vi\u1ec7t Nam, Quick Couplings Italy gi\u00e1 t\u1ed1t\" width=\"600\" height=\"814\" srcset=\"https:\/\/pc-holding.vn\/wp-content\/uploads\/2023\/03\/Dai-ly-DNP-Viet-Nam-Quick-Couplings-Italy-gia-tot.jpg 1350w, https:\/\/pc-holding.vn\/wp-content\/uploads\/2023\/03\/Dai-ly-DNP-Viet-Nam-Quick-Couplings-Italy-gia-tot-221x300.jpg 221w, https:\/\/pc-holding.vn\/wp-content\/uploads\/2023\/03\/Dai-ly-DNP-Viet-Nam-Quick-Couplings-Italy-gia-tot-755x1024.jpg 755w, https:\/\/pc-holding.vn\/wp-content\/uploads\/2023\/03\/Dai-ly-DNP-Viet-Nam-Quick-Couplings-Italy-gia-tot-768x1042.jpg 768w, https:\/\/pc-holding.vn\/wp-content\/uploads\/2023\/03\/Dai-ly-DNP-Viet-Nam-Quick-Couplings-Italy-gia-tot-1132x1536.jpg 1132w, https:\/\/pc-holding.vn\/wp-content\/uploads\/2023\/03\/Dai-ly-DNP-Viet-Nam-Quick-Couplings-Italy-gia-tot-600x814.jpg 600w\" sizes=\"(max-width: 600px) 100vw, 600px\" \/><\/div>\n","protected":false},"excerpt":{"rendered":"<div>\n<div dir=\"auto\">. Lo\u1ea1i: Quick Coupling ISO A<\/div>\n<div dir=\"auto\">. Ti\u00eau chu\u1ea9n: ISO 7241 A<\/div>\n<div dir=\"auto\">. V\u1eadt li\u1ec7u: Th\u00e9p cacbon<\/div>\n<div dir=\"auto\">. K\u1ebft n\u1ed1i ren: BSP-NPT-Rc-SAE<\/div>\n<div dir=\"auto\">. Nhi\u1ec7t \u0111\u1ed9 l\u00e0m vi\u1ec7c: -25 \u00b0C +100 \u00b0C<\/div>\n<div dir=\"auto\">. \u00c1p su\u1ea5t ho\u1ea1t \u0111\u1ed9ng: 160 bar -&gt; 350 bar (t\u00f9y size)<\/div>\n<\/div>\n<div dir=\"auto\"><\/div>\n","protected":false},"featured_media":2802,"comment_status":"closed","ping_status":"closed","template":"","meta":{"_acf_changed":false},"product_brand":[],"product_cat":[34],"product_tag":[210,206,211,205,209,213,212,208,207],"class_list":{"0":"post-2801","1":"product","2":"type-product","3":"status-publish","4":"has-post-thumbnail","6":"product_cat-khop-noi-nhanh","7":"product_tag-cut-noi-nhanh-thuy-luc","8":"product_tag-dnp-viet-nam","9":"product_tag-dau-noi-nhanh-thuy-luc","10":"product_tag-khop-noi-nhanh-dnp","11":"product_tag-khop-noi-nhanh-gia-re","12":"product_tag-khop-noi-nhanh-ha-noi","13":"product_tag-mua-khop-noi-nhanh-o-dau","14":"product_tag-nha-cung-cap-khop-noi-nhanh-dnp","15":"product_tag-quick-coupling-dnp","17":"first","18":"instock","19":"shipping-taxable","20":"product-type-simple"},"acf":[],"yoast_head":"<!-- This site is optimized with the Yoast SEO plugin v27.4 - https:\/\/yoast.com\/product\/yoast-seo-wordpress\/ -->\n<title>Kh\u1edbp n\u1ed1i nhanh DNP PAV1 Italy ch\u00ednh h\u00e3ng gi\u00e1 t\u1ed1t - Phu Cuong Holding Corporation<\/title>\n<meta name=\"description\" content=\"Ph\u00fa C\u01b0\u1eddng Holding cung c\u1ea5p Kh\u1edbp n\u1ed1i nhanh thu\u1ef7 l\u1ef1c DNP PAV1 ch\u00ednh h\u00e3ng, made in Italy. Lo\u1ea1i Quick Coupling ISO A, ISO 7241 A. K\u1ebft n\u1ed1i ren BSP, NPT, Rc, SAE\" \/>\n<meta name=\"robots\" content=\"index, follow, max-snippet:-1, max-image-preview:large, max-video-preview:-1\" \/>\n<link rel=\"canonical\" href=\"https:\/\/pc-holding.vn\/en\/san-pham\/khop-noi-nhanh-dnp-pav1-italy-chinh-hang-gia-tot\/\" \/>\n<meta property=\"og:locale\" content=\"en_US\" \/>\n<meta property=\"og:type\" content=\"article\" \/>\n<meta property=\"og:title\" content=\"Kh\u1edbp n\u1ed1i nhanh DNP PAV1 Italy ch\u00ednh h\u00e3ng gi\u00e1 t\u1ed1t - Phu Cuong Holding Corporation\" \/>\n<meta property=\"og:description\" content=\"Ph\u00fa C\u01b0\u1eddng Holding cung c\u1ea5p Kh\u1edbp n\u1ed1i nhanh thu\u1ef7 l\u1ef1c DNP PAV1 ch\u00ednh h\u00e3ng, made in Italy. Lo\u1ea1i Quick Coupling ISO A, ISO 7241 A. K\u1ebft n\u1ed1i ren BSP, NPT, Rc, SAE\" \/>\n<meta property=\"og:url\" content=\"https:\/\/pc-holding.vn\/en\/san-pham\/khop-noi-nhanh-dnp-pav1-italy-chinh-hang-gia-tot\/\" \/>\n<meta property=\"og:site_name\" content=\"Phu Cuong Holding Corporation\" \/>\n<meta property=\"article:modified_time\" content=\"2023-03-10T07:23:08+00:00\" \/>\n<meta property=\"og:image\" content=\"https:\/\/pc-holding.vn\/wp-content\/uploads\/2023\/03\/Khop-noi-nhanh-DNP-PAV1-Italy-chinh-hang-gia-tot.jpg\" \/>\n\t<meta property=\"og:image:width\" content=\"720\" \/>\n\t<meta property=\"og:image:height\" content=\"960\" \/>\n\t<meta property=\"og:image:type\" content=\"image\/jpeg\" \/>\n<meta name=\"twitter:card\" content=\"summary_large_image\" \/>\n<meta name=\"twitter:label1\" content=\"Est. reading time\" \/>\n\t<meta name=\"twitter:data1\" content=\"4 minutes\" \/>\n<script type=\"application\/ld+json\" class=\"yoast-schema-graph\">{\"@context\":\"https:\\\/\\\/schema.org\",\"@graph\":[{\"@type\":\"WebPage\",\"@id\":\"https:\\\/\\\/pc-holding.vn\\\/en\\\/san-pham\\\/khop-noi-nhanh-dnp-pav1-italy-chinh-hang-gia-tot\\\/\",\"url\":\"https:\\\/\\\/pc-holding.vn\\\/en\\\/san-pham\\\/khop-noi-nhanh-dnp-pav1-italy-chinh-hang-gia-tot\\\/\",\"name\":\"Kh\u1edbp n\u1ed1i nhanh DNP PAV1 Italy ch\u00ednh h\u00e3ng gi\u00e1 t\u1ed1t - Phu Cuong Holding Corporation\",\"isPartOf\":{\"@id\":\"https:\\\/\\\/pc-holding.vn\\\/en\\\/#website\"},\"primaryImageOfPage\":{\"@id\":\"https:\\\/\\\/pc-holding.vn\\\/en\\\/san-pham\\\/khop-noi-nhanh-dnp-pav1-italy-chinh-hang-gia-tot\\\/#primaryimage\"},\"image\":{\"@id\":\"https:\\\/\\\/pc-holding.vn\\\/en\\\/san-pham\\\/khop-noi-nhanh-dnp-pav1-italy-chinh-hang-gia-tot\\\/#primaryimage\"},\"thumbnailUrl\":\"https:\\\/\\\/pc-holding.vn\\\/wp-content\\\/uploads\\\/2023\\\/03\\\/Khop-noi-nhanh-DNP-PAV1-Italy-chinh-hang-gia-tot.jpg\",\"datePublished\":\"2023-03-10T07:23:06+00:00\",\"dateModified\":\"2023-03-10T07:23:08+00:00\",\"description\":\"Ph\u00fa C\u01b0\u1eddng Holding cung c\u1ea5p Kh\u1edbp n\u1ed1i nhanh thu\u1ef7 l\u1ef1c DNP PAV1 ch\u00ednh h\u00e3ng, made in Italy. Lo\u1ea1i Quick Coupling ISO A, ISO 7241 A. K\u1ebft n\u1ed1i ren BSP, NPT, Rc, SAE\",\"breadcrumb\":{\"@id\":\"https:\\\/\\\/pc-holding.vn\\\/en\\\/san-pham\\\/khop-noi-nhanh-dnp-pav1-italy-chinh-hang-gia-tot\\\/#breadcrumb\"},\"inLanguage\":\"en-US\",\"potentialAction\":[{\"@type\":\"ReadAction\",\"target\":[\"https:\\\/\\\/pc-holding.vn\\\/en\\\/san-pham\\\/khop-noi-nhanh-dnp-pav1-italy-chinh-hang-gia-tot\\\/\"]}]},{\"@type\":\"ImageObject\",\"inLanguage\":\"en-US\",\"@id\":\"https:\\\/\\\/pc-holding.vn\\\/en\\\/san-pham\\\/khop-noi-nhanh-dnp-pav1-italy-chinh-hang-gia-tot\\\/#primaryimage\",\"url\":\"https:\\\/\\\/pc-holding.vn\\\/wp-content\\\/uploads\\\/2023\\\/03\\\/Khop-noi-nhanh-DNP-PAV1-Italy-chinh-hang-gia-tot.jpg\",\"contentUrl\":\"https:\\\/\\\/pc-holding.vn\\\/wp-content\\\/uploads\\\/2023\\\/03\\\/Khop-noi-nhanh-DNP-PAV1-Italy-chinh-hang-gia-tot.jpg\",\"width\":720,\"height\":960},{\"@type\":\"BreadcrumbList\",\"@id\":\"https:\\\/\\\/pc-holding.vn\\\/en\\\/san-pham\\\/khop-noi-nhanh-dnp-pav1-italy-chinh-hang-gia-tot\\\/#breadcrumb\",\"itemListElement\":[{\"@type\":\"ListItem\",\"position\":1,\"name\":\"Trang ch\u1ee7\",\"item\":\"https:\\\/\\\/www.pc-holding.vn\\\/en\\\/\"},{\"@type\":\"ListItem\",\"position\":2,\"name\":\"Product\",\"item\":\"https:\\\/\\\/pc-holding.vn\\\/en\\\/product\\\/\"},{\"@type\":\"ListItem\",\"position\":3,\"name\":\"Kh\u1edbp n\u1ed1i nhanh DNP PAV1 Italy ch\u00ednh h\u00e3ng gi\u00e1 t\u1ed1t\"}]},{\"@type\":\"WebSite\",\"@id\":\"https:\\\/\\\/pc-holding.vn\\\/en\\\/#website\",\"url\":\"https:\\\/\\\/pc-holding.vn\\\/en\\\/\",\"name\":\"Phu Cuong Holding Corporation\",\"description\":\"\",\"potentialAction\":[{\"@type\":\"SearchAction\",\"target\":{\"@type\":\"EntryPoint\",\"urlTemplate\":\"https:\\\/\\\/pc-holding.vn\\\/en\\\/?s={search_term_string}\"},\"query-input\":{\"@type\":\"PropertyValueSpecification\",\"valueRequired\":true,\"valueName\":\"search_term_string\"}}],\"inLanguage\":\"en-US\"}]}<\/script>\n<!-- \/ Yoast SEO plugin. -->","yoast_head_json":{"title":"Kh\u1edbp n\u1ed1i nhanh DNP PAV1 Italy ch\u00ednh h\u00e3ng gi\u00e1 t\u1ed1t - Phu Cuong Holding Corporation","description":"Ph\u00fa C\u01b0\u1eddng Holding cung c\u1ea5p Kh\u1edbp n\u1ed1i nhanh thu\u1ef7 l\u1ef1c DNP PAV1 ch\u00ednh h\u00e3ng, made in Italy. Lo\u1ea1i Quick Coupling ISO A, ISO 7241 A. K\u1ebft n\u1ed1i ren BSP, NPT, Rc, SAE","robots":{"index":"index","follow":"follow","max-snippet":"max-snippet:-1","max-image-preview":"max-image-preview:large","max-video-preview":"max-video-preview:-1"},"canonical":"https:\/\/pc-holding.vn\/en\/san-pham\/khop-noi-nhanh-dnp-pav1-italy-chinh-hang-gia-tot\/","og_locale":"en_US","og_type":"article","og_title":"Kh\u1edbp n\u1ed1i nhanh DNP PAV1 Italy ch\u00ednh h\u00e3ng gi\u00e1 t\u1ed1t - Phu Cuong Holding Corporation","og_description":"Ph\u00fa C\u01b0\u1eddng Holding cung c\u1ea5p Kh\u1edbp n\u1ed1i nhanh thu\u1ef7 l\u1ef1c DNP PAV1 ch\u00ednh h\u00e3ng, made in Italy. Lo\u1ea1i Quick Coupling ISO A, ISO 7241 A. K\u1ebft n\u1ed1i ren BSP, NPT, Rc, SAE","og_url":"https:\/\/pc-holding.vn\/en\/san-pham\/khop-noi-nhanh-dnp-pav1-italy-chinh-hang-gia-tot\/","og_site_name":"Phu Cuong Holding Corporation","article_modified_time":"2023-03-10T07:23:08+00:00","og_image":[{"width":720,"height":960,"url":"https:\/\/pc-holding.vn\/wp-content\/uploads\/2023\/03\/Khop-noi-nhanh-DNP-PAV1-Italy-chinh-hang-gia-tot.jpg","type":"image\/jpeg"}],"twitter_card":"summary_large_image","twitter_misc":{"Est. reading time":"4 minutes"},"schema":{"@context":"https:\/\/schema.org","@graph":[{"@type":"WebPage","@id":"https:\/\/pc-holding.vn\/en\/san-pham\/khop-noi-nhanh-dnp-pav1-italy-chinh-hang-gia-tot\/","url":"https:\/\/pc-holding.vn\/en\/san-pham\/khop-noi-nhanh-dnp-pav1-italy-chinh-hang-gia-tot\/","name":"Kh\u1edbp n\u1ed1i nhanh DNP PAV1 Italy ch\u00ednh h\u00e3ng gi\u00e1 t\u1ed1t - Phu Cuong Holding Corporation","isPartOf":{"@id":"https:\/\/pc-holding.vn\/en\/#website"},"primaryImageOfPage":{"@id":"https:\/\/pc-holding.vn\/en\/san-pham\/khop-noi-nhanh-dnp-pav1-italy-chinh-hang-gia-tot\/#primaryimage"},"image":{"@id":"https:\/\/pc-holding.vn\/en\/san-pham\/khop-noi-nhanh-dnp-pav1-italy-chinh-hang-gia-tot\/#primaryimage"},"thumbnailUrl":"https:\/\/pc-holding.vn\/wp-content\/uploads\/2023\/03\/Khop-noi-nhanh-DNP-PAV1-Italy-chinh-hang-gia-tot.jpg","datePublished":"2023-03-10T07:23:06+00:00","dateModified":"2023-03-10T07:23:08+00:00","description":"Ph\u00fa C\u01b0\u1eddng Holding cung c\u1ea5p Kh\u1edbp n\u1ed1i nhanh thu\u1ef7 l\u1ef1c DNP PAV1 ch\u00ednh h\u00e3ng, made in Italy. Lo\u1ea1i Quick Coupling ISO A, ISO 7241 A. K\u1ebft n\u1ed1i ren BSP, NPT, Rc, SAE","breadcrumb":{"@id":"https:\/\/pc-holding.vn\/en\/san-pham\/khop-noi-nhanh-dnp-pav1-italy-chinh-hang-gia-tot\/#breadcrumb"},"inLanguage":"en-US","potentialAction":[{"@type":"ReadAction","target":["https:\/\/pc-holding.vn\/en\/san-pham\/khop-noi-nhanh-dnp-pav1-italy-chinh-hang-gia-tot\/"]}]},{"@type":"ImageObject","inLanguage":"en-US","@id":"https:\/\/pc-holding.vn\/en\/san-pham\/khop-noi-nhanh-dnp-pav1-italy-chinh-hang-gia-tot\/#primaryimage","url":"https:\/\/pc-holding.vn\/wp-content\/uploads\/2023\/03\/Khop-noi-nhanh-DNP-PAV1-Italy-chinh-hang-gia-tot.jpg","contentUrl":"https:\/\/pc-holding.vn\/wp-content\/uploads\/2023\/03\/Khop-noi-nhanh-DNP-PAV1-Italy-chinh-hang-gia-tot.jpg","width":720,"height":960},{"@type":"BreadcrumbList","@id":"https:\/\/pc-holding.vn\/en\/san-pham\/khop-noi-nhanh-dnp-pav1-italy-chinh-hang-gia-tot\/#breadcrumb","itemListElement":[{"@type":"ListItem","position":1,"name":"Trang ch\u1ee7","item":"https:\/\/www.pc-holding.vn\/en\/"},{"@type":"ListItem","position":2,"name":"Product","item":"https:\/\/pc-holding.vn\/en\/product\/"},{"@type":"ListItem","position":3,"name":"Kh\u1edbp n\u1ed1i nhanh DNP PAV1 Italy ch\u00ednh h\u00e3ng gi\u00e1 t\u1ed1t"}]},{"@type":"WebSite","@id":"https:\/\/pc-holding.vn\/en\/#website","url":"https:\/\/pc-holding.vn\/en\/","name":"Phu Cuong Holding Corporation","description":"","potentialAction":[{"@type":"SearchAction","target":{"@type":"EntryPoint","urlTemplate":"https:\/\/pc-holding.vn\/en\/?s={search_term_string}"},"query-input":{"@type":"PropertyValueSpecification","valueRequired":true,"valueName":"search_term_string"}}],"inLanguage":"en-US"}]}},"_links":{"self":[{"href":"https:\/\/pc-holding.vn\/en\/wp-json\/wp\/v2\/product\/2801","targetHints":{"allow":["GET"]}}],"collection":[{"href":"https:\/\/pc-holding.vn\/en\/wp-json\/wp\/v2\/product"}],"about":[{"href":"https:\/\/pc-holding.vn\/en\/wp-json\/wp\/v2\/types\/product"}],"replies":[{"embeddable":true,"href":"https:\/\/pc-holding.vn\/en\/wp-json\/wp\/v2\/comments?post=2801"}],"wp:featuredmedia":[{"embeddable":true,"href":"https:\/\/pc-holding.vn\/en\/wp-json\/wp\/v2\/media\/2802"}],"wp:attachment":[{"href":"https:\/\/pc-holding.vn\/en\/wp-json\/wp\/v2\/media?parent=2801"}],"wp:term":[{"taxonomy":"product_brand","embeddable":true,"href":"https:\/\/pc-holding.vn\/en\/wp-json\/wp\/v2\/product_brand?post=2801"},{"taxonomy":"product_cat","embeddable":true,"href":"https:\/\/pc-holding.vn\/en\/wp-json\/wp\/v2\/product_cat?post=2801"},{"taxonomy":"product_tag","embeddable":true,"href":"https:\/\/pc-holding.vn\/en\/wp-json\/wp\/v2\/product_tag?post=2801"}],"curies":[{"name":"wp","href":"https:\/\/api.w.org\/{rel}","templated":true}]}}