{"id":560,"date":"2021-10-11T12:44:41","date_gmt":"2021-10-11T05:44:41","guid":{"rendered":"http:\/\/pc-holding.webtogo.vn\/?post_type=product&#038;p=560"},"modified":"2021-11-05T14:08:47","modified_gmt":"2021-11-05T07:08:47","slug":"vo-bop-ong-thuy-luc","status":"publish","type":"product","link":"https:\/\/pc-holding.vn\/en\/san-pham\/vo-bop-ong-thuy-luc\/","title":{"rendered":"V\u1ecf b\u00f3p \u1ed1ng th\u1ee7y l\u1ef1c"},"content":{"rendered":"<p><strong>K\u00edch c\u1ee1<\/strong>: 1\/4&#8243; -&gt; 2&#8243;<br \/>\n<strong>Lo\u1ea1i<\/strong>: d\u00f9ng cho \u1ed1ng 1-&gt;6 l\u1edbp th\u00e9p<br \/>\n<strong>K\u1ebft c\u1ea5u<\/strong>: D\u00f9ng cho \u1ed1ng b\u00f3c v\u1ecf \/ Kh\u00f4ng b\u00f3c v\u1ecf<br \/>\n<strong>V\u1eadt li\u1ec7u<\/strong>: Th\u00e9p Cacbon, Innoc 316<\/p>\n<p><strong>H\u00e3ng s\u1ea3n xu\u1ea5t<\/strong>:\u00a0<em>Vitillo &#8211; Italy<\/em><\/p>\n<p>&nbsp;<\/p>\n<table border=\"0\" width=\"702\" cellspacing=\"0\" cellpadding=\"0\">\n<tbody>\n<tr>\n<td rowspan=\"2\" nowrap=\"nowrap\">\n<p align=\"center\"><strong>Item<\/strong><\/p>\n<\/td>\n<td rowspan=\"2\">\n<p align=\"center\"><strong>Descriptions<\/strong><\/p>\n<\/td>\n<td rowspan=\"2\">\n<p align=\"center\"><strong>Model<\/strong><\/p>\n<\/td>\n<td colspan=\"2\">\n<p align=\"center\"><strong>Hose size<\/strong><\/p>\n<\/td>\n<td colspan=\"3\">\n<p align=\"center\"><strong>Dimensions (mm)<\/strong><\/p>\n<\/td>\n<td><strong>Unit Price<\/strong><\/p>\n<p>&nbsp;<\/td>\n<\/tr>\n<tr>\n<td>\n<p align=\"center\"><strong>inch<\/strong><\/p>\n<\/td>\n<td>\n<p align=\"center\"><strong>Dash<\/strong><\/p>\n<\/td>\n<td>\n<p align=\"center\">D<\/p>\n<\/td>\n<td>\n<p align=\"center\">L<\/p>\n<\/td>\n<td>\n<p align=\"center\">Picture<\/p>\n<\/td>\n<td>\n<p align=\"center\">VND\/Ea<\/p>\n<\/td>\n<\/tr>\n<tr>\n<td nowrap=\"nowrap\">\n<p align=\"center\">1<\/p>\n<\/td>\n<td nowrap=\"nowrap\">Ferrule for 1,2 SN<\/td>\n<td>B12T03N<\/td>\n<td>\n<p align=\"center\">3\/16&#8243;<\/p>\n<\/td>\n<td>\n<p align=\"center\">-03<\/p>\n<\/td>\n<td>\n<p align=\"center\">21<\/p>\n<\/td>\n<td>\n<p align=\"center\">23<\/p>\n<\/td>\n<td rowspan=\"11\" nowrap=\"nowrap\">\n<p align=\"center\">P.1<\/p>\n<\/td>\n<td nowrap=\"nowrap\">\n<p align=\"right\">\n<\/td>\n<\/tr>\n<tr>\n<td nowrap=\"nowrap\">\n<p align=\"center\">2<\/p>\n<\/td>\n<td nowrap=\"nowrap\">Ferrule for 1,2 SN<\/td>\n<td nowrap=\"nowrap\">B12T04N<\/td>\n<td nowrap=\"nowrap\">\n<p align=\"center\">1\/4&#8243;<\/p>\n<\/td>\n<td nowrap=\"nowrap\">\n<p align=\"center\">&#8211; 04<\/p>\n<\/td>\n<td nowrap=\"nowrap\">\n<p align=\"center\">23<\/p>\n<\/td>\n<td nowrap=\"nowrap\">\n<p align=\"center\">30<\/p>\n<\/td>\n<td nowrap=\"nowrap\">\n<p align=\"right\">\n<\/td>\n<\/tr>\n<tr>\n<td nowrap=\"nowrap\">\n<p align=\"center\">3<\/p>\n<\/td>\n<td nowrap=\"nowrap\">Ferrule for 1,2 SN<\/td>\n<td nowrap=\"nowrap\">B12T05N<\/td>\n<td nowrap=\"nowrap\">\n<p align=\"center\">5\/16&#8243;<\/p>\n<\/td>\n<td nowrap=\"nowrap\">\n<p align=\"center\">-05<\/p>\n<\/td>\n<td nowrap=\"nowrap\">\n<p align=\"center\">24<\/p>\n<\/td>\n<td nowrap=\"nowrap\">\n<p align=\"center\">30<\/p>\n<\/td>\n<td nowrap=\"nowrap\">\n<p align=\"right\">\n<\/td>\n<\/tr>\n<tr>\n<td nowrap=\"nowrap\">\n<p align=\"center\">4<\/p>\n<\/td>\n<td nowrap=\"nowrap\">Ferrule for 1,2 SN<\/td>\n<td nowrap=\"nowrap\">B12T06N<\/td>\n<td nowrap=\"nowrap\">\n<p align=\"center\">3\/8&#8243;<\/p>\n<\/td>\n<td nowrap=\"nowrap\">\n<p align=\"center\">&#8211; 06<\/p>\n<\/td>\n<td nowrap=\"nowrap\">\n<p align=\"center\">26<\/p>\n<\/td>\n<td nowrap=\"nowrap\">\n<p align=\"center\">32<\/p>\n<\/td>\n<td nowrap=\"nowrap\">\n<p align=\"right\">\n<\/td>\n<\/tr>\n<tr>\n<td nowrap=\"nowrap\">\n<p align=\"center\">5<\/p>\n<\/td>\n<td nowrap=\"nowrap\">Ferrule for 1,2 SN<\/td>\n<td nowrap=\"nowrap\">B12T08N<\/td>\n<td nowrap=\"nowrap\">\n<p align=\"center\">1\/2&#8243;<\/p>\n<\/td>\n<td nowrap=\"nowrap\">\n<p align=\"center\">&#8211; 08<\/p>\n<\/td>\n<td nowrap=\"nowrap\">\n<p align=\"center\">29<\/p>\n<\/td>\n<td nowrap=\"nowrap\">\n<p align=\"center\">34<\/p>\n<\/td>\n<td nowrap=\"nowrap\">\n<p align=\"right\">\n<\/td>\n<\/tr>\n<tr>\n<td nowrap=\"nowrap\">\n<p align=\"center\">6<\/p>\n<\/td>\n<td nowrap=\"nowrap\">Ferrule for 1,2 SN<\/td>\n<td nowrap=\"nowrap\">B12T10N<\/td>\n<td nowrap=\"nowrap\">\n<p align=\"center\">5\/8&#8243;<\/p>\n<\/td>\n<td nowrap=\"nowrap\">\n<p align=\"center\">&#8211; 10<\/p>\n<\/td>\n<td nowrap=\"nowrap\">\n<p align=\"center\">33<\/p>\n<\/td>\n<td nowrap=\"nowrap\">\n<p align=\"center\">37<\/p>\n<\/td>\n<td nowrap=\"nowrap\">\n<p align=\"right\">\n<\/td>\n<\/tr>\n<tr>\n<td nowrap=\"nowrap\">\n<p align=\"center\">7<\/p>\n<\/td>\n<td nowrap=\"nowrap\">Ferrule for 1,2 SN<\/td>\n<td nowrap=\"nowrap\">B12T12N<\/td>\n<td nowrap=\"nowrap\">\n<p align=\"center\">3\/4&#8243;<\/p>\n<\/td>\n<td nowrap=\"nowrap\">\n<p align=\"center\">&#8211; 12<\/p>\n<\/td>\n<td nowrap=\"nowrap\">\n<p align=\"center\">37<\/p>\n<\/td>\n<td nowrap=\"nowrap\">\n<p align=\"center\">42<\/p>\n<\/td>\n<td nowrap=\"nowrap\">\n<p align=\"right\">\n<\/td>\n<\/tr>\n<tr>\n<td nowrap=\"nowrap\">\n<p align=\"center\">8<\/p>\n<\/td>\n<td nowrap=\"nowrap\">Ferrule for 1,2 SN<\/td>\n<td nowrap=\"nowrap\">B12T16N<\/td>\n<td nowrap=\"nowrap\">\n<p align=\"center\">1&#8243;<\/p>\n<\/td>\n<td nowrap=\"nowrap\">\n<p align=\"center\">&#8211; 16<\/p>\n<\/td>\n<td nowrap=\"nowrap\">\n<p align=\"center\">46<\/p>\n<\/td>\n<td nowrap=\"nowrap\">\n<p align=\"center\">51<\/p>\n<\/td>\n<td nowrap=\"nowrap\">\n<p align=\"right\">\n<\/td>\n<\/tr>\n<tr>\n<td nowrap=\"nowrap\">\n<p align=\"center\">9<\/p>\n<\/td>\n<td nowrap=\"nowrap\">Ferrule for 1,2 SN<\/td>\n<td nowrap=\"nowrap\">B12T20N<\/td>\n<td nowrap=\"nowrap\">\n<p align=\"center\">1.1\/4&#8243;<\/p>\n<\/td>\n<td nowrap=\"nowrap\">\n<p align=\"center\">&#8211; 20<\/p>\n<\/td>\n<td nowrap=\"nowrap\">\n<p align=\"center\">59<\/p>\n<\/td>\n<td nowrap=\"nowrap\">\n<p align=\"center\">59<\/p>\n<\/td>\n<td nowrap=\"nowrap\">\n<p align=\"right\">\n<\/td>\n<\/tr>\n<tr>\n<td nowrap=\"nowrap\">\n<p align=\"center\">10<\/p>\n<\/td>\n<td nowrap=\"nowrap\">Ferrule for 1,2 SN<\/td>\n<td nowrap=\"nowrap\">B12T24N<\/td>\n<td nowrap=\"nowrap\">\n<p align=\"center\">1.1\/2&#8243;<\/p>\n<\/td>\n<td nowrap=\"nowrap\">\n<p align=\"center\">&#8211; 24<\/p>\n<\/td>\n<td nowrap=\"nowrap\">\n<p align=\"center\">67<\/p>\n<\/td>\n<td nowrap=\"nowrap\">\n<p align=\"center\">67<\/p>\n<\/td>\n<td nowrap=\"nowrap\">\n<p align=\"right\">\n<\/td>\n<\/tr>\n<tr>\n<td nowrap=\"nowrap\">\n<p align=\"center\">11<\/p>\n<\/td>\n<td nowrap=\"nowrap\">Ferrule for 1,2 SN<\/td>\n<td nowrap=\"nowrap\">B12T32N<\/td>\n<td nowrap=\"nowrap\">\n<p align=\"center\">2&#8243;<\/p>\n<\/td>\n<td nowrap=\"nowrap\">\n<p align=\"center\">&#8211; 32<\/p>\n<\/td>\n<td nowrap=\"nowrap\">\n<p align=\"center\">80<\/p>\n<\/td>\n<td nowrap=\"nowrap\">\n<p align=\"center\">72<\/p>\n<\/td>\n<td nowrap=\"nowrap\">\n<p align=\"right\">\n<\/td>\n<\/tr>\n<tr>\n<td nowrap=\"nowrap\">\n<p align=\"center\">12<\/p>\n<\/td>\n<td nowrap=\"nowrap\">Ferrule for 4SP\/R12<\/td>\n<td nowrap=\"nowrap\">B9R06<\/td>\n<td nowrap=\"nowrap\">\n<p align=\"center\">3\/8&#8243;<\/p>\n<\/td>\n<td nowrap=\"nowrap\">\n<p align=\"center\">&#8211; 06<\/p>\n<\/td>\n<td nowrap=\"nowrap\">\n<p align=\"center\">26<\/p>\n<\/td>\n<td nowrap=\"nowrap\">\n<p align=\"center\">32<\/p>\n<\/td>\n<td rowspan=\"8\" nowrap=\"nowrap\">\n<p align=\"center\">P.2<\/p>\n<\/td>\n<td nowrap=\"nowrap\">\n<p align=\"right\">\n<\/td>\n<\/tr>\n<tr>\n<td nowrap=\"nowrap\">\n<p align=\"center\">13<\/p>\n<\/td>\n<td nowrap=\"nowrap\">Ferrule for 4SP\/R12<\/td>\n<td nowrap=\"nowrap\">B9R08<\/td>\n<td nowrap=\"nowrap\">\n<p align=\"center\">1\/2&#8243;<\/p>\n<\/td>\n<td nowrap=\"nowrap\">\n<p align=\"center\">&#8211; 08<\/p>\n<\/td>\n<td nowrap=\"nowrap\">\n<p align=\"center\">30<\/p>\n<\/td>\n<td nowrap=\"nowrap\">\n<p align=\"center\">34<\/p>\n<\/td>\n<td nowrap=\"nowrap\">\n<p align=\"right\">\n<\/td>\n<\/tr>\n<tr>\n<td nowrap=\"nowrap\">\n<p align=\"center\">14<\/p>\n<\/td>\n<td nowrap=\"nowrap\">Ferrule for 4SP\/R12<\/td>\n<td nowrap=\"nowrap\">B9R10<\/td>\n<td nowrap=\"nowrap\">\n<p align=\"center\">5\/8&#8243;<\/p>\n<\/td>\n<td nowrap=\"nowrap\">\n<p align=\"center\">&#8211; 10<\/p>\n<\/td>\n<td nowrap=\"nowrap\">\n<p align=\"center\">34<\/p>\n<\/td>\n<td nowrap=\"nowrap\">\n<p align=\"center\">40<\/p>\n<\/td>\n<td nowrap=\"nowrap\">\n<p align=\"right\">\n<\/td>\n<\/tr>\n<tr>\n<td nowrap=\"nowrap\">\n<p align=\"center\">15<\/p>\n<\/td>\n<td nowrap=\"nowrap\">Ferrule for 4SP\/R12<\/td>\n<td nowrap=\"nowrap\">B9R12<\/td>\n<td nowrap=\"nowrap\">\n<p align=\"center\">3\/4&#8243;<\/p>\n<\/td>\n<td nowrap=\"nowrap\">\n<p align=\"center\">&#8211; 12<\/p>\n<\/td>\n<td nowrap=\"nowrap\">\n<p align=\"center\">38<\/p>\n<\/td>\n<td nowrap=\"nowrap\">\n<p align=\"center\">45,2<\/p>\n<\/td>\n<td nowrap=\"nowrap\">\n<p align=\"right\">\n<\/td>\n<\/tr>\n<tr>\n<td nowrap=\"nowrap\">\n<p align=\"center\">16<\/p>\n<\/td>\n<td nowrap=\"nowrap\">Ferrule for 4SP\/R12<\/td>\n<td nowrap=\"nowrap\">B9R16<\/td>\n<td nowrap=\"nowrap\">\n<p align=\"center\">1&#8243;<\/p>\n<\/td>\n<td nowrap=\"nowrap\">\n<p align=\"center\">&#8211; 16<\/p>\n<\/td>\n<td nowrap=\"nowrap\">\n<p align=\"center\">46<\/p>\n<\/td>\n<td nowrap=\"nowrap\">\n<p align=\"center\">60<\/p>\n<\/td>\n<td nowrap=\"nowrap\">\n<p align=\"right\">\n<\/td>\n<\/tr>\n<tr>\n<td nowrap=\"nowrap\">\n<p align=\"center\">17<\/p>\n<\/td>\n<td nowrap=\"nowrap\">Ferrule for 4SP\/R12<\/td>\n<td nowrap=\"nowrap\">B9R20<\/td>\n<td nowrap=\"nowrap\">\n<p align=\"center\">1.1\/4&#8243;<\/p>\n<\/td>\n<td nowrap=\"nowrap\">\n<p align=\"center\">&#8211; 20<\/p>\n<\/td>\n<td nowrap=\"nowrap\">\n<p align=\"center\">56<\/p>\n<\/td>\n<td nowrap=\"nowrap\">\n<p align=\"center\">66<\/p>\n<\/td>\n<td nowrap=\"nowrap\">\n<p align=\"right\">\n<\/td>\n<\/tr>\n<tr>\n<td nowrap=\"nowrap\">\n<p align=\"center\">18<\/p>\n<\/td>\n<td nowrap=\"nowrap\">Ferrule for 4SP\/R12<\/td>\n<td nowrap=\"nowrap\">B9R24<\/td>\n<td nowrap=\"nowrap\">\n<p align=\"center\">1.1\/2&#8243;<\/p>\n<\/td>\n<td nowrap=\"nowrap\">\n<p align=\"center\">&#8211; 24<\/p>\n<\/td>\n<td nowrap=\"nowrap\">\n<p align=\"center\">65<\/p>\n<\/td>\n<td nowrap=\"nowrap\">\n<p align=\"center\">76,5<\/p>\n<\/td>\n<td nowrap=\"nowrap\">\n<p align=\"right\">\n<\/td>\n<\/tr>\n<tr>\n<td nowrap=\"nowrap\">\n<p align=\"center\">19<\/p>\n<\/td>\n<td nowrap=\"nowrap\">Ferrule for 4SP\/R12<\/td>\n<td nowrap=\"nowrap\">B9R32<\/td>\n<td nowrap=\"nowrap\">\n<p align=\"center\">2&#8243;<\/p>\n<\/td>\n<td nowrap=\"nowrap\">\n<p align=\"center\">&#8211; 32<\/p>\n<\/td>\n<td nowrap=\"nowrap\">\n<p align=\"center\">80<\/p>\n<\/td>\n<td nowrap=\"nowrap\">\n<p align=\"center\">80<\/p>\n<\/td>\n<td nowrap=\"nowrap\">\n<p align=\"right\">\n<\/td>\n<\/tr>\n<tr>\n<td nowrap=\"nowrap\">\n<p align=\"center\">20<\/p>\n<\/td>\n<td nowrap=\"nowrap\">Ferrule for 4SH<\/td>\n<td nowrap=\"nowrap\">B4SH20<\/td>\n<td nowrap=\"nowrap\">\n<p align=\"center\">1.1\/4&#8243;<\/p>\n<\/td>\n<td nowrap=\"nowrap\">\n<p align=\"center\">&#8211; 20<\/p>\n<\/td>\n<td nowrap=\"nowrap\">\n<p align=\"center\">52<\/p>\n<\/td>\n<td nowrap=\"nowrap\">\n<p align=\"center\">66<\/p>\n<\/td>\n<td rowspan=\"3\" nowrap=\"nowrap\">\n<p align=\"center\">P.3<\/p>\n<\/td>\n<td nowrap=\"nowrap\">\n<p align=\"right\">\n<\/td>\n<\/tr>\n<tr>\n<td nowrap=\"nowrap\">\n<p align=\"center\">21<\/p>\n<\/td>\n<td nowrap=\"nowrap\">Ferrule for 4SH<\/td>\n<td nowrap=\"nowrap\">B4SH24<\/td>\n<td nowrap=\"nowrap\">\n<p align=\"center\">1.1\/2&#8243;<\/p>\n<\/td>\n<td nowrap=\"nowrap\">\n<p align=\"center\">&#8211; 24<\/p>\n<\/td>\n<td nowrap=\"nowrap\">\n<p align=\"center\">62<\/p>\n<\/td>\n<td nowrap=\"nowrap\">\n<p align=\"center\">76,5<\/p>\n<\/td>\n<td nowrap=\"nowrap\">\n<p align=\"right\">\n<\/td>\n<\/tr>\n<tr>\n<td nowrap=\"nowrap\">\n<p align=\"center\">22<\/p>\n<\/td>\n<td nowrap=\"nowrap\">Ferrule for 4SH<\/td>\n<td nowrap=\"nowrap\">B4SH32<\/td>\n<td nowrap=\"nowrap\">\n<p align=\"center\">2&#8243;<\/p>\n<\/td>\n<td nowrap=\"nowrap\">\n<p align=\"center\">&#8211; 32<\/p>\n<\/td>\n<td nowrap=\"nowrap\">\n<p align=\"center\">75<\/p>\n<\/td>\n<td nowrap=\"nowrap\">\n<p align=\"center\">80<\/p>\n<\/td>\n<td nowrap=\"nowrap\">\n<p align=\"right\">\n<\/td>\n<\/tr>\n<tr>\n<td nowrap=\"nowrap\">\n<p align=\"center\">23<\/p>\n<\/td>\n<td nowrap=\"nowrap\">Ferrule for R13\/R15<\/td>\n<td nowrap=\"nowrap\">KB4SH16<\/td>\n<td nowrap=\"nowrap\">\n<p align=\"center\">1&#8243;<\/p>\n<\/td>\n<td nowrap=\"nowrap\">\n<p align=\"center\">&#8211; 16<\/p>\n<\/td>\n<td nowrap=\"nowrap\">\n<p align=\"center\">46<\/p>\n<\/td>\n<td nowrap=\"nowrap\">\n<p align=\"center\">74,5<\/p>\n<\/td>\n<td nowrap=\"nowrap\">\n<p align=\"center\">P.4<\/p>\n<\/td>\n<td nowrap=\"nowrap\">\n<p align=\"right\">\n<\/td>\n<\/tr>\n<tr>\n<td nowrap=\"nowrap\">\n<p align=\"center\">24<\/p>\n<\/td>\n<td nowrap=\"nowrap\">Ferrule for R13\/R15<\/td>\n<td nowrap=\"nowrap\">KBH1320<\/td>\n<td nowrap=\"nowrap\">\n<p align=\"center\">1.1\/4&#8243;<\/p>\n<\/td>\n<td nowrap=\"nowrap\">\n<p align=\"center\">&#8211; 20<\/p>\n<\/td>\n<td nowrap=\"nowrap\">\n<p align=\"center\">56<\/p>\n<\/td>\n<td nowrap=\"nowrap\">\n<p align=\"center\">87,8<\/p>\n<\/td>\n<td rowspan=\"3\" nowrap=\"nowrap\">\n<p align=\"center\">P.5<\/p>\n<\/td>\n<td nowrap=\"nowrap\">\n<p align=\"right\">\n<\/td>\n<\/tr>\n<tr>\n<td nowrap=\"nowrap\">\n<p align=\"center\">25<\/p>\n<\/td>\n<td nowrap=\"nowrap\">Ferrule for R13\/R15<\/td>\n<td nowrap=\"nowrap\">KBH1324<\/td>\n<td nowrap=\"nowrap\">\n<p align=\"center\">1.1\/2&#8243;<\/p>\n<\/td>\n<td nowrap=\"nowrap\">\n<p align=\"center\">&#8211; 24<\/p>\n<\/td>\n<td nowrap=\"nowrap\">\n<p align=\"center\">62<\/p>\n<\/td>\n<td nowrap=\"nowrap\">\n<p align=\"center\">94,4<\/p>\n<\/td>\n<td nowrap=\"nowrap\">\n<p align=\"right\">\n<\/td>\n<\/tr>\n<tr>\n<td nowrap=\"nowrap\">\n<p align=\"center\">26<\/p>\n<\/td>\n<td nowrap=\"nowrap\">Ferrule for R13\/R15<\/td>\n<td nowrap=\"nowrap\">KBH1332<\/td>\n<td nowrap=\"nowrap\">\n<p align=\"center\">2&#8243;<\/p>\n<\/td>\n<td nowrap=\"nowrap\">\n<p align=\"center\">&#8211; 32<\/p>\n<\/td>\n<td nowrap=\"nowrap\">\n<p align=\"center\">79,5<\/p>\n<\/td>\n<td nowrap=\"nowrap\">\n<p align=\"center\">99<\/p>\n<\/td>\n<td nowrap=\"nowrap\">\n<p align=\"right\">\n<\/td>\n<\/tr>\n<tr>\n<td colspan=\"9\"><em>&#8211;\u00a0 The price is for referent only, please contact us for updated price and other size.<\/em><\/td>\n<\/tr>\n<\/tbody>\n<\/table>\n","protected":false},"excerpt":{"rendered":"<ul class=\"product_info\">\n<li>D\u00f9ng cho \u0111\u1ea7u \u1ed1ng th\u1ee7y l\u1ef1c 1 \u0111\u1ebfn 6 l\u1edbp b\u1ed1 th\u00e9p<\/li>\n<li>K\u00edch c\u1ee1: 1\/4&#8243; -&gt; 2&#8243;<\/li>\n<li>Lo\u1ea1i: d\u00f9ng cho \u1ed1ng 1-&gt;6 l\u1edbp th\u00e9p<\/li>\n<li>K\u1ebft c\u1ea5u: D\u00f9ng cho \u1ed1ng b\u00f3c v\u1ecf \/ Kh\u00f4ng b\u00f3c v\u1ecf<\/li>\n<li>V\u1eadt li\u1ec7u: Th\u00e9p Cacbon, Innoc 316<\/li>\n<li>H\u00e3ng s\u1ea3n xu\u1ea5t: Vitillo &#8211; Italy<\/li>\n<\/ul>\n","protected":false},"featured_media":1543,"comment_status":"closed","ping_status":"closed","template":"","meta":{"_acf_changed":false},"product_brand":[],"product_cat":[18,26],"product_tag":[],"class_list":{"0":"post-560","1":"product","2":"type-product","3":"status-publish","4":"has-post-thumbnail","6":"product_cat-ong-mem-dau-bam-va-may-lam-ong","7":"product_cat-vo-bop-va-kep-mong-ngua","9":"first","10":"instock","11":"shipping-taxable","12":"product-type-simple"},"acf":[],"yoast_head":"<!-- This site is optimized with the Yoast SEO plugin v27.4 - https:\/\/yoast.com\/product\/yoast-seo-wordpress\/ -->\n<title>V\u1ecf b\u00f3p \u1ed1ng th\u1ee7y l\u1ef1c - Phu Cuong Holding Corporation<\/title>\n<meta name=\"description\" content=\"Ph\u00fa C\u01b0\u1eddng Holding ph\u00e2n ph\u1ed1i v\u1ecf b\u00f3p \u1ed1ng tuy \u00f4 th\u1ee7y l\u1ef1c c\u00e1c lo\u1ea1i, \u00c1o \u1ed1ng tuy \u00f4 th\u1ee7y l\u1ef1c 1,2,4,6 l\u1edbp. Ch\u00ednh h\u00e3ng, gi\u00e1 r\u1ebb\" \/>\n<meta name=\"robots\" content=\"index, follow, max-snippet:-1, max-image-preview:large, max-video-preview:-1\" \/>\n<link rel=\"canonical\" href=\"https:\/\/pc-holding.vn\/en\/san-pham\/vo-bop-ong-thuy-luc\/\" \/>\n<meta property=\"og:locale\" content=\"en_US\" \/>\n<meta property=\"og:type\" content=\"article\" \/>\n<meta property=\"og:title\" content=\"V\u1ecf b\u00f3p \u1ed1ng th\u1ee7y l\u1ef1c - Phu Cuong Holding Corporation\" \/>\n<meta property=\"og:description\" content=\"Ph\u00fa C\u01b0\u1eddng Holding ph\u00e2n ph\u1ed1i v\u1ecf b\u00f3p \u1ed1ng tuy \u00f4 th\u1ee7y l\u1ef1c c\u00e1c lo\u1ea1i, \u00c1o \u1ed1ng tuy \u00f4 th\u1ee7y l\u1ef1c 1,2,4,6 l\u1edbp. Ch\u00ednh h\u00e3ng, gi\u00e1 r\u1ebb\" \/>\n<meta property=\"og:url\" content=\"https:\/\/pc-holding.vn\/en\/san-pham\/vo-bop-ong-thuy-luc\/\" \/>\n<meta property=\"og:site_name\" content=\"Phu Cuong Holding Corporation\" \/>\n<meta property=\"article:modified_time\" content=\"2021-11-05T07:08:47+00:00\" \/>\n<meta property=\"og:image\" content=\"https:\/\/pc-holding.vn\/wp-content\/uploads\/2021\/10\/vobop1sn.png\" \/>\n\t<meta property=\"og:image:width\" content=\"600\" \/>\n\t<meta property=\"og:image:height\" content=\"600\" \/>\n\t<meta property=\"og:image:type\" content=\"image\/png\" \/>\n<meta name=\"twitter:card\" content=\"summary_large_image\" \/>\n<meta name=\"twitter:label1\" content=\"Est. reading time\" \/>\n\t<meta name=\"twitter:data1\" content=\"2 minutes\" \/>\n<script type=\"application\/ld+json\" class=\"yoast-schema-graph\">{\"@context\":\"https:\\\/\\\/schema.org\",\"@graph\":[{\"@type\":\"WebPage\",\"@id\":\"https:\\\/\\\/pc-holding.vn\\\/en\\\/san-pham\\\/vo-bop-ong-thuy-luc\\\/\",\"url\":\"https:\\\/\\\/pc-holding.vn\\\/en\\\/san-pham\\\/vo-bop-ong-thuy-luc\\\/\",\"name\":\"V\u1ecf b\u00f3p \u1ed1ng th\u1ee7y l\u1ef1c - Phu Cuong Holding Corporation\",\"isPartOf\":{\"@id\":\"https:\\\/\\\/pc-holding.vn\\\/en\\\/#website\"},\"primaryImageOfPage\":{\"@id\":\"https:\\\/\\\/pc-holding.vn\\\/en\\\/san-pham\\\/vo-bop-ong-thuy-luc\\\/#primaryimage\"},\"image\":{\"@id\":\"https:\\\/\\\/pc-holding.vn\\\/en\\\/san-pham\\\/vo-bop-ong-thuy-luc\\\/#primaryimage\"},\"thumbnailUrl\":\"https:\\\/\\\/pc-holding.vn\\\/wp-content\\\/uploads\\\/2021\\\/10\\\/vobop1sn.png\",\"datePublished\":\"2021-10-11T05:44:41+00:00\",\"dateModified\":\"2021-11-05T07:08:47+00:00\",\"description\":\"Ph\u00fa C\u01b0\u1eddng Holding ph\u00e2n ph\u1ed1i v\u1ecf b\u00f3p \u1ed1ng tuy \u00f4 th\u1ee7y l\u1ef1c c\u00e1c lo\u1ea1i, \u00c1o \u1ed1ng tuy \u00f4 th\u1ee7y l\u1ef1c 1,2,4,6 l\u1edbp. Ch\u00ednh h\u00e3ng, gi\u00e1 r\u1ebb\",\"breadcrumb\":{\"@id\":\"https:\\\/\\\/pc-holding.vn\\\/en\\\/san-pham\\\/vo-bop-ong-thuy-luc\\\/#breadcrumb\"},\"inLanguage\":\"en-US\",\"potentialAction\":[{\"@type\":\"ReadAction\",\"target\":[\"https:\\\/\\\/pc-holding.vn\\\/en\\\/san-pham\\\/vo-bop-ong-thuy-luc\\\/\"]}]},{\"@type\":\"ImageObject\",\"inLanguage\":\"en-US\",\"@id\":\"https:\\\/\\\/pc-holding.vn\\\/en\\\/san-pham\\\/vo-bop-ong-thuy-luc\\\/#primaryimage\",\"url\":\"https:\\\/\\\/pc-holding.vn\\\/wp-content\\\/uploads\\\/2021\\\/10\\\/vobop1sn.png\",\"contentUrl\":\"https:\\\/\\\/pc-holding.vn\\\/wp-content\\\/uploads\\\/2021\\\/10\\\/vobop1sn.png\",\"width\":600,\"height\":600},{\"@type\":\"BreadcrumbList\",\"@id\":\"https:\\\/\\\/pc-holding.vn\\\/en\\\/san-pham\\\/vo-bop-ong-thuy-luc\\\/#breadcrumb\",\"itemListElement\":[{\"@type\":\"ListItem\",\"position\":1,\"name\":\"Trang ch\u1ee7\",\"item\":\"https:\\\/\\\/www.pc-holding.vn\\\/en\\\/\"},{\"@type\":\"ListItem\",\"position\":2,\"name\":\"Product\",\"item\":\"https:\\\/\\\/pc-holding.vn\\\/en\\\/product\\\/\"},{\"@type\":\"ListItem\",\"position\":3,\"name\":\"V\u1ecf b\u00f3p \u1ed1ng th\u1ee7y l\u1ef1c\"}]},{\"@type\":\"WebSite\",\"@id\":\"https:\\\/\\\/pc-holding.vn\\\/en\\\/#website\",\"url\":\"https:\\\/\\\/pc-holding.vn\\\/en\\\/\",\"name\":\"Phu Cuong Holding Corporation\",\"description\":\"\",\"potentialAction\":[{\"@type\":\"SearchAction\",\"target\":{\"@type\":\"EntryPoint\",\"urlTemplate\":\"https:\\\/\\\/pc-holding.vn\\\/en\\\/?s={search_term_string}\"},\"query-input\":{\"@type\":\"PropertyValueSpecification\",\"valueRequired\":true,\"valueName\":\"search_term_string\"}}],\"inLanguage\":\"en-US\"}]}<\/script>\n<!-- \/ Yoast SEO plugin. -->","yoast_head_json":{"title":"V\u1ecf b\u00f3p \u1ed1ng th\u1ee7y l\u1ef1c - Phu Cuong Holding Corporation","description":"Ph\u00fa C\u01b0\u1eddng Holding ph\u00e2n ph\u1ed1i v\u1ecf b\u00f3p \u1ed1ng tuy \u00f4 th\u1ee7y l\u1ef1c c\u00e1c lo\u1ea1i, \u00c1o \u1ed1ng tuy \u00f4 th\u1ee7y l\u1ef1c 1,2,4,6 l\u1edbp. Ch\u00ednh h\u00e3ng, gi\u00e1 r\u1ebb","robots":{"index":"index","follow":"follow","max-snippet":"max-snippet:-1","max-image-preview":"max-image-preview:large","max-video-preview":"max-video-preview:-1"},"canonical":"https:\/\/pc-holding.vn\/en\/san-pham\/vo-bop-ong-thuy-luc\/","og_locale":"en_US","og_type":"article","og_title":"V\u1ecf b\u00f3p \u1ed1ng th\u1ee7y l\u1ef1c - Phu Cuong Holding Corporation","og_description":"Ph\u00fa C\u01b0\u1eddng Holding ph\u00e2n ph\u1ed1i v\u1ecf b\u00f3p \u1ed1ng tuy \u00f4 th\u1ee7y l\u1ef1c c\u00e1c lo\u1ea1i, \u00c1o \u1ed1ng tuy \u00f4 th\u1ee7y l\u1ef1c 1,2,4,6 l\u1edbp. Ch\u00ednh h\u00e3ng, gi\u00e1 r\u1ebb","og_url":"https:\/\/pc-holding.vn\/en\/san-pham\/vo-bop-ong-thuy-luc\/","og_site_name":"Phu Cuong Holding Corporation","article_modified_time":"2021-11-05T07:08:47+00:00","og_image":[{"width":600,"height":600,"url":"https:\/\/pc-holding.vn\/wp-content\/uploads\/2021\/10\/vobop1sn.png","type":"image\/png"}],"twitter_card":"summary_large_image","twitter_misc":{"Est. reading time":"2 minutes"},"schema":{"@context":"https:\/\/schema.org","@graph":[{"@type":"WebPage","@id":"https:\/\/pc-holding.vn\/en\/san-pham\/vo-bop-ong-thuy-luc\/","url":"https:\/\/pc-holding.vn\/en\/san-pham\/vo-bop-ong-thuy-luc\/","name":"V\u1ecf b\u00f3p \u1ed1ng th\u1ee7y l\u1ef1c - Phu Cuong Holding Corporation","isPartOf":{"@id":"https:\/\/pc-holding.vn\/en\/#website"},"primaryImageOfPage":{"@id":"https:\/\/pc-holding.vn\/en\/san-pham\/vo-bop-ong-thuy-luc\/#primaryimage"},"image":{"@id":"https:\/\/pc-holding.vn\/en\/san-pham\/vo-bop-ong-thuy-luc\/#primaryimage"},"thumbnailUrl":"https:\/\/pc-holding.vn\/wp-content\/uploads\/2021\/10\/vobop1sn.png","datePublished":"2021-10-11T05:44:41+00:00","dateModified":"2021-11-05T07:08:47+00:00","description":"Ph\u00fa C\u01b0\u1eddng Holding ph\u00e2n ph\u1ed1i v\u1ecf b\u00f3p \u1ed1ng tuy \u00f4 th\u1ee7y l\u1ef1c c\u00e1c lo\u1ea1i, \u00c1o \u1ed1ng tuy \u00f4 th\u1ee7y l\u1ef1c 1,2,4,6 l\u1edbp. Ch\u00ednh h\u00e3ng, gi\u00e1 r\u1ebb","breadcrumb":{"@id":"https:\/\/pc-holding.vn\/en\/san-pham\/vo-bop-ong-thuy-luc\/#breadcrumb"},"inLanguage":"en-US","potentialAction":[{"@type":"ReadAction","target":["https:\/\/pc-holding.vn\/en\/san-pham\/vo-bop-ong-thuy-luc\/"]}]},{"@type":"ImageObject","inLanguage":"en-US","@id":"https:\/\/pc-holding.vn\/en\/san-pham\/vo-bop-ong-thuy-luc\/#primaryimage","url":"https:\/\/pc-holding.vn\/wp-content\/uploads\/2021\/10\/vobop1sn.png","contentUrl":"https:\/\/pc-holding.vn\/wp-content\/uploads\/2021\/10\/vobop1sn.png","width":600,"height":600},{"@type":"BreadcrumbList","@id":"https:\/\/pc-holding.vn\/en\/san-pham\/vo-bop-ong-thuy-luc\/#breadcrumb","itemListElement":[{"@type":"ListItem","position":1,"name":"Trang ch\u1ee7","item":"https:\/\/www.pc-holding.vn\/en\/"},{"@type":"ListItem","position":2,"name":"Product","item":"https:\/\/pc-holding.vn\/en\/product\/"},{"@type":"ListItem","position":3,"name":"V\u1ecf b\u00f3p \u1ed1ng th\u1ee7y l\u1ef1c"}]},{"@type":"WebSite","@id":"https:\/\/pc-holding.vn\/en\/#website","url":"https:\/\/pc-holding.vn\/en\/","name":"Phu Cuong Holding Corporation","description":"","potentialAction":[{"@type":"SearchAction","target":{"@type":"EntryPoint","urlTemplate":"https:\/\/pc-holding.vn\/en\/?s={search_term_string}"},"query-input":{"@type":"PropertyValueSpecification","valueRequired":true,"valueName":"search_term_string"}}],"inLanguage":"en-US"}]}},"_links":{"self":[{"href":"https:\/\/pc-holding.vn\/en\/wp-json\/wp\/v2\/product\/560","targetHints":{"allow":["GET"]}}],"collection":[{"href":"https:\/\/pc-holding.vn\/en\/wp-json\/wp\/v2\/product"}],"about":[{"href":"https:\/\/pc-holding.vn\/en\/wp-json\/wp\/v2\/types\/product"}],"replies":[{"embeddable":true,"href":"https:\/\/pc-holding.vn\/en\/wp-json\/wp\/v2\/comments?post=560"}],"wp:featuredmedia":[{"embeddable":true,"href":"https:\/\/pc-holding.vn\/en\/wp-json\/wp\/v2\/media\/1543"}],"wp:attachment":[{"href":"https:\/\/pc-holding.vn\/en\/wp-json\/wp\/v2\/media?parent=560"}],"wp:term":[{"taxonomy":"product_brand","embeddable":true,"href":"https:\/\/pc-holding.vn\/en\/wp-json\/wp\/v2\/product_brand?post=560"},{"taxonomy":"product_cat","embeddable":true,"href":"https:\/\/pc-holding.vn\/en\/wp-json\/wp\/v2\/product_cat?post=560"},{"taxonomy":"product_tag","embeddable":true,"href":"https:\/\/pc-holding.vn\/en\/wp-json\/wp\/v2\/product_tag?post=560"}],"curies":[{"name":"wp","href":"https:\/\/api.w.org\/{rel}","templated":true}]}}