{"id":564,"date":"2021-10-11T13:06:39","date_gmt":"2021-10-11T06:06:39","guid":{"rendered":"http:\/\/pc-holding.webtogo.vn\/?post_type=product&#038;p=564"},"modified":"2021-11-05T14:37:01","modified_gmt":"2021-11-05T07:37:01","slug":"dau-bam-he-ren-jic-74o","status":"publish","type":"product","link":"https:\/\/pc-holding.vn\/en\/san-pham\/dau-bam-he-ren-jic-74o\/","title":{"rendered":"\u0110\u1ea7u b\u1ea5m h\u1ec7 ren JIC 74\u00ba"},"content":{"rendered":"<p><strong>K\u00edch c\u1ee1 ren<\/strong>: 7\/16&#8243;x20 UNF -&gt; 2.1\/2&#8243;-12UNF<\/p>\n<p><strong>Lo\u1ea1i<\/strong>: Th\u1eb3ng, cong 45\u00b0, cong 90\u00b0<\/p>\n<p><strong>V\u1eadt li\u1ec7u<\/strong>: Th\u00e9p Cacbon, Innoc 316<\/p>\n<p><strong>H\u00e3ng s\u1ea3n xu\u1ea5t<\/strong>:\u00a0<em>Vitillo &#8211; Italy<\/em><\/p>\n<table width=\"553\">\n<tbody>\n<tr>\n<td rowspan=\"2\" width=\"40\">Item<\/td>\n<td rowspan=\"2\" width=\"107\">Part No.<\/td>\n<td rowspan=\"2\" width=\"76\">Hose size<\/td>\n<td colspan=\"3\" width=\"222\">Thread size T<\/td>\n<td colspan=\"3\" width=\"108\">Dimensions (mm)<\/td>\n<\/tr>\n<tr>\n<td width=\"80\">T (inch)<\/td>\n<td width=\"74\">Tube size<\/td>\n<td width=\"68\">ID (mm)<\/td>\n<td width=\"36\">A<\/td>\n<td width=\"36\">B<\/td>\n<td width=\"36\">H<\/td>\n<\/tr>\n<tr>\n<td>1<\/td>\n<td>FDJ0404SP<\/td>\n<td>1\/4&#8243;<\/td>\n<td>7\/16&#8243;x20<\/td>\n<td>1\/4&#8243;<\/td>\n<td>9.9<\/td>\n<td>15<\/td>\n<td rowspan=\"17\"><\/td>\n<td>17<\/td>\n<\/tr>\n<tr>\n<td>2<\/td>\n<td>FDJ0406SP<\/td>\n<td>1\/4&#8243;<\/td>\n<td>9\/16&#8243;x18<\/td>\n<td>3\/8&#8243;<\/td>\n<td>13.0<\/td>\n<td>16<\/td>\n<td>19<\/td>\n<\/tr>\n<tr>\n<td>3<\/td>\n<td>FDJ0606SP<\/td>\n<td>3\/8&#8243;<\/td>\n<td>9\/16&#8243;x18<\/td>\n<td>3\/8&#8243;<\/td>\n<td>13.0<\/td>\n<td>16.5<\/td>\n<td>19<\/td>\n<\/tr>\n<tr>\n<td>4<\/td>\n<td>FDJ0608SP<\/td>\n<td>3\/8&#8243;<\/td>\n<td>3\/4&#8243;x16<\/td>\n<td>1\/2&#8243;<\/td>\n<td>17.5<\/td>\n<td>17<\/td>\n<td>24<\/td>\n<\/tr>\n<tr>\n<td>5<\/td>\n<td>FDJ0808SP<\/td>\n<td>1\/2&#8243;<\/td>\n<td>3\/4&#8243;x16<\/td>\n<td>1\/2&#8243;<\/td>\n<td>17.5<\/td>\n<td>18<\/td>\n<td>24<\/td>\n<\/tr>\n<tr>\n<td>6<\/td>\n<td>FDJ0810SP<\/td>\n<td>1\/2&#8243;<\/td>\n<td>7\/8&#8243;x14<\/td>\n<td>5\/8&#8243;<\/td>\n<td>20.3<\/td>\n<td>19<\/td>\n<td>27<\/td>\n<\/tr>\n<tr>\n<td>7<\/td>\n<td>FDJ1010SP<\/td>\n<td>5\/8&#8243;<\/td>\n<td>7\/8&#8243;x14<\/td>\n<td>5\/8&#8243;<\/td>\n<td>20.3<\/td>\n<td>19.5<\/td>\n<td>27<\/td>\n<\/tr>\n<tr>\n<td>8<\/td>\n<td>FDJ1012SP<\/td>\n<td>5\/8&#8243;<\/td>\n<td>1.1\/16&#8243;x12<\/td>\n<td>3\/4&#8243;<\/td>\n<td>24.9<\/td>\n<td>22.5<\/td>\n<td>32<\/td>\n<\/tr>\n<tr>\n<td>9<\/td>\n<td>FDJ1212SP<\/td>\n<td>3\/4&#8243;<\/td>\n<td>1.1\/16&#8243;x12<\/td>\n<td>3\/4&#8243;<\/td>\n<td>24.9<\/td>\n<td>23<\/td>\n<td>32<\/td>\n<\/tr>\n<tr>\n<td>10<\/td>\n<td>FDJ1216SP<\/td>\n<td>3\/4&#8243;<\/td>\n<td>1.5\/16&#8243;x12<\/td>\n<td>1&#8243;<\/td>\n<td>31.2<\/td>\n<td>23<\/td>\n<td>41<\/td>\n<\/tr>\n<tr>\n<td>11<\/td>\n<td>FDJ1616SP<\/td>\n<td>1&#8243;<\/td>\n<td>1.5\/16&#8243;x12<\/td>\n<td>1&#8243;<\/td>\n<td>31.2<\/td>\n<td>24.5<\/td>\n<td>41<\/td>\n<\/tr>\n<tr>\n<td>12<\/td>\n<td>FDJ1620SP<\/td>\n<td>1&#8243;<\/td>\n<td>1.5\/8&#8243;x12<\/td>\n<td>1.1\/4&#8243;<\/td>\n<td>39.1<\/td>\n<td>28.5<\/td>\n<td>50<\/td>\n<\/tr>\n<tr>\n<td>13<\/td>\n<td>FDJ2020SP<\/td>\n<td>1.1\/4&#8243;<\/td>\n<td>1.5\/8&#8243;x12<\/td>\n<td>1.1\/4&#8243;<\/td>\n<td>39.1<\/td>\n<td>29<\/td>\n<td>50<\/td>\n<\/tr>\n<tr>\n<td>14<\/td>\n<td>FDJ2024SP<\/td>\n<td>1.1\/4&#8243;<\/td>\n<td>1.7\/8&#8243;-12<\/td>\n<td>1.1\/2&#8243;<\/td>\n<td>45.5<\/td>\n<td>31<\/td>\n<td>55<\/td>\n<\/tr>\n<tr>\n<td>15<\/td>\n<td>FDJ2424SP<\/td>\n<td>1.1\/2&#8243;<\/td>\n<td>1.7\/8&#8243;-12<\/td>\n<td>1.1\/2&#8243;<\/td>\n<td>45.5<\/td>\n<td>31<\/td>\n<td>55<\/td>\n<\/tr>\n<tr>\n<td>16<\/td>\n<td>FDJ2432SP<\/td>\n<td>1.1\/2&#8243;<\/td>\n<td>2.1\/2&#8243;-12<\/td>\n<td>2&#8243;<\/td>\n<td>61.5<\/td>\n<td>31.5<\/td>\n<td>70<\/td>\n<\/tr>\n<tr>\n<td>17<\/td>\n<td>FDJ3232SP<\/td>\n<td>2&#8243;<\/td>\n<td>2.1\/2&#8243;-12<\/td>\n<td>2&#8243;<\/td>\n<td>61.5<\/td>\n<td>33<\/td>\n<td>70<\/td>\n<\/tr>\n<tr>\n<td>18<\/td>\n<td>F45J0404SP<\/td>\n<td>1\/4&#8243;<\/td>\n<td>7\/16&#8243;x20<\/td>\n<td>1\/4&#8243;<\/td>\n<td>9.9<\/td>\n<td>38<\/td>\n<td>15<\/td>\n<td>17<\/td>\n<\/tr>\n<tr>\n<td>19<\/td>\n<td>F45J0406SP<\/td>\n<td>1\/4&#8243;<\/td>\n<td>9\/16&#8243;x18<\/td>\n<td>3\/8&#8243;<\/td>\n<td>13.0<\/td>\n<td>39.5<\/td>\n<td>16.5<\/td>\n<td>19<\/td>\n<\/tr>\n<tr>\n<td>20<\/td>\n<td>F45J0606SP<\/td>\n<td>3\/8&#8243;<\/td>\n<td>9\/16&#8243;x18<\/td>\n<td>3\/8&#8243;<\/td>\n<td>13.0<\/td>\n<td>53<\/td>\n<td>18<\/td>\n<td>19<\/td>\n<\/tr>\n<tr>\n<td>21<\/td>\n<td>F45J0608SP<\/td>\n<td>3\/8&#8243;<\/td>\n<td>3\/4&#8243;x16<\/td>\n<td>1\/2&#8243;<\/td>\n<td>17.5<\/td>\n<td>54<\/td>\n<td>19<\/td>\n<td>24<\/td>\n<\/tr>\n<tr>\n<td>22<\/td>\n<td>F45J0808SP<\/td>\n<td>1\/2&#8243;<\/td>\n<td>3\/4&#8243;x16<\/td>\n<td>1\/2&#8243;<\/td>\n<td>17.5<\/td>\n<td>62<\/td>\n<td>20<\/td>\n<td>24<\/td>\n<\/tr>\n<tr>\n<td>23<\/td>\n<td>F45J0810SP<\/td>\n<td>1\/2&#8243;<\/td>\n<td>7\/8&#8243;x14<\/td>\n<td>5\/8&#8243;<\/td>\n<td>20.3<\/td>\n<td>63<\/td>\n<td>21<\/td>\n<td>27<\/td>\n<\/tr>\n<tr>\n<td>24<\/td>\n<td>F45J1010SP<\/td>\n<td>5\/8&#8243;<\/td>\n<td>7\/8&#8243;x14<\/td>\n<td>5\/8&#8243;<\/td>\n<td>20.3<\/td>\n<td>60<\/td>\n<td>22<\/td>\n<td>27<\/td>\n<\/tr>\n<tr>\n<td>25<\/td>\n<td>F45J1012SP<\/td>\n<td>5\/8&#8243;<\/td>\n<td>1.1\/16&#8243;x12<\/td>\n<td>3\/4&#8243;<\/td>\n<td>24.9<\/td>\n<td>63<\/td>\n<td>25<\/td>\n<td>32<\/td>\n<\/tr>\n<tr>\n<td>26<\/td>\n<td>F45J1212SP<\/td>\n<td>3\/4&#8243;<\/td>\n<td>1.1\/16&#8243;x12<\/td>\n<td>3\/4&#8243;<\/td>\n<td>24.9<\/td>\n<td>62<\/td>\n<td>29<\/td>\n<td>32<\/td>\n<\/tr>\n<tr>\n<td>27<\/td>\n<td>F45J1216SP<\/td>\n<td>3\/4&#8243;<\/td>\n<td>1.5\/16&#8243;x12<\/td>\n<td>1&#8243;<\/td>\n<td>31.2<\/td>\n<td>63<\/td>\n<td>29<\/td>\n<td>41<\/td>\n<\/tr>\n<tr>\n<td>28<\/td>\n<td>F45J1616SP<\/td>\n<td>1&#8243;<\/td>\n<td>1.5\/16&#8243;x12<\/td>\n<td>1&#8243;<\/td>\n<td>31.2<\/td>\n<td>88.5<\/td>\n<td>39.5<\/td>\n<td>41<\/td>\n<\/tr>\n<tr>\n<td>29<\/td>\n<td>F45J1620SP<\/td>\n<td>1&#8243;<\/td>\n<td>1.5\/8&#8243;x12<\/td>\n<td>1.1\/4&#8243;<\/td>\n<td>39.1<\/td>\n<td>89.5<\/td>\n<td>38.5<\/td>\n<td>50<\/td>\n<\/tr>\n<tr>\n<td>30<\/td>\n<td>F45J2020SP<\/td>\n<td>1.1\/4&#8243;<\/td>\n<td>1.5\/8&#8243;x12<\/td>\n<td>1.1\/4&#8243;<\/td>\n<td>39.1<\/td>\n<td>101<\/td>\n<td>44<\/td>\n<td>50<\/td>\n<\/tr>\n<tr>\n<td>31<\/td>\n<td>F45J2024SP<\/td>\n<td>1.1\/4&#8243;<\/td>\n<td>1.7\/8&#8243;-12<\/td>\n<td>1.1\/2&#8243;<\/td>\n<td>45.5<\/td>\n<td>103<\/td>\n<td>45<\/td>\n<td>55<\/td>\n<\/tr>\n<tr>\n<td>32<\/td>\n<td>F45J2424SP<\/td>\n<td>1.1\/2&#8243;<\/td>\n<td>1.7\/8&#8243;-12<\/td>\n<td>1.1\/2&#8243;<\/td>\n<td>45.5<\/td>\n<td>118<\/td>\n<td>45<\/td>\n<td>55<\/td>\n<\/tr>\n<tr>\n<td>33<\/td>\n<td>F45J2432SP<\/td>\n<td>1.1\/2&#8243;<\/td>\n<td>2.1\/2&#8243;-12<\/td>\n<td>2&#8243;<\/td>\n<td>61.5<\/td>\n<td>121<\/td>\n<td>45.5<\/td>\n<td>70<\/td>\n<\/tr>\n<tr>\n<td>34<\/td>\n<td>F90J0404SP<\/td>\n<td>1\/4&#8243;<\/td>\n<td>7\/16&#8243;x20<\/td>\n<td>1\/4&#8243;<\/td>\n<td>9.9<\/td>\n<td>23<\/td>\n<td>26<\/td>\n<td>17<\/td>\n<\/tr>\n<tr>\n<td>35<\/td>\n<td>F90J0406SP<\/td>\n<td>1\/4&#8243;<\/td>\n<td>9\/16&#8243;x18<\/td>\n<td>3\/8&#8243;<\/td>\n<td>13.0<\/td>\n<td>23<\/td>\n<td>27<\/td>\n<td>19<\/td>\n<\/tr>\n<tr>\n<td>36<\/td>\n<td>F90J0606SP<\/td>\n<td>3\/8&#8243;<\/td>\n<td>9\/16&#8243;x18<\/td>\n<td>3\/8&#8243;<\/td>\n<td>13.0<\/td>\n<td>33<\/td>\n<td>35<\/td>\n<td>19<\/td>\n<\/tr>\n<tr>\n<td>37<\/td>\n<td>F90J0608SP<\/td>\n<td>3\/8&#8243;<\/td>\n<td>3\/4&#8243;x16<\/td>\n<td>1\/2&#8243;<\/td>\n<td>17.5<\/td>\n<td>33<\/td>\n<td>36.5<\/td>\n<td>24<\/td>\n<\/tr>\n<tr>\n<td>38<\/td>\n<td>F90J0808SP<\/td>\n<td>1\/2&#8243;<\/td>\n<td>3\/4&#8243;x16<\/td>\n<td>1\/2&#8243;<\/td>\n<td>17.5<\/td>\n<td>39<\/td>\n<td>41<\/td>\n<td>24<\/td>\n<\/tr>\n<tr>\n<td>39<\/td>\n<td>F90J0810SP<\/td>\n<td>1\/2&#8243;<\/td>\n<td>7\/8&#8243;x14<\/td>\n<td>5\/8&#8243;<\/td>\n<td>20.3<\/td>\n<td>39<\/td>\n<td>42.5<\/td>\n<td>27<\/td>\n<\/tr>\n<tr>\n<td>40<\/td>\n<td>F90J1010SP<\/td>\n<td>5\/8&#8243;<\/td>\n<td>7\/8&#8243;x14<\/td>\n<td>5\/8&#8243;<\/td>\n<td>20.3<\/td>\n<td>49<\/td>\n<td>50<\/td>\n<td>27<\/td>\n<\/tr>\n<tr>\n<td>41<\/td>\n<td>F90J1012SP<\/td>\n<td>5\/8&#8243;<\/td>\n<td>1.1\/16&#8243;x12<\/td>\n<td>3\/4&#8243;<\/td>\n<td>24.9<\/td>\n<td>49<\/td>\n<td>55<\/td>\n<td>32<\/td>\n<\/tr>\n<tr>\n<td>42<\/td>\n<td>F90J1212SP<\/td>\n<td>3\/4&#8243;<\/td>\n<td>1.1\/16&#8243;x12<\/td>\n<td>3\/4&#8243;<\/td>\n<td>24.9<\/td>\n<td>53.5<\/td>\n<td>58<\/td>\n<td>32<\/td>\n<\/tr>\n<tr>\n<td>43<\/td>\n<td>F90J1216SP<\/td>\n<td>3\/4&#8243;<\/td>\n<td>1.5\/16&#8243;x12<\/td>\n<td>1&#8243;<\/td>\n<td>31.2<\/td>\n<td>53.5<\/td>\n<td>62.5<\/td>\n<td>41<\/td>\n<\/tr>\n<tr>\n<td>44<\/td>\n<td>F90J1616SP<\/td>\n<td>1&#8243;<\/td>\n<td>1.5\/16&#8243;x12<\/td>\n<td>1&#8243;<\/td>\n<td>31.2<\/td>\n<td>73<\/td>\n<td>69.5<\/td>\n<td>41<\/td>\n<\/tr>\n<tr>\n<td>45<\/td>\n<td>F90J1620SP<\/td>\n<td>1&#8243;<\/td>\n<td>1.5\/8&#8243;x12<\/td>\n<td>1.1\/4&#8243;<\/td>\n<td>39.1<\/td>\n<td>73<\/td>\n<td>78.5<\/td>\n<td>50<\/td>\n<\/tr>\n<tr>\n<td>46<\/td>\n<td>F90J2020SP<\/td>\n<td>1.1\/4&#8243;<\/td>\n<td>1.5\/8&#8243;x12<\/td>\n<td>1.1\/4&#8243;<\/td>\n<td>39.1<\/td>\n<td>89<\/td>\n<td>91.5<\/td>\n<td>50<\/td>\n<\/tr>\n<tr>\n<td>47<\/td>\n<td>F90J2024SP<\/td>\n<td>1.1\/4&#8243;<\/td>\n<td>1.7\/8&#8243;-12<\/td>\n<td>1.1\/2&#8243;<\/td>\n<td>45.5<\/td>\n<td>89<\/td>\n<td>99<\/td>\n<td>55<\/td>\n<\/tr>\n<tr>\n<td>48<\/td>\n<td>F90J2424SP<\/td>\n<td>1.1\/2&#8243;<\/td>\n<td>1.7\/8&#8243;-12<\/td>\n<td>1.1\/2&#8243;<\/td>\n<td>45.5<\/td>\n<td>101<\/td>\n<td>112.5<\/td>\n<td>55<\/td>\n<\/tr>\n<tr>\n<td>49<\/td>\n<td>F90J2432SP<\/td>\n<td>1.1\/2&#8243;<\/td>\n<td>2.1\/2&#8243;-12<\/td>\n<td>2&#8243;<\/td>\n<td>61.5<\/td>\n<td>101<\/td>\n<td>115.5<\/td>\n<td>70<\/td>\n<\/tr>\n<tr>\n<td>50<\/td>\n<td>F90J3232SP<\/td>\n<td>2&#8243;<\/td>\n<td>2.1\/2&#8243;-12<\/td>\n<td>2&#8243;<\/td>\n<td>61.5<\/td>\n<td>135<\/td>\n<td>136<\/td>\n<td>70<\/td>\n<\/tr>\n<\/tbody>\n<\/table>\n","protected":false},"excerpt":{"rendered":"<ul class=\"product_info\">\n<li>Lo\u1ea1i \u0111\u1ea7u n\u1ed1i JIC c\u00f4n 74\u00ba (\u0111\u1ea7u \u0111\u1ef1c &amp; \u0111\u1ea7u c\u00e1i) \/ Lo\u1ea1i: Th\u1eb3ng, cong 45\u00b0, cong 90\u00b0<\/li>\n<li>K\u00edch c\u1ee1 ren: 7\/16&#8243;x20 UNF -&gt; 2.1\/2&#8243;-12UNF<\/li>\n<li>Lo\u1ea1i: Th\u1eb3ng, cong 45\u00b0, cong 90\u00b0<\/li>\n<li>V\u1eadt li\u1ec7u: Th\u00e9p Cacbon, Innoc 316<\/li>\n<li>H\u00e3ng s\u1ea3n xu\u1ea5t: Vitillo &#8211; Italy<\/li>\n<\/ul>\n","protected":false},"featured_media":1569,"comment_status":"closed","ping_status":"closed","template":"","meta":{"_acf_changed":false},"product_brand":[],"product_cat":[27],"product_tag":[],"class_list":{"0":"post-564","1":"product","2":"type-product","3":"status-publish","4":"has-post-thumbnail","6":"product_cat-dau-bam-ong-cac-loai","8":"first","9":"instock","10":"shipping-taxable","11":"product-type-simple"},"acf":[],"yoast_head":"<!-- This site is optimized with the Yoast SEO plugin v27.4 - https:\/\/yoast.com\/product\/yoast-seo-wordpress\/ -->\n<title>\u0110\u1ea7u b\u1ea5m h\u1ec7 ren JIC 74\u00ba - Phu Cuong Holding Corporation<\/title>\n<meta name=\"description\" content=\"Ph\u00fa C\u01b0\u1eddng Holding ph\u00e2n ph\u1ed1i ch\u00ednh h\u00e3ng \u0111\u1ea7u b\u1ea5m \u1ed1ng tuy \u00f4 th\u1ee7y l\u1ef1c 1,2,3,4,6 l\u1edbp b\u1ed1 th\u00e9p Vitillo, Parker, Tana Flex. \u1ed0ng tuy \u00f4 th\u1ee7y l\u1ef1c gi\u00e1 r\u1ebb.\" \/>\n<meta name=\"robots\" content=\"index, follow, max-snippet:-1, max-image-preview:large, max-video-preview:-1\" \/>\n<link rel=\"canonical\" href=\"https:\/\/pc-holding.vn\/en\/san-pham\/dau-bam-he-ren-jic-74o\/\" \/>\n<meta property=\"og:locale\" content=\"en_US\" \/>\n<meta property=\"og:type\" content=\"article\" \/>\n<meta property=\"og:title\" content=\"\u0110\u1ea7u b\u1ea5m h\u1ec7 ren JIC 74\u00ba - Phu Cuong Holding Corporation\" \/>\n<meta property=\"og:description\" content=\"Ph\u00fa C\u01b0\u1eddng Holding ph\u00e2n ph\u1ed1i ch\u00ednh h\u00e3ng \u0111\u1ea7u b\u1ea5m \u1ed1ng tuy \u00f4 th\u1ee7y l\u1ef1c 1,2,3,4,6 l\u1edbp b\u1ed1 th\u00e9p Vitillo, Parker, Tana Flex. \u1ed0ng tuy \u00f4 th\u1ee7y l\u1ef1c gi\u00e1 r\u1ebb.\" \/>\n<meta property=\"og:url\" content=\"https:\/\/pc-holding.vn\/en\/san-pham\/dau-bam-he-ren-jic-74o\/\" \/>\n<meta property=\"og:site_name\" content=\"Phu Cuong Holding Corporation\" \/>\n<meta property=\"article:modified_time\" content=\"2021-11-05T07:37:01+00:00\" \/>\n<meta property=\"og:image\" content=\"https:\/\/pc-holding.vn\/wp-content\/uploads\/2021\/10\/JIC.png\" \/>\n\t<meta property=\"og:image:width\" content=\"600\" \/>\n\t<meta property=\"og:image:height\" content=\"600\" \/>\n\t<meta property=\"og:image:type\" content=\"image\/png\" \/>\n<meta name=\"twitter:card\" content=\"summary_large_image\" \/>\n<meta name=\"twitter:label1\" content=\"Est. reading time\" \/>\n\t<meta name=\"twitter:data1\" content=\"3 minutes\" \/>\n<script type=\"application\/ld+json\" class=\"yoast-schema-graph\">{\"@context\":\"https:\\\/\\\/schema.org\",\"@graph\":[{\"@type\":\"WebPage\",\"@id\":\"https:\\\/\\\/pc-holding.vn\\\/en\\\/san-pham\\\/dau-bam-he-ren-jic-74o\\\/\",\"url\":\"https:\\\/\\\/pc-holding.vn\\\/en\\\/san-pham\\\/dau-bam-he-ren-jic-74o\\\/\",\"name\":\"\u0110\u1ea7u b\u1ea5m h\u1ec7 ren JIC 74\u00ba - Phu Cuong Holding Corporation\",\"isPartOf\":{\"@id\":\"https:\\\/\\\/pc-holding.vn\\\/en\\\/#website\"},\"primaryImageOfPage\":{\"@id\":\"https:\\\/\\\/pc-holding.vn\\\/en\\\/san-pham\\\/dau-bam-he-ren-jic-74o\\\/#primaryimage\"},\"image\":{\"@id\":\"https:\\\/\\\/pc-holding.vn\\\/en\\\/san-pham\\\/dau-bam-he-ren-jic-74o\\\/#primaryimage\"},\"thumbnailUrl\":\"https:\\\/\\\/pc-holding.vn\\\/wp-content\\\/uploads\\\/2021\\\/10\\\/JIC.png\",\"datePublished\":\"2021-10-11T06:06:39+00:00\",\"dateModified\":\"2021-11-05T07:37:01+00:00\",\"description\":\"Ph\u00fa C\u01b0\u1eddng Holding ph\u00e2n ph\u1ed1i ch\u00ednh h\u00e3ng \u0111\u1ea7u b\u1ea5m \u1ed1ng tuy \u00f4 th\u1ee7y l\u1ef1c 1,2,3,4,6 l\u1edbp b\u1ed1 th\u00e9p Vitillo, Parker, Tana Flex. \u1ed0ng tuy \u00f4 th\u1ee7y l\u1ef1c gi\u00e1 r\u1ebb.\",\"breadcrumb\":{\"@id\":\"https:\\\/\\\/pc-holding.vn\\\/en\\\/san-pham\\\/dau-bam-he-ren-jic-74o\\\/#breadcrumb\"},\"inLanguage\":\"en-US\",\"potentialAction\":[{\"@type\":\"ReadAction\",\"target\":[\"https:\\\/\\\/pc-holding.vn\\\/en\\\/san-pham\\\/dau-bam-he-ren-jic-74o\\\/\"]}]},{\"@type\":\"ImageObject\",\"inLanguage\":\"en-US\",\"@id\":\"https:\\\/\\\/pc-holding.vn\\\/en\\\/san-pham\\\/dau-bam-he-ren-jic-74o\\\/#primaryimage\",\"url\":\"https:\\\/\\\/pc-holding.vn\\\/wp-content\\\/uploads\\\/2021\\\/10\\\/JIC.png\",\"contentUrl\":\"https:\\\/\\\/pc-holding.vn\\\/wp-content\\\/uploads\\\/2021\\\/10\\\/JIC.png\",\"width\":600,\"height\":600},{\"@type\":\"BreadcrumbList\",\"@id\":\"https:\\\/\\\/pc-holding.vn\\\/en\\\/san-pham\\\/dau-bam-he-ren-jic-74o\\\/#breadcrumb\",\"itemListElement\":[{\"@type\":\"ListItem\",\"position\":1,\"name\":\"Trang ch\u1ee7\",\"item\":\"https:\\\/\\\/www.pc-holding.vn\\\/en\\\/\"},{\"@type\":\"ListItem\",\"position\":2,\"name\":\"Product\",\"item\":\"https:\\\/\\\/pc-holding.vn\\\/en\\\/product\\\/\"},{\"@type\":\"ListItem\",\"position\":3,\"name\":\"\u0110\u1ea7u b\u1ea5m h\u1ec7 ren JIC 74\u00ba\"}]},{\"@type\":\"WebSite\",\"@id\":\"https:\\\/\\\/pc-holding.vn\\\/en\\\/#website\",\"url\":\"https:\\\/\\\/pc-holding.vn\\\/en\\\/\",\"name\":\"Phu Cuong Holding Corporation\",\"description\":\"\",\"potentialAction\":[{\"@type\":\"SearchAction\",\"target\":{\"@type\":\"EntryPoint\",\"urlTemplate\":\"https:\\\/\\\/pc-holding.vn\\\/en\\\/?s={search_term_string}\"},\"query-input\":{\"@type\":\"PropertyValueSpecification\",\"valueRequired\":true,\"valueName\":\"search_term_string\"}}],\"inLanguage\":\"en-US\"}]}<\/script>\n<!-- \/ Yoast SEO plugin. -->","yoast_head_json":{"title":"\u0110\u1ea7u b\u1ea5m h\u1ec7 ren JIC 74\u00ba - Phu Cuong Holding Corporation","description":"Ph\u00fa C\u01b0\u1eddng Holding ph\u00e2n ph\u1ed1i ch\u00ednh h\u00e3ng \u0111\u1ea7u b\u1ea5m \u1ed1ng tuy \u00f4 th\u1ee7y l\u1ef1c 1,2,3,4,6 l\u1edbp b\u1ed1 th\u00e9p Vitillo, Parker, Tana Flex. \u1ed0ng tuy \u00f4 th\u1ee7y l\u1ef1c gi\u00e1 r\u1ebb.","robots":{"index":"index","follow":"follow","max-snippet":"max-snippet:-1","max-image-preview":"max-image-preview:large","max-video-preview":"max-video-preview:-1"},"canonical":"https:\/\/pc-holding.vn\/en\/san-pham\/dau-bam-he-ren-jic-74o\/","og_locale":"en_US","og_type":"article","og_title":"\u0110\u1ea7u b\u1ea5m h\u1ec7 ren JIC 74\u00ba - Phu Cuong Holding Corporation","og_description":"Ph\u00fa C\u01b0\u1eddng Holding ph\u00e2n ph\u1ed1i ch\u00ednh h\u00e3ng \u0111\u1ea7u b\u1ea5m \u1ed1ng tuy \u00f4 th\u1ee7y l\u1ef1c 1,2,3,4,6 l\u1edbp b\u1ed1 th\u00e9p Vitillo, Parker, Tana Flex. \u1ed0ng tuy \u00f4 th\u1ee7y l\u1ef1c gi\u00e1 r\u1ebb.","og_url":"https:\/\/pc-holding.vn\/en\/san-pham\/dau-bam-he-ren-jic-74o\/","og_site_name":"Phu Cuong Holding Corporation","article_modified_time":"2021-11-05T07:37:01+00:00","og_image":[{"width":600,"height":600,"url":"https:\/\/pc-holding.vn\/wp-content\/uploads\/2021\/10\/JIC.png","type":"image\/png"}],"twitter_card":"summary_large_image","twitter_misc":{"Est. reading time":"3 minutes"},"schema":{"@context":"https:\/\/schema.org","@graph":[{"@type":"WebPage","@id":"https:\/\/pc-holding.vn\/en\/san-pham\/dau-bam-he-ren-jic-74o\/","url":"https:\/\/pc-holding.vn\/en\/san-pham\/dau-bam-he-ren-jic-74o\/","name":"\u0110\u1ea7u b\u1ea5m h\u1ec7 ren JIC 74\u00ba - Phu Cuong Holding Corporation","isPartOf":{"@id":"https:\/\/pc-holding.vn\/en\/#website"},"primaryImageOfPage":{"@id":"https:\/\/pc-holding.vn\/en\/san-pham\/dau-bam-he-ren-jic-74o\/#primaryimage"},"image":{"@id":"https:\/\/pc-holding.vn\/en\/san-pham\/dau-bam-he-ren-jic-74o\/#primaryimage"},"thumbnailUrl":"https:\/\/pc-holding.vn\/wp-content\/uploads\/2021\/10\/JIC.png","datePublished":"2021-10-11T06:06:39+00:00","dateModified":"2021-11-05T07:37:01+00:00","description":"Ph\u00fa C\u01b0\u1eddng Holding ph\u00e2n ph\u1ed1i ch\u00ednh h\u00e3ng \u0111\u1ea7u b\u1ea5m \u1ed1ng tuy \u00f4 th\u1ee7y l\u1ef1c 1,2,3,4,6 l\u1edbp b\u1ed1 th\u00e9p Vitillo, Parker, Tana Flex. \u1ed0ng tuy \u00f4 th\u1ee7y l\u1ef1c gi\u00e1 r\u1ebb.","breadcrumb":{"@id":"https:\/\/pc-holding.vn\/en\/san-pham\/dau-bam-he-ren-jic-74o\/#breadcrumb"},"inLanguage":"en-US","potentialAction":[{"@type":"ReadAction","target":["https:\/\/pc-holding.vn\/en\/san-pham\/dau-bam-he-ren-jic-74o\/"]}]},{"@type":"ImageObject","inLanguage":"en-US","@id":"https:\/\/pc-holding.vn\/en\/san-pham\/dau-bam-he-ren-jic-74o\/#primaryimage","url":"https:\/\/pc-holding.vn\/wp-content\/uploads\/2021\/10\/JIC.png","contentUrl":"https:\/\/pc-holding.vn\/wp-content\/uploads\/2021\/10\/JIC.png","width":600,"height":600},{"@type":"BreadcrumbList","@id":"https:\/\/pc-holding.vn\/en\/san-pham\/dau-bam-he-ren-jic-74o\/#breadcrumb","itemListElement":[{"@type":"ListItem","position":1,"name":"Trang ch\u1ee7","item":"https:\/\/www.pc-holding.vn\/en\/"},{"@type":"ListItem","position":2,"name":"Product","item":"https:\/\/pc-holding.vn\/en\/product\/"},{"@type":"ListItem","position":3,"name":"\u0110\u1ea7u b\u1ea5m h\u1ec7 ren JIC 74\u00ba"}]},{"@type":"WebSite","@id":"https:\/\/pc-holding.vn\/en\/#website","url":"https:\/\/pc-holding.vn\/en\/","name":"Phu Cuong Holding Corporation","description":"","potentialAction":[{"@type":"SearchAction","target":{"@type":"EntryPoint","urlTemplate":"https:\/\/pc-holding.vn\/en\/?s={search_term_string}"},"query-input":{"@type":"PropertyValueSpecification","valueRequired":true,"valueName":"search_term_string"}}],"inLanguage":"en-US"}]}},"_links":{"self":[{"href":"https:\/\/pc-holding.vn\/en\/wp-json\/wp\/v2\/product\/564","targetHints":{"allow":["GET"]}}],"collection":[{"href":"https:\/\/pc-holding.vn\/en\/wp-json\/wp\/v2\/product"}],"about":[{"href":"https:\/\/pc-holding.vn\/en\/wp-json\/wp\/v2\/types\/product"}],"replies":[{"embeddable":true,"href":"https:\/\/pc-holding.vn\/en\/wp-json\/wp\/v2\/comments?post=564"}],"wp:featuredmedia":[{"embeddable":true,"href":"https:\/\/pc-holding.vn\/en\/wp-json\/wp\/v2\/media\/1569"}],"wp:attachment":[{"href":"https:\/\/pc-holding.vn\/en\/wp-json\/wp\/v2\/media?parent=564"}],"wp:term":[{"taxonomy":"product_brand","embeddable":true,"href":"https:\/\/pc-holding.vn\/en\/wp-json\/wp\/v2\/product_brand?post=564"},{"taxonomy":"product_cat","embeddable":true,"href":"https:\/\/pc-holding.vn\/en\/wp-json\/wp\/v2\/product_cat?post=564"},{"taxonomy":"product_tag","embeddable":true,"href":"https:\/\/pc-holding.vn\/en\/wp-json\/wp\/v2\/product_tag?post=564"}],"curies":[{"name":"wp","href":"https:\/\/api.w.org\/{rel}","templated":true}]}}