{"id":574,"date":"2021-10-11T14:23:44","date_gmt":"2021-10-11T07:23:44","guid":{"rendered":"http:\/\/pc-holding.webtogo.vn\/?post_type=product&#038;p=574"},"modified":"2021-11-05T23:03:55","modified_gmt":"2021-11-05T16:03:55","slug":"may-bop-ong-bam-ong","status":"publish","type":"product","link":"https:\/\/pc-holding.vn\/en\/san-pham\/may-bop-ong-bam-ong\/","title":{"rendered":"M\u00e1y b\u00f3p \u1ed1ng (b\u1ea5m \u1ed1ng)"},"content":{"rendered":"<p><strong>K\u00edch th\u01b0\u1edbc<\/strong>\u00a0t\u1edbi 2&#8243; 6SP &#8211; 4&#8243; \u1ed1ng c\u00f4ng nghi\u1ec7p<br \/>\n<strong>D\u1ea3i k\u00edch th\u01b0\u1edbc b\u00f3p<\/strong>: 4 &#8211; 130 mm<br \/>\n<strong>L\u1ef1c \u00e9p t\u1edbi<\/strong>: 350t<br \/>\n<strong>C\u00f4ng su\u1ea5t \u0111\u1ed9ng c\u01a1 t\u1edbi<\/strong>: 5,5kW<br \/>\n<strong>\u0110\u1ed9 \u1ed3n<\/strong>: &lt;68 dba<br \/>\n<strong>\u0110i\u1ec7n \u00e1p<\/strong>: 400V 3PH &#8211; 230V 3PH<\/p>\n<p><strong>C\u00e2n n\u1eb7ng<\/strong>: \u0111\u1ebfn 260kg<\/p>\n<p>&nbsp;<\/p>\n","protected":false},"excerpt":{"rendered":"<ul class=\"product_info\">\n<li>K\u00edch th\u01b0\u1edbc t\u1edbi 2&#8243; 6SP &#8211; 4&#8243; \u1ed1ng c\u00f4ng nghi\u1ec7p \/ C\u00f4ng su\u1ea5t \u0111\u1ed9ng c\u01a1 t\u1edbi: 5,5kW<\/li>\n<li>K\u00edch th\u01b0\u1edbc t\u1edbi 2&#8243; 6SP &#8211; 4&#8243; \u1ed1ng c\u00f4ng nghi\u1ec7p<\/li>\n<li>D\u1ea3i k\u00edch th\u01b0\u1edbc b\u00f3p: 4 &#8211; 130 mm<\/li>\n<li>L\u1ef1c \u00e9p t\u1edbi: 350t<\/li>\n<li>C\u00f4ng su\u1ea5t \u0111\u1ed9ng c\u01a1 t\u1edbi: 5,5kW<\/li>\n<li>\u0110\u1ed9 \u1ed3n: &lt;68 dba<\/li>\n<li>\u0110i\u1ec7n \u00e1p: 400V 3PH &#8211; 230V 3PH<\/li>\n<li>C\u00e2n n\u1eb7ng: \u0111\u1ebfn 260kg<\/li>\n<\/ul>\n","protected":false},"featured_media":1643,"comment_status":"closed","ping_status":"closed","template":"","meta":{"_acf_changed":false},"product_brand":[],"product_cat":[28],"product_tag":[],"class_list":{"0":"post-574","1":"product","2":"type-product","3":"status-publish","4":"has-post-thumbnail","6":"product_cat-thiet-bi-may-lam-ong-mem","8":"first","9":"instock","10":"shipping-taxable","11":"product-type-simple"},"acf":[],"yoast_head":"<!-- This site is optimized with the Yoast SEO plugin v27.4 - https:\/\/yoast.com\/product\/yoast-seo-wordpress\/ -->\n<title>M\u00e1y b\u00f3p \u1ed1ng (b\u1ea5m \u1ed1ng) - Phu Cuong Holding Corporation<\/title>\n<meta name=\"description\" content=\"Ph\u00fa C\u01b0\u1eddng Holding ph\u00e2n ph\u1ed1i ch\u00ednh h\u00e3ng m\u00e1y b\u1ea5m \u1ed1ng th\u1ee7y l\u1ef1c gi\u00e1 r\u1ebb. nh\u1eadn t\u01b0 v\u1ea5n m\u1edf x\u01b0\u1edfng b\u1ea5m \u1ed1ng th\u1ee7y l\u1ef1c. M\u00e1y b\u1ea5m \u1ed1ng th\u1ee7y l\u1ef1c ch\u00ednh h\u00e3ng\" \/>\n<meta name=\"robots\" content=\"index, follow, max-snippet:-1, max-image-preview:large, max-video-preview:-1\" \/>\n<link rel=\"canonical\" href=\"https:\/\/pc-holding.vn\/en\/san-pham\/may-bop-ong-bam-ong\/\" \/>\n<meta property=\"og:locale\" content=\"en_US\" \/>\n<meta property=\"og:type\" content=\"article\" \/>\n<meta property=\"og:title\" content=\"M\u00e1y b\u00f3p \u1ed1ng (b\u1ea5m \u1ed1ng) - Phu Cuong Holding Corporation\" \/>\n<meta property=\"og:description\" content=\"Ph\u00fa C\u01b0\u1eddng Holding ph\u00e2n ph\u1ed1i ch\u00ednh h\u00e3ng m\u00e1y b\u1ea5m \u1ed1ng th\u1ee7y l\u1ef1c gi\u00e1 r\u1ebb. nh\u1eadn t\u01b0 v\u1ea5n m\u1edf x\u01b0\u1edfng b\u1ea5m \u1ed1ng th\u1ee7y l\u1ef1c. M\u00e1y b\u1ea5m \u1ed1ng th\u1ee7y l\u1ef1c ch\u00ednh h\u00e3ng\" \/>\n<meta property=\"og:url\" content=\"https:\/\/pc-holding.vn\/en\/san-pham\/may-bop-ong-bam-ong\/\" \/>\n<meta property=\"og:site_name\" content=\"Phu Cuong Holding Corporation\" \/>\n<meta property=\"article:modified_time\" content=\"2021-11-05T16:03:55+00:00\" \/>\n<meta property=\"og:image\" content=\"https:\/\/pc-holding.vn\/wp-content\/uploads\/2021\/10\/May_bam_ong.png\" \/>\n\t<meta property=\"og:image:width\" content=\"600\" \/>\n\t<meta property=\"og:image:height\" content=\"600\" \/>\n\t<meta property=\"og:image:type\" content=\"image\/png\" \/>\n<meta name=\"twitter:card\" content=\"summary_large_image\" \/>\n<meta name=\"twitter:label1\" content=\"Est. reading time\" \/>\n\t<meta name=\"twitter:data1\" content=\"1 minute\" \/>\n<script type=\"application\/ld+json\" class=\"yoast-schema-graph\">{\"@context\":\"https:\\\/\\\/schema.org\",\"@graph\":[{\"@type\":\"WebPage\",\"@id\":\"https:\\\/\\\/pc-holding.vn\\\/en\\\/san-pham\\\/may-bop-ong-bam-ong\\\/\",\"url\":\"https:\\\/\\\/pc-holding.vn\\\/en\\\/san-pham\\\/may-bop-ong-bam-ong\\\/\",\"name\":\"M\u00e1y b\u00f3p \u1ed1ng (b\u1ea5m \u1ed1ng) - Phu Cuong Holding Corporation\",\"isPartOf\":{\"@id\":\"https:\\\/\\\/pc-holding.vn\\\/en\\\/#website\"},\"primaryImageOfPage\":{\"@id\":\"https:\\\/\\\/pc-holding.vn\\\/en\\\/san-pham\\\/may-bop-ong-bam-ong\\\/#primaryimage\"},\"image\":{\"@id\":\"https:\\\/\\\/pc-holding.vn\\\/en\\\/san-pham\\\/may-bop-ong-bam-ong\\\/#primaryimage\"},\"thumbnailUrl\":\"https:\\\/\\\/pc-holding.vn\\\/wp-content\\\/uploads\\\/2021\\\/10\\\/May_bam_ong.png\",\"datePublished\":\"2021-10-11T07:23:44+00:00\",\"dateModified\":\"2021-11-05T16:03:55+00:00\",\"description\":\"Ph\u00fa C\u01b0\u1eddng Holding ph\u00e2n ph\u1ed1i ch\u00ednh h\u00e3ng m\u00e1y b\u1ea5m \u1ed1ng th\u1ee7y l\u1ef1c gi\u00e1 r\u1ebb. nh\u1eadn t\u01b0 v\u1ea5n m\u1edf x\u01b0\u1edfng b\u1ea5m \u1ed1ng th\u1ee7y l\u1ef1c. M\u00e1y b\u1ea5m \u1ed1ng th\u1ee7y l\u1ef1c ch\u00ednh h\u00e3ng\",\"breadcrumb\":{\"@id\":\"https:\\\/\\\/pc-holding.vn\\\/en\\\/san-pham\\\/may-bop-ong-bam-ong\\\/#breadcrumb\"},\"inLanguage\":\"en-US\",\"potentialAction\":[{\"@type\":\"ReadAction\",\"target\":[\"https:\\\/\\\/pc-holding.vn\\\/en\\\/san-pham\\\/may-bop-ong-bam-ong\\\/\"]}]},{\"@type\":\"ImageObject\",\"inLanguage\":\"en-US\",\"@id\":\"https:\\\/\\\/pc-holding.vn\\\/en\\\/san-pham\\\/may-bop-ong-bam-ong\\\/#primaryimage\",\"url\":\"https:\\\/\\\/pc-holding.vn\\\/wp-content\\\/uploads\\\/2021\\\/10\\\/May_bam_ong.png\",\"contentUrl\":\"https:\\\/\\\/pc-holding.vn\\\/wp-content\\\/uploads\\\/2021\\\/10\\\/May_bam_ong.png\",\"width\":600,\"height\":600},{\"@type\":\"BreadcrumbList\",\"@id\":\"https:\\\/\\\/pc-holding.vn\\\/en\\\/san-pham\\\/may-bop-ong-bam-ong\\\/#breadcrumb\",\"itemListElement\":[{\"@type\":\"ListItem\",\"position\":1,\"name\":\"Trang ch\u1ee7\",\"item\":\"https:\\\/\\\/www.pc-holding.vn\\\/en\\\/\"},{\"@type\":\"ListItem\",\"position\":2,\"name\":\"Product\",\"item\":\"https:\\\/\\\/pc-holding.vn\\\/en\\\/product\\\/\"},{\"@type\":\"ListItem\",\"position\":3,\"name\":\"M\u00e1y b\u00f3p \u1ed1ng (b\u1ea5m \u1ed1ng)\"}]},{\"@type\":\"WebSite\",\"@id\":\"https:\\\/\\\/pc-holding.vn\\\/en\\\/#website\",\"url\":\"https:\\\/\\\/pc-holding.vn\\\/en\\\/\",\"name\":\"Phu Cuong Holding Corporation\",\"description\":\"\",\"potentialAction\":[{\"@type\":\"SearchAction\",\"target\":{\"@type\":\"EntryPoint\",\"urlTemplate\":\"https:\\\/\\\/pc-holding.vn\\\/en\\\/?s={search_term_string}\"},\"query-input\":{\"@type\":\"PropertyValueSpecification\",\"valueRequired\":true,\"valueName\":\"search_term_string\"}}],\"inLanguage\":\"en-US\"}]}<\/script>\n<!-- \/ Yoast SEO plugin. -->","yoast_head_json":{"title":"M\u00e1y b\u00f3p \u1ed1ng (b\u1ea5m \u1ed1ng) - Phu Cuong Holding Corporation","description":"Ph\u00fa C\u01b0\u1eddng Holding ph\u00e2n ph\u1ed1i ch\u00ednh h\u00e3ng m\u00e1y b\u1ea5m \u1ed1ng th\u1ee7y l\u1ef1c gi\u00e1 r\u1ebb. nh\u1eadn t\u01b0 v\u1ea5n m\u1edf x\u01b0\u1edfng b\u1ea5m \u1ed1ng th\u1ee7y l\u1ef1c. M\u00e1y b\u1ea5m \u1ed1ng th\u1ee7y l\u1ef1c ch\u00ednh h\u00e3ng","robots":{"index":"index","follow":"follow","max-snippet":"max-snippet:-1","max-image-preview":"max-image-preview:large","max-video-preview":"max-video-preview:-1"},"canonical":"https:\/\/pc-holding.vn\/en\/san-pham\/may-bop-ong-bam-ong\/","og_locale":"en_US","og_type":"article","og_title":"M\u00e1y b\u00f3p \u1ed1ng (b\u1ea5m \u1ed1ng) - Phu Cuong Holding Corporation","og_description":"Ph\u00fa C\u01b0\u1eddng Holding ph\u00e2n ph\u1ed1i ch\u00ednh h\u00e3ng m\u00e1y b\u1ea5m \u1ed1ng th\u1ee7y l\u1ef1c gi\u00e1 r\u1ebb. nh\u1eadn t\u01b0 v\u1ea5n m\u1edf x\u01b0\u1edfng b\u1ea5m \u1ed1ng th\u1ee7y l\u1ef1c. M\u00e1y b\u1ea5m \u1ed1ng th\u1ee7y l\u1ef1c ch\u00ednh h\u00e3ng","og_url":"https:\/\/pc-holding.vn\/en\/san-pham\/may-bop-ong-bam-ong\/","og_site_name":"Phu Cuong Holding Corporation","article_modified_time":"2021-11-05T16:03:55+00:00","og_image":[{"width":600,"height":600,"url":"https:\/\/pc-holding.vn\/wp-content\/uploads\/2021\/10\/May_bam_ong.png","type":"image\/png"}],"twitter_card":"summary_large_image","twitter_misc":{"Est. reading time":"1 minute"},"schema":{"@context":"https:\/\/schema.org","@graph":[{"@type":"WebPage","@id":"https:\/\/pc-holding.vn\/en\/san-pham\/may-bop-ong-bam-ong\/","url":"https:\/\/pc-holding.vn\/en\/san-pham\/may-bop-ong-bam-ong\/","name":"M\u00e1y b\u00f3p \u1ed1ng (b\u1ea5m \u1ed1ng) - Phu Cuong Holding Corporation","isPartOf":{"@id":"https:\/\/pc-holding.vn\/en\/#website"},"primaryImageOfPage":{"@id":"https:\/\/pc-holding.vn\/en\/san-pham\/may-bop-ong-bam-ong\/#primaryimage"},"image":{"@id":"https:\/\/pc-holding.vn\/en\/san-pham\/may-bop-ong-bam-ong\/#primaryimage"},"thumbnailUrl":"https:\/\/pc-holding.vn\/wp-content\/uploads\/2021\/10\/May_bam_ong.png","datePublished":"2021-10-11T07:23:44+00:00","dateModified":"2021-11-05T16:03:55+00:00","description":"Ph\u00fa C\u01b0\u1eddng Holding ph\u00e2n ph\u1ed1i ch\u00ednh h\u00e3ng m\u00e1y b\u1ea5m \u1ed1ng th\u1ee7y l\u1ef1c gi\u00e1 r\u1ebb. nh\u1eadn t\u01b0 v\u1ea5n m\u1edf x\u01b0\u1edfng b\u1ea5m \u1ed1ng th\u1ee7y l\u1ef1c. M\u00e1y b\u1ea5m \u1ed1ng th\u1ee7y l\u1ef1c ch\u00ednh h\u00e3ng","breadcrumb":{"@id":"https:\/\/pc-holding.vn\/en\/san-pham\/may-bop-ong-bam-ong\/#breadcrumb"},"inLanguage":"en-US","potentialAction":[{"@type":"ReadAction","target":["https:\/\/pc-holding.vn\/en\/san-pham\/may-bop-ong-bam-ong\/"]}]},{"@type":"ImageObject","inLanguage":"en-US","@id":"https:\/\/pc-holding.vn\/en\/san-pham\/may-bop-ong-bam-ong\/#primaryimage","url":"https:\/\/pc-holding.vn\/wp-content\/uploads\/2021\/10\/May_bam_ong.png","contentUrl":"https:\/\/pc-holding.vn\/wp-content\/uploads\/2021\/10\/May_bam_ong.png","width":600,"height":600},{"@type":"BreadcrumbList","@id":"https:\/\/pc-holding.vn\/en\/san-pham\/may-bop-ong-bam-ong\/#breadcrumb","itemListElement":[{"@type":"ListItem","position":1,"name":"Trang ch\u1ee7","item":"https:\/\/www.pc-holding.vn\/en\/"},{"@type":"ListItem","position":2,"name":"Product","item":"https:\/\/pc-holding.vn\/en\/product\/"},{"@type":"ListItem","position":3,"name":"M\u00e1y b\u00f3p \u1ed1ng (b\u1ea5m \u1ed1ng)"}]},{"@type":"WebSite","@id":"https:\/\/pc-holding.vn\/en\/#website","url":"https:\/\/pc-holding.vn\/en\/","name":"Phu Cuong Holding Corporation","description":"","potentialAction":[{"@type":"SearchAction","target":{"@type":"EntryPoint","urlTemplate":"https:\/\/pc-holding.vn\/en\/?s={search_term_string}"},"query-input":{"@type":"PropertyValueSpecification","valueRequired":true,"valueName":"search_term_string"}}],"inLanguage":"en-US"}]}},"_links":{"self":[{"href":"https:\/\/pc-holding.vn\/en\/wp-json\/wp\/v2\/product\/574","targetHints":{"allow":["GET"]}}],"collection":[{"href":"https:\/\/pc-holding.vn\/en\/wp-json\/wp\/v2\/product"}],"about":[{"href":"https:\/\/pc-holding.vn\/en\/wp-json\/wp\/v2\/types\/product"}],"replies":[{"embeddable":true,"href":"https:\/\/pc-holding.vn\/en\/wp-json\/wp\/v2\/comments?post=574"}],"wp:featuredmedia":[{"embeddable":true,"href":"https:\/\/pc-holding.vn\/en\/wp-json\/wp\/v2\/media\/1643"}],"wp:attachment":[{"href":"https:\/\/pc-holding.vn\/en\/wp-json\/wp\/v2\/media?parent=574"}],"wp:term":[{"taxonomy":"product_brand","embeddable":true,"href":"https:\/\/pc-holding.vn\/en\/wp-json\/wp\/v2\/product_brand?post=574"},{"taxonomy":"product_cat","embeddable":true,"href":"https:\/\/pc-holding.vn\/en\/wp-json\/wp\/v2\/product_cat?post=574"},{"taxonomy":"product_tag","embeddable":true,"href":"https:\/\/pc-holding.vn\/en\/wp-json\/wp\/v2\/product_tag?post=574"}],"curies":[{"name":"wp","href":"https:\/\/api.w.org\/{rel}","templated":true}]}}