{"id":580,"date":"2021-10-11T14:48:17","date_gmt":"2021-10-11T07:48:17","guid":{"rendered":"http:\/\/pc-holding.webtogo.vn\/?post_type=product&#038;p=580"},"modified":"2021-11-09T10:24:39","modified_gmt":"2021-11-09T03:24:39","slug":"dau-noi-thang-cung-cap-giam-cap","status":"publish","type":"product","link":"https:\/\/pc-holding.vn\/en\/san-pham\/dau-noi-thang-cung-cap-giam-cap\/","title":{"rendered":"\u1ed0ng th\u00e9p \u0111\u00fac DIN2391, St37.4 \/ St52"},"content":{"rendered":"<p><strong>K<\/strong><strong>\u00edch c\u1ee1 \u1ed1ng:<\/strong>\u00a0t\u1eeb 6mm -&gt; 42mm<br \/>\n<strong>Chi\u1ec1u d\u00e0y<\/strong>: t\u1eeb 0.75mm -&gt; 6mm<br \/>\n<strong>\u00c1p su\u1ea5t:<\/strong>\u00a0t\u1edbi 700 bar<br \/>\n<strong>Quy c\u00e1ch chi\u1ec1u d\u00e0i<\/strong>: 6m\/c\u00e2y<br \/>\n<strong>V\u1eadt li\u1ec7u<\/strong>: Th\u00e9p cacbon St37.4 \/ St52<\/p>\n<p>&nbsp;<\/p>\n<table border=\"0\" width=\"648\" cellspacing=\"0\" cellpadding=\"0\">\n<tbody>\n<tr>\n<td rowspan=\"2\" nowrap=\"nowrap\">\n<p align=\"center\"><strong>Item<\/strong><\/p>\n<\/td>\n<td rowspan=\"2\">\n<p align=\"center\"><strong>Descriptions<\/strong><\/p>\n<\/td>\n<td colspan=\"3\">\n<p align=\"center\"><strong>Dimensions (mm)<\/strong><\/p>\n<\/td>\n<td><strong>Length<\/strong><\/td>\n<td>\n<p align=\"center\"><strong>Weigh<\/strong><\/p>\n<\/td>\n<td>\n<p align=\"center\"><strong>W.P<\/strong><\/p>\n<\/td>\n<td>\n<p align=\"center\"><strong>Unit price<\/strong><\/p>\n<\/td>\n<\/tr>\n<tr>\n<td>\n<p align=\"center\">O.D<\/p>\n<\/td>\n<td>\n<p align=\"center\">I.D<\/p>\n<\/td>\n<td>\n<p align=\"center\">Thick<\/p>\n<\/td>\n<td>\n<p align=\"center\">Mt<\/p>\n<\/td>\n<td>\n<p align=\"center\">Kg\/length<\/p>\n<\/td>\n<td>\n<p align=\"center\">Bar<\/p>\n<\/td>\n<td>\n<p align=\"center\">VND\/Length<\/p>\n<\/td>\n<\/tr>\n<tr>\n<td nowrap=\"nowrap\">\n<p align=\"center\">1<\/p>\n<\/td>\n<td nowrap=\"nowrap\">Tube_OD06x1.0x6000CS<\/td>\n<td nowrap=\"nowrap\">\n<p align=\"center\">6<\/p>\n<\/td>\n<td nowrap=\"nowrap\">\n<p align=\"center\">4<\/p>\n<\/td>\n<td nowrap=\"nowrap\">\n<p align=\"center\">1,0<\/p>\n<\/td>\n<td rowspan=\"29\" nowrap=\"nowrap\">\n<p align=\"center\">6<\/p>\n<\/td>\n<td nowrap=\"nowrap\">\n<p align=\"center\">0,7398<\/p>\n<\/td>\n<td nowrap=\"nowrap\">\n<p align=\"center\">389<\/p>\n<\/td>\n<td nowrap=\"nowrap\">\n<p align=\"right\">\n<\/td>\n<\/tr>\n<tr>\n<td nowrap=\"nowrap\">\n<p align=\"center\">2<\/p>\n<\/td>\n<td nowrap=\"nowrap\">Tube_OD08x1.0x6000CS<\/td>\n<td nowrap=\"nowrap\">\n<p align=\"center\">8<\/p>\n<\/td>\n<td nowrap=\"nowrap\">\n<p align=\"center\">6<\/p>\n<\/td>\n<td nowrap=\"nowrap\">\n<p align=\"center\">1,0<\/p>\n<\/td>\n<td nowrap=\"nowrap\">\n<p align=\"center\">1,03572<\/p>\n<\/td>\n<td nowrap=\"nowrap\">\n<p align=\"center\">333<\/p>\n<\/td>\n<td nowrap=\"nowrap\">\n<p align=\"right\">\n<\/td>\n<\/tr>\n<tr>\n<td nowrap=\"nowrap\">\n<p align=\"center\">3<\/p>\n<\/td>\n<td nowrap=\"nowrap\">Tube _OD10x0.8x6000CS<\/td>\n<td nowrap=\"nowrap\">\n<p align=\"center\">\n<\/td>\n<td nowrap=\"nowrap\">\n<p align=\"center\">\n<\/td>\n<td nowrap=\"nowrap\">\n<p align=\"center\">\n<\/td>\n<td nowrap=\"nowrap\">\n<p align=\"center\">\n<\/td>\n<td nowrap=\"nowrap\">\n<p align=\"center\">\n<\/td>\n<td nowrap=\"nowrap\">\n<p align=\"right\">\n<\/td>\n<\/tr>\n<tr>\n<td nowrap=\"nowrap\">\n<p align=\"center\">4<\/p>\n<\/td>\n<td nowrap=\"nowrap\">Tube OD10x1.0x6000CS<\/td>\n<td nowrap=\"nowrap\">\n<p align=\"center\">10<\/p>\n<\/td>\n<td nowrap=\"nowrap\">\n<p align=\"center\">8<\/p>\n<\/td>\n<td nowrap=\"nowrap\">\n<p align=\"center\">1,0<\/p>\n<\/td>\n<td nowrap=\"nowrap\">\n<p align=\"center\">1,33164<\/p>\n<\/td>\n<td nowrap=\"nowrap\">\n<p align=\"center\">282<\/p>\n<\/td>\n<td nowrap=\"nowrap\">\n<p align=\"right\">\n<\/td>\n<\/tr>\n<tr>\n<td nowrap=\"nowrap\">\n<p align=\"center\">5<\/p>\n<\/td>\n<td nowrap=\"nowrap\">Tube_OD10x1.5x6000CS<\/td>\n<td nowrap=\"nowrap\">\n<p align=\"center\">10<\/p>\n<\/td>\n<td nowrap=\"nowrap\">\n<p align=\"center\">7<\/p>\n<\/td>\n<td nowrap=\"nowrap\">\n<p align=\"center\">1,5<\/p>\n<\/td>\n<td nowrap=\"nowrap\">\n<p align=\"center\">1,88649<\/p>\n<\/td>\n<td nowrap=\"nowrap\">\n<p align=\"center\">373<\/p>\n<\/td>\n<td nowrap=\"nowrap\">\n<p align=\"right\">\n<\/td>\n<\/tr>\n<tr>\n<td nowrap=\"nowrap\">\n<p align=\"center\">6<\/p>\n<\/td>\n<td nowrap=\"nowrap\">Tube_OD12x1.5x6000CS<\/td>\n<td nowrap=\"nowrap\">\n<p align=\"center\">12<\/p>\n<\/td>\n<td nowrap=\"nowrap\">\n<p align=\"center\">9<\/p>\n<\/td>\n<td nowrap=\"nowrap\">\n<p align=\"center\">1,5<\/p>\n<\/td>\n<td nowrap=\"nowrap\">\n<p align=\"center\">2,33037<\/p>\n<\/td>\n<td nowrap=\"nowrap\">\n<p align=\"center\">353<\/p>\n<\/td>\n<td nowrap=\"nowrap\">\n<p align=\"right\">\n<\/td>\n<\/tr>\n<tr>\n<td nowrap=\"nowrap\">\n<p align=\"center\">7<\/p>\n<\/td>\n<td nowrap=\"nowrap\">Tube_OD12x2.0x6000CS<\/td>\n<td nowrap=\"nowrap\">\n<p align=\"center\">12<\/p>\n<\/td>\n<td nowrap=\"nowrap\">\n<p align=\"center\">8<\/p>\n<\/td>\n<td nowrap=\"nowrap\">\n<p align=\"center\">2,0<\/p>\n<\/td>\n<td nowrap=\"nowrap\">\n<p align=\"center\">2,9592<\/p>\n<\/td>\n<td nowrap=\"nowrap\">\n<p align=\"center\">409<\/p>\n<\/td>\n<td nowrap=\"nowrap\">\n<p align=\"right\">\n<\/td>\n<\/tr>\n<tr>\n<td nowrap=\"nowrap\">\n<p align=\"center\">8<\/p>\n<\/td>\n<td nowrap=\"nowrap\">Tube _OD15x1.5x6000CS<\/td>\n<td nowrap=\"nowrap\">\n<p align=\"center\">15<\/p>\n<\/td>\n<td nowrap=\"nowrap\">\n<p align=\"center\">12<\/p>\n<\/td>\n<td nowrap=\"nowrap\">\n<p align=\"center\">1,5<\/p>\n<\/td>\n<td nowrap=\"nowrap\">\n<p align=\"center\">2,99619<\/p>\n<\/td>\n<td nowrap=\"nowrap\">\n<p align=\"center\">282<\/p>\n<\/td>\n<td nowrap=\"nowrap\">\n<p align=\"right\">\n<\/td>\n<\/tr>\n<tr>\n<td nowrap=\"nowrap\">\n<p align=\"center\">9<\/p>\n<\/td>\n<td nowrap=\"nowrap\">Tube_OD15x2.0x6000CS<\/td>\n<td nowrap=\"nowrap\">\n<p align=\"center\">15<\/p>\n<\/td>\n<td nowrap=\"nowrap\">\n<p align=\"center\">11<\/p>\n<\/td>\n<td nowrap=\"nowrap\">\n<p align=\"center\">2,0<\/p>\n<\/td>\n<td nowrap=\"nowrap\">\n<p align=\"center\">3,84696<\/p>\n<\/td>\n<td nowrap=\"nowrap\">\n<p align=\"center\">336<\/p>\n<\/td>\n<td nowrap=\"nowrap\">\n<p align=\"right\">\n<\/td>\n<\/tr>\n<tr>\n<td nowrap=\"nowrap\">\n<p align=\"center\">10<\/p>\n<\/td>\n<td nowrap=\"nowrap\">Tube _OD16x2.0x6000CS<\/td>\n<td nowrap=\"nowrap\">\n<p align=\"center\">16<\/p>\n<\/td>\n<td nowrap=\"nowrap\">\n<p align=\"center\">12<\/p>\n<\/td>\n<td nowrap=\"nowrap\">\n<p align=\"center\">2,0<\/p>\n<\/td>\n<td nowrap=\"nowrap\">\n<p align=\"center\">4,14288<\/p>\n<\/td>\n<td nowrap=\"nowrap\">\n<p align=\"center\">353<\/p>\n<\/td>\n<td nowrap=\"nowrap\">\n<p align=\"right\">\n<\/td>\n<\/tr>\n<tr>\n<td nowrap=\"nowrap\">\n<p align=\"center\">11<\/p>\n<\/td>\n<td nowrap=\"nowrap\">Tube_OD16x2.5x6000CS<\/td>\n<td nowrap=\"nowrap\">\n<p align=\"center\">16<\/p>\n<\/td>\n<td nowrap=\"nowrap\">\n<p align=\"center\">11<\/p>\n<\/td>\n<td nowrap=\"nowrap\">\n<p align=\"center\">2,5<\/p>\n<\/td>\n<td nowrap=\"nowrap\">\n<p align=\"center\">4,99365<\/p>\n<\/td>\n<td nowrap=\"nowrap\">\n<p align=\"center\">386<\/p>\n<\/td>\n<td nowrap=\"nowrap\">\n<p align=\"right\">\n<\/td>\n<\/tr>\n<tr>\n<td nowrap=\"nowrap\">\n<p align=\"center\">12<\/p>\n<\/td>\n<td nowrap=\"nowrap\">Tube_OD18x1.5x6000CS<\/td>\n<td nowrap=\"nowrap\">\n<p align=\"center\">18<\/p>\n<\/td>\n<td nowrap=\"nowrap\">\n<p align=\"center\">15<\/p>\n<\/td>\n<td nowrap=\"nowrap\">\n<p align=\"center\">1,5<\/p>\n<\/td>\n<td nowrap=\"nowrap\">\n<p align=\"center\">3,66201<\/p>\n<\/td>\n<td nowrap=\"nowrap\">\n<p align=\"center\">235<\/p>\n<\/td>\n<td nowrap=\"nowrap\">\n<p align=\"right\">\n<\/td>\n<\/tr>\n<tr>\n<td nowrap=\"nowrap\">\n<p align=\"center\">13<\/p>\n<\/td>\n<td nowrap=\"nowrap\">Tube_OD18x2.Ox6000CS<\/td>\n<td nowrap=\"nowrap\">\n<p align=\"center\">18<\/p>\n<\/td>\n<td nowrap=\"nowrap\">\n<p align=\"center\">14<\/p>\n<\/td>\n<td nowrap=\"nowrap\">\n<p align=\"center\">2,0<\/p>\n<\/td>\n<td nowrap=\"nowrap\">\n<p align=\"center\">4,73472<\/p>\n<\/td>\n<td nowrap=\"nowrap\">\n<p align=\"center\">313<\/p>\n<\/td>\n<td nowrap=\"nowrap\">\n<p align=\"right\">\n<\/td>\n<\/tr>\n<tr>\n<td nowrap=\"nowrap\">\n<p align=\"center\">14<\/p>\n<\/td>\n<td nowrap=\"nowrap\">Tube_OD20x2.0x6000CS<\/td>\n<td nowrap=\"nowrap\">\n<p align=\"center\">20<\/p>\n<\/td>\n<td nowrap=\"nowrap\">\n<p align=\"center\">16<\/p>\n<\/td>\n<td nowrap=\"nowrap\">\n<p align=\"center\">2,0<\/p>\n<\/td>\n<td nowrap=\"nowrap\">\n<p align=\"center\">5,32656<\/p>\n<\/td>\n<td nowrap=\"nowrap\">\n<p align=\"center\">282<\/p>\n<\/td>\n<td nowrap=\"nowrap\">\n<p align=\"right\">\n<\/td>\n<\/tr>\n<tr>\n<td nowrap=\"nowrap\">\n<p align=\"center\">15<\/p>\n<\/td>\n<td nowrap=\"nowrap\">Tube_OD20x2.5x6000CS<\/td>\n<td nowrap=\"nowrap\">\n<p align=\"center\">20<\/p>\n<\/td>\n<td nowrap=\"nowrap\">\n<p align=\"center\">15<\/p>\n<\/td>\n<td nowrap=\"nowrap\">\n<p align=\"center\">2,5<\/p>\n<\/td>\n<td nowrap=\"nowrap\">\n<p align=\"center\">6,47325<\/p>\n<\/td>\n<td nowrap=\"nowrap\">\n<p align=\"center\">353<\/p>\n<\/td>\n<td nowrap=\"nowrap\">\n<p align=\"right\">\n<\/td>\n<\/tr>\n<tr>\n<td nowrap=\"nowrap\">\n<p align=\"center\">16<\/p>\n<\/td>\n<td nowrap=\"nowrap\">Tube_OD20x3.0x6000CS<\/td>\n<td nowrap=\"nowrap\">\n<p align=\"center\">20<\/p>\n<\/td>\n<td nowrap=\"nowrap\">\n<p align=\"center\">14<\/p>\n<\/td>\n<td nowrap=\"nowrap\">\n<p align=\"center\">3,0<\/p>\n<\/td>\n<td nowrap=\"nowrap\">\n<p align=\"center\">7,54596<\/p>\n<\/td>\n<td nowrap=\"nowrap\">\n<p align=\"center\">373<\/p>\n<\/td>\n<td nowrap=\"nowrap\">\n<p align=\"right\">\n<\/td>\n<\/tr>\n<tr>\n<td nowrap=\"nowrap\">\n<p align=\"center\">17<\/p>\n<\/td>\n<td nowrap=\"nowrap\">Tube_OD22x2.0x6000CS<\/td>\n<td nowrap=\"nowrap\">\n<p align=\"center\">22<\/p>\n<\/td>\n<td nowrap=\"nowrap\">\n<p align=\"center\">18<\/p>\n<\/td>\n<td nowrap=\"nowrap\">\n<p align=\"center\">2,0<\/p>\n<\/td>\n<td nowrap=\"nowrap\">\n<p align=\"center\">5,9184<\/p>\n<\/td>\n<td nowrap=\"nowrap\">\n<p align=\"center\">256<\/p>\n<\/td>\n<td nowrap=\"nowrap\">\n<p align=\"right\">\n<\/td>\n<\/tr>\n<tr>\n<td nowrap=\"nowrap\">\n<p align=\"center\">18<\/p>\n<\/td>\n<td nowrap=\"nowrap\">Tube_OD25x2.5x6000CS<\/td>\n<td nowrap=\"nowrap\">\n<p align=\"center\">25<\/p>\n<\/td>\n<td nowrap=\"nowrap\">\n<p align=\"center\">20<\/p>\n<\/td>\n<td nowrap=\"nowrap\">\n<p align=\"center\">2,5<\/p>\n<\/td>\n<td nowrap=\"nowrap\">\n<p align=\"center\">8,32275<\/p>\n<\/td>\n<td nowrap=\"nowrap\">\n<p align=\"center\">282<\/p>\n<\/td>\n<td nowrap=\"nowrap\">\n<p align=\"right\">\n<\/td>\n<\/tr>\n<tr>\n<td nowrap=\"nowrap\">\n<p align=\"center\">19<\/p>\n<\/td>\n<td nowrap=\"nowrap\">Tube_OD25x3.0x6000CS<\/td>\n<td nowrap=\"nowrap\">\n<p align=\"center\">25<\/p>\n<\/td>\n<td nowrap=\"nowrap\">\n<p align=\"center\">19<\/p>\n<\/td>\n<td nowrap=\"nowrap\">\n<p align=\"center\">3,0<\/p>\n<\/td>\n<td nowrap=\"nowrap\">\n<p align=\"center\">9,76536<\/p>\n<\/td>\n<td nowrap=\"nowrap\">\n<p align=\"center\">338<\/p>\n<\/td>\n<td nowrap=\"nowrap\">\n<p align=\"right\">\n<\/td>\n<\/tr>\n<tr>\n<td nowrap=\"nowrap\">\n<p align=\"center\">20<\/p>\n<\/td>\n<td nowrap=\"nowrap\">Tube_OD28x2.5x6000CS<\/td>\n<td nowrap=\"nowrap\">\n<p align=\"center\">28<\/p>\n<\/td>\n<td nowrap=\"nowrap\">\n<p align=\"center\">23<\/p>\n<\/td>\n<td nowrap=\"nowrap\">\n<p align=\"center\">2,5<\/p>\n<\/td>\n<td nowrap=\"nowrap\">\n<p align=\"center\">9,43245<\/p>\n<\/td>\n<td nowrap=\"nowrap\">\n<p align=\"center\">252<\/p>\n<\/td>\n<td nowrap=\"nowrap\">\n<p align=\"right\">\n<\/td>\n<\/tr>\n<tr>\n<td nowrap=\"nowrap\">\n<p align=\"center\">21<\/p>\n<\/td>\n<td nowrap=\"nowrap\">Tube_OD30x2.5x6000CS<\/td>\n<td nowrap=\"nowrap\">\n<p align=\"center\">30<\/p>\n<\/td>\n<td nowrap=\"nowrap\">\n<p align=\"center\">25<\/p>\n<\/td>\n<td nowrap=\"nowrap\">\n<p align=\"center\">2,5<\/p>\n<\/td>\n<td nowrap=\"nowrap\">\n<p align=\"center\">10,17225<\/p>\n<\/td>\n<td nowrap=\"nowrap\">\n<p align=\"center\">226<\/p>\n<\/td>\n<td nowrap=\"nowrap\">\n<p align=\"right\">\n<\/td>\n<\/tr>\n<tr>\n<td nowrap=\"nowrap\">\n<p align=\"center\">22<\/p>\n<\/td>\n<td nowrap=\"nowrap\">Tube_OD30x3.0x6000CS<\/td>\n<td nowrap=\"nowrap\">\n<p align=\"center\">30<\/p>\n<\/td>\n<td nowrap=\"nowrap\">\n<p align=\"center\">24<\/p>\n<\/td>\n<td nowrap=\"nowrap\">\n<p align=\"center\">3,0<\/p>\n<\/td>\n<td nowrap=\"nowrap\">\n<p align=\"center\">11,98476<\/p>\n<\/td>\n<td nowrap=\"nowrap\">\n<p align=\"center\">282<\/p>\n<\/td>\n<td nowrap=\"nowrap\">\n<p align=\"right\">\n<\/td>\n<\/tr>\n<tr>\n<td nowrap=\"nowrap\">\n<p align=\"center\">23<\/p>\n<\/td>\n<td nowrap=\"nowrap\">Tube_OD30x4.0x6000CS<\/td>\n<td nowrap=\"nowrap\">\n<p align=\"center\">30<\/p>\n<\/td>\n<td nowrap=\"nowrap\">\n<p align=\"center\">22<\/p>\n<\/td>\n<td nowrap=\"nowrap\">\n<p align=\"center\">4,0<\/p>\n<\/td>\n<td nowrap=\"nowrap\">\n<p align=\"center\">15,38784<\/p>\n<\/td>\n<td nowrap=\"nowrap\">\n<p align=\"center\">336<\/p>\n<\/td>\n<td nowrap=\"nowrap\">\n<p align=\"right\">\n<\/td>\n<\/tr>\n<tr>\n<td nowrap=\"nowrap\">\n<p align=\"center\">24<\/p>\n<\/td>\n<td nowrap=\"nowrap\">Tube_OD35x2.0x6000CS<\/td>\n<td nowrap=\"nowrap\">\n<p align=\"center\">35<\/p>\n<\/td>\n<td nowrap=\"nowrap\">\n<p align=\"center\">31<\/p>\n<\/td>\n<td nowrap=\"nowrap\">\n<p align=\"center\">2,0<\/p>\n<\/td>\n<td nowrap=\"nowrap\">\n<p align=\"center\">9,76536<\/p>\n<\/td>\n<td nowrap=\"nowrap\">\n<p align=\"center\">161<\/p>\n<\/td>\n<td nowrap=\"nowrap\">\n<p align=\"right\">\n<\/td>\n<\/tr>\n<tr>\n<td nowrap=\"nowrap\">\n<p align=\"center\">25<\/p>\n<\/td>\n<td nowrap=\"nowrap\">Tube_OD35x3.0x6000CS<\/td>\n<td nowrap=\"nowrap\">\n<p align=\"center\">35<\/p>\n<\/td>\n<td nowrap=\"nowrap\">\n<p align=\"center\">29<\/p>\n<\/td>\n<td nowrap=\"nowrap\">\n<p align=\"center\">3,0<\/p>\n<\/td>\n<td nowrap=\"nowrap\">\n<p align=\"center\">14,20416<\/p>\n<\/td>\n<td nowrap=\"nowrap\">\n<p align=\"center\">223<\/p>\n<\/td>\n<td nowrap=\"nowrap\">\n<p align=\"right\">\n<\/td>\n<\/tr>\n<tr>\n<td nowrap=\"nowrap\">\n<p align=\"center\">26<\/p>\n<\/td>\n<td nowrap=\"nowrap\">Tube_OD38x3.5x6000CS<\/td>\n<td nowrap=\"nowrap\">\n<p align=\"center\">38<\/p>\n<\/td>\n<td nowrap=\"nowrap\">\n<p align=\"center\">31<\/p>\n<\/td>\n<td nowrap=\"nowrap\">\n<p align=\"center\">3,5<\/p>\n<\/td>\n<td nowrap=\"nowrap\">\n<p align=\"center\">17,86617<\/p>\n<\/td>\n<td nowrap=\"nowrap\">\n<p align=\"center\">260<\/p>\n<\/td>\n<td nowrap=\"nowrap\">\n<p align=\"right\">\n<\/td>\n<\/tr>\n<tr>\n<td nowrap=\"nowrap\">\n<p align=\"center\">27<\/p>\n<\/td>\n<td nowrap=\"nowrap\">Tube_OD38x4.0x6000CS<\/td>\n<td nowrap=\"nowrap\">\n<p align=\"center\">38<\/p>\n<\/td>\n<td nowrap=\"nowrap\">\n<p align=\"center\">30<\/p>\n<\/td>\n<td nowrap=\"nowrap\">\n<p align=\"center\">4,0<\/p>\n<\/td>\n<td nowrap=\"nowrap\">\n<p align=\"center\">20,12256<\/p>\n<\/td>\n<td nowrap=\"nowrap\">\n<p align=\"center\">298<\/p>\n<\/td>\n<td nowrap=\"nowrap\">\n<p align=\"right\">\n<\/td>\n<\/tr>\n<tr>\n<td nowrap=\"nowrap\">\n<p align=\"center\">28<\/p>\n<\/td>\n<td nowrap=\"nowrap\">Tube_OD38x5.0x6000CS<\/td>\n<td nowrap=\"nowrap\">\n<p align=\"center\">38<\/p>\n<\/td>\n<td nowrap=\"nowrap\">\n<p align=\"center\">30<\/p>\n<\/td>\n<td nowrap=\"nowrap\">\n<p align=\"center\">4,0<\/p>\n<\/td>\n<td nowrap=\"nowrap\">\n<p align=\"center\">20,12256<\/p>\n<\/td>\n<td nowrap=\"nowrap\">\n<p align=\"center\">332<\/p>\n<\/td>\n<td nowrap=\"nowrap\">\n<p align=\"right\">\n<\/td>\n<\/tr>\n<tr>\n<td nowrap=\"nowrap\">\n<p align=\"center\">29<\/p>\n<\/td>\n<td nowrap=\"nowrap\">Tube_OD42x3.0x6000CS<\/td>\n<td nowrap=\"nowrap\">\n<p align=\"center\">42<\/p>\n<\/td>\n<td nowrap=\"nowrap\">\n<p align=\"center\">36<\/p>\n<\/td>\n<td nowrap=\"nowrap\">\n<p align=\"center\">3,0<\/p>\n<\/td>\n<td nowrap=\"nowrap\">\n<p align=\"center\">17,31132<\/p>\n<\/td>\n<td nowrap=\"nowrap\">\n<p align=\"center\">201<\/p>\n<\/td>\n<td nowrap=\"nowrap\"><\/td>\n<\/tr>\n<\/tbody>\n<\/table>\n","protected":false},"excerpt":{"rendered":"<ul>\n<li>\u0110\u1ea7u n\u1ed1i 1 n\u1ed1i \u1ed1ng t\u1eeb: 6mm -&gt; 42mm<\/li>\n<li>\u0110\u1ea7u n\u1ed1i 2 n\u1ed1i \u1ed1ng t\u1eeb: Size from 6mm -&gt; 42mm<\/li>\n<li>V\u1eadt li\u1ec7u: Th\u00e9p cacbon \/ Innoc 316<\/li>\n<\/ul>\n","protected":false},"featured_media":1659,"comment_status":"closed","ping_status":"closed","template":"","meta":{"_acf_changed":false},"product_brand":[],"product_cat":[19,36],"product_tag":[],"class_list":{"0":"post-580","1":"product","2":"type-product","3":"status-publish","4":"has-post-thumbnail","6":"product_cat-ong-duc-va-dau-xiet-thep-carbon","7":"product_cat-ong-thep-cung-din2391","9":"first","10":"instock","11":"shipping-taxable","12":"product-type-simple"},"acf":[],"yoast_head":"<!-- This site is optimized with the Yoast SEO plugin v27.4 - https:\/\/yoast.com\/product\/yoast-seo-wordpress\/ -->\n<title>\u1ed0ng th\u00e9p \u0111\u00fac DIN2391, St37.4 \/ St52 - Phu Cuong Holding Corporation<\/title>\n<meta name=\"description\" content=\"Ph\u00fa C\u01b0\u1eddng Holding ph\u00e2n ph\u1ed1i \u1ed1ng th\u00e9p \u0111\u00fac, \u1ed1ng th\u00e9p c\u00e1c lo\u1ea1i gi\u00e1 r\u1ebb. \u0111\u1ea7u n\u1ed1i \u1ed1ng \u0111\u00fac, \u0111\u1ea7u xi\u1ebft \u1ed1ng th\u00e9p c\u00e1c lo\u1ea1i. b\u00e1n \u1ed1ng th\u00e9p \u0111\u00fac t\u1ea1i H\u00e0 N\u1ed9i\" \/>\n<meta name=\"robots\" content=\"index, follow, max-snippet:-1, max-image-preview:large, max-video-preview:-1\" \/>\n<link rel=\"canonical\" href=\"https:\/\/pc-holding.vn\/en\/san-pham\/dau-noi-thang-cung-cap-giam-cap\/\" \/>\n<meta property=\"og:locale\" content=\"en_US\" \/>\n<meta property=\"og:type\" content=\"article\" \/>\n<meta property=\"og:title\" content=\"\u1ed0ng th\u00e9p \u0111\u00fac DIN2391, St37.4 \/ St52 - Phu Cuong Holding Corporation\" \/>\n<meta property=\"og:description\" content=\"Ph\u00fa C\u01b0\u1eddng Holding ph\u00e2n ph\u1ed1i \u1ed1ng th\u00e9p \u0111\u00fac, \u1ed1ng th\u00e9p c\u00e1c lo\u1ea1i gi\u00e1 r\u1ebb. \u0111\u1ea7u n\u1ed1i \u1ed1ng \u0111\u00fac, \u0111\u1ea7u xi\u1ebft \u1ed1ng th\u00e9p c\u00e1c lo\u1ea1i. b\u00e1n \u1ed1ng th\u00e9p \u0111\u00fac t\u1ea1i H\u00e0 N\u1ed9i\" \/>\n<meta property=\"og:url\" content=\"https:\/\/pc-holding.vn\/en\/san-pham\/dau-noi-thang-cung-cap-giam-cap\/\" \/>\n<meta property=\"og:site_name\" content=\"Phu Cuong Holding Corporation\" \/>\n<meta property=\"article:modified_time\" content=\"2021-11-09T03:24:39+00:00\" \/>\n<meta property=\"og:image\" content=\"https:\/\/pc-holding.vn\/wp-content\/uploads\/2021\/10\/ongthepducDIN2391.png\" \/>\n\t<meta property=\"og:image:width\" content=\"600\" \/>\n\t<meta property=\"og:image:height\" content=\"600\" \/>\n\t<meta property=\"og:image:type\" content=\"image\/png\" \/>\n<meta name=\"twitter:card\" content=\"summary_large_image\" \/>\n<meta name=\"twitter:label1\" content=\"Est. reading time\" \/>\n\t<meta name=\"twitter:data1\" content=\"2 minutes\" \/>\n<script type=\"application\/ld+json\" class=\"yoast-schema-graph\">{\"@context\":\"https:\\\/\\\/schema.org\",\"@graph\":[{\"@type\":\"WebPage\",\"@id\":\"https:\\\/\\\/pc-holding.vn\\\/en\\\/san-pham\\\/dau-noi-thang-cung-cap-giam-cap\\\/\",\"url\":\"https:\\\/\\\/pc-holding.vn\\\/en\\\/san-pham\\\/dau-noi-thang-cung-cap-giam-cap\\\/\",\"name\":\"\u1ed0ng th\u00e9p \u0111\u00fac DIN2391, St37.4 \\\/ St52 - Phu Cuong Holding Corporation\",\"isPartOf\":{\"@id\":\"https:\\\/\\\/www.pc-holding.vn\\\/en\\\/#website\"},\"primaryImageOfPage\":{\"@id\":\"https:\\\/\\\/pc-holding.vn\\\/en\\\/san-pham\\\/dau-noi-thang-cung-cap-giam-cap\\\/#primaryimage\"},\"image\":{\"@id\":\"https:\\\/\\\/pc-holding.vn\\\/en\\\/san-pham\\\/dau-noi-thang-cung-cap-giam-cap\\\/#primaryimage\"},\"thumbnailUrl\":\"https:\\\/\\\/pc-holding.vn\\\/wp-content\\\/uploads\\\/2021\\\/10\\\/ongthepducDIN2391.png\",\"datePublished\":\"2021-10-11T07:48:17+00:00\",\"dateModified\":\"2021-11-09T03:24:39+00:00\",\"description\":\"Ph\u00fa C\u01b0\u1eddng Holding ph\u00e2n ph\u1ed1i \u1ed1ng th\u00e9p \u0111\u00fac, \u1ed1ng th\u00e9p c\u00e1c lo\u1ea1i gi\u00e1 r\u1ebb. \u0111\u1ea7u n\u1ed1i \u1ed1ng \u0111\u00fac, \u0111\u1ea7u xi\u1ebft \u1ed1ng th\u00e9p c\u00e1c lo\u1ea1i. b\u00e1n \u1ed1ng th\u00e9p \u0111\u00fac t\u1ea1i H\u00e0 N\u1ed9i\",\"breadcrumb\":{\"@id\":\"https:\\\/\\\/pc-holding.vn\\\/en\\\/san-pham\\\/dau-noi-thang-cung-cap-giam-cap\\\/#breadcrumb\"},\"inLanguage\":\"en-US\",\"potentialAction\":[{\"@type\":\"ReadAction\",\"target\":[\"https:\\\/\\\/pc-holding.vn\\\/en\\\/san-pham\\\/dau-noi-thang-cung-cap-giam-cap\\\/\"]}]},{\"@type\":\"ImageObject\",\"inLanguage\":\"en-US\",\"@id\":\"https:\\\/\\\/pc-holding.vn\\\/en\\\/san-pham\\\/dau-noi-thang-cung-cap-giam-cap\\\/#primaryimage\",\"url\":\"https:\\\/\\\/pc-holding.vn\\\/wp-content\\\/uploads\\\/2021\\\/10\\\/ongthepducDIN2391.png\",\"contentUrl\":\"https:\\\/\\\/pc-holding.vn\\\/wp-content\\\/uploads\\\/2021\\\/10\\\/ongthepducDIN2391.png\",\"width\":600,\"height\":600,\"caption\":\"\u1ed0ng th\u00e9p \u0111\u00fac DIN2391, St37.4 \\\/ St52\"},{\"@type\":\"BreadcrumbList\",\"@id\":\"https:\\\/\\\/pc-holding.vn\\\/en\\\/san-pham\\\/dau-noi-thang-cung-cap-giam-cap\\\/#breadcrumb\",\"itemListElement\":[{\"@type\":\"ListItem\",\"position\":1,\"name\":\"Trang ch\u1ee7\",\"item\":\"https:\\\/\\\/pc-holding.vn\\\/en\\\/\"},{\"@type\":\"ListItem\",\"position\":2,\"name\":\"Product\",\"item\":\"https:\\\/\\\/pc-holding.vn\\\/en\\\/product\\\/\"},{\"@type\":\"ListItem\",\"position\":3,\"name\":\"\u1ed0ng th\u00e9p \u0111\u00fac DIN2391, St37.4 \\\/ St52\"}]},{\"@type\":\"WebSite\",\"@id\":\"https:\\\/\\\/www.pc-holding.vn\\\/en\\\/#website\",\"url\":\"https:\\\/\\\/www.pc-holding.vn\\\/en\\\/\",\"name\":\"Phu Cuong Holding Corporation\",\"description\":\"\",\"potentialAction\":[{\"@type\":\"SearchAction\",\"target\":{\"@type\":\"EntryPoint\",\"urlTemplate\":\"https:\\\/\\\/www.pc-holding.vn\\\/en\\\/?s={search_term_string}\"},\"query-input\":{\"@type\":\"PropertyValueSpecification\",\"valueRequired\":true,\"valueName\":\"search_term_string\"}}],\"inLanguage\":\"en-US\"}]}<\/script>\n<!-- \/ Yoast SEO plugin. -->","yoast_head_json":{"title":"\u1ed0ng th\u00e9p \u0111\u00fac DIN2391, St37.4 \/ St52 - Phu Cuong Holding Corporation","description":"Ph\u00fa C\u01b0\u1eddng Holding ph\u00e2n ph\u1ed1i \u1ed1ng th\u00e9p \u0111\u00fac, \u1ed1ng th\u00e9p c\u00e1c lo\u1ea1i gi\u00e1 r\u1ebb. \u0111\u1ea7u n\u1ed1i \u1ed1ng \u0111\u00fac, \u0111\u1ea7u xi\u1ebft \u1ed1ng th\u00e9p c\u00e1c lo\u1ea1i. b\u00e1n \u1ed1ng th\u00e9p \u0111\u00fac t\u1ea1i H\u00e0 N\u1ed9i","robots":{"index":"index","follow":"follow","max-snippet":"max-snippet:-1","max-image-preview":"max-image-preview:large","max-video-preview":"max-video-preview:-1"},"canonical":"https:\/\/pc-holding.vn\/en\/san-pham\/dau-noi-thang-cung-cap-giam-cap\/","og_locale":"en_US","og_type":"article","og_title":"\u1ed0ng th\u00e9p \u0111\u00fac DIN2391, St37.4 \/ St52 - Phu Cuong Holding Corporation","og_description":"Ph\u00fa C\u01b0\u1eddng Holding ph\u00e2n ph\u1ed1i \u1ed1ng th\u00e9p \u0111\u00fac, \u1ed1ng th\u00e9p c\u00e1c lo\u1ea1i gi\u00e1 r\u1ebb. \u0111\u1ea7u n\u1ed1i \u1ed1ng \u0111\u00fac, \u0111\u1ea7u xi\u1ebft \u1ed1ng th\u00e9p c\u00e1c lo\u1ea1i. b\u00e1n \u1ed1ng th\u00e9p \u0111\u00fac t\u1ea1i H\u00e0 N\u1ed9i","og_url":"https:\/\/pc-holding.vn\/en\/san-pham\/dau-noi-thang-cung-cap-giam-cap\/","og_site_name":"Phu Cuong Holding Corporation","article_modified_time":"2021-11-09T03:24:39+00:00","og_image":[{"width":600,"height":600,"url":"https:\/\/pc-holding.vn\/wp-content\/uploads\/2021\/10\/ongthepducDIN2391.png","type":"image\/png"}],"twitter_card":"summary_large_image","twitter_misc":{"Est. reading time":"2 minutes"},"schema":{"@context":"https:\/\/schema.org","@graph":[{"@type":"WebPage","@id":"https:\/\/pc-holding.vn\/en\/san-pham\/dau-noi-thang-cung-cap-giam-cap\/","url":"https:\/\/pc-holding.vn\/en\/san-pham\/dau-noi-thang-cung-cap-giam-cap\/","name":"\u1ed0ng th\u00e9p \u0111\u00fac DIN2391, St37.4 \/ St52 - Phu Cuong Holding Corporation","isPartOf":{"@id":"https:\/\/www.pc-holding.vn\/en\/#website"},"primaryImageOfPage":{"@id":"https:\/\/pc-holding.vn\/en\/san-pham\/dau-noi-thang-cung-cap-giam-cap\/#primaryimage"},"image":{"@id":"https:\/\/pc-holding.vn\/en\/san-pham\/dau-noi-thang-cung-cap-giam-cap\/#primaryimage"},"thumbnailUrl":"https:\/\/pc-holding.vn\/wp-content\/uploads\/2021\/10\/ongthepducDIN2391.png","datePublished":"2021-10-11T07:48:17+00:00","dateModified":"2021-11-09T03:24:39+00:00","description":"Ph\u00fa C\u01b0\u1eddng Holding ph\u00e2n ph\u1ed1i \u1ed1ng th\u00e9p \u0111\u00fac, \u1ed1ng th\u00e9p c\u00e1c lo\u1ea1i gi\u00e1 r\u1ebb. \u0111\u1ea7u n\u1ed1i \u1ed1ng \u0111\u00fac, \u0111\u1ea7u xi\u1ebft \u1ed1ng th\u00e9p c\u00e1c lo\u1ea1i. b\u00e1n \u1ed1ng th\u00e9p \u0111\u00fac t\u1ea1i H\u00e0 N\u1ed9i","breadcrumb":{"@id":"https:\/\/pc-holding.vn\/en\/san-pham\/dau-noi-thang-cung-cap-giam-cap\/#breadcrumb"},"inLanguage":"en-US","potentialAction":[{"@type":"ReadAction","target":["https:\/\/pc-holding.vn\/en\/san-pham\/dau-noi-thang-cung-cap-giam-cap\/"]}]},{"@type":"ImageObject","inLanguage":"en-US","@id":"https:\/\/pc-holding.vn\/en\/san-pham\/dau-noi-thang-cung-cap-giam-cap\/#primaryimage","url":"https:\/\/pc-holding.vn\/wp-content\/uploads\/2021\/10\/ongthepducDIN2391.png","contentUrl":"https:\/\/pc-holding.vn\/wp-content\/uploads\/2021\/10\/ongthepducDIN2391.png","width":600,"height":600,"caption":"\u1ed0ng th\u00e9p \u0111\u00fac DIN2391, St37.4 \/ St52"},{"@type":"BreadcrumbList","@id":"https:\/\/pc-holding.vn\/en\/san-pham\/dau-noi-thang-cung-cap-giam-cap\/#breadcrumb","itemListElement":[{"@type":"ListItem","position":1,"name":"Trang ch\u1ee7","item":"https:\/\/pc-holding.vn\/en\/"},{"@type":"ListItem","position":2,"name":"Product","item":"https:\/\/pc-holding.vn\/en\/product\/"},{"@type":"ListItem","position":3,"name":"\u1ed0ng th\u00e9p \u0111\u00fac DIN2391, St37.4 \/ St52"}]},{"@type":"WebSite","@id":"https:\/\/www.pc-holding.vn\/en\/#website","url":"https:\/\/www.pc-holding.vn\/en\/","name":"Phu Cuong Holding Corporation","description":"","potentialAction":[{"@type":"SearchAction","target":{"@type":"EntryPoint","urlTemplate":"https:\/\/www.pc-holding.vn\/en\/?s={search_term_string}"},"query-input":{"@type":"PropertyValueSpecification","valueRequired":true,"valueName":"search_term_string"}}],"inLanguage":"en-US"}]}},"_links":{"self":[{"href":"https:\/\/pc-holding.vn\/en\/wp-json\/wp\/v2\/product\/580","targetHints":{"allow":["GET"]}}],"collection":[{"href":"https:\/\/pc-holding.vn\/en\/wp-json\/wp\/v2\/product"}],"about":[{"href":"https:\/\/pc-holding.vn\/en\/wp-json\/wp\/v2\/types\/product"}],"replies":[{"embeddable":true,"href":"https:\/\/pc-holding.vn\/en\/wp-json\/wp\/v2\/comments?post=580"}],"wp:featuredmedia":[{"embeddable":true,"href":"https:\/\/pc-holding.vn\/en\/wp-json\/wp\/v2\/media\/1659"}],"wp:attachment":[{"href":"https:\/\/pc-holding.vn\/en\/wp-json\/wp\/v2\/media?parent=580"}],"wp:term":[{"taxonomy":"product_brand","embeddable":true,"href":"https:\/\/pc-holding.vn\/en\/wp-json\/wp\/v2\/product_brand?post=580"},{"taxonomy":"product_cat","embeddable":true,"href":"https:\/\/pc-holding.vn\/en\/wp-json\/wp\/v2\/product_cat?post=580"},{"taxonomy":"product_tag","embeddable":true,"href":"https:\/\/pc-holding.vn\/en\/wp-json\/wp\/v2\/product_tag?post=580"}],"curies":[{"name":"wp","href":"https:\/\/api.w.org\/{rel}","templated":true}]}}