{"id":582,"date":"2021-10-11T14:51:59","date_gmt":"2021-10-11T07:51:59","guid":{"rendered":"http:\/\/pc-holding.webtogo.vn\/?post_type=product&#038;p=582"},"modified":"2021-11-09T22:12:35","modified_gmt":"2021-11-09T15:12:35","slug":"dau-noi-thang-mot-dau-tan-1-dau-duc","status":"publish","type":"product","link":"https:\/\/pc-holding.vn\/en\/san-pham\/dau-noi-thang-mot-dau-tan-1-dau-duc\/","title":{"rendered":"\u0110\u1ea7u n\u1ed1i th\u1eb3ng (M\u1ed9t \u0111\u1ea7u t\u00e1n, 1 \u0111\u1ea7u \u0111\u1ef1c)"},"content":{"rendered":"<p><strong>\u0110\u1ea7u n\u1ed1i \u1ed1ng t\u1eeb<\/strong>: 6mm -&gt; 42mm<br \/>\n<strong>\u0110\u1ea7u ren ngo\u00e0i<\/strong>: 1\/8&#8243; -&gt; 2&#8243; (BSPT, BSPP, NPT, UNO)<br \/>\n<strong>V\u1eadt li\u1ec7u<\/strong>: Th\u00e9p cacbon \/ Innoc 316<\/p>\n<table style=\"height: 1890px;\" width=\"502\">\n<tbody>\n<tr>\n<td rowspan=\"2\" width=\"42\">Item<\/td>\n<td rowspan=\"2\" width=\"90\">Part No.<\/td>\n<td colspan=\"2\" width=\"162\">Thread<\/td>\n<td colspan=\"4\" width=\"156\">Dimensions (mm)<\/td>\n<td width=\"39\">W.P<\/td>\n<\/tr>\n<tr>\n<td width=\"80\">F1<\/td>\n<td width=\"82\">F2 (BSPP)<\/td>\n<td width=\"39\">CH<\/td>\n<td width=\"39\">L1<\/td>\n<td width=\"39\">L2<\/td>\n<td width=\"39\">L3<\/td>\n<td width=\"39\">Bar<\/td>\n<\/tr>\n<tr>\n<td>1<\/td>\n<td>AME06LMG02EL<\/td>\n<td>6L-M12x1.5<\/td>\n<td>G1\/8&#8243;<\/td>\n<td>14<\/td>\n<td>8<\/td>\n<td>8.5<\/td>\n<td>23<\/td>\n<td rowspan=\"12\">315<\/td>\n<\/tr>\n<tr>\n<td>2<\/td>\n<td>AME06LMG04EL<\/td>\n<td>6L-M12x1.5<\/td>\n<td>G1\/4&#8243;<\/td>\n<td>19<\/td>\n<td>12<\/td>\n<td>10<\/td>\n<td>25<\/td>\n<\/tr>\n<tr>\n<td>3<\/td>\n<td>AME08LMG02EL<\/td>\n<td>8L-M14x1.5<\/td>\n<td>G1\/8&#8243;<\/td>\n<td>14<\/td>\n<td>8<\/td>\n<td>9.5<\/td>\n<td>24<\/td>\n<\/tr>\n<tr>\n<td>4<\/td>\n<td>AME08LMG04EL<\/td>\n<td>8L-M14x1.5<\/td>\n<td>G1\/4&#8243;<\/td>\n<td>19<\/td>\n<td>12<\/td>\n<td>10<\/td>\n<td>25<\/td>\n<\/tr>\n<tr>\n<td>5<\/td>\n<td>AME10LMG04EL<\/td>\n<td>10L-M16x1.5<\/td>\n<td>G1\/4&#8243;<\/td>\n<td>19<\/td>\n<td>12<\/td>\n<td>11<\/td>\n<td>26<\/td>\n<\/tr>\n<tr>\n<td>6<\/td>\n<td>AME10LMG06EL<\/td>\n<td>10L-M16x1.5<\/td>\n<td>G3\/8&#8243;<\/td>\n<td>22<\/td>\n<td>12<\/td>\n<td>12.5<\/td>\n<td>27<\/td>\n<\/tr>\n<tr>\n<td>7<\/td>\n<td>AME12LMG04EL<\/td>\n<td>12L-M18x1.5<\/td>\n<td>G1\/4&#8243;<\/td>\n<td>19<\/td>\n<td>12<\/td>\n<td>12<\/td>\n<td>26<\/td>\n<\/tr>\n<tr>\n<td>8<\/td>\n<td>AME12LMG06EL<\/td>\n<td>12L-M18x1.5<\/td>\n<td>G3\/8&#8243;<\/td>\n<td>22<\/td>\n<td>12<\/td>\n<td>12.5<\/td>\n<td>27<\/td>\n<\/tr>\n<tr>\n<td>9<\/td>\n<td>AME15LMG06EL<\/td>\n<td>15L-M22x1.5<\/td>\n<td>G3\/8&#8243;<\/td>\n<td>24<\/td>\n<td>12<\/td>\n<td>13.5<\/td>\n<td>29<\/td>\n<\/tr>\n<tr>\n<td>10<\/td>\n<td>AME15LMG08EL<\/td>\n<td>15L-M22x1.5<\/td>\n<td>G1\/2&#8243;<\/td>\n<td>27<\/td>\n<td>14<\/td>\n<td>14<\/td>\n<td>29<\/td>\n<\/tr>\n<tr>\n<td>11<\/td>\n<td>AME18LMG08EL<\/td>\n<td>18L-M26x1.5<\/td>\n<td>G1\/2&#8243;<\/td>\n<td>27<\/td>\n<td>14<\/td>\n<td>14.5<\/td>\n<td>31<\/td>\n<\/tr>\n<tr>\n<td>12<\/td>\n<td>AME18LMG12EL<\/td>\n<td>18L-M26x1.5<\/td>\n<td>G3\/4&#8243;<\/td>\n<td>32<\/td>\n<td>16<\/td>\n<td>14.5<\/td>\n<td>31<\/td>\n<\/tr>\n<tr>\n<td>13<\/td>\n<td>AME22LMG12EL<\/td>\n<td>22L-M30x2<\/td>\n<td>G3\/4&#8243;<\/td>\n<td>32<\/td>\n<td>16<\/td>\n<td>16.5<\/td>\n<td>33<\/td>\n<td rowspan=\"4\">160<\/td>\n<\/tr>\n<tr>\n<td>14<\/td>\n<td>AME28LMG16EL<\/td>\n<td>28L-M36x2<\/td>\n<td>G1&#8243;<\/td>\n<td>41<\/td>\n<td>18<\/td>\n<td>17.5<\/td>\n<td>34<\/td>\n<\/tr>\n<tr>\n<td>15<\/td>\n<td>AME35LMG20EL<\/td>\n<td>35L-M45x2<\/td>\n<td>G1.1\/4&#8243;<\/td>\n<td>50<\/td>\n<td>20<\/td>\n<td>17.5<\/td>\n<td>39<\/td>\n<\/tr>\n<tr>\n<td>16<\/td>\n<td>AME42LMG24EL<\/td>\n<td>42L-M52x2<\/td>\n<td>G1.1\/2&#8243;<\/td>\n<td>55<\/td>\n<td>22<\/td>\n<td>19<\/td>\n<td>42<\/td>\n<\/tr>\n<tr>\n<td>17<\/td>\n<td>AME06SMG04EL<\/td>\n<td>6S-M14x1.5<\/td>\n<td>G1\/4&#8243;<\/td>\n<td>19<\/td>\n<td>12<\/td>\n<td>13<\/td>\n<td>28<\/td>\n<td rowspan=\"10\">630<\/td>\n<\/tr>\n<tr>\n<td>18<\/td>\n<td>AME08SMG04EL<\/td>\n<td>8S-M16x1.5<\/td>\n<td>G1\/4&#8243;<\/td>\n<td>19<\/td>\n<td>12<\/td>\n<td>15<\/td>\n<td>30<\/td>\n<\/tr>\n<tr>\n<td>19<\/td>\n<td>AME08SMG06EL<\/td>\n<td>8S-M16x1.5<\/td>\n<td>G3\/8&#8243;<\/td>\n<td>22<\/td>\n<td>12<\/td>\n<td>15.5<\/td>\n<td>30<\/td>\n<\/tr>\n<tr>\n<td>20<\/td>\n<td>AME10SMG04EL<\/td>\n<td>10S-M18x1.5<\/td>\n<td>G1\/4&#8243;<\/td>\n<td>19<\/td>\n<td>12<\/td>\n<td>14.5<\/td>\n<td>31<\/td>\n<\/tr>\n<tr>\n<td>21<\/td>\n<td>AME10SMG06EL<\/td>\n<td>10S-M18x1.5<\/td>\n<td>G3\/8&#8243;<\/td>\n<td>22<\/td>\n<td>12<\/td>\n<td>15<\/td>\n<td>31<\/td>\n<\/tr>\n<tr>\n<td>22<\/td>\n<td>AME12SMG04EL<\/td>\n<td>12S-M20x1.5<\/td>\n<td>G1\/4&#8243;<\/td>\n<td>22<\/td>\n<td>12<\/td>\n<td>16.5<\/td>\n<td>33<\/td>\n<\/tr>\n<tr>\n<td>23<\/td>\n<td>AME12SMG06EL<\/td>\n<td>12S-M20x1.5<\/td>\n<td>G3\/8&#8243;<\/td>\n<td>22<\/td>\n<td>12<\/td>\n<td>17<\/td>\n<td>33<\/td>\n<\/tr>\n<tr>\n<td>24<\/td>\n<td>AME12SMG08EL<\/td>\n<td>12S-M20x1.5<\/td>\n<td>G1\/2&#8243;<\/td>\n<td>27<\/td>\n<td>14<\/td>\n<td>17.5<\/td>\n<td>34<\/td>\n<\/tr>\n<tr>\n<td>25<\/td>\n<td>AME14SMG06EL<\/td>\n<td>14S-M22x1.5<\/td>\n<td>G3\/8&#8243;<\/td>\n<td>24<\/td>\n<td>12<\/td>\n<td>18.5<\/td>\n<td>36<\/td>\n<\/tr>\n<tr>\n<td>26<\/td>\n<td>AME14SMG08EL<\/td>\n<td>14S-M22x1.5<\/td>\n<td>G1\/2&#8243;<\/td>\n<td>27<\/td>\n<td>14<\/td>\n<td>19<\/td>\n<td>27<\/td>\n<\/tr>\n<tr>\n<td>27<\/td>\n<td>AME16SMG06EL<\/td>\n<td>16S-M24x1.5<\/td>\n<td>G3\/8&#8243;<\/td>\n<td>27<\/td>\n<td>12<\/td>\n<td>18<\/td>\n<td>36<\/td>\n<td rowspan=\"9\">400<\/td>\n<\/tr>\n<tr>\n<td>28<\/td>\n<td>AME16SMG08EL<\/td>\n<td>16S-M24x1.5<\/td>\n<td>G1\/2&#8243;<\/td>\n<td>27<\/td>\n<td>14<\/td>\n<td>18.5<\/td>\n<td>37<\/td>\n<\/tr>\n<tr>\n<td>29<\/td>\n<td>AME16SMG12EL<\/td>\n<td>16S-M24x1.5<\/td>\n<td>G3\/4&#8243;<\/td>\n<td>32<\/td>\n<td>16<\/td>\n<td>20.5<\/td>\n<td>39<\/td>\n<\/tr>\n<tr>\n<td>30<\/td>\n<td>AME20SMG08EL<\/td>\n<td>20S-M30x2<\/td>\n<td>G1\/2&#8243;<\/td>\n<td>32<\/td>\n<td>14<\/td>\n<td>20.5<\/td>\n<td>42<\/td>\n<\/tr>\n<tr>\n<td>31<\/td>\n<td>AME20SMG12EL<\/td>\n<td>20S-M30x2<\/td>\n<td>G3\/4&#8243;<\/td>\n<td>32<\/td>\n<td>16<\/td>\n<td>20.5<\/td>\n<td>42<\/td>\n<\/tr>\n<tr>\n<td>32<\/td>\n<td>AME25SMG12EL<\/td>\n<td>25S-M36x2<\/td>\n<td>G3\/4&#8243;<\/td>\n<td>41<\/td>\n<td>16<\/td>\n<td>23<\/td>\n<td>47<\/td>\n<\/tr>\n<tr>\n<td>33<\/td>\n<td>AME25SMG16EL<\/td>\n<td>25S-M36x2<\/td>\n<td>G1&#8243;<\/td>\n<td>41<\/td>\n<td>18<\/td>\n<td>23<\/td>\n<td>47<\/td>\n<\/tr>\n<tr>\n<td>34<\/td>\n<td>AME30SMG16EL<\/td>\n<td>30S-M42x2<\/td>\n<td>G1&#8243;<\/td>\n<td>46<\/td>\n<td>18<\/td>\n<td>23.5<\/td>\n<td>50<\/td>\n<\/tr>\n<tr>\n<td>35<\/td>\n<td>AME30SMG20EL<\/td>\n<td>30S-M42x2<\/td>\n<td>G1.1\/4&#8243;<\/td>\n<td>50<\/td>\n<td>20<\/td>\n<td>23.5<\/td>\n<td>50<\/td>\n<\/tr>\n<tr>\n<td>36<\/td>\n<td>AME38SMG20EL<\/td>\n<td>38S-M52x2<\/td>\n<td>G1.1\/4&#8243;<\/td>\n<td>50<\/td>\n<td>20<\/td>\n<td>26<\/td>\n<td>57<\/td>\n<td rowspan=\"2\">315<\/td>\n<\/tr>\n<tr>\n<td>37<\/td>\n<td>AME38SMG24EL<\/td>\n<td>38S-M52x2<\/td>\n<td>G1.1\/2&#8243;<\/td>\n<td>55<\/td>\n<td>22<\/td>\n<td>26<\/td>\n<td>57<\/td>\n<\/tr>\n<\/tbody>\n<\/table>\n","protected":false},"excerpt":{"rendered":"<ul>\n<li>\u0110\u1ea7u n\u1ed1i \u1ed1ng t\u1eeb: 6mm -&gt; 42mm<\/li>\n<li>\u0110\u1ea7u ren ngo\u00e0i: 1\/8&#8243; -&gt; 2&#8243; (BSPT, BSPP, NPT, UNO)<\/li>\n<li>V\u1eadt li\u1ec7u: Th\u00e9p cacbon \/ Innoc 316<\/li>\n<\/ul>\n","protected":false},"featured_media":1674,"comment_status":"closed","ping_status":"closed","template":"","meta":{"_acf_changed":false},"product_brand":[],"product_cat":[37,19],"product_tag":[],"class_list":{"0":"post-582","1":"product","2":"type-product","3":"status-publish","4":"has-post-thumbnail","6":"product_cat-dau-noi-ong-cung-din2353","7":"product_cat-ong-duc-va-dau-xiet-thep-carbon","9":"first","10":"instock","11":"shipping-taxable","12":"product-type-simple"},"acf":[],"yoast_head":"<!-- This site is optimized with the Yoast SEO plugin v27.3 - https:\/\/yoast.com\/product\/yoast-seo-wordpress\/ -->\n<title>\u0110\u1ea7u n\u1ed1i th\u1eb3ng (M\u1ed9t \u0111\u1ea7u t\u00e1n, 1 \u0111\u1ea7u \u0111\u1ef1c) - Phu Cuong Holding Corporation<\/title>\n<meta name=\"description\" content=\"Ph\u00fa C\u01b0\u1eddng Holding ph\u00e2n ph\u1ed1i \u1ed1ng th\u00e9p \u0111\u00fac, \u1ed1ng th\u00e9p c\u00e1c lo\u1ea1i gi\u00e1 r\u1ebb. \u0111\u1ea7u n\u1ed1i \u1ed1ng \u0111\u00fac, \u0111\u1ea7u xi\u1ebft \u1ed1ng th\u00e9p c\u00e1c lo\u1ea1i. b\u00e1n \u1ed1ng th\u00e9p \u0111\u00fac t\u1ea1i H\u00e0 N\u1ed9i\" \/>\n<meta name=\"robots\" content=\"index, follow, max-snippet:-1, max-image-preview:large, max-video-preview:-1\" \/>\n<link rel=\"canonical\" href=\"https:\/\/pc-holding.vn\/en\/san-pham\/dau-noi-thang-mot-dau-tan-1-dau-duc\/\" \/>\n<meta property=\"og:locale\" content=\"en_US\" \/>\n<meta property=\"og:type\" content=\"article\" \/>\n<meta property=\"og:title\" content=\"\u0110\u1ea7u n\u1ed1i th\u1eb3ng (M\u1ed9t \u0111\u1ea7u t\u00e1n, 1 \u0111\u1ea7u \u0111\u1ef1c) - Phu Cuong Holding Corporation\" \/>\n<meta property=\"og:description\" content=\"Ph\u00fa C\u01b0\u1eddng Holding ph\u00e2n ph\u1ed1i \u1ed1ng th\u00e9p \u0111\u00fac, \u1ed1ng th\u00e9p c\u00e1c lo\u1ea1i gi\u00e1 r\u1ebb. \u0111\u1ea7u n\u1ed1i \u1ed1ng \u0111\u00fac, \u0111\u1ea7u xi\u1ebft \u1ed1ng th\u00e9p c\u00e1c lo\u1ea1i. b\u00e1n \u1ed1ng th\u00e9p \u0111\u00fac t\u1ea1i H\u00e0 N\u1ed9i\" \/>\n<meta property=\"og:url\" content=\"https:\/\/pc-holding.vn\/en\/san-pham\/dau-noi-thang-mot-dau-tan-1-dau-duc\/\" \/>\n<meta property=\"og:site_name\" content=\"Phu Cuong Holding Corporation\" \/>\n<meta property=\"article:modified_time\" content=\"2021-11-09T15:12:35+00:00\" \/>\n<meta property=\"og:image\" content=\"https:\/\/pc-holding.vn\/wp-content\/uploads\/2021\/10\/MALE_STUD_COUPLING.png\" \/>\n\t<meta property=\"og:image:width\" content=\"600\" \/>\n\t<meta property=\"og:image:height\" content=\"600\" \/>\n\t<meta property=\"og:image:type\" content=\"image\/png\" \/>\n<meta name=\"twitter:card\" content=\"summary_large_image\" \/>\n<meta name=\"twitter:label1\" content=\"Est. reading time\" \/>\n\t<meta name=\"twitter:data1\" content=\"2 minutes\" \/>\n<script type=\"application\/ld+json\" class=\"yoast-schema-graph\">{\"@context\":\"https:\\\/\\\/schema.org\",\"@graph\":[{\"@type\":\"WebPage\",\"@id\":\"https:\\\/\\\/pc-holding.vn\\\/en\\\/san-pham\\\/dau-noi-thang-mot-dau-tan-1-dau-duc\\\/\",\"url\":\"https:\\\/\\\/pc-holding.vn\\\/en\\\/san-pham\\\/dau-noi-thang-mot-dau-tan-1-dau-duc\\\/\",\"name\":\"\u0110\u1ea7u n\u1ed1i th\u1eb3ng (M\u1ed9t \u0111\u1ea7u t\u00e1n, 1 \u0111\u1ea7u \u0111\u1ef1c) - Phu Cuong Holding Corporation\",\"isPartOf\":{\"@id\":\"https:\\\/\\\/pc-holding.vn\\\/en\\\/#website\"},\"primaryImageOfPage\":{\"@id\":\"https:\\\/\\\/pc-holding.vn\\\/en\\\/san-pham\\\/dau-noi-thang-mot-dau-tan-1-dau-duc\\\/#primaryimage\"},\"image\":{\"@id\":\"https:\\\/\\\/pc-holding.vn\\\/en\\\/san-pham\\\/dau-noi-thang-mot-dau-tan-1-dau-duc\\\/#primaryimage\"},\"thumbnailUrl\":\"https:\\\/\\\/pc-holding.vn\\\/wp-content\\\/uploads\\\/2021\\\/10\\\/MALE_STUD_COUPLING.png\",\"datePublished\":\"2021-10-11T07:51:59+00:00\",\"dateModified\":\"2021-11-09T15:12:35+00:00\",\"description\":\"Ph\u00fa C\u01b0\u1eddng Holding ph\u00e2n ph\u1ed1i \u1ed1ng th\u00e9p \u0111\u00fac, \u1ed1ng th\u00e9p c\u00e1c lo\u1ea1i gi\u00e1 r\u1ebb. \u0111\u1ea7u n\u1ed1i \u1ed1ng \u0111\u00fac, \u0111\u1ea7u xi\u1ebft \u1ed1ng th\u00e9p c\u00e1c lo\u1ea1i. b\u00e1n \u1ed1ng th\u00e9p \u0111\u00fac t\u1ea1i H\u00e0 N\u1ed9i\",\"breadcrumb\":{\"@id\":\"https:\\\/\\\/pc-holding.vn\\\/en\\\/san-pham\\\/dau-noi-thang-mot-dau-tan-1-dau-duc\\\/#breadcrumb\"},\"inLanguage\":\"en-US\",\"potentialAction\":[{\"@type\":\"ReadAction\",\"target\":[\"https:\\\/\\\/pc-holding.vn\\\/en\\\/san-pham\\\/dau-noi-thang-mot-dau-tan-1-dau-duc\\\/\"]}]},{\"@type\":\"ImageObject\",\"inLanguage\":\"en-US\",\"@id\":\"https:\\\/\\\/pc-holding.vn\\\/en\\\/san-pham\\\/dau-noi-thang-mot-dau-tan-1-dau-duc\\\/#primaryimage\",\"url\":\"https:\\\/\\\/pc-holding.vn\\\/wp-content\\\/uploads\\\/2021\\\/10\\\/MALE_STUD_COUPLING.png\",\"contentUrl\":\"https:\\\/\\\/pc-holding.vn\\\/wp-content\\\/uploads\\\/2021\\\/10\\\/MALE_STUD_COUPLING.png\",\"width\":600,\"height\":600,\"caption\":\"MALE STUD COUPLING\"},{\"@type\":\"BreadcrumbList\",\"@id\":\"https:\\\/\\\/pc-holding.vn\\\/en\\\/san-pham\\\/dau-noi-thang-mot-dau-tan-1-dau-duc\\\/#breadcrumb\",\"itemListElement\":[{\"@type\":\"ListItem\",\"position\":1,\"name\":\"Trang ch\u1ee7\",\"item\":\"https:\\\/\\\/pc-holding.vn\\\/en\\\/\"},{\"@type\":\"ListItem\",\"position\":2,\"name\":\"Product\",\"item\":\"https:\\\/\\\/www.pc-holding.vn\\\/en\\\/product\\\/\"},{\"@type\":\"ListItem\",\"position\":3,\"name\":\"\u0110\u1ea7u n\u1ed1i th\u1eb3ng (M\u1ed9t \u0111\u1ea7u t\u00e1n, 1 \u0111\u1ea7u \u0111\u1ef1c)\"}]},{\"@type\":\"WebSite\",\"@id\":\"https:\\\/\\\/pc-holding.vn\\\/en\\\/#website\",\"url\":\"https:\\\/\\\/pc-holding.vn\\\/en\\\/\",\"name\":\"Phu Cuong Holding Corporation\",\"description\":\"\",\"potentialAction\":[{\"@type\":\"SearchAction\",\"target\":{\"@type\":\"EntryPoint\",\"urlTemplate\":\"https:\\\/\\\/pc-holding.vn\\\/en\\\/?s={search_term_string}\"},\"query-input\":{\"@type\":\"PropertyValueSpecification\",\"valueRequired\":true,\"valueName\":\"search_term_string\"}}],\"inLanguage\":\"en-US\"}]}<\/script>\n<!-- \/ Yoast SEO plugin. -->","yoast_head_json":{"title":"\u0110\u1ea7u n\u1ed1i th\u1eb3ng (M\u1ed9t \u0111\u1ea7u t\u00e1n, 1 \u0111\u1ea7u \u0111\u1ef1c) - Phu Cuong Holding Corporation","description":"Ph\u00fa C\u01b0\u1eddng Holding ph\u00e2n ph\u1ed1i \u1ed1ng th\u00e9p \u0111\u00fac, \u1ed1ng th\u00e9p c\u00e1c lo\u1ea1i gi\u00e1 r\u1ebb. \u0111\u1ea7u n\u1ed1i \u1ed1ng \u0111\u00fac, \u0111\u1ea7u xi\u1ebft \u1ed1ng th\u00e9p c\u00e1c lo\u1ea1i. b\u00e1n \u1ed1ng th\u00e9p \u0111\u00fac t\u1ea1i H\u00e0 N\u1ed9i","robots":{"index":"index","follow":"follow","max-snippet":"max-snippet:-1","max-image-preview":"max-image-preview:large","max-video-preview":"max-video-preview:-1"},"canonical":"https:\/\/pc-holding.vn\/en\/san-pham\/dau-noi-thang-mot-dau-tan-1-dau-duc\/","og_locale":"en_US","og_type":"article","og_title":"\u0110\u1ea7u n\u1ed1i th\u1eb3ng (M\u1ed9t \u0111\u1ea7u t\u00e1n, 1 \u0111\u1ea7u \u0111\u1ef1c) - Phu Cuong Holding Corporation","og_description":"Ph\u00fa C\u01b0\u1eddng Holding ph\u00e2n ph\u1ed1i \u1ed1ng th\u00e9p \u0111\u00fac, \u1ed1ng th\u00e9p c\u00e1c lo\u1ea1i gi\u00e1 r\u1ebb. \u0111\u1ea7u n\u1ed1i \u1ed1ng \u0111\u00fac, \u0111\u1ea7u xi\u1ebft \u1ed1ng th\u00e9p c\u00e1c lo\u1ea1i. b\u00e1n \u1ed1ng th\u00e9p \u0111\u00fac t\u1ea1i H\u00e0 N\u1ed9i","og_url":"https:\/\/pc-holding.vn\/en\/san-pham\/dau-noi-thang-mot-dau-tan-1-dau-duc\/","og_site_name":"Phu Cuong Holding Corporation","article_modified_time":"2021-11-09T15:12:35+00:00","og_image":[{"width":600,"height":600,"url":"https:\/\/pc-holding.vn\/wp-content\/uploads\/2021\/10\/MALE_STUD_COUPLING.png","type":"image\/png"}],"twitter_card":"summary_large_image","twitter_misc":{"Est. reading time":"2 minutes"},"schema":{"@context":"https:\/\/schema.org","@graph":[{"@type":"WebPage","@id":"https:\/\/pc-holding.vn\/en\/san-pham\/dau-noi-thang-mot-dau-tan-1-dau-duc\/","url":"https:\/\/pc-holding.vn\/en\/san-pham\/dau-noi-thang-mot-dau-tan-1-dau-duc\/","name":"\u0110\u1ea7u n\u1ed1i th\u1eb3ng (M\u1ed9t \u0111\u1ea7u t\u00e1n, 1 \u0111\u1ea7u \u0111\u1ef1c) - Phu Cuong Holding Corporation","isPartOf":{"@id":"https:\/\/pc-holding.vn\/en\/#website"},"primaryImageOfPage":{"@id":"https:\/\/pc-holding.vn\/en\/san-pham\/dau-noi-thang-mot-dau-tan-1-dau-duc\/#primaryimage"},"image":{"@id":"https:\/\/pc-holding.vn\/en\/san-pham\/dau-noi-thang-mot-dau-tan-1-dau-duc\/#primaryimage"},"thumbnailUrl":"https:\/\/pc-holding.vn\/wp-content\/uploads\/2021\/10\/MALE_STUD_COUPLING.png","datePublished":"2021-10-11T07:51:59+00:00","dateModified":"2021-11-09T15:12:35+00:00","description":"Ph\u00fa C\u01b0\u1eddng Holding ph\u00e2n ph\u1ed1i \u1ed1ng th\u00e9p \u0111\u00fac, \u1ed1ng th\u00e9p c\u00e1c lo\u1ea1i gi\u00e1 r\u1ebb. \u0111\u1ea7u n\u1ed1i \u1ed1ng \u0111\u00fac, \u0111\u1ea7u xi\u1ebft \u1ed1ng th\u00e9p c\u00e1c lo\u1ea1i. b\u00e1n \u1ed1ng th\u00e9p \u0111\u00fac t\u1ea1i H\u00e0 N\u1ed9i","breadcrumb":{"@id":"https:\/\/pc-holding.vn\/en\/san-pham\/dau-noi-thang-mot-dau-tan-1-dau-duc\/#breadcrumb"},"inLanguage":"en-US","potentialAction":[{"@type":"ReadAction","target":["https:\/\/pc-holding.vn\/en\/san-pham\/dau-noi-thang-mot-dau-tan-1-dau-duc\/"]}]},{"@type":"ImageObject","inLanguage":"en-US","@id":"https:\/\/pc-holding.vn\/en\/san-pham\/dau-noi-thang-mot-dau-tan-1-dau-duc\/#primaryimage","url":"https:\/\/pc-holding.vn\/wp-content\/uploads\/2021\/10\/MALE_STUD_COUPLING.png","contentUrl":"https:\/\/pc-holding.vn\/wp-content\/uploads\/2021\/10\/MALE_STUD_COUPLING.png","width":600,"height":600,"caption":"MALE STUD COUPLING"},{"@type":"BreadcrumbList","@id":"https:\/\/pc-holding.vn\/en\/san-pham\/dau-noi-thang-mot-dau-tan-1-dau-duc\/#breadcrumb","itemListElement":[{"@type":"ListItem","position":1,"name":"Trang ch\u1ee7","item":"https:\/\/pc-holding.vn\/en\/"},{"@type":"ListItem","position":2,"name":"Product","item":"https:\/\/www.pc-holding.vn\/en\/product\/"},{"@type":"ListItem","position":3,"name":"\u0110\u1ea7u n\u1ed1i th\u1eb3ng (M\u1ed9t \u0111\u1ea7u t\u00e1n, 1 \u0111\u1ea7u \u0111\u1ef1c)"}]},{"@type":"WebSite","@id":"https:\/\/pc-holding.vn\/en\/#website","url":"https:\/\/pc-holding.vn\/en\/","name":"Phu Cuong Holding Corporation","description":"","potentialAction":[{"@type":"SearchAction","target":{"@type":"EntryPoint","urlTemplate":"https:\/\/pc-holding.vn\/en\/?s={search_term_string}"},"query-input":{"@type":"PropertyValueSpecification","valueRequired":true,"valueName":"search_term_string"}}],"inLanguage":"en-US"}]}},"_links":{"self":[{"href":"https:\/\/pc-holding.vn\/en\/wp-json\/wp\/v2\/product\/582","targetHints":{"allow":["GET"]}}],"collection":[{"href":"https:\/\/pc-holding.vn\/en\/wp-json\/wp\/v2\/product"}],"about":[{"href":"https:\/\/pc-holding.vn\/en\/wp-json\/wp\/v2\/types\/product"}],"replies":[{"embeddable":true,"href":"https:\/\/pc-holding.vn\/en\/wp-json\/wp\/v2\/comments?post=582"}],"wp:featuredmedia":[{"embeddable":true,"href":"https:\/\/pc-holding.vn\/en\/wp-json\/wp\/v2\/media\/1674"}],"wp:attachment":[{"href":"https:\/\/pc-holding.vn\/en\/wp-json\/wp\/v2\/media?parent=582"}],"wp:term":[{"taxonomy":"product_brand","embeddable":true,"href":"https:\/\/pc-holding.vn\/en\/wp-json\/wp\/v2\/product_brand?post=582"},{"taxonomy":"product_cat","embeddable":true,"href":"https:\/\/pc-holding.vn\/en\/wp-json\/wp\/v2\/product_cat?post=582"},{"taxonomy":"product_tag","embeddable":true,"href":"https:\/\/pc-holding.vn\/en\/wp-json\/wp\/v2\/product_tag?post=582"}],"curies":[{"name":"wp","href":"https:\/\/api.w.org\/{rel}","templated":true}]}}