{"id":595,"date":"2021-10-11T16:11:17","date_gmt":"2021-10-11T09:11:17","guid":{"rendered":"http:\/\/pc-holding.webtogo.vn\/?post_type=product&#038;p=595"},"modified":"2021-11-10T10:10:01","modified_gmt":"2021-11-10T03:10:01","slug":"dau-xiet-inox-316-din2353","status":"publish","type":"product","link":"https:\/\/pc-holding.vn\/en\/san-pham\/dau-xiet-inox-316-din2353\/","title":{"rendered":"\u0110\u1ea7u xi\u1ebft Inox 316, DIN2353"},"content":{"rendered":"<p><strong>K\u00edch th\u01b0\u1edbc \u1ed1ng<\/strong>: t\u1eeb OD6 -&gt; OD42<br \/>\n<strong>K\u00edch c\u1ee1 ren<\/strong>: 1\/8&#8243; -&gt; 2&#8243;<br \/>\n<strong>Chu\u1ea9n ren<\/strong>: Metric, BSP, UNF, JIC, NPT<br \/>\n<strong>V\u1eadt li\u1ec7u<\/strong>:\u00a0 Inox 316<\/p>\n<p>&nbsp;<\/p>\n","protected":false},"excerpt":{"rendered":"<ul>\n<li>K\u00edch th\u01b0\u1edbc \u1ed1ng: t\u1eeb OD6 -&gt; OD42<\/li>\n<li>K\u00edch c\u1ee1 ren: 1\/8&#8243; -&gt; 2&#8243;<\/li>\n<li>Chu\u1ea9n ren: Metric, BSP, UNF, JIC, NPT<\/li>\n<li>V\u1eadt li\u1ec7u:\u00a0 Inox 316<\/li>\n<\/ul>\n","protected":false},"featured_media":1703,"comment_status":"closed","ping_status":"closed","template":"","meta":{"_acf_changed":false},"product_brand":[],"product_cat":[20],"product_tag":[],"class_list":{"0":"post-595","1":"product","2":"type-product","3":"status-publish","4":"has-post-thumbnail","6":"product_cat-ong-duc-va-dau-xiet-inox-316","8":"first","9":"instock","10":"shipping-taxable","11":"product-type-simple"},"acf":[],"yoast_head":"<!-- This site is optimized with the Yoast SEO plugin v27.4 - https:\/\/yoast.com\/product\/yoast-seo-wordpress\/ -->\n<title>\u0110\u1ea7u xi\u1ebft Inox 316, DIN2353 - Phu Cuong Holding Corporation<\/title>\n<meta name=\"description\" content=\"Ph\u00fa C\u01b0\u1eddng Holding ph\u00e2n ph\u1ed1i \u1ed1ng th\u00e9p \u0111\u00fac, \u1ed1ng th\u00e9p inox. \u0111\u1ea7u n\u1ed1i \u1ed1ng \u0111\u00fac, \u0111\u1ea7u xi\u1ebft \u1ed1ng th\u00e9p c\u00e1c lo\u1ea1i. \u0111\u1ea7u n\u1ed1i inox. b\u00e1n \u1ed1ng th\u00e9p t\u1ea1i H\u00e0 N\u1ed9i\" \/>\n<meta name=\"robots\" content=\"index, follow, max-snippet:-1, max-image-preview:large, max-video-preview:-1\" \/>\n<link rel=\"canonical\" href=\"https:\/\/pc-holding.vn\/en\/san-pham\/dau-xiet-inox-316-din2353\/\" \/>\n<meta property=\"og:locale\" content=\"en_US\" \/>\n<meta property=\"og:type\" content=\"article\" \/>\n<meta property=\"og:title\" content=\"\u0110\u1ea7u xi\u1ebft Inox 316, DIN2353 - Phu Cuong Holding Corporation\" \/>\n<meta property=\"og:description\" content=\"Ph\u00fa C\u01b0\u1eddng Holding ph\u00e2n ph\u1ed1i \u1ed1ng th\u00e9p \u0111\u00fac, \u1ed1ng th\u00e9p inox. \u0111\u1ea7u n\u1ed1i \u1ed1ng \u0111\u00fac, \u0111\u1ea7u xi\u1ebft \u1ed1ng th\u00e9p c\u00e1c lo\u1ea1i. \u0111\u1ea7u n\u1ed1i inox. b\u00e1n \u1ed1ng th\u00e9p t\u1ea1i H\u00e0 N\u1ed9i\" \/>\n<meta property=\"og:url\" content=\"https:\/\/pc-holding.vn\/en\/san-pham\/dau-xiet-inox-316-din2353\/\" \/>\n<meta property=\"og:site_name\" content=\"Phu Cuong Holding Corporation\" \/>\n<meta property=\"article:modified_time\" content=\"2021-11-10T03:10:01+00:00\" \/>\n<meta property=\"og:image\" content=\"https:\/\/www.pc-holding.vn\/wp-content\/uploads\/2021\/10\/inox_din2353.png\" \/>\n\t<meta property=\"og:image:width\" content=\"600\" \/>\n\t<meta property=\"og:image:height\" content=\"600\" \/>\n\t<meta property=\"og:image:type\" content=\"image\/png\" \/>\n<meta name=\"twitter:card\" content=\"summary_large_image\" \/>\n<meta name=\"twitter:label1\" content=\"Est. reading time\" \/>\n\t<meta name=\"twitter:data1\" content=\"1 minute\" \/>\n<script type=\"application\/ld+json\" class=\"yoast-schema-graph\">{\"@context\":\"https:\\\/\\\/schema.org\",\"@graph\":[{\"@type\":\"WebPage\",\"@id\":\"https:\\\/\\\/pc-holding.vn\\\/en\\\/san-pham\\\/dau-xiet-inox-316-din2353\\\/\",\"url\":\"https:\\\/\\\/pc-holding.vn\\\/en\\\/san-pham\\\/dau-xiet-inox-316-din2353\\\/\",\"name\":\"\u0110\u1ea7u xi\u1ebft Inox 316, DIN2353 - Phu Cuong Holding Corporation\",\"isPartOf\":{\"@id\":\"https:\\\/\\\/pc-holding.vn\\\/en\\\/#website\"},\"primaryImageOfPage\":{\"@id\":\"https:\\\/\\\/pc-holding.vn\\\/en\\\/san-pham\\\/dau-xiet-inox-316-din2353\\\/#primaryimage\"},\"image\":{\"@id\":\"https:\\\/\\\/pc-holding.vn\\\/en\\\/san-pham\\\/dau-xiet-inox-316-din2353\\\/#primaryimage\"},\"thumbnailUrl\":\"https:\\\/\\\/pc-holding.vn\\\/wp-content\\\/uploads\\\/2021\\\/10\\\/inox_din2353.png\",\"datePublished\":\"2021-10-11T09:11:17+00:00\",\"dateModified\":\"2021-11-10T03:10:01+00:00\",\"description\":\"Ph\u00fa C\u01b0\u1eddng Holding ph\u00e2n ph\u1ed1i \u1ed1ng th\u00e9p \u0111\u00fac, \u1ed1ng th\u00e9p inox. \u0111\u1ea7u n\u1ed1i \u1ed1ng \u0111\u00fac, \u0111\u1ea7u xi\u1ebft \u1ed1ng th\u00e9p c\u00e1c lo\u1ea1i. \u0111\u1ea7u n\u1ed1i inox. b\u00e1n \u1ed1ng th\u00e9p t\u1ea1i H\u00e0 N\u1ed9i\",\"breadcrumb\":{\"@id\":\"https:\\\/\\\/pc-holding.vn\\\/en\\\/san-pham\\\/dau-xiet-inox-316-din2353\\\/#breadcrumb\"},\"inLanguage\":\"en-US\",\"potentialAction\":[{\"@type\":\"ReadAction\",\"target\":[\"https:\\\/\\\/pc-holding.vn\\\/en\\\/san-pham\\\/dau-xiet-inox-316-din2353\\\/\"]}]},{\"@type\":\"ImageObject\",\"inLanguage\":\"en-US\",\"@id\":\"https:\\\/\\\/pc-holding.vn\\\/en\\\/san-pham\\\/dau-xiet-inox-316-din2353\\\/#primaryimage\",\"url\":\"https:\\\/\\\/pc-holding.vn\\\/wp-content\\\/uploads\\\/2021\\\/10\\\/inox_din2353.png\",\"contentUrl\":\"https:\\\/\\\/pc-holding.vn\\\/wp-content\\\/uploads\\\/2021\\\/10\\\/inox_din2353.png\",\"width\":600,\"height\":600},{\"@type\":\"BreadcrumbList\",\"@id\":\"https:\\\/\\\/pc-holding.vn\\\/en\\\/san-pham\\\/dau-xiet-inox-316-din2353\\\/#breadcrumb\",\"itemListElement\":[{\"@type\":\"ListItem\",\"position\":1,\"name\":\"Trang ch\u1ee7\",\"item\":\"https:\\\/\\\/www.pc-holding.vn\\\/en\\\/\"},{\"@type\":\"ListItem\",\"position\":2,\"name\":\"Product\",\"item\":\"https:\\\/\\\/pc-holding.vn\\\/en\\\/product\\\/\"},{\"@type\":\"ListItem\",\"position\":3,\"name\":\"\u0110\u1ea7u xi\u1ebft Inox 316, DIN2353\"}]},{\"@type\":\"WebSite\",\"@id\":\"https:\\\/\\\/pc-holding.vn\\\/en\\\/#website\",\"url\":\"https:\\\/\\\/pc-holding.vn\\\/en\\\/\",\"name\":\"Phu Cuong Holding Corporation\",\"description\":\"\",\"potentialAction\":[{\"@type\":\"SearchAction\",\"target\":{\"@type\":\"EntryPoint\",\"urlTemplate\":\"https:\\\/\\\/pc-holding.vn\\\/en\\\/?s={search_term_string}\"},\"query-input\":{\"@type\":\"PropertyValueSpecification\",\"valueRequired\":true,\"valueName\":\"search_term_string\"}}],\"inLanguage\":\"en-US\"}]}<\/script>\n<!-- \/ Yoast SEO plugin. -->","yoast_head_json":{"title":"\u0110\u1ea7u xi\u1ebft Inox 316, DIN2353 - Phu Cuong Holding Corporation","description":"Ph\u00fa C\u01b0\u1eddng Holding ph\u00e2n ph\u1ed1i \u1ed1ng th\u00e9p \u0111\u00fac, \u1ed1ng th\u00e9p inox. \u0111\u1ea7u n\u1ed1i \u1ed1ng \u0111\u00fac, \u0111\u1ea7u xi\u1ebft \u1ed1ng th\u00e9p c\u00e1c lo\u1ea1i. \u0111\u1ea7u n\u1ed1i inox. b\u00e1n \u1ed1ng th\u00e9p t\u1ea1i H\u00e0 N\u1ed9i","robots":{"index":"index","follow":"follow","max-snippet":"max-snippet:-1","max-image-preview":"max-image-preview:large","max-video-preview":"max-video-preview:-1"},"canonical":"https:\/\/pc-holding.vn\/en\/san-pham\/dau-xiet-inox-316-din2353\/","og_locale":"en_US","og_type":"article","og_title":"\u0110\u1ea7u xi\u1ebft Inox 316, DIN2353 - Phu Cuong Holding Corporation","og_description":"Ph\u00fa C\u01b0\u1eddng Holding ph\u00e2n ph\u1ed1i \u1ed1ng th\u00e9p \u0111\u00fac, \u1ed1ng th\u00e9p inox. \u0111\u1ea7u n\u1ed1i \u1ed1ng \u0111\u00fac, \u0111\u1ea7u xi\u1ebft \u1ed1ng th\u00e9p c\u00e1c lo\u1ea1i. \u0111\u1ea7u n\u1ed1i inox. b\u00e1n \u1ed1ng th\u00e9p t\u1ea1i H\u00e0 N\u1ed9i","og_url":"https:\/\/pc-holding.vn\/en\/san-pham\/dau-xiet-inox-316-din2353\/","og_site_name":"Phu Cuong Holding Corporation","article_modified_time":"2021-11-10T03:10:01+00:00","og_image":[{"width":600,"height":600,"url":"https:\/\/www.pc-holding.vn\/wp-content\/uploads\/2021\/10\/inox_din2353.png","type":"image\/png"}],"twitter_card":"summary_large_image","twitter_misc":{"Est. reading time":"1 minute"},"schema":{"@context":"https:\/\/schema.org","@graph":[{"@type":"WebPage","@id":"https:\/\/pc-holding.vn\/en\/san-pham\/dau-xiet-inox-316-din2353\/","url":"https:\/\/pc-holding.vn\/en\/san-pham\/dau-xiet-inox-316-din2353\/","name":"\u0110\u1ea7u xi\u1ebft Inox 316, DIN2353 - Phu Cuong Holding Corporation","isPartOf":{"@id":"https:\/\/pc-holding.vn\/en\/#website"},"primaryImageOfPage":{"@id":"https:\/\/pc-holding.vn\/en\/san-pham\/dau-xiet-inox-316-din2353\/#primaryimage"},"image":{"@id":"https:\/\/pc-holding.vn\/en\/san-pham\/dau-xiet-inox-316-din2353\/#primaryimage"},"thumbnailUrl":"https:\/\/pc-holding.vn\/wp-content\/uploads\/2021\/10\/inox_din2353.png","datePublished":"2021-10-11T09:11:17+00:00","dateModified":"2021-11-10T03:10:01+00:00","description":"Ph\u00fa C\u01b0\u1eddng Holding ph\u00e2n ph\u1ed1i \u1ed1ng th\u00e9p \u0111\u00fac, \u1ed1ng th\u00e9p inox. \u0111\u1ea7u n\u1ed1i \u1ed1ng \u0111\u00fac, \u0111\u1ea7u xi\u1ebft \u1ed1ng th\u00e9p c\u00e1c lo\u1ea1i. \u0111\u1ea7u n\u1ed1i inox. b\u00e1n \u1ed1ng th\u00e9p t\u1ea1i H\u00e0 N\u1ed9i","breadcrumb":{"@id":"https:\/\/pc-holding.vn\/en\/san-pham\/dau-xiet-inox-316-din2353\/#breadcrumb"},"inLanguage":"en-US","potentialAction":[{"@type":"ReadAction","target":["https:\/\/pc-holding.vn\/en\/san-pham\/dau-xiet-inox-316-din2353\/"]}]},{"@type":"ImageObject","inLanguage":"en-US","@id":"https:\/\/pc-holding.vn\/en\/san-pham\/dau-xiet-inox-316-din2353\/#primaryimage","url":"https:\/\/pc-holding.vn\/wp-content\/uploads\/2021\/10\/inox_din2353.png","contentUrl":"https:\/\/pc-holding.vn\/wp-content\/uploads\/2021\/10\/inox_din2353.png","width":600,"height":600},{"@type":"BreadcrumbList","@id":"https:\/\/pc-holding.vn\/en\/san-pham\/dau-xiet-inox-316-din2353\/#breadcrumb","itemListElement":[{"@type":"ListItem","position":1,"name":"Trang ch\u1ee7","item":"https:\/\/www.pc-holding.vn\/en\/"},{"@type":"ListItem","position":2,"name":"Product","item":"https:\/\/pc-holding.vn\/en\/product\/"},{"@type":"ListItem","position":3,"name":"\u0110\u1ea7u xi\u1ebft Inox 316, DIN2353"}]},{"@type":"WebSite","@id":"https:\/\/pc-holding.vn\/en\/#website","url":"https:\/\/pc-holding.vn\/en\/","name":"Phu Cuong Holding Corporation","description":"","potentialAction":[{"@type":"SearchAction","target":{"@type":"EntryPoint","urlTemplate":"https:\/\/pc-holding.vn\/en\/?s={search_term_string}"},"query-input":{"@type":"PropertyValueSpecification","valueRequired":true,"valueName":"search_term_string"}}],"inLanguage":"en-US"}]}},"_links":{"self":[{"href":"https:\/\/pc-holding.vn\/en\/wp-json\/wp\/v2\/product\/595","targetHints":{"allow":["GET"]}}],"collection":[{"href":"https:\/\/pc-holding.vn\/en\/wp-json\/wp\/v2\/product"}],"about":[{"href":"https:\/\/pc-holding.vn\/en\/wp-json\/wp\/v2\/types\/product"}],"replies":[{"embeddable":true,"href":"https:\/\/pc-holding.vn\/en\/wp-json\/wp\/v2\/comments?post=595"}],"wp:featuredmedia":[{"embeddable":true,"href":"https:\/\/pc-holding.vn\/en\/wp-json\/wp\/v2\/media\/1703"}],"wp:attachment":[{"href":"https:\/\/pc-holding.vn\/en\/wp-json\/wp\/v2\/media?parent=595"}],"wp:term":[{"taxonomy":"product_brand","embeddable":true,"href":"https:\/\/pc-holding.vn\/en\/wp-json\/wp\/v2\/product_brand?post=595"},{"taxonomy":"product_cat","embeddable":true,"href":"https:\/\/pc-holding.vn\/en\/wp-json\/wp\/v2\/product_cat?post=595"},{"taxonomy":"product_tag","embeddable":true,"href":"https:\/\/pc-holding.vn\/en\/wp-json\/wp\/v2\/product_tag?post=595"}],"curies":[{"name":"wp","href":"https:\/\/api.w.org\/{rel}","templated":true}]}}