{"id":607,"date":"2021-10-11T17:40:15","date_gmt":"2021-10-11T10:40:15","guid":{"rendered":"http:\/\/pc-holding.webtogo.vn\/?post_type=product&#038;p=607"},"modified":"2021-11-17T10:14:32","modified_gmt":"2021-11-17T03:14:32","slug":"mat-bich-vuong-iso-sha-shb","status":"publish","type":"product","link":"https:\/\/pc-holding.vn\/en\/san-pham\/mat-bich-vuong-iso-sha-shb\/","title":{"rendered":"M\u1eb7t b\u00edch vu\u00f4ng ISO, SHA \/ SHB"},"content":{"rendered":"<div><strong>V\u1eadt li\u1ec7u<\/strong>: Cacbon C20 \/ S400 \/ AISI 304 \/ AISI 316<\/div>\n<div><strong>K\u00edch c\u1ee1<\/strong>: 1\/2&#8243; -&gt; 3&#8243; (DN15 -&gt; DN80)<\/div>\n<p>&nbsp;<\/p>\n","protected":false},"excerpt":{"rendered":"<ul class=\"product_info\">\n<li>M\u1eb7t b\u00edch h\u00e0n l\u1ed3ng vu\u00f4ng chu\u1ea9n JIS B 2291<\/li>\n<li>\n<div class=\"addthis_native_toolbox\" data-url=\"https:\/\/gnhi.vn\/san-pham\/mat-bich-vuong-iso-sha-shb.html\" data-title=\"M\u1eb7t b\u00edch vu\u00f4ng ISO, SHA \/ SHB\" data-description=\"M\u1eb7t b\u00edch h\u00e0n l\u1ed3ng vu\u00f4ng chu\u1ea9n JIS B 2291\">V\u1eadt li\u1ec7u: Cacbon C20 \/ S400 \/ AISI 304 \/ AISI 316<\/div>\n<\/li>\n<li>\n<div class=\"addthis_native_toolbox\" data-url=\"https:\/\/gnhi.vn\/san-pham\/mat-bich-vuong-iso-sha-shb.html\" data-title=\"M\u1eb7t b\u00edch vu\u00f4ng ISO, SHA \/ SHB\" data-description=\"M\u1eb7t b\u00edch h\u00e0n l\u1ed3ng vu\u00f4ng chu\u1ea9n JIS B 2291\">K\u00edch c\u1ee1: 1\/2&#8243; -&gt; 3&#8243; (DN15 -&gt; DN80)<\/div>\n<\/li>\n<\/ul>\n","protected":false},"featured_media":1821,"comment_status":"closed","ping_status":"closed","template":"","meta":{"_acf_changed":false},"product_brand":[],"product_cat":[63],"product_tag":[],"class_list":{"0":"post-607","1":"product","2":"type-product","3":"status-publish","4":"has-post-thumbnail","6":"product_cat-mat-bich-cao-ap-sae-iso-cetop","8":"first","9":"instock","10":"shipping-taxable","11":"product-type-simple"},"acf":[],"yoast_head":"<!-- This site is optimized with the Yoast SEO plugin v27.4 - https:\/\/yoast.com\/product\/yoast-seo-wordpress\/ -->\n<title>M\u1eb7t b\u00edch vu\u00f4ng ISO, SHA \/ SHB - Phu Cuong Holding Corporation<\/title>\n<meta name=\"description\" content=\"Ph\u00fa C\u01b0\u1eddng Holding ph\u00e2n ph\u1ed1i m\u1eb7t b\u00edch cao \u00e1p CETOP, M\u1eb7t b\u00edch h\u00e0n \u00e1p l\u1ef1c SAE, M\u1eb7t b\u00edch vu\u00f4ng ISO, SHA \/ SHB h\u00e0ng c\u00f3 s\u1eb5n. inox, th\u00e9p\" \/>\n<meta name=\"robots\" content=\"index, follow, max-snippet:-1, max-image-preview:large, max-video-preview:-1\" \/>\n<link rel=\"canonical\" href=\"https:\/\/pc-holding.vn\/en\/san-pham\/mat-bich-vuong-iso-sha-shb\/\" \/>\n<meta property=\"og:locale\" content=\"en_US\" \/>\n<meta property=\"og:type\" content=\"article\" \/>\n<meta property=\"og:title\" content=\"M\u1eb7t b\u00edch vu\u00f4ng ISO, SHA \/ SHB - Phu Cuong Holding Corporation\" \/>\n<meta property=\"og:description\" content=\"Ph\u00fa C\u01b0\u1eddng Holding ph\u00e2n ph\u1ed1i m\u1eb7t b\u00edch cao \u00e1p CETOP, M\u1eb7t b\u00edch h\u00e0n \u00e1p l\u1ef1c SAE, M\u1eb7t b\u00edch vu\u00f4ng ISO, SHA \/ SHB h\u00e0ng c\u00f3 s\u1eb5n. inox, th\u00e9p\" \/>\n<meta property=\"og:url\" content=\"https:\/\/pc-holding.vn\/en\/san-pham\/mat-bich-vuong-iso-sha-shb\/\" \/>\n<meta property=\"og:site_name\" content=\"Phu Cuong Holding Corporation\" \/>\n<meta property=\"article:modified_time\" content=\"2021-11-17T03:14:32+00:00\" \/>\n<meta property=\"og:image\" content=\"https:\/\/pc-holding.vn\/wp-content\/uploads\/2021\/10\/mbv.png\" \/>\n\t<meta property=\"og:image:width\" content=\"600\" \/>\n\t<meta property=\"og:image:height\" content=\"600\" \/>\n\t<meta property=\"og:image:type\" content=\"image\/png\" \/>\n<meta name=\"twitter:card\" content=\"summary_large_image\" \/>\n<meta name=\"twitter:label1\" content=\"Est. reading time\" \/>\n\t<meta name=\"twitter:data1\" content=\"1 minute\" \/>\n<script type=\"application\/ld+json\" class=\"yoast-schema-graph\">{\"@context\":\"https:\\\/\\\/schema.org\",\"@graph\":[{\"@type\":\"WebPage\",\"@id\":\"https:\\\/\\\/pc-holding.vn\\\/en\\\/san-pham\\\/mat-bich-vuong-iso-sha-shb\\\/\",\"url\":\"https:\\\/\\\/pc-holding.vn\\\/en\\\/san-pham\\\/mat-bich-vuong-iso-sha-shb\\\/\",\"name\":\"M\u1eb7t b\u00edch vu\u00f4ng ISO, SHA \\\/ SHB - Phu Cuong Holding Corporation\",\"isPartOf\":{\"@id\":\"https:\\\/\\\/pc-holding.vn\\\/en\\\/#website\"},\"primaryImageOfPage\":{\"@id\":\"https:\\\/\\\/pc-holding.vn\\\/en\\\/san-pham\\\/mat-bich-vuong-iso-sha-shb\\\/#primaryimage\"},\"image\":{\"@id\":\"https:\\\/\\\/pc-holding.vn\\\/en\\\/san-pham\\\/mat-bich-vuong-iso-sha-shb\\\/#primaryimage\"},\"thumbnailUrl\":\"https:\\\/\\\/pc-holding.vn\\\/wp-content\\\/uploads\\\/2021\\\/10\\\/mbv.png\",\"datePublished\":\"2021-10-11T10:40:15+00:00\",\"dateModified\":\"2021-11-17T03:14:32+00:00\",\"description\":\"Ph\u00fa C\u01b0\u1eddng Holding ph\u00e2n ph\u1ed1i m\u1eb7t b\u00edch cao \u00e1p CETOP, M\u1eb7t b\u00edch h\u00e0n \u00e1p l\u1ef1c SAE, M\u1eb7t b\u00edch vu\u00f4ng ISO, SHA \\\/ SHB h\u00e0ng c\u00f3 s\u1eb5n. inox, th\u00e9p\",\"breadcrumb\":{\"@id\":\"https:\\\/\\\/pc-holding.vn\\\/en\\\/san-pham\\\/mat-bich-vuong-iso-sha-shb\\\/#breadcrumb\"},\"inLanguage\":\"en-US\",\"potentialAction\":[{\"@type\":\"ReadAction\",\"target\":[\"https:\\\/\\\/pc-holding.vn\\\/en\\\/san-pham\\\/mat-bich-vuong-iso-sha-shb\\\/\"]}]},{\"@type\":\"ImageObject\",\"inLanguage\":\"en-US\",\"@id\":\"https:\\\/\\\/pc-holding.vn\\\/en\\\/san-pham\\\/mat-bich-vuong-iso-sha-shb\\\/#primaryimage\",\"url\":\"https:\\\/\\\/pc-holding.vn\\\/wp-content\\\/uploads\\\/2021\\\/10\\\/mbv.png\",\"contentUrl\":\"https:\\\/\\\/pc-holding.vn\\\/wp-content\\\/uploads\\\/2021\\\/10\\\/mbv.png\",\"width\":600,\"height\":600},{\"@type\":\"BreadcrumbList\",\"@id\":\"https:\\\/\\\/pc-holding.vn\\\/en\\\/san-pham\\\/mat-bich-vuong-iso-sha-shb\\\/#breadcrumb\",\"itemListElement\":[{\"@type\":\"ListItem\",\"position\":1,\"name\":\"Trang ch\u1ee7\",\"item\":\"https:\\\/\\\/pc-holding.vn\\\/en\\\/\"},{\"@type\":\"ListItem\",\"position\":2,\"name\":\"Product\",\"item\":\"https:\\\/\\\/www.pc-holding.vn\\\/en\\\/product\\\/\"},{\"@type\":\"ListItem\",\"position\":3,\"name\":\"M\u1eb7t b\u00edch vu\u00f4ng ISO, SHA \\\/ SHB\"}]},{\"@type\":\"WebSite\",\"@id\":\"https:\\\/\\\/pc-holding.vn\\\/en\\\/#website\",\"url\":\"https:\\\/\\\/pc-holding.vn\\\/en\\\/\",\"name\":\"Phu Cuong Holding Corporation\",\"description\":\"\",\"potentialAction\":[{\"@type\":\"SearchAction\",\"target\":{\"@type\":\"EntryPoint\",\"urlTemplate\":\"https:\\\/\\\/pc-holding.vn\\\/en\\\/?s={search_term_string}\"},\"query-input\":{\"@type\":\"PropertyValueSpecification\",\"valueRequired\":true,\"valueName\":\"search_term_string\"}}],\"inLanguage\":\"en-US\"}]}<\/script>\n<!-- \/ Yoast SEO plugin. -->","yoast_head_json":{"title":"M\u1eb7t b\u00edch vu\u00f4ng ISO, SHA \/ SHB - Phu Cuong Holding Corporation","description":"Ph\u00fa C\u01b0\u1eddng Holding ph\u00e2n ph\u1ed1i m\u1eb7t b\u00edch cao \u00e1p CETOP, M\u1eb7t b\u00edch h\u00e0n \u00e1p l\u1ef1c SAE, M\u1eb7t b\u00edch vu\u00f4ng ISO, SHA \/ SHB h\u00e0ng c\u00f3 s\u1eb5n. inox, th\u00e9p","robots":{"index":"index","follow":"follow","max-snippet":"max-snippet:-1","max-image-preview":"max-image-preview:large","max-video-preview":"max-video-preview:-1"},"canonical":"https:\/\/pc-holding.vn\/en\/san-pham\/mat-bich-vuong-iso-sha-shb\/","og_locale":"en_US","og_type":"article","og_title":"M\u1eb7t b\u00edch vu\u00f4ng ISO, SHA \/ SHB - Phu Cuong Holding Corporation","og_description":"Ph\u00fa C\u01b0\u1eddng Holding ph\u00e2n ph\u1ed1i m\u1eb7t b\u00edch cao \u00e1p CETOP, M\u1eb7t b\u00edch h\u00e0n \u00e1p l\u1ef1c SAE, M\u1eb7t b\u00edch vu\u00f4ng ISO, SHA \/ SHB h\u00e0ng c\u00f3 s\u1eb5n. inox, th\u00e9p","og_url":"https:\/\/pc-holding.vn\/en\/san-pham\/mat-bich-vuong-iso-sha-shb\/","og_site_name":"Phu Cuong Holding Corporation","article_modified_time":"2021-11-17T03:14:32+00:00","og_image":[{"width":600,"height":600,"url":"https:\/\/pc-holding.vn\/wp-content\/uploads\/2021\/10\/mbv.png","type":"image\/png"}],"twitter_card":"summary_large_image","twitter_misc":{"Est. reading time":"1 minute"},"schema":{"@context":"https:\/\/schema.org","@graph":[{"@type":"WebPage","@id":"https:\/\/pc-holding.vn\/en\/san-pham\/mat-bich-vuong-iso-sha-shb\/","url":"https:\/\/pc-holding.vn\/en\/san-pham\/mat-bich-vuong-iso-sha-shb\/","name":"M\u1eb7t b\u00edch vu\u00f4ng ISO, SHA \/ SHB - Phu Cuong Holding Corporation","isPartOf":{"@id":"https:\/\/pc-holding.vn\/en\/#website"},"primaryImageOfPage":{"@id":"https:\/\/pc-holding.vn\/en\/san-pham\/mat-bich-vuong-iso-sha-shb\/#primaryimage"},"image":{"@id":"https:\/\/pc-holding.vn\/en\/san-pham\/mat-bich-vuong-iso-sha-shb\/#primaryimage"},"thumbnailUrl":"https:\/\/pc-holding.vn\/wp-content\/uploads\/2021\/10\/mbv.png","datePublished":"2021-10-11T10:40:15+00:00","dateModified":"2021-11-17T03:14:32+00:00","description":"Ph\u00fa C\u01b0\u1eddng Holding ph\u00e2n ph\u1ed1i m\u1eb7t b\u00edch cao \u00e1p CETOP, M\u1eb7t b\u00edch h\u00e0n \u00e1p l\u1ef1c SAE, M\u1eb7t b\u00edch vu\u00f4ng ISO, SHA \/ SHB h\u00e0ng c\u00f3 s\u1eb5n. inox, th\u00e9p","breadcrumb":{"@id":"https:\/\/pc-holding.vn\/en\/san-pham\/mat-bich-vuong-iso-sha-shb\/#breadcrumb"},"inLanguage":"en-US","potentialAction":[{"@type":"ReadAction","target":["https:\/\/pc-holding.vn\/en\/san-pham\/mat-bich-vuong-iso-sha-shb\/"]}]},{"@type":"ImageObject","inLanguage":"en-US","@id":"https:\/\/pc-holding.vn\/en\/san-pham\/mat-bich-vuong-iso-sha-shb\/#primaryimage","url":"https:\/\/pc-holding.vn\/wp-content\/uploads\/2021\/10\/mbv.png","contentUrl":"https:\/\/pc-holding.vn\/wp-content\/uploads\/2021\/10\/mbv.png","width":600,"height":600},{"@type":"BreadcrumbList","@id":"https:\/\/pc-holding.vn\/en\/san-pham\/mat-bich-vuong-iso-sha-shb\/#breadcrumb","itemListElement":[{"@type":"ListItem","position":1,"name":"Trang ch\u1ee7","item":"https:\/\/pc-holding.vn\/en\/"},{"@type":"ListItem","position":2,"name":"Product","item":"https:\/\/www.pc-holding.vn\/en\/product\/"},{"@type":"ListItem","position":3,"name":"M\u1eb7t b\u00edch vu\u00f4ng ISO, SHA \/ SHB"}]},{"@type":"WebSite","@id":"https:\/\/pc-holding.vn\/en\/#website","url":"https:\/\/pc-holding.vn\/en\/","name":"Phu Cuong Holding Corporation","description":"","potentialAction":[{"@type":"SearchAction","target":{"@type":"EntryPoint","urlTemplate":"https:\/\/pc-holding.vn\/en\/?s={search_term_string}"},"query-input":{"@type":"PropertyValueSpecification","valueRequired":true,"valueName":"search_term_string"}}],"inLanguage":"en-US"}]}},"_links":{"self":[{"href":"https:\/\/pc-holding.vn\/en\/wp-json\/wp\/v2\/product\/607","targetHints":{"allow":["GET"]}}],"collection":[{"href":"https:\/\/pc-holding.vn\/en\/wp-json\/wp\/v2\/product"}],"about":[{"href":"https:\/\/pc-holding.vn\/en\/wp-json\/wp\/v2\/types\/product"}],"replies":[{"embeddable":true,"href":"https:\/\/pc-holding.vn\/en\/wp-json\/wp\/v2\/comments?post=607"}],"wp:featuredmedia":[{"embeddable":true,"href":"https:\/\/pc-holding.vn\/en\/wp-json\/wp\/v2\/media\/1821"}],"wp:attachment":[{"href":"https:\/\/pc-holding.vn\/en\/wp-json\/wp\/v2\/media?parent=607"}],"wp:term":[{"taxonomy":"product_brand","embeddable":true,"href":"https:\/\/pc-holding.vn\/en\/wp-json\/wp\/v2\/product_brand?post=607"},{"taxonomy":"product_cat","embeddable":true,"href":"https:\/\/pc-holding.vn\/en\/wp-json\/wp\/v2\/product_cat?post=607"},{"taxonomy":"product_tag","embeddable":true,"href":"https:\/\/pc-holding.vn\/en\/wp-json\/wp\/v2\/product_tag?post=607"}],"curies":[{"name":"wp","href":"https:\/\/api.w.org\/{rel}","templated":true}]}}