{"id":609,"date":"2021-10-11T20:03:55","date_gmt":"2021-10-11T13:03:55","guid":{"rendered":"http:\/\/pc-holding.webtogo.vn\/?post_type=product&#038;p=609"},"modified":"2021-11-11T10:04:17","modified_gmt":"2021-11-11T03:04:17","slug":"ong-kich-cao-ap","status":"publish","type":"product","link":"https:\/\/pc-holding.vn\/en\/san-pham\/ong-kich-cao-ap\/","title":{"rendered":"\u1ed0ng k\u00edch cao \u00e1p"},"content":{"rendered":"<p><strong>K\u00edch c\u1ee1 \u1ed1ng<\/strong>: 1\/4&#8243;, 3\/8&#8243;<\/p>\n<p><strong>\u00c1p xu\u1ea5t l\u00e0m vi\u1ec7c t\u1edbi<\/strong>: 725 bar<\/p>\n<p>&nbsp;<\/p>\n","protected":false},"excerpt":{"rendered":"<ul class=\"product_info\">\n<li>D\u00f9ng cho k\u00edch th\u1ee7y l\u1ef1c<\/li>\n<\/ul>\n<div class=\"addthis_native_toolbox\" data-url=\"https:\/\/gnhi.vn\/san-pham\/ong-kich-cao-ap.html\" data-title=\"\u1ed0ng k\u00edch cao \u00e1p\" data-description=\"D\u00f9ng cho k\u00edch th\u1ee7y l\u1ef1c\">\n<ul>\n<li>K\u00edch c\u1ee1 \u1ed1ng: 1\/4&#8243;, 3\/8&#8243;<\/li>\n<li>\u00c1p xu\u1ea5t l\u00e0m vi\u1ec7c t\u1edbi: 725 bar<\/li>\n<\/ul>\n<\/div>\n","protected":false},"featured_media":1722,"comment_status":"closed","ping_status":"closed","template":"","meta":{"_acf_changed":false},"product_brand":[],"product_cat":[22],"product_tag":[],"class_list":{"0":"post-609","1":"product","2":"type-product","3":"status-publish","4":"has-post-thumbnail","6":"product_cat-ong-va-dau-noi-cao-ap","8":"first","9":"instock","10":"shipping-taxable","11":"product-type-simple"},"acf":[],"yoast_head":"<!-- This site is optimized with the Yoast SEO plugin v27.4 - https:\/\/yoast.com\/product\/yoast-seo-wordpress\/ -->\n<title>\u1ed0ng k\u00edch cao \u00e1p - Phu Cuong Holding Corporation<\/title>\n<meta name=\"description\" content=\"Ph\u00fa C\u01b0\u1eddng Holding ph\u00e2n ph\u1ed1i \u1ed1ng k\u00edch cao \u00e1p c\u00e1c size t\u1ea1i H\u00e0 N\u1ed9i, gi\u00e1 r\u1ebb, ch\u00ednh hangx Vitillo, giao h\u00e0ng to\u00e0n qu\u1ed1c\" \/>\n<meta name=\"robots\" content=\"index, follow, max-snippet:-1, max-image-preview:large, max-video-preview:-1\" \/>\n<link rel=\"canonical\" href=\"https:\/\/pc-holding.vn\/en\/san-pham\/ong-kich-cao-ap\/\" \/>\n<meta property=\"og:locale\" content=\"en_US\" \/>\n<meta property=\"og:type\" content=\"article\" \/>\n<meta property=\"og:title\" content=\"\u1ed0ng k\u00edch cao \u00e1p - Phu Cuong Holding Corporation\" \/>\n<meta property=\"og:description\" content=\"Ph\u00fa C\u01b0\u1eddng Holding ph\u00e2n ph\u1ed1i \u1ed1ng k\u00edch cao \u00e1p c\u00e1c size t\u1ea1i H\u00e0 N\u1ed9i, gi\u00e1 r\u1ebb, ch\u00ednh hangx Vitillo, giao h\u00e0ng to\u00e0n qu\u1ed1c\" \/>\n<meta property=\"og:url\" content=\"https:\/\/pc-holding.vn\/en\/san-pham\/ong-kich-cao-ap\/\" \/>\n<meta property=\"og:site_name\" content=\"Phu Cuong Holding Corporation\" \/>\n<meta property=\"article:modified_time\" content=\"2021-11-11T03:04:17+00:00\" \/>\n<meta property=\"og:image\" content=\"https:\/\/pc-holding.vn\/wp-content\/uploads\/2021\/10\/cao_ap.png\" \/>\n\t<meta property=\"og:image:width\" content=\"600\" \/>\n\t<meta property=\"og:image:height\" content=\"600\" \/>\n\t<meta property=\"og:image:type\" content=\"image\/png\" \/>\n<meta name=\"twitter:card\" content=\"summary_large_image\" \/>\n<meta name=\"twitter:label1\" content=\"Est. reading time\" \/>\n\t<meta name=\"twitter:data1\" content=\"1 minute\" \/>\n<script type=\"application\/ld+json\" class=\"yoast-schema-graph\">{\"@context\":\"https:\\\/\\\/schema.org\",\"@graph\":[{\"@type\":\"WebPage\",\"@id\":\"https:\\\/\\\/pc-holding.vn\\\/en\\\/san-pham\\\/ong-kich-cao-ap\\\/\",\"url\":\"https:\\\/\\\/pc-holding.vn\\\/en\\\/san-pham\\\/ong-kich-cao-ap\\\/\",\"name\":\"\u1ed0ng k\u00edch cao \u00e1p - Phu Cuong Holding Corporation\",\"isPartOf\":{\"@id\":\"https:\\\/\\\/pc-holding.vn\\\/en\\\/#website\"},\"primaryImageOfPage\":{\"@id\":\"https:\\\/\\\/pc-holding.vn\\\/en\\\/san-pham\\\/ong-kich-cao-ap\\\/#primaryimage\"},\"image\":{\"@id\":\"https:\\\/\\\/pc-holding.vn\\\/en\\\/san-pham\\\/ong-kich-cao-ap\\\/#primaryimage\"},\"thumbnailUrl\":\"https:\\\/\\\/pc-holding.vn\\\/wp-content\\\/uploads\\\/2021\\\/10\\\/cao_ap.png\",\"datePublished\":\"2021-10-11T13:03:55+00:00\",\"dateModified\":\"2021-11-11T03:04:17+00:00\",\"description\":\"Ph\u00fa C\u01b0\u1eddng Holding ph\u00e2n ph\u1ed1i \u1ed1ng k\u00edch cao \u00e1p c\u00e1c size t\u1ea1i H\u00e0 N\u1ed9i, gi\u00e1 r\u1ebb, ch\u00ednh hangx Vitillo, giao h\u00e0ng to\u00e0n qu\u1ed1c\",\"breadcrumb\":{\"@id\":\"https:\\\/\\\/pc-holding.vn\\\/en\\\/san-pham\\\/ong-kich-cao-ap\\\/#breadcrumb\"},\"inLanguage\":\"en-US\",\"potentialAction\":[{\"@type\":\"ReadAction\",\"target\":[\"https:\\\/\\\/pc-holding.vn\\\/en\\\/san-pham\\\/ong-kich-cao-ap\\\/\"]}]},{\"@type\":\"ImageObject\",\"inLanguage\":\"en-US\",\"@id\":\"https:\\\/\\\/pc-holding.vn\\\/en\\\/san-pham\\\/ong-kich-cao-ap\\\/#primaryimage\",\"url\":\"https:\\\/\\\/pc-holding.vn\\\/wp-content\\\/uploads\\\/2021\\\/10\\\/cao_ap.png\",\"contentUrl\":\"https:\\\/\\\/pc-holding.vn\\\/wp-content\\\/uploads\\\/2021\\\/10\\\/cao_ap.png\",\"width\":600,\"height\":600},{\"@type\":\"BreadcrumbList\",\"@id\":\"https:\\\/\\\/pc-holding.vn\\\/en\\\/san-pham\\\/ong-kich-cao-ap\\\/#breadcrumb\",\"itemListElement\":[{\"@type\":\"ListItem\",\"position\":1,\"name\":\"Trang ch\u1ee7\",\"item\":\"https:\\\/\\\/www.pc-holding.vn\\\/en\\\/\"},{\"@type\":\"ListItem\",\"position\":2,\"name\":\"Product\",\"item\":\"https:\\\/\\\/www.pc-holding.vn\\\/en\\\/product\\\/\"},{\"@type\":\"ListItem\",\"position\":3,\"name\":\"\u1ed0ng k\u00edch cao \u00e1p\"}]},{\"@type\":\"WebSite\",\"@id\":\"https:\\\/\\\/pc-holding.vn\\\/en\\\/#website\",\"url\":\"https:\\\/\\\/pc-holding.vn\\\/en\\\/\",\"name\":\"Phu Cuong Holding Corporation\",\"description\":\"\",\"potentialAction\":[{\"@type\":\"SearchAction\",\"target\":{\"@type\":\"EntryPoint\",\"urlTemplate\":\"https:\\\/\\\/pc-holding.vn\\\/en\\\/?s={search_term_string}\"},\"query-input\":{\"@type\":\"PropertyValueSpecification\",\"valueRequired\":true,\"valueName\":\"search_term_string\"}}],\"inLanguage\":\"en-US\"}]}<\/script>\n<!-- \/ Yoast SEO plugin. -->","yoast_head_json":{"title":"\u1ed0ng k\u00edch cao \u00e1p - Phu Cuong Holding Corporation","description":"Ph\u00fa C\u01b0\u1eddng Holding ph\u00e2n ph\u1ed1i \u1ed1ng k\u00edch cao \u00e1p c\u00e1c size t\u1ea1i H\u00e0 N\u1ed9i, gi\u00e1 r\u1ebb, ch\u00ednh hangx Vitillo, giao h\u00e0ng to\u00e0n qu\u1ed1c","robots":{"index":"index","follow":"follow","max-snippet":"max-snippet:-1","max-image-preview":"max-image-preview:large","max-video-preview":"max-video-preview:-1"},"canonical":"https:\/\/pc-holding.vn\/en\/san-pham\/ong-kich-cao-ap\/","og_locale":"en_US","og_type":"article","og_title":"\u1ed0ng k\u00edch cao \u00e1p - Phu Cuong Holding Corporation","og_description":"Ph\u00fa C\u01b0\u1eddng Holding ph\u00e2n ph\u1ed1i \u1ed1ng k\u00edch cao \u00e1p c\u00e1c size t\u1ea1i H\u00e0 N\u1ed9i, gi\u00e1 r\u1ebb, ch\u00ednh hangx Vitillo, giao h\u00e0ng to\u00e0n qu\u1ed1c","og_url":"https:\/\/pc-holding.vn\/en\/san-pham\/ong-kich-cao-ap\/","og_site_name":"Phu Cuong Holding Corporation","article_modified_time":"2021-11-11T03:04:17+00:00","og_image":[{"width":600,"height":600,"url":"https:\/\/pc-holding.vn\/wp-content\/uploads\/2021\/10\/cao_ap.png","type":"image\/png"}],"twitter_card":"summary_large_image","twitter_misc":{"Est. reading time":"1 minute"},"schema":{"@context":"https:\/\/schema.org","@graph":[{"@type":"WebPage","@id":"https:\/\/pc-holding.vn\/en\/san-pham\/ong-kich-cao-ap\/","url":"https:\/\/pc-holding.vn\/en\/san-pham\/ong-kich-cao-ap\/","name":"\u1ed0ng k\u00edch cao \u00e1p - Phu Cuong Holding Corporation","isPartOf":{"@id":"https:\/\/pc-holding.vn\/en\/#website"},"primaryImageOfPage":{"@id":"https:\/\/pc-holding.vn\/en\/san-pham\/ong-kich-cao-ap\/#primaryimage"},"image":{"@id":"https:\/\/pc-holding.vn\/en\/san-pham\/ong-kich-cao-ap\/#primaryimage"},"thumbnailUrl":"https:\/\/pc-holding.vn\/wp-content\/uploads\/2021\/10\/cao_ap.png","datePublished":"2021-10-11T13:03:55+00:00","dateModified":"2021-11-11T03:04:17+00:00","description":"Ph\u00fa C\u01b0\u1eddng Holding ph\u00e2n ph\u1ed1i \u1ed1ng k\u00edch cao \u00e1p c\u00e1c size t\u1ea1i H\u00e0 N\u1ed9i, gi\u00e1 r\u1ebb, ch\u00ednh hangx Vitillo, giao h\u00e0ng to\u00e0n qu\u1ed1c","breadcrumb":{"@id":"https:\/\/pc-holding.vn\/en\/san-pham\/ong-kich-cao-ap\/#breadcrumb"},"inLanguage":"en-US","potentialAction":[{"@type":"ReadAction","target":["https:\/\/pc-holding.vn\/en\/san-pham\/ong-kich-cao-ap\/"]}]},{"@type":"ImageObject","inLanguage":"en-US","@id":"https:\/\/pc-holding.vn\/en\/san-pham\/ong-kich-cao-ap\/#primaryimage","url":"https:\/\/pc-holding.vn\/wp-content\/uploads\/2021\/10\/cao_ap.png","contentUrl":"https:\/\/pc-holding.vn\/wp-content\/uploads\/2021\/10\/cao_ap.png","width":600,"height":600},{"@type":"BreadcrumbList","@id":"https:\/\/pc-holding.vn\/en\/san-pham\/ong-kich-cao-ap\/#breadcrumb","itemListElement":[{"@type":"ListItem","position":1,"name":"Trang ch\u1ee7","item":"https:\/\/www.pc-holding.vn\/en\/"},{"@type":"ListItem","position":2,"name":"Product","item":"https:\/\/www.pc-holding.vn\/en\/product\/"},{"@type":"ListItem","position":3,"name":"\u1ed0ng k\u00edch cao \u00e1p"}]},{"@type":"WebSite","@id":"https:\/\/pc-holding.vn\/en\/#website","url":"https:\/\/pc-holding.vn\/en\/","name":"Phu Cuong Holding Corporation","description":"","potentialAction":[{"@type":"SearchAction","target":{"@type":"EntryPoint","urlTemplate":"https:\/\/pc-holding.vn\/en\/?s={search_term_string}"},"query-input":{"@type":"PropertyValueSpecification","valueRequired":true,"valueName":"search_term_string"}}],"inLanguage":"en-US"}]}},"_links":{"self":[{"href":"https:\/\/pc-holding.vn\/en\/wp-json\/wp\/v2\/product\/609","targetHints":{"allow":["GET"]}}],"collection":[{"href":"https:\/\/pc-holding.vn\/en\/wp-json\/wp\/v2\/product"}],"about":[{"href":"https:\/\/pc-holding.vn\/en\/wp-json\/wp\/v2\/types\/product"}],"replies":[{"embeddable":true,"href":"https:\/\/pc-holding.vn\/en\/wp-json\/wp\/v2\/comments?post=609"}],"wp:featuredmedia":[{"embeddable":true,"href":"https:\/\/pc-holding.vn\/en\/wp-json\/wp\/v2\/media\/1722"}],"wp:attachment":[{"href":"https:\/\/pc-holding.vn\/en\/wp-json\/wp\/v2\/media?parent=609"}],"wp:term":[{"taxonomy":"product_brand","embeddable":true,"href":"https:\/\/pc-holding.vn\/en\/wp-json\/wp\/v2\/product_brand?post=609"},{"taxonomy":"product_cat","embeddable":true,"href":"https:\/\/pc-holding.vn\/en\/wp-json\/wp\/v2\/product_cat?post=609"},{"taxonomy":"product_tag","embeddable":true,"href":"https:\/\/pc-holding.vn\/en\/wp-json\/wp\/v2\/product_tag?post=609"}],"curies":[{"name":"wp","href":"https:\/\/api.w.org\/{rel}","templated":true}]}}