{"id":612,"date":"2021-10-11T20:05:49","date_gmt":"2021-10-11T13:05:49","guid":{"rendered":"http:\/\/pc-holding.webtogo.vn\/?post_type=product&#038;p=612"},"modified":"2021-11-11T16:16:49","modified_gmt":"2021-11-11T09:16:49","slug":"dau-noi-cao-ap-ren-he-metric","status":"publish","type":"product","link":"https:\/\/pc-holding.vn\/en\/san-pham\/dau-noi-cao-ap-ren-he-metric\/","title":{"rendered":"\u0110\u1ea7u n\u1ed1i cao \u00e1p ren h\u1ec7 METRIC \/ NPT"},"content":{"rendered":"<p><strong>C\u1ee1 \u1ed1ng<\/strong>: 3\/8&#8243;, 1\/2&#8243;, 3\/4&#8243;<br \/>\n<strong>C\u1ee1 ren<\/strong>: M22x1.5; M24x1.5; M36x2 ( METRIC)<\/p>\n<p><strong>C\u1ee1 ren<\/strong>: 3\/8\u2033 NPT, 1\/2\u2033 NPT, 3\/4\u2033 NPT (NPT)<\/p>\n","protected":false},"excerpt":{"rendered":"<ul>\n<li><strong>C\u1ee1 \u1ed1ng<\/strong>: 3\/8&#8243;, 1\/2&#8243;, 3\/4&#8243;<\/li>\n<li><strong>C\u1ee1 ren<\/strong>: M22x1.5; M24x1.5; M36x2 ( METRIC)<\/li>\n<li><strong style=\"color: #555555;\">C\u1ee1 ren<\/strong><span style=\"color: #555555;\">: 3\/8\u2033 NPT, 1\/2\u2033 NPT, 3\/4\u2033 NPT (NPT)<\/span><\/li>\n<\/ul>\n","protected":false},"featured_media":1728,"comment_status":"closed","ping_status":"closed","template":"","meta":{"_acf_changed":false},"product_brand":[],"product_cat":[22],"product_tag":[],"class_list":{"0":"post-612","1":"product","2":"type-product","3":"status-publish","4":"has-post-thumbnail","6":"product_cat-ong-va-dau-noi-cao-ap","8":"first","9":"instock","10":"shipping-taxable","11":"product-type-simple"},"acf":[],"yoast_head":"<!-- This site is optimized with the Yoast SEO plugin v27.4 - https:\/\/yoast.com\/product\/yoast-seo-wordpress\/ -->\n<title>\u0110\u1ea7u n\u1ed1i cao \u00e1p ren h\u1ec7 METRIC \/ NPT - Phu Cuong Holding Corporation<\/title>\n<meta name=\"description\" content=\"Ph\u00fa C\u01b0\u1eddng Holding ph\u00e2n ph\u1ed1i \u1ed1ng k\u00edch cao \u00e1p c\u00e1c size t\u1ea1i H\u00e0 N\u1ed9i, gi\u00e1 r\u1ebb, ch\u00ednh h\u00e3ngVitillo, giao h\u00e0ng to\u00e0n qu\u1ed1c. \u0111\u1ea7u n\u1ed1i cao \u00e1p c\u00e1c lo\u1ea1i\" \/>\n<meta name=\"robots\" content=\"index, follow, max-snippet:-1, max-image-preview:large, max-video-preview:-1\" \/>\n<link rel=\"canonical\" href=\"https:\/\/pc-holding.vn\/en\/san-pham\/dau-noi-cao-ap-ren-he-metric\/\" \/>\n<meta property=\"og:locale\" content=\"en_US\" \/>\n<meta property=\"og:type\" content=\"article\" \/>\n<meta property=\"og:title\" content=\"\u0110\u1ea7u n\u1ed1i cao \u00e1p ren h\u1ec7 METRIC \/ NPT - Phu Cuong Holding Corporation\" \/>\n<meta property=\"og:description\" content=\"Ph\u00fa C\u01b0\u1eddng Holding ph\u00e2n ph\u1ed1i \u1ed1ng k\u00edch cao \u00e1p c\u00e1c size t\u1ea1i H\u00e0 N\u1ed9i, gi\u00e1 r\u1ebb, ch\u00ednh h\u00e3ngVitillo, giao h\u00e0ng to\u00e0n qu\u1ed1c. \u0111\u1ea7u n\u1ed1i cao \u00e1p c\u00e1c lo\u1ea1i\" \/>\n<meta property=\"og:url\" content=\"https:\/\/pc-holding.vn\/en\/san-pham\/dau-noi-cao-ap-ren-he-metric\/\" \/>\n<meta property=\"og:site_name\" content=\"Phu Cuong Holding Corporation\" \/>\n<meta property=\"article:modified_time\" content=\"2021-11-11T09:16:49+00:00\" \/>\n<meta property=\"og:image\" content=\"https:\/\/pc-holding.vn\/wp-content\/uploads\/2021\/10\/dau_moi.png\" \/>\n\t<meta property=\"og:image:width\" content=\"600\" \/>\n\t<meta property=\"og:image:height\" content=\"600\" \/>\n\t<meta property=\"og:image:type\" content=\"image\/png\" \/>\n<meta name=\"twitter:card\" content=\"summary_large_image\" \/>\n<meta name=\"twitter:label1\" content=\"Est. reading time\" \/>\n\t<meta name=\"twitter:data1\" content=\"1 minute\" \/>\n<script type=\"application\/ld+json\" class=\"yoast-schema-graph\">{\"@context\":\"https:\\\/\\\/schema.org\",\"@graph\":[{\"@type\":\"WebPage\",\"@id\":\"https:\\\/\\\/pc-holding.vn\\\/en\\\/san-pham\\\/dau-noi-cao-ap-ren-he-metric\\\/\",\"url\":\"https:\\\/\\\/pc-holding.vn\\\/en\\\/san-pham\\\/dau-noi-cao-ap-ren-he-metric\\\/\",\"name\":\"\u0110\u1ea7u n\u1ed1i cao \u00e1p ren h\u1ec7 METRIC \\\/ NPT - Phu Cuong Holding Corporation\",\"isPartOf\":{\"@id\":\"https:\\\/\\\/pc-holding.vn\\\/en\\\/#website\"},\"primaryImageOfPage\":{\"@id\":\"https:\\\/\\\/pc-holding.vn\\\/en\\\/san-pham\\\/dau-noi-cao-ap-ren-he-metric\\\/#primaryimage\"},\"image\":{\"@id\":\"https:\\\/\\\/pc-holding.vn\\\/en\\\/san-pham\\\/dau-noi-cao-ap-ren-he-metric\\\/#primaryimage\"},\"thumbnailUrl\":\"https:\\\/\\\/pc-holding.vn\\\/wp-content\\\/uploads\\\/2021\\\/10\\\/dau_moi.png\",\"datePublished\":\"2021-10-11T13:05:49+00:00\",\"dateModified\":\"2021-11-11T09:16:49+00:00\",\"description\":\"Ph\u00fa C\u01b0\u1eddng Holding ph\u00e2n ph\u1ed1i \u1ed1ng k\u00edch cao \u00e1p c\u00e1c size t\u1ea1i H\u00e0 N\u1ed9i, gi\u00e1 r\u1ebb, ch\u00ednh h\u00e3ngVitillo, giao h\u00e0ng to\u00e0n qu\u1ed1c. \u0111\u1ea7u n\u1ed1i cao \u00e1p c\u00e1c lo\u1ea1i\",\"breadcrumb\":{\"@id\":\"https:\\\/\\\/pc-holding.vn\\\/en\\\/san-pham\\\/dau-noi-cao-ap-ren-he-metric\\\/#breadcrumb\"},\"inLanguage\":\"en-US\",\"potentialAction\":[{\"@type\":\"ReadAction\",\"target\":[\"https:\\\/\\\/pc-holding.vn\\\/en\\\/san-pham\\\/dau-noi-cao-ap-ren-he-metric\\\/\"]}]},{\"@type\":\"ImageObject\",\"inLanguage\":\"en-US\",\"@id\":\"https:\\\/\\\/pc-holding.vn\\\/en\\\/san-pham\\\/dau-noi-cao-ap-ren-he-metric\\\/#primaryimage\",\"url\":\"https:\\\/\\\/pc-holding.vn\\\/wp-content\\\/uploads\\\/2021\\\/10\\\/dau_moi.png\",\"contentUrl\":\"https:\\\/\\\/pc-holding.vn\\\/wp-content\\\/uploads\\\/2021\\\/10\\\/dau_moi.png\",\"width\":600,\"height\":600},{\"@type\":\"BreadcrumbList\",\"@id\":\"https:\\\/\\\/pc-holding.vn\\\/en\\\/san-pham\\\/dau-noi-cao-ap-ren-he-metric\\\/#breadcrumb\",\"itemListElement\":[{\"@type\":\"ListItem\",\"position\":1,\"name\":\"Trang ch\u1ee7\",\"item\":\"https:\\\/\\\/www.pc-holding.vn\\\/en\\\/\"},{\"@type\":\"ListItem\",\"position\":2,\"name\":\"Product\",\"item\":\"https:\\\/\\\/pc-holding.vn\\\/en\\\/product\\\/\"},{\"@type\":\"ListItem\",\"position\":3,\"name\":\"\u0110\u1ea7u n\u1ed1i cao \u00e1p ren h\u1ec7 METRIC \\\/ NPT\"}]},{\"@type\":\"WebSite\",\"@id\":\"https:\\\/\\\/pc-holding.vn\\\/en\\\/#website\",\"url\":\"https:\\\/\\\/pc-holding.vn\\\/en\\\/\",\"name\":\"Phu Cuong Holding Corporation\",\"description\":\"\",\"potentialAction\":[{\"@type\":\"SearchAction\",\"target\":{\"@type\":\"EntryPoint\",\"urlTemplate\":\"https:\\\/\\\/pc-holding.vn\\\/en\\\/?s={search_term_string}\"},\"query-input\":{\"@type\":\"PropertyValueSpecification\",\"valueRequired\":true,\"valueName\":\"search_term_string\"}}],\"inLanguage\":\"en-US\"}]}<\/script>\n<!-- \/ Yoast SEO plugin. -->","yoast_head_json":{"title":"\u0110\u1ea7u n\u1ed1i cao \u00e1p ren h\u1ec7 METRIC \/ NPT - Phu Cuong Holding Corporation","description":"Ph\u00fa C\u01b0\u1eddng Holding ph\u00e2n ph\u1ed1i \u1ed1ng k\u00edch cao \u00e1p c\u00e1c size t\u1ea1i H\u00e0 N\u1ed9i, gi\u00e1 r\u1ebb, ch\u00ednh h\u00e3ngVitillo, giao h\u00e0ng to\u00e0n qu\u1ed1c. \u0111\u1ea7u n\u1ed1i cao \u00e1p c\u00e1c lo\u1ea1i","robots":{"index":"index","follow":"follow","max-snippet":"max-snippet:-1","max-image-preview":"max-image-preview:large","max-video-preview":"max-video-preview:-1"},"canonical":"https:\/\/pc-holding.vn\/en\/san-pham\/dau-noi-cao-ap-ren-he-metric\/","og_locale":"en_US","og_type":"article","og_title":"\u0110\u1ea7u n\u1ed1i cao \u00e1p ren h\u1ec7 METRIC \/ NPT - Phu Cuong Holding Corporation","og_description":"Ph\u00fa C\u01b0\u1eddng Holding ph\u00e2n ph\u1ed1i \u1ed1ng k\u00edch cao \u00e1p c\u00e1c size t\u1ea1i H\u00e0 N\u1ed9i, gi\u00e1 r\u1ebb, ch\u00ednh h\u00e3ngVitillo, giao h\u00e0ng to\u00e0n qu\u1ed1c. \u0111\u1ea7u n\u1ed1i cao \u00e1p c\u00e1c lo\u1ea1i","og_url":"https:\/\/pc-holding.vn\/en\/san-pham\/dau-noi-cao-ap-ren-he-metric\/","og_site_name":"Phu Cuong Holding Corporation","article_modified_time":"2021-11-11T09:16:49+00:00","og_image":[{"width":600,"height":600,"url":"https:\/\/pc-holding.vn\/wp-content\/uploads\/2021\/10\/dau_moi.png","type":"image\/png"}],"twitter_card":"summary_large_image","twitter_misc":{"Est. reading time":"1 minute"},"schema":{"@context":"https:\/\/schema.org","@graph":[{"@type":"WebPage","@id":"https:\/\/pc-holding.vn\/en\/san-pham\/dau-noi-cao-ap-ren-he-metric\/","url":"https:\/\/pc-holding.vn\/en\/san-pham\/dau-noi-cao-ap-ren-he-metric\/","name":"\u0110\u1ea7u n\u1ed1i cao \u00e1p ren h\u1ec7 METRIC \/ NPT - Phu Cuong Holding Corporation","isPartOf":{"@id":"https:\/\/pc-holding.vn\/en\/#website"},"primaryImageOfPage":{"@id":"https:\/\/pc-holding.vn\/en\/san-pham\/dau-noi-cao-ap-ren-he-metric\/#primaryimage"},"image":{"@id":"https:\/\/pc-holding.vn\/en\/san-pham\/dau-noi-cao-ap-ren-he-metric\/#primaryimage"},"thumbnailUrl":"https:\/\/pc-holding.vn\/wp-content\/uploads\/2021\/10\/dau_moi.png","datePublished":"2021-10-11T13:05:49+00:00","dateModified":"2021-11-11T09:16:49+00:00","description":"Ph\u00fa C\u01b0\u1eddng Holding ph\u00e2n ph\u1ed1i \u1ed1ng k\u00edch cao \u00e1p c\u00e1c size t\u1ea1i H\u00e0 N\u1ed9i, gi\u00e1 r\u1ebb, ch\u00ednh h\u00e3ngVitillo, giao h\u00e0ng to\u00e0n qu\u1ed1c. \u0111\u1ea7u n\u1ed1i cao \u00e1p c\u00e1c lo\u1ea1i","breadcrumb":{"@id":"https:\/\/pc-holding.vn\/en\/san-pham\/dau-noi-cao-ap-ren-he-metric\/#breadcrumb"},"inLanguage":"en-US","potentialAction":[{"@type":"ReadAction","target":["https:\/\/pc-holding.vn\/en\/san-pham\/dau-noi-cao-ap-ren-he-metric\/"]}]},{"@type":"ImageObject","inLanguage":"en-US","@id":"https:\/\/pc-holding.vn\/en\/san-pham\/dau-noi-cao-ap-ren-he-metric\/#primaryimage","url":"https:\/\/pc-holding.vn\/wp-content\/uploads\/2021\/10\/dau_moi.png","contentUrl":"https:\/\/pc-holding.vn\/wp-content\/uploads\/2021\/10\/dau_moi.png","width":600,"height":600},{"@type":"BreadcrumbList","@id":"https:\/\/pc-holding.vn\/en\/san-pham\/dau-noi-cao-ap-ren-he-metric\/#breadcrumb","itemListElement":[{"@type":"ListItem","position":1,"name":"Trang ch\u1ee7","item":"https:\/\/www.pc-holding.vn\/en\/"},{"@type":"ListItem","position":2,"name":"Product","item":"https:\/\/pc-holding.vn\/en\/product\/"},{"@type":"ListItem","position":3,"name":"\u0110\u1ea7u n\u1ed1i cao \u00e1p ren h\u1ec7 METRIC \/ NPT"}]},{"@type":"WebSite","@id":"https:\/\/pc-holding.vn\/en\/#website","url":"https:\/\/pc-holding.vn\/en\/","name":"Phu Cuong Holding Corporation","description":"","potentialAction":[{"@type":"SearchAction","target":{"@type":"EntryPoint","urlTemplate":"https:\/\/pc-holding.vn\/en\/?s={search_term_string}"},"query-input":{"@type":"PropertyValueSpecification","valueRequired":true,"valueName":"search_term_string"}}],"inLanguage":"en-US"}]}},"_links":{"self":[{"href":"https:\/\/pc-holding.vn\/en\/wp-json\/wp\/v2\/product\/612","targetHints":{"allow":["GET"]}}],"collection":[{"href":"https:\/\/pc-holding.vn\/en\/wp-json\/wp\/v2\/product"}],"about":[{"href":"https:\/\/pc-holding.vn\/en\/wp-json\/wp\/v2\/types\/product"}],"replies":[{"embeddable":true,"href":"https:\/\/pc-holding.vn\/en\/wp-json\/wp\/v2\/comments?post=612"}],"wp:featuredmedia":[{"embeddable":true,"href":"https:\/\/pc-holding.vn\/en\/wp-json\/wp\/v2\/media\/1728"}],"wp:attachment":[{"href":"https:\/\/pc-holding.vn\/en\/wp-json\/wp\/v2\/media?parent=612"}],"wp:term":[{"taxonomy":"product_brand","embeddable":true,"href":"https:\/\/pc-holding.vn\/en\/wp-json\/wp\/v2\/product_brand?post=612"},{"taxonomy":"product_cat","embeddable":true,"href":"https:\/\/pc-holding.vn\/en\/wp-json\/wp\/v2\/product_cat?post=612"},{"taxonomy":"product_tag","embeddable":true,"href":"https:\/\/pc-holding.vn\/en\/wp-json\/wp\/v2\/product_tag?post=612"}],"curies":[{"name":"wp","href":"https:\/\/api.w.org\/{rel}","templated":true}]}}