{"id":616,"date":"2021-10-11T20:09:51","date_gmt":"2021-10-11T13:09:51","guid":{"rendered":"http:\/\/pc-holding.webtogo.vn\/?post_type=product&#038;p=616"},"modified":"2021-11-12T10:02:45","modified_gmt":"2021-11-12T03:02:45","slug":"van-tiet-luu","status":"publish","type":"product","link":"https:\/\/pc-holding.vn\/en\/san-pham\/van-tiet-luu\/","title":{"rendered":"Van ti\u1ebft l\u01b0u"},"content":{"rendered":"<pre><strong>Th\u00e2n m\u00e1y<\/strong>: vu\u00f4ng<\/pre>\n<pre><strong>\u00c1p su\u1ea5t v\u1eadn h\u00e0nh<\/strong>: PN 400<\/pre>\n<pre><strong>V\u1eadt li\u1ec7u<\/strong>: 1,0737 \/ 1,4749<\/pre>\n<pre><strong>Nhi\u1ec7t \u0111\u1ed9<\/strong>: -20 \u00b0 C \u0111\u1ebfn + 100 \u00b0 C<\/pre>\n<p><strong>H\u00e3ng s\u1ea3n xu\u1ea5t<\/strong>:<em>\u00a0Gemels &#8211; Italy<\/em><\/p>\n<p>&nbsp;<\/p>\n<table border=\"0\" width=\"636\" cellspacing=\"0\" cellpadding=\"0\">\n<tbody>\n<tr>\n<td rowspan=\"2\" nowrap=\"nowrap\">\n<p align=\"center\"><strong>No.<\/strong><\/p>\n<\/td>\n<td rowspan=\"2\" nowrap=\"nowrap\">\n<p align=\"center\"><strong>Part No.<\/strong><\/p>\n<\/td>\n<td rowspan=\"2\">\n<p align=\"center\"><strong>PN\u00a0\u00a0\u00a0\u00a0\u00a0\u00a0\u00a0\u00a0\u00a0\u00a0 ( Mpa)<\/strong><\/p>\n<\/td>\n<td rowspan=\"2\" nowrap=\"nowrap\">\n<p align=\"center\"><strong>DN<\/strong><\/p>\n<\/td>\n<td rowspan=\"2\">\n<p align=\"center\"><strong>Max flow L\/m<\/strong><\/p>\n<\/td>\n<td rowspan=\"2\" nowrap=\"nowrap\">\n<p align=\"center\"><strong>A<\/strong><\/p>\n<\/td>\n<td rowspan=\"2\" nowrap=\"nowrap\">\n<p align=\"center\"><strong>B<\/strong><\/p>\n<\/td>\n<td rowspan=\"2\" nowrap=\"nowrap\">\n<p align=\"center\"><strong>C<\/strong><\/p>\n<\/td>\n<td rowspan=\"2\" nowrap=\"nowrap\">\n<p align=\"center\"><strong>\u00d8H<\/strong><\/p>\n<\/td>\n<td rowspan=\"2\" nowrap=\"nowrap\">\n<p align=\"center\"><strong>\u00d8M<\/strong><\/p>\n<\/td>\n<td rowspan=\"2\" nowrap=\"nowrap\">\n<p align=\"center\"><strong>I<\/strong><\/p>\n<\/td>\n<td>\n<p align=\"center\"><strong>Unit price<\/strong><\/p>\n<\/td>\n<\/tr>\n<tr>\n<td>\n<p align=\"center\">VND\/Ea<\/p>\n<\/td>\n<\/tr>\n<tr>\n<td nowrap=\"nowrap\">\n<p align=\"center\">1<\/p>\n<\/td>\n<td nowrap=\"nowrap\">RF G 1\/4<\/td>\n<td nowrap=\"nowrap\">\n<p align=\"center\">40<\/p>\n<\/td>\n<td>\n<p align=\"center\">6<\/p>\n<\/td>\n<td nowrap=\"nowrap\">\n<p align=\"center\">15<\/p>\n<\/td>\n<td nowrap=\"nowrap\">\n<p align=\"center\">25<\/p>\n<\/td>\n<td nowrap=\"nowrap\">\n<p align=\"center\">12,5<\/p>\n<\/td>\n<td nowrap=\"nowrap\">\n<p align=\"center\">66<\/p>\n<\/td>\n<td nowrap=\"nowrap\">\n<p align=\"center\">30<\/p>\n<\/td>\n<td nowrap=\"nowrap\">G 1\/4<\/td>\n<td nowrap=\"nowrap\">\n<p align=\"center\">75<\/p>\n<\/td>\n<td nowrap=\"nowrap\">\n<p align=\"right\">\n<\/td>\n<\/tr>\n<tr>\n<td nowrap=\"nowrap\">\n<p align=\"center\">2<\/p>\n<\/td>\n<td nowrap=\"nowrap\">RF G 3\/8<\/td>\n<td nowrap=\"nowrap\">\n<p align=\"center\">40<\/p>\n<\/td>\n<td>\n<p align=\"center\">10<\/p>\n<\/td>\n<td nowrap=\"nowrap\">\n<p align=\"center\">30<\/p>\n<\/td>\n<td nowrap=\"nowrap\">\n<p align=\"center\">25<\/p>\n<\/td>\n<td nowrap=\"nowrap\">\n<p align=\"center\">12,5<\/p>\n<\/td>\n<td nowrap=\"nowrap\">\n<p align=\"center\">77<\/p>\n<\/td>\n<td nowrap=\"nowrap\">\n<p align=\"center\">30<\/p>\n<\/td>\n<td nowrap=\"nowrap\">G 3\/8<\/td>\n<td nowrap=\"nowrap\">\n<p align=\"center\">75<\/p>\n<\/td>\n<td nowrap=\"nowrap\">\n<p align=\"right\">\n<\/td>\n<\/tr>\n<tr>\n<td nowrap=\"nowrap\">\n<p align=\"center\">3<\/p>\n<\/td>\n<td nowrap=\"nowrap\">RF G 1\/2<\/td>\n<td nowrap=\"nowrap\">\n<p align=\"center\">40<\/p>\n<\/td>\n<td>\n<p align=\"center\">13<\/p>\n<\/td>\n<td nowrap=\"nowrap\">\n<p align=\"center\">50<\/p>\n<\/td>\n<td nowrap=\"nowrap\">\n<p align=\"center\">30<\/p>\n<\/td>\n<td nowrap=\"nowrap\">\n<p align=\"center\">15<\/p>\n<\/td>\n<td nowrap=\"nowrap\">\n<p align=\"center\">91<\/p>\n<\/td>\n<td nowrap=\"nowrap\">\n<p align=\"center\">33<\/p>\n<\/td>\n<td nowrap=\"nowrap\">G 1\/2<\/td>\n<td nowrap=\"nowrap\">\n<p align=\"center\">81<\/p>\n<\/td>\n<td nowrap=\"nowrap\">\n<p align=\"right\">\n<\/td>\n<\/tr>\n<tr>\n<td nowrap=\"nowrap\">\n<p align=\"center\">4<\/p>\n<\/td>\n<td nowrap=\"nowrap\">RF G 3\/4<\/td>\n<td nowrap=\"nowrap\">\n<p align=\"center\">40<\/p>\n<\/td>\n<td>\n<p align=\"center\">20<\/p>\n<\/td>\n<td nowrap=\"nowrap\">\n<p align=\"center\">80<\/p>\n<\/td>\n<td nowrap=\"nowrap\">\n<p align=\"center\">40<\/p>\n<\/td>\n<td nowrap=\"nowrap\">\n<p align=\"center\">20<\/p>\n<\/td>\n<td nowrap=\"nowrap\">\n<p align=\"center\">113<\/p>\n<\/td>\n<td nowrap=\"nowrap\">\n<p align=\"center\">42<\/p>\n<\/td>\n<td nowrap=\"nowrap\">G 3\/4<\/td>\n<td nowrap=\"nowrap\">\n<p align=\"center\">110<\/p>\n<\/td>\n<td nowrap=\"nowrap\">\n<p align=\"right\">\n<\/td>\n<\/tr>\n<tr>\n<td nowrap=\"nowrap\">\n<p align=\"center\">5<\/p>\n<\/td>\n<td nowrap=\"nowrap\">RF G 1<\/td>\n<td nowrap=\"nowrap\">\n<p align=\"center\">40<\/p>\n<\/td>\n<td>\n<p align=\"center\">25<\/p>\n<\/td>\n<td nowrap=\"nowrap\">\n<p align=\"center\">150<\/p>\n<\/td>\n<td nowrap=\"nowrap\">\n<p align=\"center\">45<\/p>\n<\/td>\n<td nowrap=\"nowrap\">\n<p align=\"center\">22,5<\/p>\n<\/td>\n<td nowrap=\"nowrap\">\n<p align=\"center\">141<\/p>\n<\/td>\n<td nowrap=\"nowrap\">\n<p align=\"center\">42<\/p>\n<\/td>\n<td nowrap=\"nowrap\">G 1<\/td>\n<td nowrap=\"nowrap\">\n<p align=\"center\">115<\/p>\n<\/td>\n<td nowrap=\"nowrap\">\n<p align=\"right\">\n<\/td>\n<\/tr>\n<tr>\n<td nowrap=\"nowrap\">\n<p align=\"center\">6<\/p>\n<\/td>\n<td nowrap=\"nowrap\">RF G 1 1\/4<\/td>\n<td nowrap=\"nowrap\">\n<p align=\"center\">35<\/p>\n<\/td>\n<td>\n<p align=\"center\">\n<\/td>\n<td nowrap=\"nowrap\">\n<p align=\"center\">\n<\/td>\n<td nowrap=\"nowrap\">\n<p align=\"center\">\n<\/td>\n<td nowrap=\"nowrap\">\n<p align=\"center\">\n<\/td>\n<td nowrap=\"nowrap\">\n<p align=\"center\">\n<\/td>\n<td nowrap=\"nowrap\">\n<p align=\"center\">\n<\/td>\n<td nowrap=\"nowrap\">G 1 1\/4<\/td>\n<td nowrap=\"nowrap\">\n<p align=\"center\">\n<\/td>\n<td nowrap=\"nowrap\">\n<p align=\"right\">\n<\/td>\n<\/tr>\n<tr>\n<td nowrap=\"nowrap\">\n<p align=\"center\">7<\/p>\n<\/td>\n<td nowrap=\"nowrap\">RF G 1 1\/2<\/td>\n<td nowrap=\"nowrap\">\n<p align=\"center\">35<\/p>\n<\/td>\n<td>\n<p align=\"center\">\n<\/td>\n<td nowrap=\"nowrap\">\n<p align=\"center\">\n<\/td>\n<td nowrap=\"nowrap\">\n<p align=\"center\">\n<\/td>\n<td nowrap=\"nowrap\">\n<p align=\"center\">\n<\/td>\n<td nowrap=\"nowrap\">\n<p align=\"center\">\n<\/td>\n<td nowrap=\"nowrap\">\n<p align=\"center\">\n<\/td>\n<td nowrap=\"nowrap\">G1 1\/2<\/td>\n<td nowrap=\"nowrap\"><\/td>\n<td nowrap=\"nowrap\">\n<p align=\"right\">\n<\/td>\n<\/tr>\n<tr>\n<td colspan=\"12\"><em>&#8211;\u00a0 The price is for referent only, please contact us for updated price and other size.<\/em><\/td>\n<\/tr>\n<\/tbody>\n<\/table>\n","protected":false},"excerpt":{"rendered":"<ul class=\"product_info\">\n<li>Th\u00e2n m\u00e1y: vu\u00f4ng \/ \u00c1p su\u1ea5t v\u1eadn h\u00e0nh: PN 400<\/li>\n<li>Th\u00e2n m\u00e1y: vu\u00f4ng<\/li>\n<li>\u00c1p su\u1ea5t v\u1eadn h\u00e0nh: PN 400<\/li>\n<li>V\u1eadt li\u1ec7u: 1,0737 \/ 1,4749<\/li>\n<li>Nhi\u1ec7t \u0111\u1ed9: -20 \u00b0 C \u0111\u1ebfn + 100 \u00b0 C<\/li>\n<li>H\u00e3ng s\u1ea3n xu\u1ea5t: Gemels &#8211; Italy<\/li>\n<\/ul>\n","protected":false},"featured_media":1737,"comment_status":"closed","ping_status":"closed","template":"","meta":{"_acf_changed":false},"product_brand":[],"product_cat":[23],"product_tag":[],"class_list":{"0":"post-616","1":"product","2":"type-product","3":"status-publish","4":"has-post-thumbnail","6":"product_cat-van-duong-ong-thuy-luc","8":"first","9":"instock","10":"shipping-taxable","11":"product-type-simple"},"acf":[],"yoast_head":"<!-- This site is optimized with the Yoast SEO plugin v27.3 - https:\/\/yoast.com\/product\/yoast-seo-wordpress\/ -->\n<title>Van ti\u1ebft l\u01b0u - Phu Cuong Holding Corporation<\/title>\n<meta name=\"description\" content=\"Ph\u00fa C\u01b0\u1eddng Holding b\u00e1n van m\u1ed9t chi\u1ec1u, van 2 chi\u1ec1u, van c\u1ea7u ch\u00ednh h\u00e3ng Gemels. Ph\u00fa C\u01af\u1eddng l\u00e0 \u0111\u1ea1i l\u00fd ph\u00e2n ph\u1ed1i ch\u00ednh h\u00e3ng Gemels t\u1ea1i Vi\u1ec7t Nam\" \/>\n<meta name=\"robots\" content=\"index, follow, max-snippet:-1, max-image-preview:large, max-video-preview:-1\" \/>\n<link rel=\"canonical\" href=\"https:\/\/pc-holding.vn\/en\/san-pham\/van-tiet-luu\/\" \/>\n<meta property=\"og:locale\" content=\"en_US\" \/>\n<meta property=\"og:type\" content=\"article\" \/>\n<meta property=\"og:title\" content=\"Van ti\u1ebft l\u01b0u - Phu Cuong Holding Corporation\" \/>\n<meta property=\"og:description\" content=\"Ph\u00fa C\u01b0\u1eddng Holding b\u00e1n van m\u1ed9t chi\u1ec1u, van 2 chi\u1ec1u, van c\u1ea7u ch\u00ednh h\u00e3ng Gemels. Ph\u00fa C\u01af\u1eddng l\u00e0 \u0111\u1ea1i l\u00fd ph\u00e2n ph\u1ed1i ch\u00ednh h\u00e3ng Gemels t\u1ea1i Vi\u1ec7t Nam\" \/>\n<meta property=\"og:url\" content=\"https:\/\/pc-holding.vn\/en\/san-pham\/van-tiet-luu\/\" \/>\n<meta property=\"og:site_name\" content=\"Phu Cuong Holding Corporation\" \/>\n<meta property=\"article:modified_time\" content=\"2021-11-12T03:02:45+00:00\" \/>\n<meta property=\"og:image\" content=\"https:\/\/www.pc-holding.vn\/wp-content\/uploads\/2021\/10\/flow.png\" \/>\n\t<meta property=\"og:image:width\" content=\"600\" \/>\n\t<meta property=\"og:image:height\" content=\"600\" \/>\n\t<meta property=\"og:image:type\" content=\"image\/png\" \/>\n<meta name=\"twitter:card\" content=\"summary_large_image\" \/>\n<meta name=\"twitter:label1\" content=\"Est. reading time\" \/>\n\t<meta name=\"twitter:data1\" content=\"1 minute\" \/>\n<script type=\"application\/ld+json\" class=\"yoast-schema-graph\">{\"@context\":\"https:\\\/\\\/schema.org\",\"@graph\":[{\"@type\":\"WebPage\",\"@id\":\"https:\\\/\\\/pc-holding.vn\\\/en\\\/san-pham\\\/van-tiet-luu\\\/\",\"url\":\"https:\\\/\\\/pc-holding.vn\\\/en\\\/san-pham\\\/van-tiet-luu\\\/\",\"name\":\"Van ti\u1ebft l\u01b0u - Phu Cuong Holding Corporation\",\"isPartOf\":{\"@id\":\"https:\\\/\\\/pc-holding.vn\\\/en\\\/#website\"},\"primaryImageOfPage\":{\"@id\":\"https:\\\/\\\/pc-holding.vn\\\/en\\\/san-pham\\\/van-tiet-luu\\\/#primaryimage\"},\"image\":{\"@id\":\"https:\\\/\\\/pc-holding.vn\\\/en\\\/san-pham\\\/van-tiet-luu\\\/#primaryimage\"},\"thumbnailUrl\":\"https:\\\/\\\/pc-holding.vn\\\/wp-content\\\/uploads\\\/2021\\\/10\\\/flow.png\",\"datePublished\":\"2021-10-11T13:09:51+00:00\",\"dateModified\":\"2021-11-12T03:02:45+00:00\",\"description\":\"Ph\u00fa C\u01b0\u1eddng Holding b\u00e1n van m\u1ed9t chi\u1ec1u, van 2 chi\u1ec1u, van c\u1ea7u ch\u00ednh h\u00e3ng Gemels. Ph\u00fa C\u01af\u1eddng l\u00e0 \u0111\u1ea1i l\u00fd ph\u00e2n ph\u1ed1i ch\u00ednh h\u00e3ng Gemels t\u1ea1i Vi\u1ec7t Nam\",\"breadcrumb\":{\"@id\":\"https:\\\/\\\/pc-holding.vn\\\/en\\\/san-pham\\\/van-tiet-luu\\\/#breadcrumb\"},\"inLanguage\":\"en-US\",\"potentialAction\":[{\"@type\":\"ReadAction\",\"target\":[\"https:\\\/\\\/pc-holding.vn\\\/en\\\/san-pham\\\/van-tiet-luu\\\/\"]}]},{\"@type\":\"ImageObject\",\"inLanguage\":\"en-US\",\"@id\":\"https:\\\/\\\/pc-holding.vn\\\/en\\\/san-pham\\\/van-tiet-luu\\\/#primaryimage\",\"url\":\"https:\\\/\\\/pc-holding.vn\\\/wp-content\\\/uploads\\\/2021\\\/10\\\/flow.png\",\"contentUrl\":\"https:\\\/\\\/pc-holding.vn\\\/wp-content\\\/uploads\\\/2021\\\/10\\\/flow.png\",\"width\":600,\"height\":600},{\"@type\":\"BreadcrumbList\",\"@id\":\"https:\\\/\\\/pc-holding.vn\\\/en\\\/san-pham\\\/van-tiet-luu\\\/#breadcrumb\",\"itemListElement\":[{\"@type\":\"ListItem\",\"position\":1,\"name\":\"Trang ch\u1ee7\",\"item\":\"https:\\\/\\\/www.pc-holding.vn\\\/en\\\/\"},{\"@type\":\"ListItem\",\"position\":2,\"name\":\"Product\",\"item\":\"https:\\\/\\\/pc-holding.vn\\\/en\\\/product\\\/\"},{\"@type\":\"ListItem\",\"position\":3,\"name\":\"Van ti\u1ebft l\u01b0u\"}]},{\"@type\":\"WebSite\",\"@id\":\"https:\\\/\\\/pc-holding.vn\\\/en\\\/#website\",\"url\":\"https:\\\/\\\/pc-holding.vn\\\/en\\\/\",\"name\":\"Phu Cuong Holding Corporation\",\"description\":\"\",\"potentialAction\":[{\"@type\":\"SearchAction\",\"target\":{\"@type\":\"EntryPoint\",\"urlTemplate\":\"https:\\\/\\\/pc-holding.vn\\\/en\\\/?s={search_term_string}\"},\"query-input\":{\"@type\":\"PropertyValueSpecification\",\"valueRequired\":true,\"valueName\":\"search_term_string\"}}],\"inLanguage\":\"en-US\"}]}<\/script>\n<!-- \/ Yoast SEO plugin. -->","yoast_head_json":{"title":"Van ti\u1ebft l\u01b0u - Phu Cuong Holding Corporation","description":"Ph\u00fa C\u01b0\u1eddng Holding b\u00e1n van m\u1ed9t chi\u1ec1u, van 2 chi\u1ec1u, van c\u1ea7u ch\u00ednh h\u00e3ng Gemels. Ph\u00fa C\u01af\u1eddng l\u00e0 \u0111\u1ea1i l\u00fd ph\u00e2n ph\u1ed1i ch\u00ednh h\u00e3ng Gemels t\u1ea1i Vi\u1ec7t Nam","robots":{"index":"index","follow":"follow","max-snippet":"max-snippet:-1","max-image-preview":"max-image-preview:large","max-video-preview":"max-video-preview:-1"},"canonical":"https:\/\/pc-holding.vn\/en\/san-pham\/van-tiet-luu\/","og_locale":"en_US","og_type":"article","og_title":"Van ti\u1ebft l\u01b0u - Phu Cuong Holding Corporation","og_description":"Ph\u00fa C\u01b0\u1eddng Holding b\u00e1n van m\u1ed9t chi\u1ec1u, van 2 chi\u1ec1u, van c\u1ea7u ch\u00ednh h\u00e3ng Gemels. Ph\u00fa C\u01af\u1eddng l\u00e0 \u0111\u1ea1i l\u00fd ph\u00e2n ph\u1ed1i ch\u00ednh h\u00e3ng Gemels t\u1ea1i Vi\u1ec7t Nam","og_url":"https:\/\/pc-holding.vn\/en\/san-pham\/van-tiet-luu\/","og_site_name":"Phu Cuong Holding Corporation","article_modified_time":"2021-11-12T03:02:45+00:00","og_image":[{"width":600,"height":600,"url":"https:\/\/www.pc-holding.vn\/wp-content\/uploads\/2021\/10\/flow.png","type":"image\/png"}],"twitter_card":"summary_large_image","twitter_misc":{"Est. reading time":"1 minute"},"schema":{"@context":"https:\/\/schema.org","@graph":[{"@type":"WebPage","@id":"https:\/\/pc-holding.vn\/en\/san-pham\/van-tiet-luu\/","url":"https:\/\/pc-holding.vn\/en\/san-pham\/van-tiet-luu\/","name":"Van ti\u1ebft l\u01b0u - Phu Cuong Holding Corporation","isPartOf":{"@id":"https:\/\/pc-holding.vn\/en\/#website"},"primaryImageOfPage":{"@id":"https:\/\/pc-holding.vn\/en\/san-pham\/van-tiet-luu\/#primaryimage"},"image":{"@id":"https:\/\/pc-holding.vn\/en\/san-pham\/van-tiet-luu\/#primaryimage"},"thumbnailUrl":"https:\/\/pc-holding.vn\/wp-content\/uploads\/2021\/10\/flow.png","datePublished":"2021-10-11T13:09:51+00:00","dateModified":"2021-11-12T03:02:45+00:00","description":"Ph\u00fa C\u01b0\u1eddng Holding b\u00e1n van m\u1ed9t chi\u1ec1u, van 2 chi\u1ec1u, van c\u1ea7u ch\u00ednh h\u00e3ng Gemels. Ph\u00fa C\u01af\u1eddng l\u00e0 \u0111\u1ea1i l\u00fd ph\u00e2n ph\u1ed1i ch\u00ednh h\u00e3ng Gemels t\u1ea1i Vi\u1ec7t Nam","breadcrumb":{"@id":"https:\/\/pc-holding.vn\/en\/san-pham\/van-tiet-luu\/#breadcrumb"},"inLanguage":"en-US","potentialAction":[{"@type":"ReadAction","target":["https:\/\/pc-holding.vn\/en\/san-pham\/van-tiet-luu\/"]}]},{"@type":"ImageObject","inLanguage":"en-US","@id":"https:\/\/pc-holding.vn\/en\/san-pham\/van-tiet-luu\/#primaryimage","url":"https:\/\/pc-holding.vn\/wp-content\/uploads\/2021\/10\/flow.png","contentUrl":"https:\/\/pc-holding.vn\/wp-content\/uploads\/2021\/10\/flow.png","width":600,"height":600},{"@type":"BreadcrumbList","@id":"https:\/\/pc-holding.vn\/en\/san-pham\/van-tiet-luu\/#breadcrumb","itemListElement":[{"@type":"ListItem","position":1,"name":"Trang ch\u1ee7","item":"https:\/\/www.pc-holding.vn\/en\/"},{"@type":"ListItem","position":2,"name":"Product","item":"https:\/\/pc-holding.vn\/en\/product\/"},{"@type":"ListItem","position":3,"name":"Van ti\u1ebft l\u01b0u"}]},{"@type":"WebSite","@id":"https:\/\/pc-holding.vn\/en\/#website","url":"https:\/\/pc-holding.vn\/en\/","name":"Phu Cuong Holding Corporation","description":"","potentialAction":[{"@type":"SearchAction","target":{"@type":"EntryPoint","urlTemplate":"https:\/\/pc-holding.vn\/en\/?s={search_term_string}"},"query-input":{"@type":"PropertyValueSpecification","valueRequired":true,"valueName":"search_term_string"}}],"inLanguage":"en-US"}]}},"_links":{"self":[{"href":"https:\/\/pc-holding.vn\/en\/wp-json\/wp\/v2\/product\/616","targetHints":{"allow":["GET"]}}],"collection":[{"href":"https:\/\/pc-holding.vn\/en\/wp-json\/wp\/v2\/product"}],"about":[{"href":"https:\/\/pc-holding.vn\/en\/wp-json\/wp\/v2\/types\/product"}],"replies":[{"embeddable":true,"href":"https:\/\/pc-holding.vn\/en\/wp-json\/wp\/v2\/comments?post=616"}],"wp:featuredmedia":[{"embeddable":true,"href":"https:\/\/pc-holding.vn\/en\/wp-json\/wp\/v2\/media\/1737"}],"wp:attachment":[{"href":"https:\/\/pc-holding.vn\/en\/wp-json\/wp\/v2\/media?parent=616"}],"wp:term":[{"taxonomy":"product_brand","embeddable":true,"href":"https:\/\/pc-holding.vn\/en\/wp-json\/wp\/v2\/product_brand?post=616"},{"taxonomy":"product_cat","embeddable":true,"href":"https:\/\/pc-holding.vn\/en\/wp-json\/wp\/v2\/product_cat?post=616"},{"taxonomy":"product_tag","embeddable":true,"href":"https:\/\/pc-holding.vn\/en\/wp-json\/wp\/v2\/product_tag?post=616"}],"curies":[{"name":"wp","href":"https:\/\/api.w.org\/{rel}","templated":true}]}}