{"id":622,"date":"2021-10-11T21:35:58","date_gmt":"2021-10-11T14:35:58","guid":{"rendered":"http:\/\/pc-holding.webtogo.vn\/?post_type=product&#038;p=622"},"modified":"2021-11-12T15:36:49","modified_gmt":"2021-11-12T08:36:49","slug":"van-cau-2-nga-din2353","status":"publish","type":"product","link":"https:\/\/pc-holding.vn\/en\/san-pham\/van-cau-2-nga-din2353\/","title":{"rendered":"Van c\u1ea7u 2 ng\u1ea3 DIN2353"},"content":{"rendered":"<pre><strong>Th\u00e2n<\/strong>: kh\u1ed1i\r\n<strong>\u00c1p su\u1ea5t t\u1ed1i \u0111a<\/strong> 500 bar\r\n<strong>Nhi\u1ec7t \u0111\u1ed9<\/strong>: -20\u00b0 C \u0111\u1ebfn + 100\u00b0 C\r\n<strong>V\u1eadt li\u1ec7u<\/strong>: th\u00e9p Cacbon\r\n<strong>H\u00e3ng s\u1ea3n xu\u1ea5t<\/strong>: <em>Gemels - Italy<\/em><\/pre>\n<p>&nbsp;<\/p>\n<table border=\"0\" width=\"810\" cellspacing=\"0\" cellpadding=\"0\">\n<tbody>\n<tr>\n<td rowspan=\"2\" nowrap=\"nowrap\">\n<p align=\"center\"><strong>Item<\/strong><\/p>\n<\/td>\n<td rowspan=\"2\">\n<p align=\"center\"><strong>Part No.<\/strong><\/p>\n<\/td>\n<td rowspan=\"2\">\n<p align=\"center\"><strong>PN<\/strong><\/p>\n<\/td>\n<td rowspan=\"2\">\n<p align=\"center\"><strong>DN<\/strong><\/p>\n<\/td>\n<td rowspan=\"2\">\n<p align=\"center\"><strong>A<\/strong><\/p>\n<\/td>\n<td rowspan=\"2\">\n<p align=\"center\"><strong>B<\/strong><\/p>\n<\/td>\n<td rowspan=\"2\">\n<p align=\"center\"><strong>C<\/strong><\/p>\n<\/td>\n<td rowspan=\"2\">\n<p align=\"center\"><strong>D<\/strong><\/p>\n<\/td>\n<td rowspan=\"2\">\n<p align=\"center\"><strong>G<\/strong><\/p>\n<\/td>\n<td rowspan=\"2\">\n<p align=\"center\"><strong>H<\/strong><\/p>\n<\/td>\n<td rowspan=\"2\">\n<p align=\"center\"><strong>\u00d8M<\/strong><\/p>\n<\/td>\n<td rowspan=\"2\">\n<p align=\"center\"><strong>CH<\/strong><\/p>\n<\/td>\n<td rowspan=\"2\">\n<p align=\"center\"><strong>\u00d8RA<\/strong><\/p>\n<\/td>\n<td>\n<p align=\"center\"><strong>Unit price<\/strong><\/p>\n<\/td>\n<\/tr>\n<tr>\n<td>\n<p align=\"center\">VND\/Ea<\/p>\n<\/td>\n<\/tr>\n<tr>\n<td nowrap=\"nowrap\">\n<p align=\"center\">1<\/p>\n<\/td>\n<td>GE2DDS45011A000<\/td>\n<td>\n<p align=\"center\">50 MPa<\/p>\n<\/td>\n<td nowrap=\"nowrap\">\n<p align=\"center\">13<\/p>\n<\/td>\n<td nowrap=\"nowrap\">\n<p align=\"center\">43<\/p>\n<\/td>\n<td nowrap=\"nowrap\">\n<p align=\"center\">18<\/p>\n<\/td>\n<td nowrap=\"nowrap\">\n<p align=\"center\">89<\/p>\n<\/td>\n<td nowrap=\"nowrap\">\n<p align=\"center\">48,4<\/p>\n<\/td>\n<td nowrap=\"nowrap\">\n<p align=\"center\">37<\/p>\n<\/td>\n<td nowrap=\"nowrap\">\n<p align=\"center\">110<\/p>\n<\/td>\n<td>\n<p align=\"center\">M24x1,5<\/p>\n<\/td>\n<td nowrap=\"nowrap\">\n<p align=\"center\">32<\/p>\n<\/td>\n<td nowrap=\"nowrap\">\n<p align=\"center\">16<\/p>\n<\/td>\n<td nowrap=\"nowrap\">\n<p align=\"center\">\n<\/td>\n<\/tr>\n<tr>\n<td nowrap=\"nowrap\">\n<p align=\"center\">2<\/p>\n<\/td>\n<td>GE2DDS55011A000<\/td>\n<td>\n<p align=\"center\">50 MPa<\/p>\n<\/td>\n<td nowrap=\"nowrap\">\n<p align=\"center\">13<\/p>\n<\/td>\n<td nowrap=\"nowrap\">\n<p align=\"center\">43<\/p>\n<\/td>\n<td nowrap=\"nowrap\">\n<p align=\"center\">18<\/p>\n<\/td>\n<td nowrap=\"nowrap\">\n<p align=\"center\">93<\/p>\n<\/td>\n<td nowrap=\"nowrap\">\n<p align=\"center\">48,4<\/p>\n<\/td>\n<td nowrap=\"nowrap\">\n<p align=\"center\">37<\/p>\n<\/td>\n<td nowrap=\"nowrap\">\n<p align=\"center\">110<\/p>\n<\/td>\n<td>\n<p align=\"center\">M30x2<\/p>\n<\/td>\n<td nowrap=\"nowrap\">\n<p align=\"center\">32<\/p>\n<\/td>\n<td nowrap=\"nowrap\">\n<p align=\"center\">20<\/p>\n<\/td>\n<td nowrap=\"nowrap\">\n<p align=\"center\">\n<\/td>\n<\/tr>\n<tr>\n<td nowrap=\"nowrap\">\n<p align=\"center\">3<\/p>\n<\/td>\n<td>GE2DDS64011A000<\/td>\n<td>\n<p align=\"center\">40 MPa<\/p>\n<\/td>\n<td nowrap=\"nowrap\">\n<p align=\"center\">20<\/p>\n<\/td>\n<td nowrap=\"nowrap\">\n<p align=\"center\">57<\/p>\n<\/td>\n<td nowrap=\"nowrap\">\n<p align=\"center\">23,4<\/p>\n<\/td>\n<td nowrap=\"nowrap\">\n<p align=\"center\">111<\/p>\n<\/td>\n<td nowrap=\"nowrap\">\n<p align=\"center\">62,5<\/p>\n<\/td>\n<td nowrap=\"nowrap\">\n<p align=\"center\">49<\/p>\n<\/td>\n<td nowrap=\"nowrap\">\n<p align=\"center\">180<\/p>\n<\/td>\n<td>\n<p align=\"center\">M36x2<\/p>\n<\/td>\n<td nowrap=\"nowrap\">\n<p align=\"center\">41<\/p>\n<\/td>\n<td nowrap=\"nowrap\">\n<p align=\"center\">25<\/p>\n<\/td>\n<td nowrap=\"nowrap\">\n<p align=\"center\">\n<\/td>\n<\/tr>\n<tr>\n<td nowrap=\"nowrap\">\n<p align=\"center\">4<\/p>\n<\/td>\n<td>GE2DDS73011A000<\/td>\n<td>\n<p align=\"center\">35 MPa<\/p>\n<\/td>\n<td nowrap=\"nowrap\">\n<p align=\"center\">25<\/p>\n<\/td>\n<td nowrap=\"nowrap\">\n<p align=\"center\">65<\/p>\n<\/td>\n<td nowrap=\"nowrap\">\n<p align=\"center\">30<\/p>\n<\/td>\n<td nowrap=\"nowrap\">\n<p align=\"center\">121<\/p>\n<\/td>\n<td nowrap=\"nowrap\">\n<p align=\"center\">66,5<\/p>\n<\/td>\n<td nowrap=\"nowrap\">\n<p align=\"center\">55<\/p>\n<\/td>\n<td nowrap=\"nowrap\">\n<p align=\"center\">180<\/p>\n<\/td>\n<td>\n<p align=\"center\">M42x2<\/p>\n<\/td>\n<td nowrap=\"nowrap\">\n<p align=\"center\">50<\/p>\n<\/td>\n<td nowrap=\"nowrap\">\n<p align=\"center\">30<\/p>\n<\/td>\n<td nowrap=\"nowrap\">\n<p align=\"center\">\n<\/td>\n<\/tr>\n<tr>\n<td colspan=\"14\"><em>&#8211;\u00a0 The price is for referent only, please contact us for updated price and other size.<\/em><\/td>\n<\/tr>\n<\/tbody>\n<\/table>\n<pre id=\"tw-target-text\" class=\"tw-data-text tw-ta tw-text-small\" dir=\"ltr\" data-fulltext=\"\" data-placeholder=\"Translation\"><\/pre>\n","protected":false},"excerpt":{"rendered":"<ul class=\"product_info\">\n<li>Th\u00e2n: kh\u1ed1i \/ \u00c1p su\u1ea5t t\u1ed1i \u0111a 500 bar<\/li>\n<li>\n<div class=\"addthis_native_toolbox\" data-url=\"https:\/\/gnhi.vn\/san-pham\/van-cau-2-nga-din2353.html\" data-title=\"Van c\u1ea7u 2 ng\u1ea3 DIN2353\" data-description=\"Th\u00e2n: kh\u1ed1i \/ \u00c1p su\u1ea5t t\u1ed1i \u0111a 500 bar\">Th\u00e2n: kh\u1ed1i<\/div>\n<\/li>\n<li>\n<div class=\"addthis_native_toolbox\" data-url=\"https:\/\/gnhi.vn\/san-pham\/van-cau-2-nga-din2353.html\" data-title=\"Van c\u1ea7u 2 ng\u1ea3 DIN2353\" data-description=\"Th\u00e2n: kh\u1ed1i \/ \u00c1p su\u1ea5t t\u1ed1i \u0111a 500 bar\">\u00c1p su\u1ea5t t\u1ed1i \u0111a 500 bar<\/div>\n<\/li>\n<li>\n<div class=\"addthis_native_toolbox\" data-url=\"https:\/\/gnhi.vn\/san-pham\/van-cau-2-nga-din2353.html\" data-title=\"Van c\u1ea7u 2 ng\u1ea3 DIN2353\" data-description=\"Th\u00e2n: kh\u1ed1i \/ \u00c1p su\u1ea5t t\u1ed1i \u0111a 500 bar\">Nhi\u1ec7t \u0111\u1ed9: -20\u00b0 C \u0111\u1ebfn + 100\u00b0 C<\/div>\n<\/li>\n<li>\n<div class=\"addthis_native_toolbox\" data-url=\"https:\/\/gnhi.vn\/san-pham\/van-cau-2-nga-din2353.html\" data-title=\"Van c\u1ea7u 2 ng\u1ea3 DIN2353\" data-description=\"Th\u00e2n: kh\u1ed1i \/ \u00c1p su\u1ea5t t\u1ed1i \u0111a 500 bar\">V\u1eadt li\u1ec7u: th\u00e9p Cacbon<\/div>\n<\/li>\n<li>\n<div class=\"addthis_native_toolbox\" data-url=\"https:\/\/gnhi.vn\/san-pham\/van-cau-2-nga-din2353.html\" data-title=\"Van c\u1ea7u 2 ng\u1ea3 DIN2353\" data-description=\"Th\u00e2n: kh\u1ed1i \/ \u00c1p su\u1ea5t t\u1ed1i \u0111a 500 bar\">H\u00e3ng s\u1ea3n xu\u1ea5t: Gemels &#8211; Italy<\/div>\n<\/li>\n<\/ul>\n","protected":false},"featured_media":1750,"comment_status":"closed","ping_status":"closed","template":"","meta":{"_acf_changed":false},"product_brand":[],"product_cat":[23],"product_tag":[],"class_list":{"0":"post-622","1":"product","2":"type-product","3":"status-publish","4":"has-post-thumbnail","6":"product_cat-van-duong-ong-thuy-luc","8":"first","9":"instock","10":"shipping-taxable","11":"product-type-simple"},"acf":[],"yoast_head":"<!-- This site is optimized with the Yoast SEO plugin v27.4 - https:\/\/yoast.com\/product\/yoast-seo-wordpress\/ -->\n<title>Van c\u1ea7u 2 ng\u1ea3 DIN2353 - Phu Cuong Holding Corporation<\/title>\n<meta name=\"description\" content=\"Ph\u00fa C\u01b0\u1eddng Holding b\u00e1n van m\u1ed9t chi\u1ec1u, van 2 chi\u1ec1u, van c\u1ea7u ch\u00ednh h\u00e3ng Gemels. Ph\u00fa C\u01af\u1eddng l\u00e0 \u0111\u1ea1i l\u00fd ph\u00e2n ph\u1ed1i ch\u00ednh h\u00e3ng Gemels t\u1ea1i Vi\u1ec7t Nam\" \/>\n<meta name=\"robots\" content=\"index, follow, max-snippet:-1, max-image-preview:large, max-video-preview:-1\" \/>\n<link rel=\"canonical\" href=\"https:\/\/pc-holding.vn\/en\/san-pham\/van-cau-2-nga-din2353\/\" \/>\n<meta property=\"og:locale\" content=\"en_US\" \/>\n<meta property=\"og:type\" content=\"article\" \/>\n<meta property=\"og:title\" content=\"Van c\u1ea7u 2 ng\u1ea3 DIN2353 - Phu Cuong Holding Corporation\" \/>\n<meta property=\"og:description\" content=\"Ph\u00fa C\u01b0\u1eddng Holding b\u00e1n van m\u1ed9t chi\u1ec1u, van 2 chi\u1ec1u, van c\u1ea7u ch\u00ednh h\u00e3ng Gemels. Ph\u00fa C\u01af\u1eddng l\u00e0 \u0111\u1ea1i l\u00fd ph\u00e2n ph\u1ed1i ch\u00ednh h\u00e3ng Gemels t\u1ea1i Vi\u1ec7t Nam\" \/>\n<meta property=\"og:url\" content=\"https:\/\/pc-holding.vn\/en\/san-pham\/van-cau-2-nga-din2353\/\" \/>\n<meta property=\"og:site_name\" content=\"Phu Cuong Holding Corporation\" \/>\n<meta property=\"article:modified_time\" content=\"2021-11-12T08:36:49+00:00\" \/>\n<meta property=\"og:image\" content=\"https:\/\/pc-holding.vn\/wp-content\/uploads\/2021\/10\/din_ge2353.png\" \/>\n\t<meta property=\"og:image:width\" content=\"600\" \/>\n\t<meta property=\"og:image:height\" content=\"600\" \/>\n\t<meta property=\"og:image:type\" content=\"image\/png\" \/>\n<meta name=\"twitter:card\" content=\"summary_large_image\" \/>\n<meta name=\"twitter:label1\" content=\"Est. reading time\" \/>\n\t<meta name=\"twitter:data1\" content=\"1 minute\" \/>\n<script type=\"application\/ld+json\" class=\"yoast-schema-graph\">{\"@context\":\"https:\\\/\\\/schema.org\",\"@graph\":[{\"@type\":\"WebPage\",\"@id\":\"https:\\\/\\\/pc-holding.vn\\\/en\\\/san-pham\\\/van-cau-2-nga-din2353\\\/\",\"url\":\"https:\\\/\\\/pc-holding.vn\\\/en\\\/san-pham\\\/van-cau-2-nga-din2353\\\/\",\"name\":\"Van c\u1ea7u 2 ng\u1ea3 DIN2353 - Phu Cuong Holding Corporation\",\"isPartOf\":{\"@id\":\"https:\\\/\\\/www.pc-holding.vn\\\/en\\\/#website\"},\"primaryImageOfPage\":{\"@id\":\"https:\\\/\\\/pc-holding.vn\\\/en\\\/san-pham\\\/van-cau-2-nga-din2353\\\/#primaryimage\"},\"image\":{\"@id\":\"https:\\\/\\\/pc-holding.vn\\\/en\\\/san-pham\\\/van-cau-2-nga-din2353\\\/#primaryimage\"},\"thumbnailUrl\":\"https:\\\/\\\/pc-holding.vn\\\/wp-content\\\/uploads\\\/2021\\\/10\\\/din_ge2353.png\",\"datePublished\":\"2021-10-11T14:35:58+00:00\",\"dateModified\":\"2021-11-12T08:36:49+00:00\",\"description\":\"Ph\u00fa C\u01b0\u1eddng Holding b\u00e1n van m\u1ed9t chi\u1ec1u, van 2 chi\u1ec1u, van c\u1ea7u ch\u00ednh h\u00e3ng Gemels. Ph\u00fa C\u01af\u1eddng l\u00e0 \u0111\u1ea1i l\u00fd ph\u00e2n ph\u1ed1i ch\u00ednh h\u00e3ng Gemels t\u1ea1i Vi\u1ec7t Nam\",\"breadcrumb\":{\"@id\":\"https:\\\/\\\/pc-holding.vn\\\/en\\\/san-pham\\\/van-cau-2-nga-din2353\\\/#breadcrumb\"},\"inLanguage\":\"en-US\",\"potentialAction\":[{\"@type\":\"ReadAction\",\"target\":[\"https:\\\/\\\/pc-holding.vn\\\/en\\\/san-pham\\\/van-cau-2-nga-din2353\\\/\"]}]},{\"@type\":\"ImageObject\",\"inLanguage\":\"en-US\",\"@id\":\"https:\\\/\\\/pc-holding.vn\\\/en\\\/san-pham\\\/van-cau-2-nga-din2353\\\/#primaryimage\",\"url\":\"https:\\\/\\\/pc-holding.vn\\\/wp-content\\\/uploads\\\/2021\\\/10\\\/din_ge2353.png\",\"contentUrl\":\"https:\\\/\\\/pc-holding.vn\\\/wp-content\\\/uploads\\\/2021\\\/10\\\/din_ge2353.png\",\"width\":600,\"height\":600},{\"@type\":\"BreadcrumbList\",\"@id\":\"https:\\\/\\\/pc-holding.vn\\\/en\\\/san-pham\\\/van-cau-2-nga-din2353\\\/#breadcrumb\",\"itemListElement\":[{\"@type\":\"ListItem\",\"position\":1,\"name\":\"Trang ch\u1ee7\",\"item\":\"https:\\\/\\\/pc-holding.vn\\\/en\\\/\"},{\"@type\":\"ListItem\",\"position\":2,\"name\":\"Product\",\"item\":\"https:\\\/\\\/pc-holding.vn\\\/en\\\/product\\\/\"},{\"@type\":\"ListItem\",\"position\":3,\"name\":\"Van c\u1ea7u 2 ng\u1ea3 DIN2353\"}]},{\"@type\":\"WebSite\",\"@id\":\"https:\\\/\\\/www.pc-holding.vn\\\/en\\\/#website\",\"url\":\"https:\\\/\\\/www.pc-holding.vn\\\/en\\\/\",\"name\":\"Phu Cuong Holding Corporation\",\"description\":\"\",\"potentialAction\":[{\"@type\":\"SearchAction\",\"target\":{\"@type\":\"EntryPoint\",\"urlTemplate\":\"https:\\\/\\\/www.pc-holding.vn\\\/en\\\/?s={search_term_string}\"},\"query-input\":{\"@type\":\"PropertyValueSpecification\",\"valueRequired\":true,\"valueName\":\"search_term_string\"}}],\"inLanguage\":\"en-US\"}]}<\/script>\n<!-- \/ Yoast SEO plugin. -->","yoast_head_json":{"title":"Van c\u1ea7u 2 ng\u1ea3 DIN2353 - Phu Cuong Holding Corporation","description":"Ph\u00fa C\u01b0\u1eddng Holding b\u00e1n van m\u1ed9t chi\u1ec1u, van 2 chi\u1ec1u, van c\u1ea7u ch\u00ednh h\u00e3ng Gemels. Ph\u00fa C\u01af\u1eddng l\u00e0 \u0111\u1ea1i l\u00fd ph\u00e2n ph\u1ed1i ch\u00ednh h\u00e3ng Gemels t\u1ea1i Vi\u1ec7t Nam","robots":{"index":"index","follow":"follow","max-snippet":"max-snippet:-1","max-image-preview":"max-image-preview:large","max-video-preview":"max-video-preview:-1"},"canonical":"https:\/\/pc-holding.vn\/en\/san-pham\/van-cau-2-nga-din2353\/","og_locale":"en_US","og_type":"article","og_title":"Van c\u1ea7u 2 ng\u1ea3 DIN2353 - Phu Cuong Holding Corporation","og_description":"Ph\u00fa C\u01b0\u1eddng Holding b\u00e1n van m\u1ed9t chi\u1ec1u, van 2 chi\u1ec1u, van c\u1ea7u ch\u00ednh h\u00e3ng Gemels. Ph\u00fa C\u01af\u1eddng l\u00e0 \u0111\u1ea1i l\u00fd ph\u00e2n ph\u1ed1i ch\u00ednh h\u00e3ng Gemels t\u1ea1i Vi\u1ec7t Nam","og_url":"https:\/\/pc-holding.vn\/en\/san-pham\/van-cau-2-nga-din2353\/","og_site_name":"Phu Cuong Holding Corporation","article_modified_time":"2021-11-12T08:36:49+00:00","og_image":[{"width":600,"height":600,"url":"https:\/\/pc-holding.vn\/wp-content\/uploads\/2021\/10\/din_ge2353.png","type":"image\/png"}],"twitter_card":"summary_large_image","twitter_misc":{"Est. reading time":"1 minute"},"schema":{"@context":"https:\/\/schema.org","@graph":[{"@type":"WebPage","@id":"https:\/\/pc-holding.vn\/en\/san-pham\/van-cau-2-nga-din2353\/","url":"https:\/\/pc-holding.vn\/en\/san-pham\/van-cau-2-nga-din2353\/","name":"Van c\u1ea7u 2 ng\u1ea3 DIN2353 - Phu Cuong Holding Corporation","isPartOf":{"@id":"https:\/\/www.pc-holding.vn\/en\/#website"},"primaryImageOfPage":{"@id":"https:\/\/pc-holding.vn\/en\/san-pham\/van-cau-2-nga-din2353\/#primaryimage"},"image":{"@id":"https:\/\/pc-holding.vn\/en\/san-pham\/van-cau-2-nga-din2353\/#primaryimage"},"thumbnailUrl":"https:\/\/pc-holding.vn\/wp-content\/uploads\/2021\/10\/din_ge2353.png","datePublished":"2021-10-11T14:35:58+00:00","dateModified":"2021-11-12T08:36:49+00:00","description":"Ph\u00fa C\u01b0\u1eddng Holding b\u00e1n van m\u1ed9t chi\u1ec1u, van 2 chi\u1ec1u, van c\u1ea7u ch\u00ednh h\u00e3ng Gemels. Ph\u00fa C\u01af\u1eddng l\u00e0 \u0111\u1ea1i l\u00fd ph\u00e2n ph\u1ed1i ch\u00ednh h\u00e3ng Gemels t\u1ea1i Vi\u1ec7t Nam","breadcrumb":{"@id":"https:\/\/pc-holding.vn\/en\/san-pham\/van-cau-2-nga-din2353\/#breadcrumb"},"inLanguage":"en-US","potentialAction":[{"@type":"ReadAction","target":["https:\/\/pc-holding.vn\/en\/san-pham\/van-cau-2-nga-din2353\/"]}]},{"@type":"ImageObject","inLanguage":"en-US","@id":"https:\/\/pc-holding.vn\/en\/san-pham\/van-cau-2-nga-din2353\/#primaryimage","url":"https:\/\/pc-holding.vn\/wp-content\/uploads\/2021\/10\/din_ge2353.png","contentUrl":"https:\/\/pc-holding.vn\/wp-content\/uploads\/2021\/10\/din_ge2353.png","width":600,"height":600},{"@type":"BreadcrumbList","@id":"https:\/\/pc-holding.vn\/en\/san-pham\/van-cau-2-nga-din2353\/#breadcrumb","itemListElement":[{"@type":"ListItem","position":1,"name":"Trang ch\u1ee7","item":"https:\/\/pc-holding.vn\/en\/"},{"@type":"ListItem","position":2,"name":"Product","item":"https:\/\/pc-holding.vn\/en\/product\/"},{"@type":"ListItem","position":3,"name":"Van c\u1ea7u 2 ng\u1ea3 DIN2353"}]},{"@type":"WebSite","@id":"https:\/\/www.pc-holding.vn\/en\/#website","url":"https:\/\/www.pc-holding.vn\/en\/","name":"Phu Cuong Holding Corporation","description":"","potentialAction":[{"@type":"SearchAction","target":{"@type":"EntryPoint","urlTemplate":"https:\/\/www.pc-holding.vn\/en\/?s={search_term_string}"},"query-input":{"@type":"PropertyValueSpecification","valueRequired":true,"valueName":"search_term_string"}}],"inLanguage":"en-US"}]}},"_links":{"self":[{"href":"https:\/\/pc-holding.vn\/en\/wp-json\/wp\/v2\/product\/622","targetHints":{"allow":["GET"]}}],"collection":[{"href":"https:\/\/pc-holding.vn\/en\/wp-json\/wp\/v2\/product"}],"about":[{"href":"https:\/\/pc-holding.vn\/en\/wp-json\/wp\/v2\/types\/product"}],"replies":[{"embeddable":true,"href":"https:\/\/pc-holding.vn\/en\/wp-json\/wp\/v2\/comments?post=622"}],"wp:featuredmedia":[{"embeddable":true,"href":"https:\/\/pc-holding.vn\/en\/wp-json\/wp\/v2\/media\/1750"}],"wp:attachment":[{"href":"https:\/\/pc-holding.vn\/en\/wp-json\/wp\/v2\/media?parent=622"}],"wp:term":[{"taxonomy":"product_brand","embeddable":true,"href":"https:\/\/pc-holding.vn\/en\/wp-json\/wp\/v2\/product_brand?post=622"},{"taxonomy":"product_cat","embeddable":true,"href":"https:\/\/pc-holding.vn\/en\/wp-json\/wp\/v2\/product_cat?post=622"},{"taxonomy":"product_tag","embeddable":true,"href":"https:\/\/pc-holding.vn\/en\/wp-json\/wp\/v2\/product_tag?post=622"}],"curies":[{"name":"wp","href":"https:\/\/api.w.org\/{rel}","templated":true}]}}