{"id":624,"date":"2021-10-11T21:43:08","date_gmt":"2021-10-11T14:43:08","guid":{"rendered":"http:\/\/pc-holding.webtogo.vn\/?post_type=product&#038;p=624"},"modified":"2021-11-15T09:50:01","modified_gmt":"2021-11-15T02:50:01","slug":"van-cau-3-nga","status":"publish","type":"product","link":"https:\/\/pc-holding.vn\/en\/san-pham\/van-cau-3-nga\/","title":{"rendered":"Van c\u1ea7u 3 ng\u1ea3"},"content":{"rendered":"<pre><\/pre>\n<p>Th\u00e2n: kh\u1ed1i<\/p>\n<p>\u00c1p su\u1ea5t v\u1eadn h\u00e0nh: 500 Bar<\/p>\n<p>Nhi\u1ec7t \u0111\u1ed9: -30 \u00b0 C \u0111\u1ebfn + 100 \u00b0 C<\/p>\n<p>Ch\u1ea5t li\u1ec7u: Th\u00e9p Cacbon<\/p>\n<p>H\u00e3ng s\u1ea3n xu\u1ea5t:\u00a0Gemels &#8211; Italy<\/p>\n<table border=\"0\" width=\"846\" cellspacing=\"0\" cellpadding=\"0\">\n<tbody>\n<tr>\n<td rowspan=\"2\" nowrap=\"nowrap\">\n<p align=\"center\"><strong>Item<\/strong><\/p>\n<\/td>\n<td rowspan=\"2\">\n<p align=\"center\"><strong>Part No.<\/strong><\/p>\n<\/td>\n<td rowspan=\"2\">\n<p align=\"center\"><strong>PN<\/strong><\/p>\n<\/td>\n<td rowspan=\"2\">\n<p align=\"center\"><strong>DN<\/strong><\/p>\n<\/td>\n<td rowspan=\"2\">\n<p align=\"center\"><strong>A<\/strong><\/p>\n<\/td>\n<td rowspan=\"2\">\n<p align=\"center\"><strong>B<\/strong><\/p>\n<\/td>\n<td rowspan=\"2\">\n<p align=\"center\"><strong>C<\/strong><\/p>\n<\/td>\n<td rowspan=\"2\">\n<p align=\"center\"><strong>D<\/strong><\/p>\n<\/td>\n<td rowspan=\"2\">\n<p align=\"center\"><strong>G<\/strong><\/p>\n<\/td>\n<td rowspan=\"2\">\n<p align=\"center\"><strong>G1<\/strong><\/p>\n<\/td>\n<td rowspan=\"2\">\n<p align=\"center\"><strong>H<\/strong><\/p>\n<\/td>\n<td rowspan=\"2\">\n<p align=\"center\"><strong>\u00d8M<\/strong><\/p>\n<\/td>\n<td rowspan=\"2\">\n<p align=\"center\"><strong>CH<\/strong><\/p>\n<\/td>\n<td>\n<p align=\"center\"><strong>Unit price<\/strong><\/p>\n<\/td>\n<\/tr>\n<tr>\n<td>\n<p align=\"center\">VND\/Ea<\/p>\n<\/td>\n<\/tr>\n<tr>\n<td nowrap=\"nowrap\">\n<p align=\"center\">1<\/p>\n<\/td>\n<td>GE3GGT14011A000<\/td>\n<td>\n<p align=\"center\">50 MPa<\/p>\n<\/td>\n<td nowrap=\"nowrap\">\n<p align=\"center\">6<\/p>\n<\/td>\n<td nowrap=\"nowrap\">\n<p align=\"center\">35<\/p>\n<\/td>\n<td nowrap=\"nowrap\">\n<p align=\"center\">14,5<\/p>\n<\/td>\n<td nowrap=\"nowrap\">\n<p align=\"center\">71<\/p>\n<\/td>\n<td nowrap=\"nowrap\">\n<p align=\"center\">42,4<\/p>\n<\/td>\n<td nowrap=\"nowrap\">\n<p align=\"center\">30<\/p>\n<\/td>\n<td nowrap=\"nowrap\">\n<p align=\"center\">48,5<\/p>\n<\/td>\n<td nowrap=\"nowrap\">\n<p align=\"center\">110<\/p>\n<\/td>\n<td>\n<p align=\"center\">G\u00a0<sup>1<\/sup>\/<sub>4<\/sub><\/p>\n<\/td>\n<td nowrap=\"nowrap\">\n<p align=\"center\">24<\/p>\n<\/td>\n<td nowrap=\"nowrap\">\n<p align=\"center\">\n<\/td>\n<\/tr>\n<tr>\n<td nowrap=\"nowrap\">\n<p align=\"center\">2<\/p>\n<\/td>\n<td>GE3GGT24011A000<\/td>\n<td>\n<p align=\"center\">50 MPa<\/p>\n<\/td>\n<td nowrap=\"nowrap\">\n<p align=\"center\">10<\/p>\n<\/td>\n<td nowrap=\"nowrap\">\n<p align=\"center\">40<\/p>\n<\/td>\n<td nowrap=\"nowrap\">\n<p align=\"center\">17,4<\/p>\n<\/td>\n<td nowrap=\"nowrap\">\n<p align=\"center\">73<\/p>\n<\/td>\n<td nowrap=\"nowrap\">\n<p align=\"center\">44,4<\/p>\n<\/td>\n<td nowrap=\"nowrap\">\n<p align=\"center\">35<\/p>\n<\/td>\n<td nowrap=\"nowrap\">\n<p align=\"center\">54,5<\/p>\n<\/td>\n<td nowrap=\"nowrap\">\n<p align=\"center\">110<\/p>\n<\/td>\n<td>\n<p align=\"center\">G\u00a0<sup>3<\/sup>\/<sub>8<\/sub><\/p>\n<\/td>\n<td nowrap=\"nowrap\">\n<p align=\"center\">30<\/p>\n<\/td>\n<td nowrap=\"nowrap\">\n<p align=\"center\">\n<\/td>\n<\/tr>\n<tr>\n<td nowrap=\"nowrap\">\n<p align=\"center\">3<\/p>\n<\/td>\n<td>GE3GGT33011A000<\/td>\n<td>\n<p align=\"center\">50 MPa<\/p>\n<\/td>\n<td nowrap=\"nowrap\">\n<p align=\"center\">13<\/p>\n<\/td>\n<td nowrap=\"nowrap\">\n<p align=\"center\">43<\/p>\n<\/td>\n<td nowrap=\"nowrap\">\n<p align=\"center\">18<\/p>\n<\/td>\n<td nowrap=\"nowrap\">\n<p align=\"center\">83<\/p>\n<\/td>\n<td nowrap=\"nowrap\">\n<p align=\"center\">48,4<\/p>\n<\/td>\n<td nowrap=\"nowrap\">\n<p align=\"center\">37<\/p>\n<\/td>\n<td nowrap=\"nowrap\">\n<p align=\"center\">58,5<\/p>\n<\/td>\n<td nowrap=\"nowrap\">\n<p align=\"center\">110<\/p>\n<\/td>\n<td>\n<p align=\"center\">G\u00a0<sup>1<\/sup>\/<sub>2<\/sub><\/p>\n<\/td>\n<td nowrap=\"nowrap\">\n<p align=\"center\">32<\/p>\n<\/td>\n<td nowrap=\"nowrap\">\n<p align=\"center\">\n<\/td>\n<\/tr>\n<tr>\n<td nowrap=\"nowrap\">\n<p align=\"center\">4<\/p>\n<\/td>\n<td>GE3GGT44011A000<\/td>\n<td>\n<p align=\"center\">35\/40 MPa<\/p>\n<\/td>\n<td nowrap=\"nowrap\">\n<p align=\"center\">20<\/p>\n<\/td>\n<td nowrap=\"nowrap\">\n<p align=\"center\">57<\/p>\n<\/td>\n<td nowrap=\"nowrap\">\n<p align=\"center\">23,4<\/p>\n<\/td>\n<td nowrap=\"nowrap\">\n<p align=\"center\">95<\/p>\n<\/td>\n<td nowrap=\"nowrap\">\n<p align=\"center\">62,5<\/p>\n<\/td>\n<td nowrap=\"nowrap\">\n<p align=\"center\">49<\/p>\n<\/td>\n<td nowrap=\"nowrap\">\n<p align=\"center\">75,0<\/p>\n<\/td>\n<td nowrap=\"nowrap\">\n<p align=\"center\">180<\/p>\n<\/td>\n<td>\n<p align=\"center\">G\u00a0<sup>3<\/sup>\/<sub>4<\/sub><\/p>\n<\/td>\n<td nowrap=\"nowrap\">\n<p align=\"center\">41<\/p>\n<\/td>\n<td nowrap=\"nowrap\">\n<p align=\"center\">\n<\/td>\n<\/tr>\n<tr>\n<td nowrap=\"nowrap\">\n<p align=\"center\">5<\/p>\n<\/td>\n<td>GE3GGT53011A000<\/td>\n<td>\n<p align=\"center\">35 MPa<\/p>\n<\/td>\n<td nowrap=\"nowrap\">\n<p align=\"center\">25<\/p>\n<\/td>\n<td nowrap=\"nowrap\">\n<p align=\"center\">65<\/p>\n<\/td>\n<td nowrap=\"nowrap\">\n<p align=\"center\">29,5<\/p>\n<\/td>\n<td nowrap=\"nowrap\">\n<p align=\"center\">112<\/p>\n<\/td>\n<td nowrap=\"nowrap\">\n<p align=\"center\">66,5<\/p>\n<\/td>\n<td nowrap=\"nowrap\">\n<p align=\"center\">55<\/p>\n<\/td>\n<td nowrap=\"nowrap\">\n<p align=\"center\">89<\/p>\n<\/td>\n<td nowrap=\"nowrap\">\n<p align=\"center\">180<\/p>\n<\/td>\n<td>\n<p align=\"center\">G 1<\/p>\n<\/td>\n<td nowrap=\"nowrap\">\n<p align=\"center\">50<\/p>\n<\/td>\n<td nowrap=\"nowrap\">\n<p align=\"center\">\n<\/td>\n<\/tr>\n<tr>\n<td colspan=\"14\"><em>&#8211;\u00a0 The price is for referent only, please contact us for updated price and other size.<\/em><\/td>\n<\/tr>\n<\/tbody>\n<\/table>\n","protected":false},"excerpt":{"rendered":"<ul>\n<li>Th\u00e2n: kh\u1ed1i \/ \u00c1p su\u1ea5t v\u1eadn h\u00e0nh: 500 Bar<\/li>\n<li>\u00c1p su\u1ea5t v\u1eadn h\u00e0nh: 500 Bar<\/li>\n<li>Nhi\u1ec7t \u0111\u1ed9: -30 \u00b0 C \u0111\u1ebfn + 100 \u00b0 C<\/li>\n<li>Ch\u1ea5t li\u1ec7u: Th\u00e9p Cacbon<\/li>\n<li>H\u00e3ng s\u1ea3n xu\u1ea5t: Gemels &#8211; Italy<\/li>\n<\/ul>\n","protected":false},"featured_media":1756,"comment_status":"closed","ping_status":"closed","template":"","meta":{"_acf_changed":false},"product_brand":[],"product_cat":[23],"product_tag":[],"class_list":{"0":"post-624","1":"product","2":"type-product","3":"status-publish","4":"has-post-thumbnail","6":"product_cat-van-duong-ong-thuy-luc","8":"first","9":"instock","10":"shipping-taxable","11":"product-type-simple"},"acf":[],"yoast_head":"<!-- This site is optimized with the Yoast SEO plugin v27.4 - https:\/\/yoast.com\/product\/yoast-seo-wordpress\/ -->\n<title>Van c\u1ea7u 3 ng\u1ea3 - Phu Cuong Holding Corporation<\/title>\n<meta name=\"description\" content=\"Ph\u00fa C\u01b0\u1eddng Holding b\u00e1n van m\u1ed9t chi\u1ec1u, van 2 chi\u1ec1u, van c\u1ea7u ch\u00ednh h\u00e3ng Gemels. Ph\u00fa C\u01af\u1eddng l\u00e0 \u0111\u1ea1i l\u00fd ph\u00e2n ph\u1ed1i ch\u00ednh h\u00e3ng Gemels t\u1ea1i Vi\u1ec7t Nam\" \/>\n<meta name=\"robots\" content=\"index, follow, max-snippet:-1, max-image-preview:large, max-video-preview:-1\" \/>\n<link rel=\"canonical\" href=\"https:\/\/pc-holding.vn\/en\/san-pham\/van-cau-3-nga\/\" \/>\n<meta property=\"og:locale\" content=\"en_US\" \/>\n<meta property=\"og:type\" content=\"article\" \/>\n<meta property=\"og:title\" content=\"Van c\u1ea7u 3 ng\u1ea3 - Phu Cuong Holding Corporation\" \/>\n<meta property=\"og:description\" content=\"Ph\u00fa C\u01b0\u1eddng Holding b\u00e1n van m\u1ed9t chi\u1ec1u, van 2 chi\u1ec1u, van c\u1ea7u ch\u00ednh h\u00e3ng Gemels. Ph\u00fa C\u01af\u1eddng l\u00e0 \u0111\u1ea1i l\u00fd ph\u00e2n ph\u1ed1i ch\u00ednh h\u00e3ng Gemels t\u1ea1i Vi\u1ec7t Nam\" \/>\n<meta property=\"og:url\" content=\"https:\/\/pc-holding.vn\/en\/san-pham\/van-cau-3-nga\/\" \/>\n<meta property=\"og:site_name\" content=\"Phu Cuong Holding Corporation\" \/>\n<meta property=\"article:modified_time\" content=\"2021-11-15T02:50:01+00:00\" \/>\n<meta property=\"og:image\" content=\"https:\/\/www.pc-holding.vn\/wp-content\/uploads\/2021\/10\/ge3.png\" \/>\n\t<meta property=\"og:image:width\" content=\"600\" \/>\n\t<meta property=\"og:image:height\" content=\"600\" \/>\n\t<meta property=\"og:image:type\" content=\"image\/png\" \/>\n<meta name=\"twitter:card\" content=\"summary_large_image\" \/>\n<meta name=\"twitter:label1\" content=\"Est. reading time\" \/>\n\t<meta name=\"twitter:data1\" content=\"1 minute\" \/>\n<script type=\"application\/ld+json\" class=\"yoast-schema-graph\">{\"@context\":\"https:\\\/\\\/schema.org\",\"@graph\":[{\"@type\":\"WebPage\",\"@id\":\"https:\\\/\\\/pc-holding.vn\\\/en\\\/san-pham\\\/van-cau-3-nga\\\/\",\"url\":\"https:\\\/\\\/pc-holding.vn\\\/en\\\/san-pham\\\/van-cau-3-nga\\\/\",\"name\":\"Van c\u1ea7u 3 ng\u1ea3 - Phu Cuong Holding Corporation\",\"isPartOf\":{\"@id\":\"https:\\\/\\\/www.pc-holding.vn\\\/en\\\/#website\"},\"primaryImageOfPage\":{\"@id\":\"https:\\\/\\\/pc-holding.vn\\\/en\\\/san-pham\\\/van-cau-3-nga\\\/#primaryimage\"},\"image\":{\"@id\":\"https:\\\/\\\/pc-holding.vn\\\/en\\\/san-pham\\\/van-cau-3-nga\\\/#primaryimage\"},\"thumbnailUrl\":\"https:\\\/\\\/pc-holding.vn\\\/wp-content\\\/uploads\\\/2021\\\/10\\\/ge3.png\",\"datePublished\":\"2021-10-11T14:43:08+00:00\",\"dateModified\":\"2021-11-15T02:50:01+00:00\",\"description\":\"Ph\u00fa C\u01b0\u1eddng Holding b\u00e1n van m\u1ed9t chi\u1ec1u, van 2 chi\u1ec1u, van c\u1ea7u ch\u00ednh h\u00e3ng Gemels. Ph\u00fa C\u01af\u1eddng l\u00e0 \u0111\u1ea1i l\u00fd ph\u00e2n ph\u1ed1i ch\u00ednh h\u00e3ng Gemels t\u1ea1i Vi\u1ec7t Nam\",\"breadcrumb\":{\"@id\":\"https:\\\/\\\/pc-holding.vn\\\/en\\\/san-pham\\\/van-cau-3-nga\\\/#breadcrumb\"},\"inLanguage\":\"en-US\",\"potentialAction\":[{\"@type\":\"ReadAction\",\"target\":[\"https:\\\/\\\/pc-holding.vn\\\/en\\\/san-pham\\\/van-cau-3-nga\\\/\"]}]},{\"@type\":\"ImageObject\",\"inLanguage\":\"en-US\",\"@id\":\"https:\\\/\\\/pc-holding.vn\\\/en\\\/san-pham\\\/van-cau-3-nga\\\/#primaryimage\",\"url\":\"https:\\\/\\\/pc-holding.vn\\\/wp-content\\\/uploads\\\/2021\\\/10\\\/ge3.png\",\"contentUrl\":\"https:\\\/\\\/pc-holding.vn\\\/wp-content\\\/uploads\\\/2021\\\/10\\\/ge3.png\",\"width\":600,\"height\":600},{\"@type\":\"BreadcrumbList\",\"@id\":\"https:\\\/\\\/pc-holding.vn\\\/en\\\/san-pham\\\/van-cau-3-nga\\\/#breadcrumb\",\"itemListElement\":[{\"@type\":\"ListItem\",\"position\":1,\"name\":\"Trang ch\u1ee7\",\"item\":\"https:\\\/\\\/pc-holding.vn\\\/en\\\/\"},{\"@type\":\"ListItem\",\"position\":2,\"name\":\"Product\",\"item\":\"https:\\\/\\\/pc-holding.vn\\\/en\\\/product\\\/\"},{\"@type\":\"ListItem\",\"position\":3,\"name\":\"Van c\u1ea7u 3 ng\u1ea3\"}]},{\"@type\":\"WebSite\",\"@id\":\"https:\\\/\\\/www.pc-holding.vn\\\/en\\\/#website\",\"url\":\"https:\\\/\\\/www.pc-holding.vn\\\/en\\\/\",\"name\":\"Phu Cuong Holding Corporation\",\"description\":\"\",\"potentialAction\":[{\"@type\":\"SearchAction\",\"target\":{\"@type\":\"EntryPoint\",\"urlTemplate\":\"https:\\\/\\\/www.pc-holding.vn\\\/en\\\/?s={search_term_string}\"},\"query-input\":{\"@type\":\"PropertyValueSpecification\",\"valueRequired\":true,\"valueName\":\"search_term_string\"}}],\"inLanguage\":\"en-US\"}]}<\/script>\n<!-- \/ Yoast SEO plugin. -->","yoast_head_json":{"title":"Van c\u1ea7u 3 ng\u1ea3 - Phu Cuong Holding Corporation","description":"Ph\u00fa C\u01b0\u1eddng Holding b\u00e1n van m\u1ed9t chi\u1ec1u, van 2 chi\u1ec1u, van c\u1ea7u ch\u00ednh h\u00e3ng Gemels. Ph\u00fa C\u01af\u1eddng l\u00e0 \u0111\u1ea1i l\u00fd ph\u00e2n ph\u1ed1i ch\u00ednh h\u00e3ng Gemels t\u1ea1i Vi\u1ec7t Nam","robots":{"index":"index","follow":"follow","max-snippet":"max-snippet:-1","max-image-preview":"max-image-preview:large","max-video-preview":"max-video-preview:-1"},"canonical":"https:\/\/pc-holding.vn\/en\/san-pham\/van-cau-3-nga\/","og_locale":"en_US","og_type":"article","og_title":"Van c\u1ea7u 3 ng\u1ea3 - Phu Cuong Holding Corporation","og_description":"Ph\u00fa C\u01b0\u1eddng Holding b\u00e1n van m\u1ed9t chi\u1ec1u, van 2 chi\u1ec1u, van c\u1ea7u ch\u00ednh h\u00e3ng Gemels. Ph\u00fa C\u01af\u1eddng l\u00e0 \u0111\u1ea1i l\u00fd ph\u00e2n ph\u1ed1i ch\u00ednh h\u00e3ng Gemels t\u1ea1i Vi\u1ec7t Nam","og_url":"https:\/\/pc-holding.vn\/en\/san-pham\/van-cau-3-nga\/","og_site_name":"Phu Cuong Holding Corporation","article_modified_time":"2021-11-15T02:50:01+00:00","og_image":[{"width":600,"height":600,"url":"https:\/\/www.pc-holding.vn\/wp-content\/uploads\/2021\/10\/ge3.png","type":"image\/png"}],"twitter_card":"summary_large_image","twitter_misc":{"Est. reading time":"1 minute"},"schema":{"@context":"https:\/\/schema.org","@graph":[{"@type":"WebPage","@id":"https:\/\/pc-holding.vn\/en\/san-pham\/van-cau-3-nga\/","url":"https:\/\/pc-holding.vn\/en\/san-pham\/van-cau-3-nga\/","name":"Van c\u1ea7u 3 ng\u1ea3 - Phu Cuong Holding Corporation","isPartOf":{"@id":"https:\/\/www.pc-holding.vn\/en\/#website"},"primaryImageOfPage":{"@id":"https:\/\/pc-holding.vn\/en\/san-pham\/van-cau-3-nga\/#primaryimage"},"image":{"@id":"https:\/\/pc-holding.vn\/en\/san-pham\/van-cau-3-nga\/#primaryimage"},"thumbnailUrl":"https:\/\/pc-holding.vn\/wp-content\/uploads\/2021\/10\/ge3.png","datePublished":"2021-10-11T14:43:08+00:00","dateModified":"2021-11-15T02:50:01+00:00","description":"Ph\u00fa C\u01b0\u1eddng Holding b\u00e1n van m\u1ed9t chi\u1ec1u, van 2 chi\u1ec1u, van c\u1ea7u ch\u00ednh h\u00e3ng Gemels. Ph\u00fa C\u01af\u1eddng l\u00e0 \u0111\u1ea1i l\u00fd ph\u00e2n ph\u1ed1i ch\u00ednh h\u00e3ng Gemels t\u1ea1i Vi\u1ec7t Nam","breadcrumb":{"@id":"https:\/\/pc-holding.vn\/en\/san-pham\/van-cau-3-nga\/#breadcrumb"},"inLanguage":"en-US","potentialAction":[{"@type":"ReadAction","target":["https:\/\/pc-holding.vn\/en\/san-pham\/van-cau-3-nga\/"]}]},{"@type":"ImageObject","inLanguage":"en-US","@id":"https:\/\/pc-holding.vn\/en\/san-pham\/van-cau-3-nga\/#primaryimage","url":"https:\/\/pc-holding.vn\/wp-content\/uploads\/2021\/10\/ge3.png","contentUrl":"https:\/\/pc-holding.vn\/wp-content\/uploads\/2021\/10\/ge3.png","width":600,"height":600},{"@type":"BreadcrumbList","@id":"https:\/\/pc-holding.vn\/en\/san-pham\/van-cau-3-nga\/#breadcrumb","itemListElement":[{"@type":"ListItem","position":1,"name":"Trang ch\u1ee7","item":"https:\/\/pc-holding.vn\/en\/"},{"@type":"ListItem","position":2,"name":"Product","item":"https:\/\/pc-holding.vn\/en\/product\/"},{"@type":"ListItem","position":3,"name":"Van c\u1ea7u 3 ng\u1ea3"}]},{"@type":"WebSite","@id":"https:\/\/www.pc-holding.vn\/en\/#website","url":"https:\/\/www.pc-holding.vn\/en\/","name":"Phu Cuong Holding Corporation","description":"","potentialAction":[{"@type":"SearchAction","target":{"@type":"EntryPoint","urlTemplate":"https:\/\/www.pc-holding.vn\/en\/?s={search_term_string}"},"query-input":{"@type":"PropertyValueSpecification","valueRequired":true,"valueName":"search_term_string"}}],"inLanguage":"en-US"}]}},"_links":{"self":[{"href":"https:\/\/pc-holding.vn\/en\/wp-json\/wp\/v2\/product\/624","targetHints":{"allow":["GET"]}}],"collection":[{"href":"https:\/\/pc-holding.vn\/en\/wp-json\/wp\/v2\/product"}],"about":[{"href":"https:\/\/pc-holding.vn\/en\/wp-json\/wp\/v2\/types\/product"}],"replies":[{"embeddable":true,"href":"https:\/\/pc-holding.vn\/en\/wp-json\/wp\/v2\/comments?post=624"}],"wp:featuredmedia":[{"embeddable":true,"href":"https:\/\/pc-holding.vn\/en\/wp-json\/wp\/v2\/media\/1756"}],"wp:attachment":[{"href":"https:\/\/pc-holding.vn\/en\/wp-json\/wp\/v2\/media?parent=624"}],"wp:term":[{"taxonomy":"product_brand","embeddable":true,"href":"https:\/\/pc-holding.vn\/en\/wp-json\/wp\/v2\/product_brand?post=624"},{"taxonomy":"product_cat","embeddable":true,"href":"https:\/\/pc-holding.vn\/en\/wp-json\/wp\/v2\/product_cat?post=624"},{"taxonomy":"product_tag","embeddable":true,"href":"https:\/\/pc-holding.vn\/en\/wp-json\/wp\/v2\/product_tag?post=624"}],"curies":[{"name":"wp","href":"https:\/\/api.w.org\/{rel}","templated":true}]}}